{"id":38686,"date":"2016-09-25T23:28:16","date_gmt":"2016-09-25T23:28:16","guid":{"rendered":"https:\/\/www.myaquastore.com\/product\/pompe-a-air-pour-aquarium-atman-ep12000\/"},"modified":"2025-03-16T08:58:43","modified_gmt":"2025-03-16T08:58:43","slug":"pompe-a-air-pour-aquarium-atman-ep12000","status":"publish","type":"product","link":"https:\/\/www.myaquastore.com\/fr\/product\/pompe-a-air-pour-aquarium-atman-ep12000\/","title":{"rendered":"Pompe \u00e0 air pour aquarium Atman EP12000"},"content":{"rendered":"<article class=\"article richtext richtext-detail AE:disable\" id=\"richTextContainer\">\n<h2 class=\"article-title\">Sp\u00e9cifications<\/h2>\n<div style=\"clear:both\"> Pompe \u00e0 air de mode Atman EP12000 <br \/>1. longue dur\u00e9e de vie <br \/>2. tout \u00e0 fait, \u00e9conomie d&rsquo;\u00e9nergie <br \/>3. Hautes performances <br \/>4. Les ventouses s&rsquo;adaptent \u00e0 n&rsquo;importe quel r\u00e9servoir <\/p>\n<div style=\"clear:both\">\n<p> Pompe \u00e0 air Atman fashion EP12000<\/p>\n<p>1.. longue dur\u00e9e de vie<br \/>2. tout \u00e0 fait, \u00e9conomie d&rsquo;\u00e9nergie<br \/>3. Hautes performances<br \/>4. Ventouses adapt\u00e9es \u00e0 n&rsquo;importe quel r\u00e9servoir<\/p>\n<p>5. DC 1,5 V<\/p>\n<p>6.emballage\u00a0: 10 pi\u00e8ces\/carton<\/p>\n<\/p>\n<div style=\"clear:both\"><\/article>\n","protected":false},"excerpt":{"rendered":"<p>Pompe \u00e0 air pour aquarium Atman EP12000<\/p>\n","protected":false},"featured_media":4819,"comment_status":"open","ping_status":"closed","template":"","meta":[],"product_brand":[],"product_cat":[1338],"product_tag":[],"class_list":{"0":"post-38686","1":"product","2":"type-product","3":"status-publish","4":"has-post-thumbnail","6":"product_cat-filtres-pour-aquariums","8":"first","9":"instock","10":"shipping-taxable","11":"purchasable","12":"product-type-simple"},"_links":{"self":[{"href":"https:\/\/www.myaquastore.com\/fr\/wp-json\/wp\/v2\/product\/38686","targetHints":{"allow":["GET"]}}],"collection":[{"href":"https:\/\/www.myaquastore.com\/fr\/wp-json\/wp\/v2\/product"}],"about":[{"href":"https:\/\/www.myaquastore.com\/fr\/wp-json\/wp\/v2\/types\/product"}],"replies":[{"embeddable":true,"href":"https:\/\/www.myaquastore.com\/fr\/wp-json\/wp\/v2\/comments?post=38686"}],"wp:featuredmedia":[{"embeddable":true,"href":"https:\/\/www.myaquastore.com\/fr\/wp-json\/wp\/v2\/media\/4819"}],"wp:attachment":[{"href":"https:\/\/www.myaquastore.com\/fr\/wp-json\/wp\/v2\/media?parent=38686"}],"wp:term":[{"taxonomy":"product_brand","embeddable":true,"href":"https:\/\/www.myaquastore.com\/fr\/wp-json\/wp\/v2\/product_brand?post=38686"},{"taxonomy":"product_cat","embeddable":true,"href":"https:\/\/www.myaquastore.com\/fr\/wp-json\/wp\/v2\/product_cat?post=38686"},{"taxonomy":"product_tag","embeddable":true,"href":"https:\/\/www.myaquastore.com\/fr\/wp-json\/wp\/v2\/product_tag?post=38686"}],"curies":[{"name":"wp","href":"https:\/\/api.w.org\/{rel}","templated":true}]}}