{"id":38695,"date":"2016-09-25T23:28:17","date_gmt":"2016-09-25T23:28:17","guid":{"rendered":"https:\/\/www.myaquastore.com\/product\/pompe-a-air-daquarium-atman-super-puissante-ep8500\/"},"modified":"2025-03-16T08:58:45","modified_gmt":"2025-03-16T08:58:45","slug":"pompe-a-air-daquarium-atman-super-puissante-ep8500","status":"publish","type":"product","link":"https:\/\/www.myaquastore.com\/fr\/product\/pompe-a-air-daquarium-atman-super-puissante-ep8500\/","title":{"rendered":"Pompe \u00e0 air d&rsquo;aquarium Atman super puissante EP8500"},"content":{"rendered":"<article class=\"article richtext richtext-detail AE:disable\" id=\"richTextContainer\">\n<div style=\"clear:both\">\n<p><span style=\"font-family: 'times new roman', times;font-size: 24px\"> Pompe \u00e0 air d&rsquo;aquarium super puissante Atman EP8500 <\/span><\/p>\n<p><span style=\"font-family: 'times new roman', times;font-size: 24px\">1. poss\u00e8de un syst\u00e8me de compression d&rsquo;air avanc\u00e9, un syst\u00e8me d&rsquo;amortissement et un silencieux \u00e0 plusieurs niveaux extr\u00eamement silencieux.<\/span><\/p>\n<p><span style=\"font-family: 'times new roman', times;font-size: 24px\">2. Adoptez un caoutchouc artificiel sp\u00e9cial pour maintenir un d\u00e9bit d&rsquo;air et une pression stables.<\/span><\/p>\n<p><span style=\"font-family: 'times new roman', times\">3. La structure est raisonnable et compacte, elle a une longue dur\u00e9e de vie et acquiert le meilleur effet avec la consommation d&rsquo;\u00e9nergie la plus faible<\/span><\/p>\n<p><span style=\"font-family: 'times new roman', times;font-size: 24px\">4.Deux sorties d&rsquo;air<\/span><\/p>\n<div style=\"clear:both\"><\/article>\n","protected":false},"excerpt":{"rendered":"<p>Pompe \u00e0 air d&rsquo;aquarium Atman super puissante EP8500<\/p>\n","protected":false},"featured_media":4837,"comment_status":"open","ping_status":"closed","template":"","meta":[],"product_brand":[],"product_cat":[1338],"product_tag":[],"class_list":{"0":"post-38695","1":"product","2":"type-product","3":"status-publish","4":"has-post-thumbnail","6":"product_cat-filtres-pour-aquariums","8":"first","9":"instock","10":"shipping-taxable","11":"purchasable","12":"product-type-simple"},"_links":{"self":[{"href":"https:\/\/www.myaquastore.com\/fr\/wp-json\/wp\/v2\/product\/38695","targetHints":{"allow":["GET"]}}],"collection":[{"href":"https:\/\/www.myaquastore.com\/fr\/wp-json\/wp\/v2\/product"}],"about":[{"href":"https:\/\/www.myaquastore.com\/fr\/wp-json\/wp\/v2\/types\/product"}],"replies":[{"embeddable":true,"href":"https:\/\/www.myaquastore.com\/fr\/wp-json\/wp\/v2\/comments?post=38695"}],"wp:featuredmedia":[{"embeddable":true,"href":"https:\/\/www.myaquastore.com\/fr\/wp-json\/wp\/v2\/media\/4837"}],"wp:attachment":[{"href":"https:\/\/www.myaquastore.com\/fr\/wp-json\/wp\/v2\/media?parent=38695"}],"wp:term":[{"taxonomy":"product_brand","embeddable":true,"href":"https:\/\/www.myaquastore.com\/fr\/wp-json\/wp\/v2\/product_brand?post=38695"},{"taxonomy":"product_cat","embeddable":true,"href":"https:\/\/www.myaquastore.com\/fr\/wp-json\/wp\/v2\/product_cat?post=38695"},{"taxonomy":"product_tag","embeddable":true,"href":"https:\/\/www.myaquastore.com\/fr\/wp-json\/wp\/v2\/product_tag?post=38695"}],"curies":[{"name":"wp","href":"https:\/\/api.w.org\/{rel}","templated":true}]}}