{"id":38700,"date":"2016-09-25T23:28:17","date_gmt":"2016-09-25T23:28:17","guid":{"rendered":"https:\/\/www.myaquastore.com\/product\/pompe-a-air-electrique-pour-aquarium-hailea-aco9904\/"},"modified":"2025-03-16T08:58:46","modified_gmt":"2025-03-16T08:58:46","slug":"pompe-a-air-electrique-pour-aquarium-hailea-aco9904","status":"publish","type":"product","link":"https:\/\/www.myaquastore.com\/fr\/product\/pompe-a-air-electrique-pour-aquarium-hailea-aco9904\/","title":{"rendered":"Pompe \u00e0 air \u00e9lectrique pour aquarium HAILEA ACO9904"},"content":{"rendered":"<article class=\"article richtext richtext-detail AE:disable\" id=\"richTextContainer\">\n<h2 class=\"article-title\">Sp\u00e9cifications<\/h2>\n<div style=\"clear:both\"> pompe \u00e0 air \u00e9lectrique pour aquarium HAILEA ACO9904 <br \/>1. longue dur\u00e9e de vie <br \/>2 silencieux, \u00e9conomie d&rsquo;\u00e9nergie <br \/>3 sortie d&rsquo;air et pression constantes <\/p>\n<div style=\"clear:both\">\n<p> pompe \u00e0 air \u00e9lectrique pour aquarium HAILEA ACO9904<br \/> 1. poss\u00e9der un syst\u00e8me de compression d&rsquo;air avanc\u00e9, un syst\u00e8me d&rsquo;amortissement et un silencieux \u00e0 plusieurs niveaux extr\u00eamement faible en bruit.<\/p>\n<p>2. Adopter un caoutchouc artificiel sp\u00e9cial pour maintenir une sortie d&rsquo;air et une pression constantes.<\/p>\n<p>3.La structure est raisonnable et compact, il a une longue dur\u00e9e de vie et acquiert le meilleur effet avec une consommation d&rsquo;\u00e9nergie la plus faible<\/p>\n<div style=\"clear:both\"><\/article>\n","protected":false},"excerpt":{"rendered":"<p>Pompe \u00e0 air \u00e9lectrique pour aquarium HAILEA ACO9904<\/p>\n","protected":false},"featured_media":4847,"comment_status":"open","ping_status":"closed","template":"","meta":[],"product_brand":[],"product_cat":[1338],"product_tag":[],"class_list":{"0":"post-38700","1":"product","2":"type-product","3":"status-publish","4":"has-post-thumbnail","6":"product_cat-filtres-pour-aquariums","8":"first","9":"instock","10":"shipping-taxable","11":"purchasable","12":"product-type-simple"},"_links":{"self":[{"href":"https:\/\/www.myaquastore.com\/fr\/wp-json\/wp\/v2\/product\/38700","targetHints":{"allow":["GET"]}}],"collection":[{"href":"https:\/\/www.myaquastore.com\/fr\/wp-json\/wp\/v2\/product"}],"about":[{"href":"https:\/\/www.myaquastore.com\/fr\/wp-json\/wp\/v2\/types\/product"}],"replies":[{"embeddable":true,"href":"https:\/\/www.myaquastore.com\/fr\/wp-json\/wp\/v2\/comments?post=38700"}],"wp:featuredmedia":[{"embeddable":true,"href":"https:\/\/www.myaquastore.com\/fr\/wp-json\/wp\/v2\/media\/4847"}],"wp:attachment":[{"href":"https:\/\/www.myaquastore.com\/fr\/wp-json\/wp\/v2\/media?parent=38700"}],"wp:term":[{"taxonomy":"product_brand","embeddable":true,"href":"https:\/\/www.myaquastore.com\/fr\/wp-json\/wp\/v2\/product_brand?post=38700"},{"taxonomy":"product_cat","embeddable":true,"href":"https:\/\/www.myaquastore.com\/fr\/wp-json\/wp\/v2\/product_cat?post=38700"},{"taxonomy":"product_tag","embeddable":true,"href":"https:\/\/www.myaquastore.com\/fr\/wp-json\/wp\/v2\/product_tag?post=38700"}],"curies":[{"name":"wp","href":"https:\/\/api.w.org\/{rel}","templated":true}]}}