{"id":38707,"date":"2016-09-25T23:28:17","date_gmt":"2016-09-25T23:28:17","guid":{"rendered":"https:\/\/www.myaquastore.com\/product\/mini-pompe-a-air-silencieuse-hailea-de-haute-qualite-aco5503\/"},"modified":"2025-03-16T08:58:48","modified_gmt":"2025-03-16T08:58:48","slug":"mini-pompe-a-air-silencieuse-hailea-de-haute-qualite-aco5503","status":"publish","type":"product","link":"https:\/\/www.myaquastore.com\/fr\/product\/mini-pompe-a-air-silencieuse-hailea-de-haute-qualite-aco5503\/","title":{"rendered":"Mini pompe \u00e0 air silencieuse HAILEA de haute qualit\u00e9 ACO5503"},"content":{"rendered":"<article class=\"article richtext richtext-detail AE:disable\" id=\"richTextContainer\">\n<h2 class=\"article-title\">Sp\u00e9cifications<\/h2>\n<div style=\"clear:both\"> mini pompe \u00e0 air silencieuse HAILEA de haute qualit\u00e9 ACO5503 <br \/>1 longue dur\u00e9e de vie <br \/>2 silencieusement, \u00e9conomie d&rsquo;\u00e9nergie <br \/>3 sortie et pression d&rsquo;air constantes <\/p>\n<div style=\"clear:both\">\n<p> mini Pompe \u00e0 air silencieuse HAILEA de haute qualit\u00e9 ACO5503<br \/> 1. poss\u00e8de un syst\u00e8me de compression d&rsquo;air avanc\u00e9, un syst\u00e8me d&rsquo;amortissement et un silencieux \u00e0 plusieurs niveaux extr\u00eamement silencieux.<\/p>\n<p>2.Adoptez un caoutchouc artificiel sp\u00e9cial pour maintenir un d\u00e9bit et une pression d&rsquo;air stables.<\/p>\n<p>3.La structure est raisonnable et compacte, elle a une longue dur\u00e9e de vie et acquiert le meilleur effet avec une consommation d&rsquo;\u00e9nergie la plus faible<\/p>\n<p>4.une sortie d&rsquo;air<\/p>\n<div style=\"clear:les deux\"><\/article>\n","protected":false},"excerpt":{"rendered":"<p>Mini pompe \u00e0 air silencieuse HAILEA de haute qualit\u00e9 ACO5503<\/p>\n","protected":false},"featured_media":4861,"comment_status":"open","ping_status":"closed","template":"","meta":[],"product_brand":[],"product_cat":[1338],"product_tag":[],"class_list":{"0":"post-38707","1":"product","2":"type-product","3":"status-publish","4":"has-post-thumbnail","6":"product_cat-filtres-pour-aquariums","8":"first","9":"instock","10":"shipping-taxable","11":"purchasable","12":"product-type-simple"},"_links":{"self":[{"href":"https:\/\/www.myaquastore.com\/fr\/wp-json\/wp\/v2\/product\/38707","targetHints":{"allow":["GET"]}}],"collection":[{"href":"https:\/\/www.myaquastore.com\/fr\/wp-json\/wp\/v2\/product"}],"about":[{"href":"https:\/\/www.myaquastore.com\/fr\/wp-json\/wp\/v2\/types\/product"}],"replies":[{"embeddable":true,"href":"https:\/\/www.myaquastore.com\/fr\/wp-json\/wp\/v2\/comments?post=38707"}],"wp:featuredmedia":[{"embeddable":true,"href":"https:\/\/www.myaquastore.com\/fr\/wp-json\/wp\/v2\/media\/4861"}],"wp:attachment":[{"href":"https:\/\/www.myaquastore.com\/fr\/wp-json\/wp\/v2\/media?parent=38707"}],"wp:term":[{"taxonomy":"product_brand","embeddable":true,"href":"https:\/\/www.myaquastore.com\/fr\/wp-json\/wp\/v2\/product_brand?post=38707"},{"taxonomy":"product_cat","embeddable":true,"href":"https:\/\/www.myaquastore.com\/fr\/wp-json\/wp\/v2\/product_cat?post=38707"},{"taxonomy":"product_tag","embeddable":true,"href":"https:\/\/www.myaquastore.com\/fr\/wp-json\/wp\/v2\/product_tag?post=38707"}],"curies":[{"name":"wp","href":"https:\/\/api.w.org\/{rel}","templated":true}]}}