{"id":38712,"date":"2016-09-25T23:28:17","date_gmt":"2016-09-25T23:28:17","guid":{"rendered":"https:\/\/www.myaquastore.com\/product\/pompe-a-air-intelligente-pour-aquarium-hailea-aco-2204\/"},"modified":"2025-03-16T08:58:49","modified_gmt":"2025-03-16T08:58:49","slug":"pompe-a-air-intelligente-pour-aquarium-hailea-aco-2204","status":"publish","type":"product","link":"https:\/\/www.myaquastore.com\/fr\/product\/pompe-a-air-intelligente-pour-aquarium-hailea-aco-2204\/","title":{"rendered":"Pompe \u00e0 air intelligente pour aquarium HAILEA ACO-2204"},"content":{"rendered":"<article class=\"article richtext richtext-detail AE:disable\" id=\"richTextContainer\">\n<h2 class=\"article-title\">Sp\u00e9cifications<\/h2>\n<div style=\"clear:both\"> pompe \u00e0 air intelligente pour aquarium HAILEA ACO-2204 <br \/>1. longue dur\u00e9e de vie <br \/>2. tout \u00e0 fait <br \/>3. sortie d&rsquo;air et pression constantes <br \/>4.facile \u00e0 installer <\/p>\n<div style=\"clear:both\">\n<p> pompe \u00e0 air intelligente pour aquarium HAILEA ACO-2204<br \/>1. poss\u00e8de un syst\u00e8me de compression d&rsquo;air avanc\u00e9, un syst\u00e8me d&rsquo;amortissement et un silencieux \u00e0 plusieurs niveaux extr\u00eamement silencieux.<\/p>\n<p>2. Adoptez un caoutchouc artificiel sp\u00e9cial pour maintenir un d\u00e9bit d&rsquo;air et une pression stables.<\/p>\n<p>3. La structure est raisonnable et compacte, elle a une longue dur\u00e9e de vie et acquiert le meilleur effet avec une consommation d&rsquo;\u00e9nergie la plus faible<\/p>\n<p>4.deux sorties d&rsquo;air<\/p>\n<div style=\"clear:both\"><\/article>\n","protected":false},"excerpt":{"rendered":"<p>Pompe \u00e0 air intelligente pour aquarium HAILEA ACO-2204<\/p>\n","protected":false},"featured_media":4869,"comment_status":"open","ping_status":"closed","template":"","meta":[],"product_brand":[],"product_cat":[1338],"product_tag":[],"class_list":{"0":"post-38712","1":"product","2":"type-product","3":"status-publish","4":"has-post-thumbnail","6":"product_cat-filtres-pour-aquariums","8":"first","9":"instock","10":"shipping-taxable","11":"purchasable","12":"product-type-simple"},"_links":{"self":[{"href":"https:\/\/www.myaquastore.com\/fr\/wp-json\/wp\/v2\/product\/38712","targetHints":{"allow":["GET"]}}],"collection":[{"href":"https:\/\/www.myaquastore.com\/fr\/wp-json\/wp\/v2\/product"}],"about":[{"href":"https:\/\/www.myaquastore.com\/fr\/wp-json\/wp\/v2\/types\/product"}],"replies":[{"embeddable":true,"href":"https:\/\/www.myaquastore.com\/fr\/wp-json\/wp\/v2\/comments?post=38712"}],"wp:featuredmedia":[{"embeddable":true,"href":"https:\/\/www.myaquastore.com\/fr\/wp-json\/wp\/v2\/media\/4869"}],"wp:attachment":[{"href":"https:\/\/www.myaquastore.com\/fr\/wp-json\/wp\/v2\/media?parent=38712"}],"wp:term":[{"taxonomy":"product_brand","embeddable":true,"href":"https:\/\/www.myaquastore.com\/fr\/wp-json\/wp\/v2\/product_brand?post=38712"},{"taxonomy":"product_cat","embeddable":true,"href":"https:\/\/www.myaquastore.com\/fr\/wp-json\/wp\/v2\/product_cat?post=38712"},{"taxonomy":"product_tag","embeddable":true,"href":"https:\/\/www.myaquastore.com\/fr\/wp-json\/wp\/v2\/product_tag?post=38712"}],"curies":[{"name":"wp","href":"https:\/\/api.w.org\/{rel}","templated":true}]}}