{"id":38733,"date":"2016-09-25T23:28:18","date_gmt":"2016-09-25T23:28:18","guid":{"rendered":"https:\/\/www.myaquastore.com\/product\/filtre-a-cartouche-externe-pour-aquarium-boyu-36w-efu45\/"},"modified":"2025-03-16T08:58:55","modified_gmt":"2025-03-16T08:58:55","slug":"filtre-a-cartouche-externe-pour-aquarium-boyu-36w-efu45","status":"publish","type":"product","link":"https:\/\/www.myaquastore.com\/fr\/product\/filtre-a-cartouche-externe-pour-aquarium-boyu-36w-efu45\/","title":{"rendered":"Filtre \u00e0 cartouche externe pour aquarium BOYU 36w EFU45"},"content":{"rendered":"<article class=\"article richtext richtext-detail AE:disable\" id=\"richTextContainer\">\n<div style=\"clear:both\">\n<p><span style=\"font-family: 'times new roman', times;font-size: 24px\"> Filtre externe pour aquarium BOYU 36w EFU45 <\/span><\/p>\n<p><span style=\"font-family: 'times new roman', times\">1. Cet appareil est notre filtre \u00e0 cartouche externe le plus r\u00e9cent. il pr\u00e9sente les caract\u00e9ristiques d&rsquo;un rendement \u00e9lev\u00e9, d&rsquo;une grande capacit\u00e9 et d&rsquo;une multifonctionnalit\u00e9\u00a0: avec st\u00e9rilisation UV int\u00e9gr\u00e9e. <\/span><br \/><span style=\"font-family: 'times new roman', times;font-size: 24px\">2. Fonction de filtrage multicouche, commande de commutateur s\u00e9par\u00e9e du st\u00e9rilisateur UV.<\/span><br \/><span style=\"font-family: 'times new roman', times;font-size: 24px\">3. L&rsquo;entr\u00e9e et la sortie d&rsquo;eau sont int\u00e9gr\u00e9es dans la commande de la vanne, facile \u00e0 entretenir.<\/span><\/p>\n<p><span style=\"color: #243f7d;font-family: 'times new roman', times;font-size: 24px\"><span style=\"color: #000066\"><span style=\"color: #333333\">4. Convient aux aquariums d&rsquo;eau douce et marine. filtrage<\/span><\/span><\/span><\/p>\n<p><span style=\"color: #243f7d;font-family: 'times new roman', times;font-size: 24px\"><span style=\"color: #000066\"><span style=\"color: #333333\">4. Int\u00e9gr\u00e9 dans une pompe \u00e0 grand d\u00e9bit et de haute qualit\u00e9, silencieuse pendant le fonctionnement.<br \/>6. Caoutchouc s\u00fbr ??o?? anneau et pince de verrouillage du couvercle, sans fuite.<br \/>7. Pieds en caoutchouc pour r\u00e9duire les vibrations.<\/span><\/span><\/span><\/p>\n<p><span style=\"color: #243f7d;font-family: 'times new roman', times;font-size: 24px\"><span style=\"color: #000066\"><span style=\"color: #333333\">8.Avec lumi\u00e8re UV<\/span><\/span><\/span><\/p>\n<div style=\"clear:les deux\"><\/article>\n","protected":false},"excerpt":{"rendered":"<p>Filtre \u00e0 cartouche externe pour aquarium BOYU 36w EFU45<\/p>\n","protected":false},"featured_media":4911,"comment_status":"open","ping_status":"closed","template":"","meta":[],"product_brand":[],"product_cat":[1338],"product_tag":[],"class_list":{"0":"post-38733","1":"product","2":"type-product","3":"status-publish","4":"has-post-thumbnail","6":"product_cat-filtres-pour-aquariums","8":"first","9":"instock","10":"shipping-taxable","11":"purchasable","12":"product-type-simple"},"_links":{"self":[{"href":"https:\/\/www.myaquastore.com\/fr\/wp-json\/wp\/v2\/product\/38733","targetHints":{"allow":["GET"]}}],"collection":[{"href":"https:\/\/www.myaquastore.com\/fr\/wp-json\/wp\/v2\/product"}],"about":[{"href":"https:\/\/www.myaquastore.com\/fr\/wp-json\/wp\/v2\/types\/product"}],"replies":[{"embeddable":true,"href":"https:\/\/www.myaquastore.com\/fr\/wp-json\/wp\/v2\/comments?post=38733"}],"wp:featuredmedia":[{"embeddable":true,"href":"https:\/\/www.myaquastore.com\/fr\/wp-json\/wp\/v2\/media\/4911"}],"wp:attachment":[{"href":"https:\/\/www.myaquastore.com\/fr\/wp-json\/wp\/v2\/media?parent=38733"}],"wp:term":[{"taxonomy":"product_brand","embeddable":true,"href":"https:\/\/www.myaquastore.com\/fr\/wp-json\/wp\/v2\/product_brand?post=38733"},{"taxonomy":"product_cat","embeddable":true,"href":"https:\/\/www.myaquastore.com\/fr\/wp-json\/wp\/v2\/product_cat?post=38733"},{"taxonomy":"product_tag","embeddable":true,"href":"https:\/\/www.myaquastore.com\/fr\/wp-json\/wp\/v2\/product_tag?post=38733"}],"curies":[{"name":"wp","href":"https:\/\/api.w.org\/{rel}","templated":true}]}}