{"id":38772,"date":"2016-09-25T23:28:18","date_gmt":"2016-09-25T23:28:18","guid":{"rendered":"https:\/\/www.myaquastore.com\/product\/chauffage-en-verre-daquarium-atman-300w-bt300\/"},"modified":"2025-03-16T08:59:05","modified_gmt":"2025-03-16T08:59:05","slug":"chauffage-en-verre-daquarium-atman-300w-bt300","status":"publish","type":"product","link":"https:\/\/www.myaquastore.com\/fr\/product\/chauffage-en-verre-daquarium-atman-300w-bt300\/","title":{"rendered":"Chauffage en verre d&rsquo;aquarium Atman 300w BT300"},"content":{"rendered":"<article class=\"article richtext richtext-detail AE:disable\" id=\"richTextContainer\">\n<div style=\"clear:both\">\n<p><span style=\"font-family: 'times new roman', times;font-size: 24px\"> Chauffe-verre d&rsquo;aquarium Atman 300w BT300 <\/span><\/p>\n<p><span style=\"font-family: 'times new roman', times;font-size: 24px\">1. contr\u00f4leur de temp\u00e9rature num\u00e9rique <\/span><br \/><span style=\"font-family: 'times new roman', times;font-size: 24px\">2. Assurer un fonctionnement s\u00fbr.<\/span><br \/><span style=\"font-family: 'times new roman', times;font-size: 24px\">3. Protection de la temp\u00e9rature maximale <\/span><\/p>\n<p><span style=\"font-family: 'times new roman', times;font-size: 24px\">4. Contr\u00f4leur de temp\u00e9rature num\u00e9rique \u00e0 puce<\/span><\/p>\n<p><span style=\"font-family: 'times new roman', times;font-size: 24px\">5. Arr\u00eat automatique sans eau<\/span><\/p>\n<p><span style=\"font-family: 'times new roman', times;font-size: 24px\">6.Anti-explosion<\/span><\/p>\n<div style=\"clear:both\"><\/article>\n","protected":false},"excerpt":{"rendered":"<p>Chauffage en verre d&rsquo;aquarium Atman 300w BT300<\/p>\n","protected":false},"featured_media":4989,"comment_status":"open","ping_status":"closed","template":"","meta":[],"product_brand":[],"product_cat":[1338],"product_tag":[],"class_list":{"0":"post-38772","1":"product","2":"type-product","3":"status-publish","4":"has-post-thumbnail","6":"product_cat-filtres-pour-aquariums","8":"first","9":"instock","10":"shipping-taxable","11":"purchasable","12":"product-type-simple"},"_links":{"self":[{"href":"https:\/\/www.myaquastore.com\/fr\/wp-json\/wp\/v2\/product\/38772","targetHints":{"allow":["GET"]}}],"collection":[{"href":"https:\/\/www.myaquastore.com\/fr\/wp-json\/wp\/v2\/product"}],"about":[{"href":"https:\/\/www.myaquastore.com\/fr\/wp-json\/wp\/v2\/types\/product"}],"replies":[{"embeddable":true,"href":"https:\/\/www.myaquastore.com\/fr\/wp-json\/wp\/v2\/comments?post=38772"}],"wp:featuredmedia":[{"embeddable":true,"href":"https:\/\/www.myaquastore.com\/fr\/wp-json\/wp\/v2\/media\/4989"}],"wp:attachment":[{"href":"https:\/\/www.myaquastore.com\/fr\/wp-json\/wp\/v2\/media?parent=38772"}],"wp:term":[{"taxonomy":"product_brand","embeddable":true,"href":"https:\/\/www.myaquastore.com\/fr\/wp-json\/wp\/v2\/product_brand?post=38772"},{"taxonomy":"product_cat","embeddable":true,"href":"https:\/\/www.myaquastore.com\/fr\/wp-json\/wp\/v2\/product_cat?post=38772"},{"taxonomy":"product_tag","embeddable":true,"href":"https:\/\/www.myaquastore.com\/fr\/wp-json\/wp\/v2\/product_tag?post=38772"}],"curies":[{"name":"wp","href":"https:\/\/api.w.org\/{rel}","templated":true}]}}