{"id":38778,"date":"2016-09-25T23:28:19","date_gmt":"2016-09-25T23:28:19","guid":{"rendered":"https:\/\/www.myaquastore.com\/product\/pompe-a-eau-submersible-electrique-atman-meilleure-vente-at-102\/"},"modified":"2025-03-16T08:59:06","modified_gmt":"2025-03-16T08:59:06","slug":"pompe-a-eau-submersible-electrique-atman-meilleure-vente-at-102","status":"publish","type":"product","link":"https:\/\/www.myaquastore.com\/fr\/product\/pompe-a-eau-submersible-electrique-atman-meilleure-vente-at-102\/","title":{"rendered":"Pompe \u00e0 eau submersible \u00e9lectrique Atman, meilleure vente, AT-102"},"content":{"rendered":"<article class=\"article richtext richtext-detail AE:disable\" id=\"richTextContainer\">\n<div style=\"clear:both\">\n<p><span style=\"font-family: 'times new roman', times;font-size: 24px\"> pompe \u00e0 eau submersible \u00e9lectrique Atman AT-102 la plus vendue <\/span><\/p>\n<p><span style=\"font-family: 'times new roman', times;font-size: 24px\">1 Silencieux, s\u00fbr, \u00e9conome en \u00e9nergie<\/span><\/p>\n<p><span style=\"font-family: 'times new roman', times;font-size: 24px\">2 Installation simple <\/span><br \/><span style=\"font-family: 'times new roman', times\">3 combinaisons pour l&rsquo;eau douce et marine<\/span><\/p>\n<p><span style=\"font-family: 'times new roman', times\u00a0\">4\u00a0Un syst\u00e8me de filtrage distinctif de qualit\u00e9 sup\u00e9rieure<\/span><\/p>\n<p><span style=\"font-size: 24px\">6 ventouses pour s&rsquo;adapter \u00e0 tous les aquariums<\/span><\/p>\n<\/p>\n<\/p>\n<div style=\"clear:both\"><\/article>\n","protected":false},"excerpt":{"rendered":"<p>Pompe \u00e0 eau submersible \u00e9lectrique Atman, meilleure vente, AT-102<\/p>\n","protected":false},"featured_media":5001,"comment_status":"open","ping_status":"closed","template":"","meta":[],"product_brand":[],"product_cat":[1338],"product_tag":[],"class_list":{"0":"post-38778","1":"product","2":"type-product","3":"status-publish","4":"has-post-thumbnail","6":"product_cat-filtres-pour-aquariums","8":"first","9":"instock","10":"shipping-taxable","11":"purchasable","12":"product-type-simple"},"_links":{"self":[{"href":"https:\/\/www.myaquastore.com\/fr\/wp-json\/wp\/v2\/product\/38778","targetHints":{"allow":["GET"]}}],"collection":[{"href":"https:\/\/www.myaquastore.com\/fr\/wp-json\/wp\/v2\/product"}],"about":[{"href":"https:\/\/www.myaquastore.com\/fr\/wp-json\/wp\/v2\/types\/product"}],"replies":[{"embeddable":true,"href":"https:\/\/www.myaquastore.com\/fr\/wp-json\/wp\/v2\/comments?post=38778"}],"wp:featuredmedia":[{"embeddable":true,"href":"https:\/\/www.myaquastore.com\/fr\/wp-json\/wp\/v2\/media\/5001"}],"wp:attachment":[{"href":"https:\/\/www.myaquastore.com\/fr\/wp-json\/wp\/v2\/media?parent=38778"}],"wp:term":[{"taxonomy":"product_brand","embeddable":true,"href":"https:\/\/www.myaquastore.com\/fr\/wp-json\/wp\/v2\/product_brand?post=38778"},{"taxonomy":"product_cat","embeddable":true,"href":"https:\/\/www.myaquastore.com\/fr\/wp-json\/wp\/v2\/product_cat?post=38778"},{"taxonomy":"product_tag","embeddable":true,"href":"https:\/\/www.myaquastore.com\/fr\/wp-json\/wp\/v2\/product_tag?post=38778"}],"curies":[{"name":"wp","href":"https:\/\/api.w.org\/{rel}","templated":true}]}}