{"id":38788,"date":"2016-09-25T23:28:19","date_gmt":"2016-09-25T23:28:19","guid":{"rendered":"https:\/\/www.myaquastore.com\/product\/pompe-submersible-atman-ph-400\/"},"modified":"2025-03-16T08:59:09","modified_gmt":"2025-03-16T08:59:09","slug":"pompe-submersible-atman-ph-400","status":"publish","type":"product","link":"https:\/\/www.myaquastore.com\/fr\/product\/pompe-submersible-atman-ph-400\/","title":{"rendered":"Pompe submersible Atman PH-400"},"content":{"rendered":"<article class=\"article richtext richtext-detail AE:disable\" id=\"richTextContainer\">\n<h2 class=\"article-title\">Sp\u00e9cifications<\/h2>\n<div style=\"clear:both\"> Pompe submersible Atman PH-400 <br \/>1 Silencieuse, s\u00fbre, \u00e9conome en \u00e9nergie, puissante <br \/>2 Installation simple <br \/>3 combinaisons pour l&rsquo;eau douce et marine <\/p>\n<div style=\"clear:both\">\n<p>0 Pompe submersible Atman PH-400<br \/>1 Silencieuse, s\u00fbre, \u00e9conome en \u00e9nergie et puissante<br \/>2 Installation simple <br \/>3 combinaison pour l&rsquo;eau douce et l&rsquo;eau marine4 Syst\u00e8me de filtrage distinctif de qualit\u00e9 sup\u00e9rieure<\/p>\n<p>4 Param\u00e8tres (220 V ~ 240 V 50 Hz)<\/p>\n<\/p>\n<\/p>\n<div style=\"clear:les deux\"><\/article>\n","protected":false},"excerpt":{"rendered":"<p>Pompe submersible Atman PH-400<\/p>\n","protected":false},"featured_media":5021,"comment_status":"open","ping_status":"closed","template":"","meta":[],"product_brand":[],"product_cat":[1338],"product_tag":[],"class_list":{"0":"post-38788","1":"product","2":"type-product","3":"status-publish","4":"has-post-thumbnail","6":"product_cat-filtres-pour-aquariums","8":"first","9":"instock","10":"shipping-taxable","11":"purchasable","12":"product-type-simple"},"_links":{"self":[{"href":"https:\/\/www.myaquastore.com\/fr\/wp-json\/wp\/v2\/product\/38788","targetHints":{"allow":["GET"]}}],"collection":[{"href":"https:\/\/www.myaquastore.com\/fr\/wp-json\/wp\/v2\/product"}],"about":[{"href":"https:\/\/www.myaquastore.com\/fr\/wp-json\/wp\/v2\/types\/product"}],"replies":[{"embeddable":true,"href":"https:\/\/www.myaquastore.com\/fr\/wp-json\/wp\/v2\/comments?post=38788"}],"wp:featuredmedia":[{"embeddable":true,"href":"https:\/\/www.myaquastore.com\/fr\/wp-json\/wp\/v2\/media\/5021"}],"wp:attachment":[{"href":"https:\/\/www.myaquastore.com\/fr\/wp-json\/wp\/v2\/media?parent=38788"}],"wp:term":[{"taxonomy":"product_brand","embeddable":true,"href":"https:\/\/www.myaquastore.com\/fr\/wp-json\/wp\/v2\/product_brand?post=38788"},{"taxonomy":"product_cat","embeddable":true,"href":"https:\/\/www.myaquastore.com\/fr\/wp-json\/wp\/v2\/product_cat?post=38788"},{"taxonomy":"product_tag","embeddable":true,"href":"https:\/\/www.myaquastore.com\/fr\/wp-json\/wp\/v2\/product_tag?post=38788"}],"curies":[{"name":"wp","href":"https:\/\/api.w.org\/{rel}","templated":true}]}}