{"id":38797,"date":"2016-09-25T23:28:19","date_gmt":"2016-09-25T23:28:19","guid":{"rendered":"https:\/\/www.myaquastore.com\/product\/filtre-a-cartouche-externe-atman-28-w-conception-modulaire-pour-une-variete-de-supports-de-filtre-configuration-simple-et-installation-facile\/"},"modified":"2025-03-16T08:59:11","modified_gmt":"2025-03-16T08:59:11","slug":"filtre-a-cartouche-externe-atman-28-w-conception-modulaire-pour-une-variete-de-supports-de-filtre-configuration-simple-et-installation-facile","status":"publish","type":"product","link":"https:\/\/www.myaquastore.com\/fr\/product\/filtre-a-cartouche-externe-atman-28-w-conception-modulaire-pour-une-variete-de-supports-de-filtre-configuration-simple-et-installation-facile\/","title":{"rendered":"Filtre \u00e0 cartouche externe Atman 28 W Conception modulaire pour une vari\u00e9t\u00e9 de supports de filtre Configuration simple et installation facile"},"content":{"rendered":"<article class=\"article richtext richtext-detail AE:disable\" id=\"richTextContainer\">\n<h2 class=\"article-title\">Sp\u00e9cifications<\/h2>\n<div style=\"clear:both\"> Filtre \u00e0 cartouche externe Atman 28\u00a0W <br \/>1\u00a0Convient pour un syst\u00e8me de circulation \u00e0 l&rsquo;ext\u00e9rieur du r\u00e9servoir, ne partage pas l&rsquo;espace \u00e0 l&rsquo;int\u00e9rieur du r\u00e9servoir <br \/>2 configuration facile <\/p>\n<div style=\"clear:both\">\n<p>28W Filtre \u00e0 cartouche externe Atman1\u00a0Distinctivement un syst\u00e8me de filtrage sup\u00e9rieur, \u00e9conome en \u00e9nergie et puissant<br \/>2 Avec fonction d&rsquo;aspiration d&rsquo;eau pneumatique pour un fonctionnement rapide et facile.<\/p>\n<p>3 Configuration simple et installation facile<\/p>\n<p>4 Distinctivement un syst\u00e8me de filtrage sup\u00e9rieur<\/p>\n<p>5 Param\u00e8tres (220\u00a0V ~ 240\u00a0V 50\u00a0Hz)<\/p>\n<p> 6\u00a0Adapt\u00e9 au syst\u00e8me de circulation \u00e0 l&rsquo;ext\u00e9rieur du r\u00e9servoir, qui ne partagerait pas l&rsquo;espace \u00e0 l&rsquo;int\u00e9rieur le r\u00e9servoir.<\/p>\n<\/p>\n<div style=\"clear:both\"><\/article>\n","protected":false},"excerpt":{"rendered":"<p>Filtre \u00e0 cartouche externe Atman 28 W Conception modulaire pour une vari\u00e9t\u00e9 de supports de filtre Configuration simple et installation facile<\/p>\n","protected":false},"featured_media":5039,"comment_status":"open","ping_status":"closed","template":"","meta":[],"product_brand":[],"product_cat":[1338],"product_tag":[],"class_list":{"0":"post-38797","1":"product","2":"type-product","3":"status-publish","4":"has-post-thumbnail","6":"product_cat-filtres-pour-aquariums","8":"first","9":"instock","10":"shipping-taxable","11":"purchasable","12":"product-type-simple"},"_links":{"self":[{"href":"https:\/\/www.myaquastore.com\/fr\/wp-json\/wp\/v2\/product\/38797","targetHints":{"allow":["GET"]}}],"collection":[{"href":"https:\/\/www.myaquastore.com\/fr\/wp-json\/wp\/v2\/product"}],"about":[{"href":"https:\/\/www.myaquastore.com\/fr\/wp-json\/wp\/v2\/types\/product"}],"replies":[{"embeddable":true,"href":"https:\/\/www.myaquastore.com\/fr\/wp-json\/wp\/v2\/comments?post=38797"}],"wp:featuredmedia":[{"embeddable":true,"href":"https:\/\/www.myaquastore.com\/fr\/wp-json\/wp\/v2\/media\/5039"}],"wp:attachment":[{"href":"https:\/\/www.myaquastore.com\/fr\/wp-json\/wp\/v2\/media?parent=38797"}],"wp:term":[{"taxonomy":"product_brand","embeddable":true,"href":"https:\/\/www.myaquastore.com\/fr\/wp-json\/wp\/v2\/product_brand?post=38797"},{"taxonomy":"product_cat","embeddable":true,"href":"https:\/\/www.myaquastore.com\/fr\/wp-json\/wp\/v2\/product_cat?post=38797"},{"taxonomy":"product_tag","embeddable":true,"href":"https:\/\/www.myaquastore.com\/fr\/wp-json\/wp\/v2\/product_tag?post=38797"}],"curies":[{"name":"wp","href":"https:\/\/api.w.org\/{rel}","templated":true}]}}