{"id":38798,"date":"2016-09-25T23:28:19","date_gmt":"2016-09-25T23:28:19","guid":{"rendered":"https:\/\/www.myaquastore.com\/product\/filtre-a-cartouche-externe-pour-aquarium-pressurise-atman-cf800-conception-modulaire-pour-une-variete-de-supports-de-filtre\/"},"modified":"2025-03-16T08:59:12","modified_gmt":"2025-03-16T08:59:12","slug":"filtre-a-cartouche-externe-pour-aquarium-pressurise-atman-cf800-conception-modulaire-pour-une-variete-de-supports-de-filtre","status":"publish","type":"product","link":"https:\/\/www.myaquastore.com\/fr\/product\/filtre-a-cartouche-externe-pour-aquarium-pressurise-atman-cf800-conception-modulaire-pour-une-variete-de-supports-de-filtre\/","title":{"rendered":"Filtre \u00e0 cartouche externe pour aquarium pressuris\u00e9 Atman CF800 Conception modulaire pour une vari\u00e9t\u00e9 de supports de filtre"},"content":{"rendered":"<article class=\"article richtext richtext-detail AE:disable\" id=\"richTextContainer\">\n<h2 class=\"article-title\">Sp\u00e9cifications<\/h2>\n<div style=\"clear:both\"> Filtre \u00e0 cartouche externe pour aquarium sous pression Atman CF800 <br \/>1 Costume syst\u00e8me de circulation \u00e0 l&rsquo;ext\u00e9rieur du r\u00e9servoir, ne prend pas de place \u00e0 l&rsquo;int\u00e9rieur du r\u00e9servoir <\/p>\n<div style=\"clear:both\">\n<p> Filtre \u00e0 cartouche externe pour aquarium sous pression Atman CF800<\/p>\n<p>1 Distinctivement un syst\u00e8me de filtrage sup\u00e9rieur, \u00e9conome en \u00e9nergie et puissant<br \/>2 Avec fonction d&rsquo;aspiration d&rsquo;eau pneumatique pour un fonctionnement rapide et facile.<\/p>\n<p>3 Configuration simple et installation facile<\/p>\n<p>4 Distinctivement un syst\u00e8me de filtrage sup\u00e9rieur<\/p>\n<p>5 Param\u00e8tres (220 V ~ 240 V 50 Hz) <\/p>\n<p>6 Convient pour un syst\u00e8me de circulation \u00e0 l&rsquo;ext\u00e9rieur du r\u00e9servoir, qui ne partager l&rsquo;espace dans le r\u00e9servoir.<\/p>\n<\/p>\n<div style=\"clear:both\"><\/article>\n","protected":false},"excerpt":{"rendered":"<p>Filtre \u00e0 cartouche externe pour aquarium pressuris\u00e9 Atman CF800 Conception modulaire pour une vari\u00e9t\u00e9 de supports de filtre<\/p>\n","protected":false},"featured_media":5041,"comment_status":"open","ping_status":"closed","template":"","meta":[],"product_brand":[],"product_cat":[1338],"product_tag":[],"class_list":{"0":"post-38798","1":"product","2":"type-product","3":"status-publish","4":"has-post-thumbnail","6":"product_cat-filtres-pour-aquariums","8":"first","9":"instock","10":"shipping-taxable","11":"purchasable","12":"product-type-simple"},"_links":{"self":[{"href":"https:\/\/www.myaquastore.com\/fr\/wp-json\/wp\/v2\/product\/38798","targetHints":{"allow":["GET"]}}],"collection":[{"href":"https:\/\/www.myaquastore.com\/fr\/wp-json\/wp\/v2\/product"}],"about":[{"href":"https:\/\/www.myaquastore.com\/fr\/wp-json\/wp\/v2\/types\/product"}],"replies":[{"embeddable":true,"href":"https:\/\/www.myaquastore.com\/fr\/wp-json\/wp\/v2\/comments?post=38798"}],"wp:featuredmedia":[{"embeddable":true,"href":"https:\/\/www.myaquastore.com\/fr\/wp-json\/wp\/v2\/media\/5041"}],"wp:attachment":[{"href":"https:\/\/www.myaquastore.com\/fr\/wp-json\/wp\/v2\/media?parent=38798"}],"wp:term":[{"taxonomy":"product_brand","embeddable":true,"href":"https:\/\/www.myaquastore.com\/fr\/wp-json\/wp\/v2\/product_brand?post=38798"},{"taxonomy":"product_cat","embeddable":true,"href":"https:\/\/www.myaquastore.com\/fr\/wp-json\/wp\/v2\/product_cat?post=38798"},{"taxonomy":"product_tag","embeddable":true,"href":"https:\/\/www.myaquastore.com\/fr\/wp-json\/wp\/v2\/product_tag?post=38798"}],"curies":[{"name":"wp","href":"https:\/\/api.w.org\/{rel}","templated":true}]}}