{"id":38816,"date":"2016-09-25T23:28:19","date_gmt":"2016-09-25T23:28:19","guid":{"rendered":"https:\/\/www.myaquastore.com\/product\/pompes-a-eau-daquarium-atman-9500l-h-md10000-roulements-en-ceramique-utilises-pour-un-fonctionnement-fiable-et-un-bruit-reduit\/"},"modified":"2025-03-16T08:59:16","modified_gmt":"2025-03-16T08:59:16","slug":"pompes-a-eau-daquarium-atman-9500l-h-md10000-roulements-en-ceramique-utilises-pour-un-fonctionnement-fiable-et-un-bruit-reduit","status":"publish","type":"product","link":"https:\/\/www.myaquastore.com\/fr\/product\/pompes-a-eau-daquarium-atman-9500l-h-md10000-roulements-en-ceramique-utilises-pour-un-fonctionnement-fiable-et-un-bruit-reduit\/","title":{"rendered":"Pompes \u00e0 eau d&rsquo;aquarium Atman 9500L\/H md10000, roulements en c\u00e9ramique utilis\u00e9s pour un fonctionnement fiable et un bruit r\u00e9duit"},"content":{"rendered":"<article class=\"article richtext richtext-detail AE:disable\" id=\"richTextContainer\">\n<div style=\"clear:both\">\n<p><span style=\"font-family: 'times new roman', times;font-size: 24px\"> 9500L\/H Atman pompes \u00e0 eau d&rsquo;aquarium md10000 <\/span><\/p>\n<p><span style=\"font-family: 'times new roman', times;font-size: 24px\">1. Le moteur et la pompe sont mieux con\u00e7us pour de bonnes performances et une efficacit\u00e9 \u00e9lev\u00e9e<\/span><\/p>\n<p><span style=\"font-family: 'times new roman', times;font-size: 24px\">2. L&rsquo;h\u00e9lice en spirale permet une taille de particules de salet\u00e9 aussi grande que 6 mm.<\/span><\/p>\n<p><span style=\"font-family: 'times new roman', times;24px\">3. Roulements en c\u00e9ramique utilis\u00e9s pour un fonctionnement s\u00fbr et un bruit r\u00e9duit. <\/span><\/p>\n<p><span style=\"font-size : 24px\">4. Installation et maintenance faciles.<\/span><\/p>\n<p><span style=\"font-family : 'times new roman', times;font-size : 24px\">5.Param\u00e8tres (220 V ~ 240 V 50 Hz)<\/span><\/p>\n<p><span style=\"font-size : 24px\">6. Son capot avant peut agir comme un filtre et est facile \u00e0 d\u00e9connecter.<\/span><\/p>\n<div style=\"clear:both\"><\/article>\n","protected":false},"excerpt":{"rendered":"<p>Pompes \u00e0 eau d&rsquo;aquarium Atman 9500L\/H md10000, roulements en c\u00e9ramique utilis\u00e9s pour un fonctionnement fiable et un bruit r\u00e9duit<\/p>\n","protected":false},"featured_media":5077,"comment_status":"open","ping_status":"closed","template":"","meta":[],"product_brand":[],"product_cat":[1380],"product_tag":[],"class_list":{"0":"post-38816","1":"product","2":"type-product","3":"status-publish","4":"has-post-thumbnail","6":"product_cat-pompes-a-eau-et-amp-tetes-motrices","8":"first","9":"instock","10":"shipping-taxable","11":"purchasable","12":"product-type-simple"},"_links":{"self":[{"href":"https:\/\/www.myaquastore.com\/fr\/wp-json\/wp\/v2\/product\/38816","targetHints":{"allow":["GET"]}}],"collection":[{"href":"https:\/\/www.myaquastore.com\/fr\/wp-json\/wp\/v2\/product"}],"about":[{"href":"https:\/\/www.myaquastore.com\/fr\/wp-json\/wp\/v2\/types\/product"}],"replies":[{"embeddable":true,"href":"https:\/\/www.myaquastore.com\/fr\/wp-json\/wp\/v2\/comments?post=38816"}],"wp:featuredmedia":[{"embeddable":true,"href":"https:\/\/www.myaquastore.com\/fr\/wp-json\/wp\/v2\/media\/5077"}],"wp:attachment":[{"href":"https:\/\/www.myaquastore.com\/fr\/wp-json\/wp\/v2\/media?parent=38816"}],"wp:term":[{"taxonomy":"product_brand","embeddable":true,"href":"https:\/\/www.myaquastore.com\/fr\/wp-json\/wp\/v2\/product_brand?post=38816"},{"taxonomy":"product_cat","embeddable":true,"href":"https:\/\/www.myaquastore.com\/fr\/wp-json\/wp\/v2\/product_cat?post=38816"},{"taxonomy":"product_tag","embeddable":true,"href":"https:\/\/www.myaquastore.com\/fr\/wp-json\/wp\/v2\/product_tag?post=38816"}],"curies":[{"name":"wp","href":"https:\/\/api.w.org\/{rel}","templated":true}]}}