{"id":38872,"date":"2016-09-25T23:28:22","date_gmt":"2016-09-25T23:28:22","guid":{"rendered":"https:\/\/www.myaquastore.com\/product\/filtre-daquarium-sunsun-koi-filtre-a-economie-denergie-hw504b\/"},"modified":"2025-03-16T08:59:30","modified_gmt":"2025-03-16T08:59:30","slug":"filtre-daquarium-sunsun-koi-filtre-a-economie-denergie-hw504b","status":"publish","type":"product","link":"https:\/\/www.myaquastore.com\/fr\/product\/filtre-daquarium-sunsun-koi-filtre-a-economie-denergie-hw504b\/","title":{"rendered":"Filtre d&rsquo;aquarium SUNSUN Koi, filtre \u00e0 \u00e9conomie d&rsquo;\u00e9nergie HW504B"},"content":{"rendered":"<div style=\"clear:both\"><\/div>\n<p style=\"text-align:center\">\n<div id=\"ali-anchor-AliPostDhMb-w9n15\" style=\"padding-top:8px\" data-section-title=\"nom\" data-section=\"AliPostDhMb-w9n15\">\n<div id=\"ali-title-AliPostDhMb-w9n15\" style=\"border-bottom:#ddd 1px solid;padding-bottom:8px;padding-top:8px;padding-left:0px;padding-right:0px\"><span style=\"font-weight:bold;color:#333;padding-bottom:8px;padding-top:8px;padding-left:10px;line-height:12px;padding-right:10px;background-color:#ddd\"><\/span><\/div>\n<div style=\"padding-bottom:10px;padding-top:10px;padding-left:0px;padding-right:0px\">\n<p><span> <\/span><\/p>\n<\/div>\n<\/div>\n<p style=\"text-align:center\"><span style=\"font-size:24px\"><strong><span style=\"color:#ff0000\"><span style=\"color:#000000\">Filtre d&rsquo;aquarium SUNSUN Koi Filtre \u00e0 \u00e9conomie d&rsquo;\u00e9nergie HW504B<\/span><\/span><\/strong><\/span><\/p>\n<div id=\"ali-anchor-AliPostDhMb-gcnvp\" style=\"padding-top:8px\" data-section-title=\"Description du produit\" data-section=\"AliPostDhMb-gcnvp\">\n<div id=\"ali-title-AliPostDhMb-gcnvp\" style=\"border-bottom:#ddd 1px solid;padding-bottom:8px;padding-top:8px;padding-left:0px;padding-right:0px\"><span style=\"font-weight:bold;color:#333;padding-bottom:8px;padding-top:8px;padding-left:10px;line-height:12px;padding-right:10px;background-color:#ddd\">Description du produit<\/span><\/div>\n<div style=\"padding-bottom:10px;padding-top:10px;padding-left:0px;padding-right:0px\">\n<\/div>\n<\/div>\n<p style=\"text-align:center\"><span style=\"font-size:24px\"><strong><span style=\"color:#ff0000\"><span style=\"font-size:24px\"><strong><span style=\"color:#ff0000\"><img decoding=\"async\" alt=\"HW504B_01.jpg\" src=\"http:\/\/localhost\/media\/import\/detail\/HTB1DDLxFVXXXXXTXVXXq6xXFXXXs.jpg\"><\/span><\/strong><\/span><img decoding=\"async\" alt=\"SUNSUN Koi aquarium Filtre \u00c9conomie d'\u00e9nergie Filtre HW504B\" src=\"http:\/\/localhost\/media\/import\/detail\/HTB1WT06FFXXXXbVaXXXq6xXFXXX6.jpg\"><img decoding=\"async\" alt=\"Filtre d'aquarium SUNSUN Koi Filtre \u00e0 \u00e9conomie d'\u00e9nergie HW504B\" src=\"http:\/\/localhost\/media\/import\/detail\/HTB1v132FFXXXXc9XXXXq6xXFXXXG.jpg\"><img decoding=\"async\" alt=\"Filtre d'aquarium SUNSUN Koi Filtre \u00e0 \u00e9conomie d'\u00e9nergie HW504B\" src=\"http:\/\/localhost\/media\/import\/detail\/HTB1Fc72FFXXXXbPXpXXq6xXFXXXR.jpg\"><img decoding=\"async\" alt=\"Filtre d'aquarium SUNSUN Koi Filtre \u00e0 \u00e9conomie d'\u00e9nergie HW504B\" src=\"http:\/\/localhost\/media\/import\/detail\/HTB1oFv8FFXXXXXqaXXXq6xXFXXXa.jpg\"><img decoding=\"async\" alt=\"Filtre d'aquarium SUNSUN Koi Filtre \u00e0 \u00e9conomie d'\u00e9nergie HW504B\" src=\"http:\/\/localhost\/media\/import\/detail\/HTB1dNVlFFXXXXbfbpXXq6xXFXXX5.jpg\"><\/span><\/strong><\/span><\/p>\n<div id=\"ali-anchor-AliPostDhMb-cgrqm\" style=\"padding-top:8px\" data-section-title=\"Informations sur la soci\u00e9t\u00e9\" data-section=\"AliPostDhMb-cgrqm\"><strong><span style=\"background-color:#dddddd;color:#333333\"><\/span><\/strong> <\/div>\n","protected":false},"excerpt":{"rendered":"<p>Filtre d&rsquo;aquarium SUNSUN Koi, filtre \u00e0 \u00e9conomie d&rsquo;\u00e9nergie HW504B<\/p>\n","protected":false},"featured_media":5190,"comment_status":"open","ping_status":"closed","template":"","meta":[],"product_brand":[],"product_cat":[1380],"product_tag":[],"class_list":{"0":"post-38872","1":"product","2":"type-product","3":"status-publish","4":"has-post-thumbnail","6":"product_cat-pompes-a-eau-et-amp-tetes-motrices","8":"first","9":"instock","10":"shipping-taxable","11":"purchasable","12":"product-type-simple"},"_links":{"self":[{"href":"https:\/\/www.myaquastore.com\/fr\/wp-json\/wp\/v2\/product\/38872","targetHints":{"allow":["GET"]}}],"collection":[{"href":"https:\/\/www.myaquastore.com\/fr\/wp-json\/wp\/v2\/product"}],"about":[{"href":"https:\/\/www.myaquastore.com\/fr\/wp-json\/wp\/v2\/types\/product"}],"replies":[{"embeddable":true,"href":"https:\/\/www.myaquastore.com\/fr\/wp-json\/wp\/v2\/comments?post=38872"}],"wp:featuredmedia":[{"embeddable":true,"href":"https:\/\/www.myaquastore.com\/fr\/wp-json\/wp\/v2\/media\/5190"}],"wp:attachment":[{"href":"https:\/\/www.myaquastore.com\/fr\/wp-json\/wp\/v2\/media?parent=38872"}],"wp:term":[{"taxonomy":"product_brand","embeddable":true,"href":"https:\/\/www.myaquastore.com\/fr\/wp-json\/wp\/v2\/product_brand?post=38872"},{"taxonomy":"product_cat","embeddable":true,"href":"https:\/\/www.myaquastore.com\/fr\/wp-json\/wp\/v2\/product_cat?post=38872"},{"taxonomy":"product_tag","embeddable":true,"href":"https:\/\/www.myaquastore.com\/fr\/wp-json\/wp\/v2\/product_tag?post=38872"}],"curies":[{"name":"wp","href":"https:\/\/api.w.org\/{rel}","templated":true}]}}