{"id":38873,"date":"2016-09-25T23:28:22","date_gmt":"2016-09-25T23:28:22","guid":{"rendered":"https:\/\/www.myaquastore.com\/product\/sunsun-filtre-uv-interne-pour-aquarium-hw-403b-robinet-darret-anti-goutte-pour-un-nettoyage-facile-adapte-aux-reservoirs-jusqua-600-litres\/"},"modified":"2025-03-16T08:59:31","modified_gmt":"2025-03-16T08:59:31","slug":"sunsun-filtre-uv-interne-pour-aquarium-hw-403b-robinet-darret-anti-goutte-pour-un-nettoyage-facile-adapte-aux-reservoirs-jusqua-600-litres","status":"publish","type":"product","link":"https:\/\/www.myaquastore.com\/fr\/product\/sunsun-filtre-uv-interne-pour-aquarium-hw-403b-robinet-darret-anti-goutte-pour-un-nettoyage-facile-adapte-aux-reservoirs-jusqua-600-litres\/","title":{"rendered":"SUNSUN \u2013 filtre UV interne pour aquarium HW-403B, robinet d&rsquo;arr\u00eat anti-goutte pour un nettoyage facile, adapt\u00e9 aux r\u00e9servoirs jusqu&rsquo;\u00e0 600 litres"},"content":{"rendered":"<div style=\"clear:both\"><\/div>\n<p style=\"text-align:center\" align=\"left\"><strong><span style=\"font-size:24px\">Filtre UV interne pour aquarium SUNSUN HW-403B <\/span><\/strong><\/p>\n<p data-section-blank=\"AliPostDhMb-q7phv\">\n<p style=\"text-align:center\" align=\"left\">\n<div id=\"ali-anchor-AliPostDhMb-q7phv\" style=\"padding-top:8px\" data-section-title=\"Description du produit\" data-section=\"AliPostDhMb-q7phv\">\n<div id=\"ali-title-AliPostDhMb-q7phv\" style=\"border-bottom:#ddd 1px solid;padding-bottom:8px;padding-top:8px;padding-left:0px;padding-right:0px\"><span style=\"font-weight:bold;color:#333;padding-bottom:8px;padding-top:8px;padding-left:10px;line-height:12px;padding-right:10px;background-color:#ddd\">Description du produit<\/span><\/div>\n<div style=\"padding-bottom:10px;padding-top:10px;padding-left:0px;padding-right:0px\">\n<div style=\"height:42px;width:750px\">\n<div style=\"height:42px;float:left;width:25px;background-color:#00ccff\"> <\/div>\n<div style=\"float:droite;padding-bottom:5px;padding-top:5px;padding-left:0px;padding-right:0px;background-color:#0099ff\">\n<div style=\"font-size:24px;border-top:#ffffff 1px solid;font-family:Arial;border-bottom:#ffffff 1px solid;font-weight:bold;font-style:italic;padding-left:10px;line-height:30px;width:720px\">Affichage du produit<\/div>\n<\/div>\n<\/div>\n<\/div>\n<\/div>\n<p style=\"text-align:center\" align=\"left\">\n<p data-section-blank=\"AliPostDhMb-q7phv\">\n<p style=\"text-align:center\" align=\"left\"><span style=\"font-family:arial,helvetica,sans-serif\"><strong><span style=\"font-size:16px;color:#ff6600\"><span style=\"color:#3366ff;background-color:#ffff00\"><br \/><\/span><\/span><\/strong><\/span><\/p>\n<p align=\"left\"><span style=\"font-family:arial,helvetica,sans-serif;color:#000000\"><strong><span style=\"font-size:16px\">1. Description du produit<\/span><\/strong><\/span><\/p>\n<p align=\"left\"><span style=\"font-family:arial,helvetica,sans-serif\"> <\/span><\/p>\n<p align=\"left\"><span style=\"font-family:arial,helvetica,sans-serif;color:#000000\"><span style=\"font-size:14px\">Ces filtres fonctionnent sur le m\u00eame principe que les filtres internes filtres \u00e0 t\u00eate motrice, mais sont positionn\u00e9s \u00e0 l&rsquo;ext\u00e9rieur du <\/span><\/span><\/p>\n<p align=\"left\"><span style=\"font-family:arial,helvetica,sans-serif;color:#000000\"><span style=\"font-size:14px\">r\u00e9servoir et aspirent l&rsquo;eau dans le filtre \u00e0 travers un tube d&rsquo;entr\u00e9e et renvoient l&rsquo;eau via un tube de sortie. Le<\/span><\/span><\/p>\n<p align=\"left\"><span style=\"font-family:arial,helvetica,sans-serif;color:#000000\"><span style=\"font-size:14px\">sortie <\/span><span style=\"font-size:14px\">le tube est \u00e9quip\u00e9 d&rsquo;une barre de pulv\u00e9risation pour augmenter l&rsquo;a\u00e9ration au sein de votre r\u00e9servoir. Ce type de filtres externes <\/span><\/span><\/p>\n<p align=\"left\"><span style=\"font-family:arial,helvetica,sans-serif;color:#000000\"><span style=\"font-size:14px\">\u00e9vitent le besoin d&rsquo;un filtre disgracieux \u00e0 l&rsquo;int\u00e9rieur du r\u00e9servoir et la capacit\u00e9 du support est beaucoup plus grande que celle interne <\/span><\/span><\/p>\n<p align=\"left\"><span style=\"font-family:arial,helvetica,sans-serif;color:#000000\"><span style=\"font-size:14px\">filtres et ils conviennent donc \u00e0 des r\u00e9servoirs beaucoup plus grands.<\/span><\/span><\/p>\n<p align=\"left\"><span style=\"font-family:arial,helvetica,sans-serif\"> <\/span><\/p>\n<p align=\"left\"><span style=\"font-family:arial,helvetica,sans-serif;color:#000000\"><strong><span style=\"font-size:16px\">2. Caract\u00e9ristiques<\/span><\/strong><\/span><\/p>\n<p align=\"left\"><span style=\"font-family:arial,helvetica,sans-serif\"> <\/span><\/p>\n<p align=\"left\"><span style=\"font-size:14px;font-family:arial,helvetica,sans-serif;color:#000000\">Filtre \u00e0 cartouche pour aquarium HW-403A\u00a0:<\/span><\/p>\n<p align=\"left\"><span style=\"font-family:arial,helvetica,sans-serif\"> <\/span><\/p>\n<p style=\"background:white\" align=\"left\"><span style=\"font-size:14px;font-family:arial,helvetica,sans-serif;color:#000000\">1. Robinet d&rsquo;arr\u00eat anti-goutte pour un nettoyage facile<br \/>2. Convient aux r\u00e9servoirs jusqu&rsquo;\u00e0 600 litres<br \/>3. Unit\u00e9 auto-amor\u00e7ante &#8211; Configuration simple<br \/>4. Pieds en caoutchouc pour r\u00e9duire les vibrations<\/span><\/p>\n<p style=\"background:white\" align=\"left\"><span style=\"font-size:14px;font-family:arial,helvetica,sans-serif;color:#000000\">5. Trois compartiments de panier de m\u00e9dia filtrant pour un filtrage en couches <\/span><\/p>\n<p align=\"left\"><span style=\"font-family:arial,helvetica,sans-serif\"> <\/span><\/p>\n<p align=\"left\"><span style=\"font-family:arial,helvetica,sans-serif;color:#000000\"><strong><span style=\"font-size:16px\">3. D\u00e9tails du filtre \u00e0 cartouche pour aquarium HW-403A<\/span><\/strong><\/span><strong><span style=\"font-size:16px;font-family:comic sans ms, sans-serif;color:#ff6600\"><br \/><\/span><\/strong><\/p>\n<p align=\"left\">\n<div align=\"left\">\n<table class=\"aliDataTable\" border=\"5\">\n<tbody>\n<tr>\n<td style=\"text-align:center\"><strong>Mod\u00e8le<\/strong><\/td>\n<td style=\"text-align:center\"><strong>Tension<\/strong><\/td>\n<td style=\"text-align:center\"><strong>Fr\u00e9quence<\/strong><\/td>\n<td style=\"text-align:center\"><strong>Puissance<\/strong><\/td>\n<td style=\"text-align:center\"><strong>Puissance UV<\/strong><\/td>\n<td style=\"text-align:center\"><strong>H-max<\/strong><\/td>\n<td style=\"text-align:center\"><strong>Sortie<\/strong><\/td>\n<td style=\"text-align:center\"><strong>Poids<\/strong><\/td>\n<td style=\"text-align:center\"><strong>Dimensions<\/strong><\/td>\n<\/tr>\n<tr>\n<td style=\"text-align:center\">HW-402A<\/td>\n<td style=\"text-align:center\">110V\/220V\/240V<\/td>\n<td style=\"text-align:center\">50Hz\/60Hz<\/td>\n<td style=\"text-align:center\">18W<\/td>\n<td style=\"text-align:center\">\/<\/td>\n<td style=\"text-align:center\">1,4m<\/td>\n<td style=\"text-align:center\">1000L\/h<\/td>\n<td style=\"text-align:center\">3,5kg<\/td>\n<td style=\"text-align:center\">232*232*395mm<\/td>\n<\/tr>\n<tr>\n<td style=\"text-align:center\">HW-402B<\/td>\n<td style=\"text-align:center\">110V\/220V\/240V<\/td>\n<td style=\"text-align:center\">50Hz\/60Hz<\/td>\n<td style=\"text-align:center\">18W<\/td>\n<td style=\"text-align:center\">5W\/7W\/9W<\/td>\n<td style=\"text-align:center\">1,4m<\/td>\n<td style=\"text-align:center\">1000L\/h<\/td>\n<td style=\"text-align:center\">4kg<\/td>\n<td style=\"text-align:center\">232*232*395mm<\/td>\n<\/tr>\n<tr>\n<td style=\"text-align:center\"><strong><span style=\"color:#ff6600\">HW-403A<\/span><\/strong><\/td>\n<td style=\"text-align:center\">110V\/220V\/240V<\/td>\n<td style=\"text-align:center\">50 Hz\/60 Hz<\/td>\n<td style=\"text-align:center\">35 W<\/td>\n<td style=\"text-align:center\">\/<\/td>\n<td style=\"text-align:center\">2,0 m<\/td>\n<td style=\"text-align:center\">1\u00a0400 L\/h<\/td>\n<td style=\"text-align:center\">4,5 kg<\/td>\n<td style=\"text-align:center\">258*258*430mm<\/td>\n<\/tr>\n<tr>\n<td style=\"text-align:center\">HW-403B<\/td>\n<td style=\"text-align:center\">110V\/220V\/240V<\/td>\n<td style=\"text-align:center\">50Hz\/60Hz<\/td>\n<td style=\"text-align:center\">35W<\/td>\n<td style=\"text-align:center\">5W\/7W\/9W<\/td>\n<td style=\"text-align:center\">2,0m<\/td>\n<td style=\"text-align:center\">1400L\/h<\/td>\n<td style=\"text-align:center\">5,0 kg<\/td>\n<td style=\"text-align:center\">258*258*430mm<\/td>\n<\/tr>\n<tr>\n<td style=\"text-align:center\">HW-404A<\/td>\n<td style=\"text-align:center\">110V\/220V\/240V<\/td>\n<td style=\"text-align:center\">50 Hz\/60 Hz<\/td>\n<td style=\"text-align:center\">55 W<\/td>\n<td style=\"text-align:center\">\/<\/td>\n<td style=\"text-align:center\">2,5 m<\/td>\n<td style=\"text-align:center\">2\u00a0000 L\/h<\/td>\n<td style=\"text-align:center\">5,5 kg<\/td>\n<td style=\"text-align:center\">290*290*485mm<\/td>\n<\/tr>\n<tr>\n<td style=\"text-align:center\">HW-404B<\/td>\n<td style=\"text-align:center\">110V\/220V\/240V<\/td>\n<td style=\"text-align:center\">50Hz\/60Hz<\/td>\n<td style=\"text-align:center\">55W<\/td>\n<td style=\"text-align:center\">5W\/7W\/9W<\/td>\n<td style=\"text-align:center\">2,5m<\/td>\n<td style=\"text-align:center\">2000L\/h<\/td>\n<td style=\"text-align:center\">6,0 kg<\/td>\n<td style=\"text-align:center\">290*290*485mm<\/td>\n<\/tr>\n<\/tbody>\n<\/table>\n<\/div>\n<p align=\"left\">\n<p align=\"left\"> <img decoding=\"async\" alt=\"Filtre UV interne pour aquarium SUNSUN HW-403B\" src=\"http:\/\/localhost\/media\/import\/detail\/HTB1eNEYFXXXXXXaAXpXXq6xXFXXXt.jpg\"><img decoding=\"async\" alt=\"Filtre UV interne d'aquarium SUNSUN HW-403B\" src=\"http:\/\/localhost\/media\/import\/detail\/HTB1X2EOFFXXXXazaVXXq6xXFXXXm.jpg\"><img decoding=\"async\" alt=\"Filtre UV interne d'aquarium SUNSUN HW-403B\" src=\"http:\/\/localhost\/media\/import\/detail\/HTB1Yo4jFXXXXXXcaapXXq6xXFXXXL.jpg\"><img decoding=\"async\" alt=\"Filtre UV interne d'aquarium SUNSUN HW-403B\" src=\"http:\/\/localhost\/media\/import\/detail\/HTB1HRp3FXXXXXXaCbpXXq6xXFXXXp.jpg\"><img decoding=\"async\" alt=\"Filtre UV interne d'aquarium SUNSUN HW-403B\" src=\"http:\/\/localhost\/media\/import\/detail\/HTB1rgo1FXXXXXXaoXpXXq6xXFXXXF.jpg\"><img decoding=\"async\" alt=\"Filtre UV interne d'aquarium SUNSUN HW-403B\" src=\"http:\/\/localhost\/media\/import\/detail\/HTB1pUZRFFXXXXXOaVXXq6xXFXXX4.jpg\"><\/p>\n<p data-section-blank=\"AliPostDhMb-4r4mc\"><a href=\"http:\/\/preview.alibaba.com\/product\/1910287044-215139368\/SUNSUN_small_circulation_filter_with_UV_lamp_for_aquarium_tamk_HW_304B.html\" target=\"_blank\"><img loading=\"lazy\" decoding=\"async\" border=\"0\" alt=\"Filtre UV interne d'aquarium SUNSUN HW-403B\" src=\"http:\/\/localhost\/media\/import\/detail\/HTB1Yy5JGXXXXXX_XVXXq6xXFXXXQ.jpg\" width=\"192\" height=\"300\"><\/a><a href=\"http:\/\/preview.alibaba.com\/product\/1153797440-215139368\/SUNSUN_external_aquarium_fish_tank_Filter_canister_UV_35w_1400L_h.html\" target=\"_blank\"><img loading=\"lazy\" decoding=\"async\" border=\"0\" alt=\"Filtre UV interne d'aquarium SUNSUN HW-403B\" src=\"http:\/\/localhost\/media\/import\/detail\/HTB1dVyMGXXXXXXoXVXXq6xXFXXXR.jpg\" width=\"183\" height=\"300\"><\/a><a href=\"http:\/\/preview.alibaba.com\/product\/60028258767-215139368\/SUNSUN_HW_504B_aquarium_biological_fish_tank_filter.html\" target=\"_blank\"><img loading=\"lazy\" decoding=\"async\" border=\"0\" alt=\"Filtre UV interne d'aquarium SUNSUN HW-403B\" src=\"http:\/\/localhost\/media\/import\/detail\/HTB1udqTGXXXXXa9XpXXq6xXFXXXe.jpg\" width=\"167\" height=\"300\"><\/a><a href=\"http:\/\/preview.alibaba.com\/product\/1909960811-215139368\/SUNSUN_New_External_Canister_Filter_with_UV_HW_603B.html\" target=\"_blank\"><img loading=\"lazy\" decoding=\"async\" border=\"0\" alt=\"Filtre UV interne d'aquarium SUNSUN HW-403B\" src=\"http:\/\/localhost\/media\/import\/detail\/HTB1g7mzGXXXXXaxaXXXq6xXFXXXA.jpg\" width=\"208\" height=\"300\"><\/a> <\/p>\n<div id=\"ali-anchor-AliPostDhMb-4r4mc\" style=\"padding-top:8px\" data-section-title=\"Informations sur la soci\u00e9t\u00e9\" data-section=\"AliPostDhMb-4r4mc\"> <\/div>\n","protected":false},"excerpt":{"rendered":"<p>SUNSUN \u2013 filtre UV interne pour aquarium HW-403B, robinet d&rsquo;arr\u00eat anti-goutte pour un nettoyage facile, adapt\u00e9 aux r\u00e9servoirs jusqu&rsquo;\u00e0 600 litres<\/p>\n","protected":false},"featured_media":5192,"comment_status":"open","ping_status":"closed","template":"","meta":[],"product_brand":[],"product_cat":[1380],"product_tag":[],"class_list":{"0":"post-38873","1":"product","2":"type-product","3":"status-publish","4":"has-post-thumbnail","6":"product_cat-pompes-a-eau-et-amp-tetes-motrices","8":"first","9":"instock","10":"shipping-taxable","11":"purchasable","12":"product-type-simple"},"_links":{"self":[{"href":"https:\/\/www.myaquastore.com\/fr\/wp-json\/wp\/v2\/product\/38873","targetHints":{"allow":["GET"]}}],"collection":[{"href":"https:\/\/www.myaquastore.com\/fr\/wp-json\/wp\/v2\/product"}],"about":[{"href":"https:\/\/www.myaquastore.com\/fr\/wp-json\/wp\/v2\/types\/product"}],"replies":[{"embeddable":true,"href":"https:\/\/www.myaquastore.com\/fr\/wp-json\/wp\/v2\/comments?post=38873"}],"wp:featuredmedia":[{"embeddable":true,"href":"https:\/\/www.myaquastore.com\/fr\/wp-json\/wp\/v2\/media\/5192"}],"wp:attachment":[{"href":"https:\/\/www.myaquastore.com\/fr\/wp-json\/wp\/v2\/media?parent=38873"}],"wp:term":[{"taxonomy":"product_brand","embeddable":true,"href":"https:\/\/www.myaquastore.com\/fr\/wp-json\/wp\/v2\/product_brand?post=38873"},{"taxonomy":"product_cat","embeddable":true,"href":"https:\/\/www.myaquastore.com\/fr\/wp-json\/wp\/v2\/product_cat?post=38873"},{"taxonomy":"product_tag","embeddable":true,"href":"https:\/\/www.myaquastore.com\/fr\/wp-json\/wp\/v2\/product_tag?post=38873"}],"curies":[{"name":"wp","href":"https:\/\/api.w.org\/{rel}","templated":true}]}}