{"id":38874,"date":"2016-09-25T23:28:22","date_gmt":"2016-09-25T23:28:22","guid":{"rendered":"https:\/\/www.myaquastore.com\/product\/chauffage-de-reservoir-de-poissons-daquarium-de-plongee-non-explosif-300w-500w-circuit-fiable-et-materiaux-de-haute-qualite-assurent-la-production-de-chaleur\/"},"modified":"2025-03-16T08:59:31","modified_gmt":"2025-03-16T08:59:31","slug":"chauffage-de-reservoir-de-poissons-daquarium-de-plongee-non-explosif-300w-500w-circuit-fiable-et-materiaux-de-haute-qualite-assurent-la-production-de-chaleur","status":"publish","type":"product","link":"https:\/\/www.myaquastore.com\/fr\/product\/chauffage-de-reservoir-de-poissons-daquarium-de-plongee-non-explosif-300w-500w-circuit-fiable-et-materiaux-de-haute-qualite-assurent-la-production-de-chaleur\/","title":{"rendered":"Chauffage de r\u00e9servoir de poissons d&rsquo;aquarium de plong\u00e9e non explosif 300W 500W, circuit fiable et mat\u00e9riaux de haute qualit\u00e9 assurent la production de chaleur"},"content":{"rendered":"<div style=\"clear:both\"><\/div>\n<div id=\"ali-anchor-AliPostDhMb-71x0z\" style=\"padding-top:8px\" data-section-title=\"nom\" data-section=\"AliPostDhMb-71x0z\">\n<div id=\"ali-title-AliPostDhMb-71x0z\" style=\"border-bottom:#ddd 1px solid;padding-bottom:8px;padding-top:8px;padding-left:0px;padding-right:0px\"><span style=\"font-weight:bold;color:#333;padding-bottom:8px;padding-top:8px;padding-left:10px;line-height:12px;padding-right:10px;background-color:#ddd\"><\/span> <\/div>\n<div style=\"padding-bottom:10px;padding-top:10px;padding-left:0px;padding-right:0px\">\n<p style=\"text-align:center\"> <span style=\"font-size:24px\"><strong>R\u00e9chauffeur d&rsquo;aquarium de plong\u00e9e non explosif 300 W 500 W<\/strong> <\/span><span style=\"font-size:32px\"><strong><br \/><\/strong><\/span><\/p>\n<\/div>\n<\/div>\n<div id=\"ali-anchor-AliPostDhMb-r6mtb\" style=\"padding-top:8px\" data-section-title=\"Description du produit\" data-section=\"AliPostDhMb-r6mtb\">\n<div id=\"ali-title-AliPostDhMb-r6mtb\" style=\"border-bottom:#ddd 1px solid;padding-bottom:8px;padding-top:8px;padding-left:0px;padding-right:0px\"><span style=\"font-weight:bold;color:#333;padding-bottom:8px;padding-top:8px;padding-left:10px;line-height:12px;padding-right:10px;background-color:#ddd\">Description du produit<\/span><\/div>\n<div style=\"padding-bottom:10px;padding-top:10px;padding-left:0px;padding-right:0px\">\n<p style=\"font-size:18px\"><span style=\"background-color:#ffff00\">1. Description du chauffage d&rsquo;aquarium de plong\u00e9e<\/span><\/p>\n<\/p>\n<p><span style=\"font-size:14px;font-family:arial, helvetica, sans-serif\">1. Un circuit fiable et des mat\u00e9riaux de haute qualit\u00e9 assurent la production de chaleur et maintiennent la temp\u00e9rature de l&rsquo;eau \u00e0 l&rsquo;int\u00e9rieur du r\u00e9servoir stable.<\/span><\/p>\n<p><span style=\"font-size:14px;font-family:arial, helvetica, sans-serif\">2. Totalement submersible. Durable et s\u00fbr. Conception originale.<\/span><\/p>\n<p><span style=\"font-size:14px;font-family:arial, helvetica, sans-serif\">3. D\u00e9branchez l&rsquo;appareil 15 minutes avant de changer l&rsquo;eau.<\/span><\/p>\n<p><span style=\"font-size:14px;font-family:arial, helvetica, sans-serif\">4. L&rsquo;\u00e9chelle d&rsquo;indication de temp\u00e9rature peut \u00eatre ajust\u00e9e entre 20 ? helvetica, sans-serif;background-color:#ffff00;\u00a0\u00bb&gt;2. Caract\u00e9ristiques du chauffage d&rsquo;aquarium de plong\u00e9e <\/span><span style=\"font-size:18px\"><br \/><\/span><\/span><\/p>\n<\/p>\n<p><span style=\"font-size:12pt;font-family:Calibri\">1.<\/span><span style=\"font-size:12pt;font-family:Calibri\">Enti\u00e8rement submersible. <\/span><\/p>\n<p><span style=\"font-size:12pt;font-family:Calibri\">2.<\/span><span style=\"font-size:12pt;font-family:Calibri\">Le serpentin de chauffage h\u00e9lico\u00efdal en nickel chrom\u00e9 est con\u00e7u pour une dur\u00e9e de vie maximale et un chauffage uniforme.<\/span><\/p>\n<p><span style=\"font-size:12pt;font-family:Calibri\">3.<\/span><span style=\"font-size:12pt;font-family:Calibri\">Compatible avec l&rsquo;eau douce et l&rsquo;eau sal\u00e9e.<\/span><\/p>\n<p><span style=\"font-size:12pt;font-family:Calibri\">4.<\/span><span style=\"font-size:12pt;font-family:Calibri\">Verre r\u00e9sistant aux chocs de 2 mm d&rsquo;\u00e9paisseur.<\/span><\/p>\n<p><span style=\"font-size:12pt;font-family:Calibri\">5.<\/span><span style=\"font-size:12pt;font-family:Calibri\">Cadran de contr\u00f4le de temp\u00e9rature facile d&rsquo;acc\u00e8s.<\/span><span style=\"font-size:12pt;font-family:Calibri\"><br \/><\/span><span style=\"font-size:12pt;font-family:Calibri\">6.<\/span><span style=\"font-size:12pt;font-family:Calibri\">La temp\u00e9rature peut \u00eatre ajust\u00e9e entre 20 et 34 degr\u00e9s ou 65 et 93 degr\u00e9s Fahrenheit.<\/span><\/p>\n<\/p>\n<p><span style=\"font-size:18px;background-color:#ffff00\">3. Attention concernant le chauffage d&rsquo;aquarium de plong\u00e9e <\/span><\/p>\n<\/p>\n<p><span style=\"font-size:14px;font-family:Arial\">1. Le niveau d&rsquo;eau ne doit pas \u00eatre inf\u00e9rieur \u00e0 la marque \u00ab\u00a0MININUM\u00a0\u00bb<\/span><\/p>\n<p><span style=\"font-size:14px;font-family:Arial\">2. L&rsquo;immersion maximale doit \u00eatre inf\u00e9rieure \u00e0 120 cm<\/span><\/p>\n<p><span style=\"font-size:14px;font-family:Arial\">3. Prise d&rsquo;alimentation toujours plus haute que le r\u00e9servoir d&rsquo;eau<\/span><\/p>\n<\/p>\n<p style=\"font-size:18px\"><span style=\"background-color:#ffff00\">4. D\u00e9tails du chauffage d&rsquo;aquarium de plong\u00e9e<\/span><\/p>\n<p style=\"font-size:18px\">\n<p style=\"font-size:18px\"><img decoding=\"async\" alt=\"300W 500W Chauffage d'aquarium de plong\u00e9e non explosif\" src=\"http:\/\/localhost\/media\/import\/detail\/HTB1CrrJJFXXXXaMXXXXq6xXFXXXF.jpg\"><img decoding=\"async\" alt=\"R\u00e9chauffeur d'aquarium de plong\u00e9e non explosif 300 W 500 W\" src=\"http:\/\/localhost\/media\/import\/detail\/HTB1A9_IJFXXXXa4XXXXq6xXFXXXv.jpg\"><img decoding=\"async\" alt=\"Poisson d'aquarium de plong\u00e9e non explosif 300 W 500 W Chauffe-r\u00e9servoir\" src=\"http:\/\/localhost\/media\/import\/detail\/HTB1iPPwJFXXXXb.XpXXq6xXFXXXH.jpg\"><img decoding=\"async\" alt=\"300W 500W R\u00e9chauffeur de r\u00e9servoir de poissons d'aquarium de plong\u00e9e non explosif\" src=\"http:\/\/localhost\/media\/import\/detail\/HTB1jJzCJFXXXXX_XpXXq6xXFXXXs.jpg\"><img decoding=\"async\" alt=\"R\u00e9chauffeur d'aquarium de plong\u00e9e non explosif 300 W 500 W\" src=\"http:\/\/localhost\/media\/import\/detail\/HTB1ARYyJFXXXXbrXpXXq6xXFXXXO.jpg\"><img decoding=\"async\" alt=\"R\u00e9chauffeur d'aquarium de plong\u00e9e non explosif 300W 500W\" src=\"http:\/\/localhost\/media\/import\/detail\/HTB15n3_FFXXXXXaXXXXq6xXFXXXH.jpg\"><\/p>\n<\/p>\n<\/div>\n<\/div>\n<div id=\"ali-anchor-AliPostDhMb-gbvgu\" style=\"padding-top:8px\" data-section-title=\"Informations sur la soci\u00e9t\u00e9\" data-section=\"AliPostDhMb-gbvgu\"><strong><span style=\"background-color:#dddddd;color:#333333\"><\/span><\/strong> <\/div>\n","protected":false},"excerpt":{"rendered":"<p>Chauffage de r\u00e9servoir de poissons d&rsquo;aquarium de plong\u00e9e non explosif 300W 500W, circuit fiable et mat\u00e9riaux de haute qualit\u00e9 assurent la production de chaleur<\/p>\n","protected":false},"featured_media":5194,"comment_status":"open","ping_status":"closed","template":"","meta":[],"product_brand":[],"product_cat":[1361],"product_tag":[],"class_list":{"0":"post-38874","1":"product","2":"type-product","3":"status-publish","4":"has-post-thumbnail","6":"product_cat-chauffage-et-amp-controleur-de-temperature","8":"first","9":"instock","10":"shipping-taxable","11":"purchasable","12":"product-type-simple"},"_links":{"self":[{"href":"https:\/\/www.myaquastore.com\/fr\/wp-json\/wp\/v2\/product\/38874","targetHints":{"allow":["GET"]}}],"collection":[{"href":"https:\/\/www.myaquastore.com\/fr\/wp-json\/wp\/v2\/product"}],"about":[{"href":"https:\/\/www.myaquastore.com\/fr\/wp-json\/wp\/v2\/types\/product"}],"replies":[{"embeddable":true,"href":"https:\/\/www.myaquastore.com\/fr\/wp-json\/wp\/v2\/comments?post=38874"}],"wp:featuredmedia":[{"embeddable":true,"href":"https:\/\/www.myaquastore.com\/fr\/wp-json\/wp\/v2\/media\/5194"}],"wp:attachment":[{"href":"https:\/\/www.myaquastore.com\/fr\/wp-json\/wp\/v2\/media?parent=38874"}],"wp:term":[{"taxonomy":"product_brand","embeddable":true,"href":"https:\/\/www.myaquastore.com\/fr\/wp-json\/wp\/v2\/product_brand?post=38874"},{"taxonomy":"product_cat","embeddable":true,"href":"https:\/\/www.myaquastore.com\/fr\/wp-json\/wp\/v2\/product_cat?post=38874"},{"taxonomy":"product_tag","embeddable":true,"href":"https:\/\/www.myaquastore.com\/fr\/wp-json\/wp\/v2\/product_tag?post=38874"}],"curies":[{"name":"wp","href":"https:\/\/api.w.org\/{rel}","templated":true}]}}