{"id":38884,"date":"2016-09-25T23:28:22","date_gmt":"2016-09-25T23:28:22","guid":{"rendered":"https:\/\/www.myaquastore.com\/product\/aerateur-magnetique-permanent-sun-sun-60w-85l-min-3kg-dc\/"},"modified":"2025-03-16T08:59:34","modified_gmt":"2025-03-16T08:59:34","slug":"aerateur-magnetique-permanent-sun-sun-60w-85l-min-3kg-dc","status":"publish","type":"product","link":"https:\/\/www.myaquastore.com\/fr\/product\/aerateur-magnetique-permanent-sun-sun-60w-85l-min-3kg-dc\/","title":{"rendered":"A\u00e9rateur magn\u00e9tique permanent Sun-Sun 60W 85L\/min 3KG DC"},"content":{"rendered":"<div style=\"clear:both\"><\/div>\n<p style=\"text-align:center\" align=\"left\"><span style=\"font-size:24px;font-family:arial,helvetica,sans-serif\"><strong><span style=\"color:black\"> A\u00e9rateur magn\u00e9tique permanent Sun-Sun 60W 85L\/min 3KG DC <br \/><\/span><\/strong><\/span><\/p>\n<p style=\"text-align:center\" align=\"left\">\n<p align=\"left\"><span style=\"font-family:arial,helvetica,sans-serif\"><strong><\/strong><strong><\/strong><span style=\"font-size:16px;color:#000000\"><strong>1. Param\u00e8tres de la pompe \u00e0 air CC HZ-060<\/strong><\/span><\/span><\/p>\n<p align=\"left\"><span style=\"font-size:14px;font-family:arial,helvetica,sans-serif\"><span style=\"color:black\">Tension : DC 12V<\/span><\/span><\/p>\n<p align=\"left\"><span style=\"font-size:14px;font-family:arial,helvetica,sans-serif\"><span style=\"color:black\">Puissance\u00a0: 60 W<\/span><\/span><\/p>\n<p align=\"left\"><span style=\"font-size:14px;font-family:arial,helvetica,sans-serif\"><span style=\"color:black\">Pression\u00a0: 0,07 MPa<\/span><\/span><\/p>\n<p align=\"left\"><span style=\"font-size:14px;font-family:arial,helvetica,sans-serif\"><span style=\"color:black\">D\u00e9bit\u00a0: 85 L\/min<\/span><\/span><\/p>\n<p align=\"left\"><span style=\"font-size:14px;font-family:arial,helvetica,sans-serif\"><span style=\"color:black\">Poids\u00a0: 3,0 kg<\/span><\/span><\/p>\n<p align=\"left\"><span style=\"font-size:14px;font-family:arial,helvetica,sans-serif\"><span style=\"color:black\">Dimensions\u00a0: 235*110*140mm<\/span><\/span><\/p>\n<p align=\"left\"><span style=\"font-family:arial,helvetica,sans-serif\"><strong><span style=\"font-size:14pt;color:red\">GRATUIT<\/span><\/strong><strong><span style=\"font-size:14pt;color:red\"> 12 mois Garantie !!<\/span><\/strong><\/span><\/p>\n<p align=\"left\">\n<p align=\"left\"><span style=\"font-family:arial,helvetica,sans-serif;color:#000000\"><strong><span style=\"font-size:12pt\"><span style=\"font-size:18px\">2. <span style=\"font-size:14pt\"><span style=\"font-size:14pt\"><span style=\"font-size:14pt\">DC <\/span><\/span><\/span><\/span><\/span><span style=\"font-size:13.5pt\">Pompe \u00e0 air <\/span><span style=\"font-size:14pt\">Description<\/span><\/strong><\/span><\/p>\n<p align=\"left\"><span style=\"font-size:14px;font-family:arial,helvetica,sans-serif\"><span style=\"color:black\">1).Cette <span style=\"color:black\">DC <\/span>pompe \u00e0 air d&rsquo;aquarium adopte un moteur magn\u00e9tique \u00e9lectrique de super qualit\u00e9. L&rsquo;air est produit par le piston selon un mouvement rectiligne et r\u00e9ciproque. Sa structure est plus raisonnable.<\/span><\/span><\/p>\n<p align=\"left\"><span style=\"font-size:14px;font-family:arial,helvetica,sans-serif\"><span style=\"color:black\">2). Mod\u00e8le sp\u00e9cial 12V DC. <span style=\"color:black\">Super silencieux\u00a0!<\/span> <br \/><\/span><\/span><\/p>\n<p align=\"left\"><span style=\"font-size:14px;font-family:arial,helvetica,sans-serif\"><span style=\"color:black\">3). Conception lubrifiante sans huile pour produire de l&rsquo;air comprim\u00e9 plus pur.<\/span><\/span><\/p>\n<p align=\"left\"><span style=\"font-size:14px;font-family:arial,helvetica,sans-serif\"><span style=\"color:black\">3). Adoptez un nouveau type de mat\u00e9riau r\u00e9sistant \u00e0 l&rsquo;usure pour le piston et le cylindre, qui pr\u00e9sente une faible consommation d&rsquo;\u00e9nergie, un d\u00e9bit d&rsquo;air important et une pression d&rsquo;air \u00e9lev\u00e9e.<\/span><\/span><\/p>\n<p align=\"left\"><span style=\"font-size:14px;font-family:arial,helvetica,sans-serif\"><span style=\"color:black\">4). Le bo\u00eetier de cette pompe \u00e0 air DC est fabriqu\u00e9 en aluminium de haute qualit\u00e9 avec un design \u00e9pur\u00e9 et la dissipation thermique est plus efficace.<\/span><\/span><\/p>\n<p align=\"left\">\n<p align=\"left\"><span style=\"font-size:16px;font-family:arial,helvetica,sans-serif;color:#000000\"><strong>3. Autre <\/strong><strong><strong><strong><strong><strong>DC <\/strong><\/strong><\/strong><\/strong>Param\u00e8tre de pompe \u00e0 air<\/strong><strong><\/strong><\/span><\/p>\n<p style=\"text-align:center\" align=\"left\"><span style=\"font-family:arial,helvetica,sans-serif;color:#0000ff\"><strong><span style=\"font-size:14pt\"><img decoding=\"async\" alt=\"Sun-Sun 60W 85L\/min 3KG DC a\u00e9rateur magn\u00e9tique permanent\" src=\"http:\/\/localhost\/media\/import\/detail\/899384703_641.jpg\"><\/span><\/strong><\/span><\/p>\n<p style=\"text-align:left\" align=\"left\">\n<p style=\"text-align:left\" align=\"left\"><span style=\"font-family:arial,helvetica,sans-serif;color:#0000ff\"><span style=\"font-size:16px;color:#000000\"><strong>4. <\/strong><strong><strong><strong><strong><strong>DC<\/strong><\/strong><\/strong><\/strong> Courbes de fonction de la pompe \u00e0 air<\/strong><\/span><strong><\/strong><\/span><strong><\/strong><\/p>\n<p style=\"text-align:center\" align=\"left\"><span style=\"color:#0000ff\"><strong><span style=\"font-size:14pt;font-family:'Times New Roman','serif'\"><span style=\"color:#0000ff\"><strong><span style=\"font-size:14pt;font-family:'Times New Roman','serif'\"><img loading=\"lazy\" decoding=\"async\" alt=\"Sun-Sun 60W A\u00e9rateur magn\u00e9tique permanent 85L\/min 3KG DC\" src=\"http:\/\/localhost\/media\/import\/detail\/899384702_163.jpg\" width=\"528\" height=\"387\"><\/span><\/strong><\/span> <\/span><\/strong><\/span><\/p>\n<p data-section-blank=\"AliPostDhMb-bc9hx\">\n<div id=\"ali-anchor-AliPostDhMb-bc9hx\" style=\"padding-top:8px\" data-section-title=\"Description du produit\" data-section=\"AliPostDhMb-bc9hx\"> <\/div>\n","protected":false},"excerpt":{"rendered":"<p>A\u00e9rateur magn\u00e9tique permanent Sun-Sun 60W 85L\/min 3KG DC<\/p>\n","protected":false},"featured_media":5214,"comment_status":"open","ping_status":"closed","template":"","meta":[],"product_brand":[],"product_cat":[1380],"product_tag":[],"class_list":{"0":"post-38884","1":"product","2":"type-product","3":"status-publish","4":"has-post-thumbnail","6":"product_cat-pompes-a-eau-et-amp-tetes-motrices","8":"first","9":"instock","10":"shipping-taxable","11":"purchasable","12":"product-type-simple"},"_links":{"self":[{"href":"https:\/\/www.myaquastore.com\/fr\/wp-json\/wp\/v2\/product\/38884","targetHints":{"allow":["GET"]}}],"collection":[{"href":"https:\/\/www.myaquastore.com\/fr\/wp-json\/wp\/v2\/product"}],"about":[{"href":"https:\/\/www.myaquastore.com\/fr\/wp-json\/wp\/v2\/types\/product"}],"replies":[{"embeddable":true,"href":"https:\/\/www.myaquastore.com\/fr\/wp-json\/wp\/v2\/comments?post=38884"}],"wp:featuredmedia":[{"embeddable":true,"href":"https:\/\/www.myaquastore.com\/fr\/wp-json\/wp\/v2\/media\/5214"}],"wp:attachment":[{"href":"https:\/\/www.myaquastore.com\/fr\/wp-json\/wp\/v2\/media?parent=38884"}],"wp:term":[{"taxonomy":"product_brand","embeddable":true,"href":"https:\/\/www.myaquastore.com\/fr\/wp-json\/wp\/v2\/product_brand?post=38884"},{"taxonomy":"product_cat","embeddable":true,"href":"https:\/\/www.myaquastore.com\/fr\/wp-json\/wp\/v2\/product_cat?post=38884"},{"taxonomy":"product_tag","embeddable":true,"href":"https:\/\/www.myaquastore.com\/fr\/wp-json\/wp\/v2\/product_tag?post=38884"}],"curies":[{"name":"wp","href":"https:\/\/api.w.org\/{rel}","templated":true}]}}