{"id":38898,"date":"2016-09-25T23:28:23","date_gmt":"2016-09-25T23:28:23","guid":{"rendered":"https:\/\/www.myaquastore.com\/product\/sunsun-offre-speciale-12000l-h-bio-filtre-de-purification-efficace-pour-etang-de-jardin-cbf-1100\/"},"modified":"2025-03-16T08:59:38","modified_gmt":"2025-03-16T08:59:38","slug":"sunsun-offre-speciale-12000l-h-bio-filtre-de-purification-efficace-pour-etang-de-jardin-cbf-1100","status":"publish","type":"product","link":"https:\/\/www.myaquastore.com\/fr\/product\/sunsun-offre-speciale-12000l-h-bio-filtre-de-purification-efficace-pour-etang-de-jardin-cbf-1100\/","title":{"rendered":"SUNSUN offre sp\u00e9ciale 12000L\/h Bio filtre de purification efficace pour \u00e9tang de jardin CBF-1100"},"content":{"rendered":"<div style=\"clear:both\"><\/div>\n<p><span style=\"font-size:24px;color:#ff0000\">SUNSUN offre sp\u00e9ciale 12000L\/h biofiltre de purification efficace pour \u00e9tang de jardin <\/span><\/p>\n<table class=\"aliDataTable\" style=\"height:300px;width:598px\" cellpadding=\"0\" border=\"1\">\n<tbody>\n<tr align=\"gauche\">\n<td valign=\"top\">\n<p><span style=\"font-size:12pt\">1.Item<\/span><\/p>\n<\/td>\n<td style=\"width:197.05pt\" valign=\"top\">\n<p><span style=\"font-size:12pt\">Filtre biologique SUNSUN pour bassin <\/span><\/p>\n<\/td>\n<\/tr>\n<tr style=\"height:15.6pt\" align=\"gauche\">\n<td valign=\"top\">\n<p><span style=\"font-size:12pt\">2.Mod\u00e8le<\/span><\/p>\n<\/td>\n<td style=\"width:197.05pt\" valign=\"top\">\n<p><span style=\"font-size:12pt\">CBF-1100<\/span><\/p>\n<\/td>\n<\/tr>\n<tr align=\"left\">\n<td valign=\"top\">\n<p><span style=\"font-size:12pt\">3. D\u00e9bit maximum<\/span><\/p>\n<\/td>\n<td valign=\"top\">\n<p><span style=\"font-size:12pt\">12000L<\/span><span style=\"font-size:12pt\">\/h<\/span><\/p>\n<\/td>\n<\/tr>\n<tr align=\"left\">\n<td valign=\"top\">\n<p><span style=\"font-size:12pt\">4. Adaptateur de tuyau de sortie<\/span><\/p>\n<\/td>\n<td valign=\"top\">\n<p><span style=\"font-size:12pt\">70\/50\/38 mm<\/span><\/p>\n<\/td>\n<\/tr>\n<tr style=\"height:16.35pt\" align=\"left\">\n<td valign=\"top\">\n<p><span style=\"font-size:12pt\">5. Convient aux \u00e9tangs avec des poissons<\/span><\/p>\n<\/td>\n<td valign=\"top\">\n<p><span style=\"font-size:12pt\">25m ?<\/span><\/p>\n<\/td>\n<\/tr>\n<tr style=\"height:16.35pt\" align=\"left\">\n<td valign=\"top\">\n<p><span style=\"font-size:12pt\">6. Convient aux \u00e9tangs d\u00e9coratifs <\/span><\/p>\n<\/td>\n<td valign=\"top\">\n<p><span style=\"font-size:12pt\">50m ?<\/span><\/p>\n<\/td>\n<\/tr>\n<tr style=\"height:16.35pt\" align=\"left\">\n<td valign=\"top\">\n<p><span style=\"font-size:12pt\">7.Dimension en mm<\/span><\/p>\n<\/td>\n<td valign=\"top\">\n<p><span style=\"font-size:12pt\">950*540*460<\/span><\/p>\n<\/td>\n<\/tr>\n<tr style=\"height:16.35pt\" align=\"left\">\n<td valign=\"top\">\n<p><span style=\"font-size:12pt\"> Connexion \u00e0 UV<\/span><\/p>\n<\/td>\n<td valign=\"top\">\n<p><span style=\"font-size:12pt\">CUV-136<\/span><\/p>\n<\/td>\n<\/tr>\n<tr style=\"height:17.25pt\" align=\"left\">\n<td valign=\"top\">\n<p><span style=\"font-size:12pt\">8.Marque<\/span><\/p>\n<\/td>\n<td valign=\"top\">\n<p><span style=\"font-size:12pt\">SUNSUN<\/span><\/p>\n<\/td>\n<\/tr>\n<tr style=\"height:15pt\" align=\"left\">\n<td valign=\"top\">\n<p><span style=\"font-size:16px\">9.Qualit\u00e9<\/span><\/p>\n<\/td>\n<td valign=\"top\">\n<p><span style=\"font-size:16px\">Meilleure qualit\u00e9\u00a0; <br \/><\/span><\/p>\n<p align=\"left\"><span style=\"font-size:16px\">la plus grande entreprise de produits aquatiques en Chine.<\/span><\/p>\n<\/td>\n<\/tr>\n<tr style=\"height:4.6pt\" align=\"left\">\n<td valign=\"top\">\n<p><span style=\"font-size:16px\">10.Point de vente <\/span><\/p>\n<\/td>\n<td valign=\"top\">\n<p><span style=\"font-size:16px\">Marque bien connue en Chine\u00a0; s\u00fbr et fiable\u00a0: Connexion aux UV.<\/span><\/p>\n<\/td>\n<\/tr>\n<\/tbody>\n<\/table>\n<p><span style=\"font-size:24px\">Instruction\u00a0:<\/span><\/p>\n<p> <span style=\"font-size:16px\"><strong>1. Les produits de cette s\u00e9rie conviennent au filtrage des piscines de jardin et des piscines Kio. Utilisez correctement et l&rsquo;eau de la piscine sera purifi\u00e9e efficacement.<\/strong><\/span><\/p>\n<p><span style=\"font-size:16px\"><strong> <\/strong><\/span><\/p>\n<p><span style=\"font-size:16px\"><strong>2, purification efficace-st\u00e9rilisation ultraviolette avant la filtration, purification plus efficace.<\/strong><\/span><\/p>\n<p><span style=\"font-size:16px\"><strong> <\/strong><\/span><\/p>\n<p><span style=\"font-size:16px\"><strong>3. La structure de filtration est tr\u00e8s facile \u00e0 nettoyer, ce qui est plus pratique \u00e0 entretenir.<\/strong><\/span><\/p>\n<p><span style=\"font-size:16px\"><strong> <\/strong><\/span><\/p>\n<p><span style=\"font-size:16px\"><strong>4. S&rsquo;il peut \u00eatre assembl\u00e9 avec la s\u00e9rie CUV-2 (UV-CClarify), alors pour \u00eatre un syst\u00e8me de filtration parfait.<\/strong><\/span><\/p>\n<\/p>\n<p><span style=\"font-size:24px;color:#ff0000;background-color:#c0c0c0\"> Param\u00e8tres techniques du filtre de bassin<\/span> <\/span><\/p>\n<p> <img loading=\"lazy\" decoding=\"async\" alt=\"SUNSUN Hot Vente Filtre biologique de purification efficace 12000L\/h pour \u00e9tang de jardin\" src=\"http:\/\/localhost\/media\/import\/detail\/534102241_081.jpg\" width=\"697\" height=\"312\"><\/p>\n<p><span style=\"font-size:24px;color:#ff0000\">Comment \u00c0 utiliser<\/span><\/p>\n<p><img loading=\"lazy\" decoding=\"async\" alt=\"SUNSUN offre sp\u00e9ciale 12000L\/h filtre biologique de purification efficace pour bassin de jardin\" src=\"http:\/\/localhost\/media\/import\/detail\/534086608_150.jpg\" width=\"652\" height=\"676\"><\/p>\n<p><span style=\"font-size:24px;color:#ff0000\">D\u00e9tails\u00a0:<\/span><\/p>\n<p><img loading=\"lazy\" decoding=\"async\" alt=\"SUNSUN Offre Sp\u00e9ciale 12000L\/h Bio-filtre de purification efficace pour bassin de jardin\" src=\"http:\/\/localhost\/media\/import\/detail\/534082936_479.jpg\" width=\"670\" height=\"608\"><\/p>\n<p><span style=\"font-size:24px\"> <img loading=\"lazy\" decoding=\"async\" alt=\"SUNSUN Offre Sp\u00e9ciale 12000L\/h Bio-filtre de purification efficace pour \u00e9tang de jardin\" src=\"http:\/\/localhost\/media\/import\/detail\/534095916_828.jpg\" width=\"612\" height=\"379\"><\/span><\/p>\n<\/p>\n<p style=\"background:#ffffff\">\n<p style=\"background:#ffffff\">\n<p style=\"background:#ffffff\"><span style=\"color:#ff0000\"><em><span style=\"font-family:arial, helvetica, sans-serif\"><strong><span style=\"font-size:9.5pt;background:#ffffff\">SUNSUN CBF <\/span><\/strong><\/span><\/em><em><span style=\"font-family:arial, helvetica, sans-serif\"><strong><span style=\"font-size:9.5pt;background:#ffffff\">S\u00e9rie<\/span><span style=\"font-size:9.5pt;background:#ffffff\"> <\/span><span style=\"font-size:9.5pt;background:#ffffff\">Le syst\u00e8me de filtre d&rsquo;\u00e9tang Koi est un syst\u00e8me de filtration en bo\u00eete complet con\u00e7u pour fonctionner <\/span><\/strong><\/span><\/em><em><span style=\"font-family:arial, helvetica, sans-serif\"><strong><span style=\"font-size:9.5pt;background:#ffffff\">eau de l&rsquo;\u00e9tang <\/span><\/strong><\/span><\/em><\/span><\/p>\n<p style=\"background:#ffffff\">\n<p style=\"background:#ffffff\"><span style=\"color:#ff0000\"><em><span style=\"font-family:arial, helvetica, sans-serif\"><strong><span style=\"font-size:9.5pt;background:#ffffff\">via <\/span><\/strong><\/span><\/em><em><span style=\"font-family:arial, helvetica, sans-serif\"><strong><span style=\"font-size:9.5pt;background:#ffffff\">a <\/span><\/strong><\/span><\/em><em><span style=\"font-family:arial, helvetica, sans-serif\"><strong><span style=\"font-size:9.5pt;background:#ffffff\">vari\u00e9t\u00e9 de m\u00e9dias filtrants et de mousse fine et grossi\u00e8re pour garder votre \u00e9tang limpide. <\/span><\/strong><\/span><\/em><\/span><\/p>\n<p style=\"background:#ffffff\">\n<p style=\"background:#ffffff\">\n<p style=\"background:#ffffff\"><span style=\"font-size:18px\"><strong><span style=\"font-family:times new roman, times\"><span style=\"background:#ffffff\">Fonctionnement du filtre<\/span><\/span><\/strong><\/span><\/p>\n<\/p>\n<p style=\"background:#ffffff\"><span style=\"font-size:16px;font-family:times new roman, times\"><span style=\"background:#ffffff\">Le syst\u00e8me de filtration utilise une vari\u00e9t\u00e9 de m\u00e9dias filtrants r\u00e9partis dans trois baies s\u00e9par\u00e9es vous permettant de filtrer de grands volumes de eau.<\/span><span style=\"background:#ffffff\">Chacune des 3 baies a 4 \u00e9tapes diff\u00e9rentes de filtration (voir ci-dessous). Les deux premi\u00e8res baies sont livr\u00e9es avec <\/span><\/span><\/p>\n<\/p>\n<p style=\"background:#ffffff\"><span style=\"font-size:16px;font-family:times new roman, times;background:#ffffff\">huit (8) bleus Mousse filtrante grossi\u00e8re, la baie restante contient quatre (4) mousses filtrantes fines jaunes incluses. <\/span><\/p>\n<\/p>\n<p style=\"background:#ffffff\"><span style=\"font-size:16px;font-family:times new roman, times\"><span style=\"background:#ffffff\">1) <\/span><span style=\"background:#ffffff\">Tout d&rsquo;abord, l&rsquo;eau passe \u00e0 travers la baie de m\u00e9dia filtrant (remplie de m\u00e9dia de votre choix)<\/span><span style=\"background:#ffffff\"><br \/><\/span><span style=\"background:#ffffff\">2) Ensuite, l&rsquo;eau est guid\u00e9e \u00e0 travers un tapis japonais de haute qualit\u00e9 ;<\/span><span style=\"background:#ffffff\"><br \/><\/span><span style=\"background:#ffffff\">3) Apr\u00e8s le tapis, l&rsquo;eau s&rsquo;\u00e9coule \u00e0 travers les mousses filtrantes fournies ;<\/span><span style=\"background:#ffffff\"><br \/><\/span><span style=\"background:#ffffff\">4) La derni\u00e8re section de chaque baie de filtre a un espace suppl\u00e9mentaire pour le m\u00e9dia filtrant<\/span><\/span><\/p>\n<\/p>\n<p><span style=\"font-size:24px\"><span style=\"color:#ff0000\">Produit en vente chaude<\/span><\/span><\/p>\n<p><img loading=\"lazy\" decoding=\"async\" alt=\"SUNSUN Offre Sp\u00e9ciale 12000L\/h Bio-filtre de purification efficace pour \u00e9tang de jardin\" src=\"http:\/\/localhost\/media\/import\/detail\/534045678_101.jpg\" width=\"664\" height=\"478\"><\/p>\n<\/p>\n<p><span style=\"font-size:24px;color:#ff0000\"><img decoding=\"async\" alt=\"SUNSUN Vente chaude 12000L\/h Filtre biologique de purification efficace pour bassin de jardin\" src=\"http:\/\/localhost\/media\/import\/detail\/534084270_428.jpg\"> <img decoding=\"async\" alt=\"SUNSUN Vente chaude Filtre biologique de purification efficace de 12 000 L\/h pour bassin de jardin\" src=\"http:\/\/localhost\/media\/import\/detail\/534084275_151.jpg\"><\/span><\/p>\n","protected":false},"excerpt":{"rendered":"<p>SUNSUN offre sp\u00e9ciale 12000L\/h Bio filtre de purification efficace pour \u00e9tang de jardin CBF-1100<\/p>\n","protected":false},"featured_media":5242,"comment_status":"open","ping_status":"closed","template":"","meta":[],"product_brand":[],"product_cat":[1338],"product_tag":[],"class_list":{"0":"post-38898","1":"product","2":"type-product","3":"status-publish","4":"has-post-thumbnail","6":"product_cat-filtres-pour-aquariums","8":"first","9":"instock","10":"shipping-taxable","11":"purchasable","12":"product-type-simple"},"_links":{"self":[{"href":"https:\/\/www.myaquastore.com\/fr\/wp-json\/wp\/v2\/product\/38898","targetHints":{"allow":["GET"]}}],"collection":[{"href":"https:\/\/www.myaquastore.com\/fr\/wp-json\/wp\/v2\/product"}],"about":[{"href":"https:\/\/www.myaquastore.com\/fr\/wp-json\/wp\/v2\/types\/product"}],"replies":[{"embeddable":true,"href":"https:\/\/www.myaquastore.com\/fr\/wp-json\/wp\/v2\/comments?post=38898"}],"wp:featuredmedia":[{"embeddable":true,"href":"https:\/\/www.myaquastore.com\/fr\/wp-json\/wp\/v2\/media\/5242"}],"wp:attachment":[{"href":"https:\/\/www.myaquastore.com\/fr\/wp-json\/wp\/v2\/media?parent=38898"}],"wp:term":[{"taxonomy":"product_brand","embeddable":true,"href":"https:\/\/www.myaquastore.com\/fr\/wp-json\/wp\/v2\/product_brand?post=38898"},{"taxonomy":"product_cat","embeddable":true,"href":"https:\/\/www.myaquastore.com\/fr\/wp-json\/wp\/v2\/product_cat?post=38898"},{"taxonomy":"product_tag","embeddable":true,"href":"https:\/\/www.myaquastore.com\/fr\/wp-json\/wp\/v2\/product_tag?post=38898"}],"curies":[{"name":"wp","href":"https:\/\/api.w.org\/{rel}","templated":true}]}}