{"id":38900,"date":"2016-09-25T23:28:23","date_gmt":"2016-09-25T23:28:23","guid":{"rendered":"https:\/\/www.myaquastore.com\/product\/pompe-de-filtre-uv-pour-spa-sunsun-4600l-h-cup-5000\/"},"modified":"2025-03-16T08:59:38","modified_gmt":"2025-03-16T08:59:38","slug":"pompe-de-filtre-uv-pour-spa-sunsun-4600l-h-cup-5000","status":"publish","type":"product","link":"https:\/\/www.myaquastore.com\/fr\/product\/pompe-de-filtre-uv-pour-spa-sunsun-4600l-h-cup-5000\/","title":{"rendered":"Pompe de filtre UV pour spa SUNSUN 4600L\/h CUP-5000"},"content":{"rendered":"<div style=\"clear:both\"><\/div>\n<p><span style=\"font-size:24px;color:#ff0000\"><strong><span style=\"background-color:#ffff99\">SUNSUN 4600L\/h Pompe \u00e0 filtre UV pour spa <\/span><\/strong><\/span><\/p>\n<\/p>\n<p><span style=\"font-size:18px\"><strong>1. Num\u00e9ro de mod\u00e8le\u00a0:<\/strong> <\/span>CUP-5000<\/p>\n<p><span style=\"font-size:18px\"><strong>2. D\u00e9tails\u00a0:<\/strong><\/span><\/p>\n<p> Tension\u00a0: 110\u00a0V\/220\u00a0V\/240\u00a0V<\/p>\n<p> Fr\u00e9quence\u00a0: 50\u00a0Hz\/60\u00a0Hz<\/p>\n<p> Puissance\u00a0: 70\u00a0W<\/p>\n<p> Adaptateur de tuyau UV\u00a0: 9W<\/p>\n<p> H-max\u00a0: 3,5\u00a0m<\/p>\n<p> Sortie\u00a0: 4600L\/h<\/p>\n<p> Adaptateur de tuyau\u00a0: 3\/4&Prime;-1&Prime;<\/p>\n<p> Longueur du c\u00e2ble : 2*1,0 m<\/p>\n<p> Taille : 280*180*119mm<\/p>\n<p> N.W. (KG) : 3,0<\/p>\n<p><span style=\"font-size:18px\"><strong>3. Instructions\u00a0:<\/strong><\/span><\/p>\n<ul>\n<li> Il rend la lumi\u00e8re UV et la pompe \u00e0 eau bien connect\u00e9es, faciles \u00e0 ajouter.<\/li>\n<li> Il utilise une pompe \u00e0 eau \u00e0 tr\u00e8s faible bruit et une lumi\u00e8re UV submersible \u00e0 \u00e9conomie d&rsquo;\u00e9nergie.<\/li>\n<li> Ce produit est principalement adapt\u00e9 \u00e0 la circulation de l&rsquo;eau des r\u00e9servoirs arowana de filtration par le bas.<\/li>\n<li> Afin de ne pas avoir d&rsquo;impact sur le rendement de la pompe, la lumi\u00e8re UV sera plac\u00e9e dans une entr\u00e9e.<\/li>\n<li> Sp\u00e9cialement con\u00e7u ajusteur, qui peut ajuster facilement la sortie de la lumi\u00e8re UV, puis assurer le bon r\u00e9sultat de la clarification UV.<\/li>\n<\/ul>\n<p><span style=\"font-size:18px\"><strong>4. D\u00e9tails du mod\u00e8le\u00a0:<\/strong><\/span><\/p>\n<\/p>\n<p><img decoding=\"async\" alt=\"SUNSUN 4600L\/h Spa Pompe \u00e0 filtre UV\" src=\"http:\/\/localhost\/media\/import\/detail\/529393552_506.jpg\"><\/p>\n<\/p>\n<p><img decoding=\"async\" alt=\"SUNSUN Pompe de filtre UV Spa 4600L\/h\" src=\"http:\/\/localhost\/media\/import\/detail\/529393286_013.jpg\"><\/p>\n<div style=\"clear:both\"><\/div>\n","protected":false},"excerpt":{"rendered":"<p>Pompe de filtre UV pour spa SUNSUN 4600L\/h CUP-5000<\/p>\n","protected":false},"featured_media":5246,"comment_status":"open","ping_status":"closed","template":"","meta":[],"product_brand":[],"product_cat":[1338],"product_tag":[],"class_list":{"0":"post-38900","1":"product","2":"type-product","3":"status-publish","4":"has-post-thumbnail","6":"product_cat-filtres-pour-aquariums","8":"first","9":"instock","10":"shipping-taxable","11":"purchasable","12":"product-type-simple"},"_links":{"self":[{"href":"https:\/\/www.myaquastore.com\/fr\/wp-json\/wp\/v2\/product\/38900","targetHints":{"allow":["GET"]}}],"collection":[{"href":"https:\/\/www.myaquastore.com\/fr\/wp-json\/wp\/v2\/product"}],"about":[{"href":"https:\/\/www.myaquastore.com\/fr\/wp-json\/wp\/v2\/types\/product"}],"replies":[{"embeddable":true,"href":"https:\/\/www.myaquastore.com\/fr\/wp-json\/wp\/v2\/comments?post=38900"}],"wp:featuredmedia":[{"embeddable":true,"href":"https:\/\/www.myaquastore.com\/fr\/wp-json\/wp\/v2\/media\/5246"}],"wp:attachment":[{"href":"https:\/\/www.myaquastore.com\/fr\/wp-json\/wp\/v2\/media?parent=38900"}],"wp:term":[{"taxonomy":"product_brand","embeddable":true,"href":"https:\/\/www.myaquastore.com\/fr\/wp-json\/wp\/v2\/product_brand?post=38900"},{"taxonomy":"product_cat","embeddable":true,"href":"https:\/\/www.myaquastore.com\/fr\/wp-json\/wp\/v2\/product_cat?post=38900"},{"taxonomy":"product_tag","embeddable":true,"href":"https:\/\/www.myaquastore.com\/fr\/wp-json\/wp\/v2\/product_tag?post=38900"}],"curies":[{"name":"wp","href":"https:\/\/api.w.org\/{rel}","templated":true}]}}