{"id":38906,"date":"2016-09-25T23:28:23","date_gmt":"2016-09-25T23:28:23","guid":{"rendered":"https:\/\/www.myaquastore.com\/product\/sterilisateur-detang-de-jardin-pour-equipement-aquatique-72w-cuv-172\/"},"modified":"2025-03-16T08:59:40","modified_gmt":"2025-03-16T08:59:40","slug":"sterilisateur-detang-de-jardin-pour-equipement-aquatique-72w-cuv-172","status":"publish","type":"product","link":"https:\/\/www.myaquastore.com\/fr\/product\/sterilisateur-detang-de-jardin-pour-equipement-aquatique-72w-cuv-172\/","title":{"rendered":"St\u00e9rilisateur d&rsquo;\u00e9tang de jardin pour \u00e9quipement aquatique 72W CUV-172"},"content":{"rendered":"<div style=\"clear:both\"><\/div>\n<p><span style=\"font-size:16px;color:#ff00ff\"><strong>St\u00e9rilisateur pour bassin de jardin pour \u00e9quipement aquatique 72W CUV-172<\/strong><\/span><\/p>\n<\/p>\n<p><span style=\"font-size:18px\"><em><span style=\"font-size:14px\">sp\u00e9cifications\u00a0:<\/span><\/em><\/span><\/p>\n<p><strong><span style=\"font-size:18px\"><span style=\"font-size:14px\">1. Apparence d\u00e9licate<\/span><\/span><\/strong><\/p>\n<p><strong><span style=\"font-size:18px\"><span style=\"font-size:14px\">2.Haute performance (24 heures)<\/span><\/span><\/strong><\/p>\n<p><strong><span style=\"font-size:18px\"><span style=\"font-size:14px\">3. Excellente \u00e9tanch\u00e9it\u00e9<\/span><\/span><\/strong><\/p>\n<p><strong><span style=\"font-size:18px\"><span style=\"font-size:14px\">4. St\u00e9rilis\u00e9 efficace <\/span><\/span><\/strong><\/p>\n<\/p>\n<p><span style=\"font-size:14px;color:#008000\"><strong>Param\u00e8tres du st\u00e9rilisateur d&rsquo;\u00e9tang de jardin <\/strong><\/span><\/p>\n<table class=\"aliDataTable\" style=\"width:80%\" border=\"5\">\n<tbody>\n<tr>\n<td>Mod\u00e8le<\/td>\n<td>CUV-107<\/td>\n<td>CUV-109A<\/td>\n<td>CUV-111<\/td>\n<td>CUV -111A<\/td>\n<td>CUV-118<\/td>\n<td>CUV-136<\/td>\n<td>CUV-155<\/td>\n<td>CUV-172<\/td>\n<\/tr>\n<tr>\n<td>Alimentation Consommation(W)<\/td>\n<td>11<\/td>\n<td>12<\/td>\n<td>15<\/td>\n<td>15<\/td>\n<td>20<\/td>\n<td>40<\/td>\n<td>58<\/td>\n<td>80<\/td>\n<\/tr>\n<tr>\n<td>UV-C Puissance(W)<\/td>\n<td>7<\/td>\n<td>9<\/td>\n<td>11<\/td>\n<td>11<\/td>\n<td>18<\/td>\n<td>36<\/td>\n<td>55<\/td>\n<td>2* 36<\/td>\n<\/tr>\n<tr>\n<td>UV-C(%)8000Heures<\/td>\n<td>85<\/td>\n<td>85<\/td>\n<td>85<\/td>\n<td>85<\/td>\n<td>85<\/td>\n<td>85<\/td>\n<td>85<\/td>\n<td>85<\/td>\n<\/tr>\n<tr>\n<td>Capacit\u00e9 (L)<\/td>\n<td>6000<\/td>\n<td>8000<\/td>\n<td>1 0000<\/td>\n<td>10000<\/td>\n<td>20000<\/td>\n<td>35000<\/td>\n<td>50000<\/td>\n<td>60000<\/td>\n<\/tr>\n<tr>\n<td>Max Pression (bar)<\/td>\n<td>0,3<\/td>\n<td>0,3<\/td>\n<td>0,3<\/td>\n<td>0,3<\/td>\n<td>0,3<\/td>\n<td>0,3<\/td>\n<td>0,3<\/td>\n<td>0,3<\/td>\n<\/tr>\n<tr>\n<td>\u00c0 travers D\u00e9bit (L\/h)<\/td>\n<td>1200<\/td>\n<td>1500<\/td>\n<td>1700<\/td>\n<td>1700<\/td>\n<td>2500<\/td>\n<td>4500<\/td>\n<td>5000<\/td>\n<td>6000<\/td>\n<\/tr>\n<tr>\n<td>Inet&amp;Outlet Adaptateur<\/td>\n<td>1\/2<\/td>\n<td>1\/2~3\/2<\/td>\n<td>3\/4~3\/2<\/td>\n<td>1\/2~3\/2<\/td>\n<td>3 \/4~3\/2<\/td>\n<td>3\/4~3\/2<\/td>\n<td>3\/4~3\/2<\/td>\n<td>3\/4~3\/2<\/td>\n<\/tr>\n<tr>\n<td>C\u00e2ble Longueur<\/td>\n<td>1,5m\/2m<\/td>\n<td>1m\/2m<\/td>\n<td>1m\/4m<\/td>\n<td>1m\/2m<\/td>\n<td>1m\/4m<\/td>\n<td>1m\/4m<\/td>\n<td>1m\/4m<\/td>\n<td>2*2,5m\/4 m<\/td>\n<\/tr>\n<tr>\n<td>Longueur(mm)<\/td>\n<td>236<\/td>\n<td>270<\/td>\n<td>314<\/td>\n<td>340<\/td>\n<td>314<\/td>\n<td>490<\/td>\n<td>604<\/td>\n<td>980<\/td>\n<\/tr>\n<\/tbody>\n<\/table>\n<p><span style=\"font-size:14px\"><strong><span style=\"color:#008000\">Exposition de st\u00e9rilisateurs d&rsquo;\u00e9tang de jardin <\/span><\/strong><\/span> <\/p>\n<p><img decoding=\"async\" alt=\"St\u00e9rilisateur d'\u00e9tang de jardin pour \u00e9quipement aquatique 72W CUV-172\" src=\"http:\/\/localhost\/media\/import\/detail\/564143058_554.jpg\"><img decoding=\"async\" alt=\"St\u00e9rilisateur d'\u00e9tang de jardin pour \u00e9quipement aquatique 72W CUV-172\" src=\"http:\/\/localhost\/media\/import\/detail\/564143061_301.jpg\"><img decoding=\"async\" alt=\"St\u00e9rilisateur d'\u00e9tang de jardin pour \u00e9quipement aquatique 72W CUV-172\" src=\"http:\/\/localhost\/media\/import\/detail\/564143066_886.jpg\"><img decoding=\"async\" alt=\"St\u00e9rilisateur d'\u00e9tang de jardin pour \u00e9quipement aquatique 72W CUV-172\" src=\"http:\/\/localhost\/media\/import\/detail\/564143068_099.jpg\"><img decoding=\"async\" alt=\"St\u00e9rilisateur d'\u00e9tang de jardin pour \u00e9quipement aquatique 72W CUV-172\" src=\"http:\/\/localhost\/media\/import\/detail\/564143070_940.jpg\"><img decoding=\"async\" alt=\"St\u00e9rilisateur d'\u00e9tang de jardin pour \u00e9quipement aquatique 72W CUV-172\" src=\"http:\/\/localhost\/media\/import\/detail\/564143072_880.jpg\"><\/p>\n<p><span style=\"font-size:14px\"><strong><span style=\"color:#008000\">Les utilisations pratiques des st\u00e9rilisateurs d&rsquo;\u00e9tang de jardin montrent <\/span><\/strong><\/span> <\/p>\n<p><img loading=\"lazy\" decoding=\"async\" alt=\"St\u00e9rilisateur d'\u00e9tang de jardin pour \u00e9quipement aquatique 72W CUV-172\" src=\"http:\/\/localhost\/media\/import\/detail\/541719768_900.jpg\" width=\"599\" height=\"421\"> <span style=\"font-size:14px\"><strong><span style=\"color:#008000\">Ces appareils UV-C gardent votre \u00e9tang propre et vos poissons en bonne sant\u00e9 ! <\/span><\/strong><\/span> <\/p>\n<div id=\"ali-anchor-AliPostDhMb-hyn96\" style=\"padding-top:8px\" data-section-title=\"Informations sur la soci\u00e9t\u00e9\" data-section=\"AliPostDhMb-hyn96\">\n<div id=\"ali-title-AliPostDhMb-hyn96\" style=\"border-bottom:#ddd 1px solid;padding-bottom:8px;padding-top:8px;padding-left:0px;padding-right:0px\"> <\/div>\n<\/div>\n<div style=\"clear:both\"><\/div>\n<p><strong><span style=\"color:#ff9900;font-family:'Comic Sans MS'\"><\/span><\/strong><\/p>\n","protected":false},"excerpt":{"rendered":"<p>St\u00e9rilisateur d&rsquo;\u00e9tang de jardin pour \u00e9quipement aquatique 72W CUV-172<\/p>\n","protected":false},"featured_media":5258,"comment_status":"open","ping_status":"closed","template":"","meta":[],"product_brand":[],"product_cat":[1338],"product_tag":[],"class_list":{"0":"post-38906","1":"product","2":"type-product","3":"status-publish","4":"has-post-thumbnail","6":"product_cat-filtres-pour-aquariums","8":"first","9":"instock","10":"shipping-taxable","11":"purchasable","12":"product-type-simple"},"_links":{"self":[{"href":"https:\/\/www.myaquastore.com\/fr\/wp-json\/wp\/v2\/product\/38906","targetHints":{"allow":["GET"]}}],"collection":[{"href":"https:\/\/www.myaquastore.com\/fr\/wp-json\/wp\/v2\/product"}],"about":[{"href":"https:\/\/www.myaquastore.com\/fr\/wp-json\/wp\/v2\/types\/product"}],"replies":[{"embeddable":true,"href":"https:\/\/www.myaquastore.com\/fr\/wp-json\/wp\/v2\/comments?post=38906"}],"wp:featuredmedia":[{"embeddable":true,"href":"https:\/\/www.myaquastore.com\/fr\/wp-json\/wp\/v2\/media\/5258"}],"wp:attachment":[{"href":"https:\/\/www.myaquastore.com\/fr\/wp-json\/wp\/v2\/media?parent=38906"}],"wp:term":[{"taxonomy":"product_brand","embeddable":true,"href":"https:\/\/www.myaquastore.com\/fr\/wp-json\/wp\/v2\/product_brand?post=38906"},{"taxonomy":"product_cat","embeddable":true,"href":"https:\/\/www.myaquastore.com\/fr\/wp-json\/wp\/v2\/product_cat?post=38906"},{"taxonomy":"product_tag","embeddable":true,"href":"https:\/\/www.myaquastore.com\/fr\/wp-json\/wp\/v2\/product_tag?post=38906"}],"curies":[{"name":"wp","href":"https:\/\/api.w.org\/{rel}","templated":true}]}}