{"id":38926,"date":"2016-09-25T23:28:25","date_gmt":"2016-09-25T23:28:25","guid":{"rendered":"https:\/\/www.myaquastore.com\/product\/sunsun-vente-en-gros-ventilateur-de-refroidissement-daquarium-a-faible-bruit-jf-001\/"},"modified":"2025-03-16T08:59:45","modified_gmt":"2025-03-16T08:59:45","slug":"sunsun-vente-en-gros-ventilateur-de-refroidissement-daquarium-a-faible-bruit-jf-001","status":"publish","type":"product","link":"https:\/\/www.myaquastore.com\/fr\/product\/sunsun-vente-en-gros-ventilateur-de-refroidissement-daquarium-a-faible-bruit-jf-001\/","title":{"rendered":"SUNSUN vente en gros ventilateur de refroidissement d&rsquo;aquarium \u00e0 faible bruit JF-001"},"content":{"rendered":"<div style=\"clear:both\"><\/div>\n<p style=\"text-align:center\"><span style=\"font-size:18px;color:#000000\"><strong><span style=\"background-color:#ffffff\">SUNSUN vente enti\u00e8re ventilateur de refroidissement d&rsquo;aquarium \u00e0 faible bruit<\/span> <\/strong><\/span><\/p>\n<div id=\"ali-anchor-AliPostDhMb-otq03\" style=\"padding-top:8px\" data-section-title=\"Conseils d'achat\" data-section=\"AliPostDhMb-otq03\">\n<div id=\"ali-title-AliPostDhMb-otq03\" style=\"border-bottom:#ddd 1px solid;padding-bottom:8px;padding-top:8px;padding-left:0px;padding-right:0px\"><span style=\"font-weight:bold;color:#333;padding-bottom:8px;padding-top:8px;padding-left:10px;line-height:12px;padding-right:10px;background-color:#ddd\">Conseils d&rsquo;achat<\/span><\/div>\n<div style=\"padding-bottom:10px;padding-top:10px;padding-left:0px;padding-right:0px\">\n<p><span style=\"color:#ff0000\"><strong><span style=\"font-size:14px\">Conseils\u00a0:<\/span><\/strong><\/span><br \/><span style=\"font-size:14px\">si vous avez achet\u00e9 un certain nombre de produits,<\/span><br \/><span style=\"font-size:14px\">Nous pouvons vous offrir des \u00e9chantillons gratuits,<\/span><br \/><span style=\"font-size:14px\">Pour plus de d\u00e9tails, veuillez nous consulter.<\/span><\/p>\n<\/div>\n<\/div>\n<p style=\"text-align:center\"><strong><span style=\"font-size:14px;font-family:comic sans ms,sans-serif;color:#cd6c31\">Param\u00e8tres<\/span><\/strong><\/p>\n<p style=\"text-align:center\"><span style=\"font-size:14px;font-family:comic sans ms,sans-serif;background:#ffffff;color:#666666\">Puissance : 7w<\/span><\/p>\n<p style=\"text-align:center\">\n<p style=\"background:#ffffff;text-align:center\"><span style=\"font-size:14px;font-family:comic sans ms,sans-serif\"><span style=\"background:#ffffff;color:#666666\">Tension\u00a0: <\/span><span style=\"background:#ffffff;color:#666666\">110<\/span><span style=\"background:#ffffff;color:#666666\">-240<\/span><span style=\"background:#ffffff;color:#666666\">v<\/span><\/span><\/p>\n<p style=\"text-align:center\">\n<p style=\"background:#ffffff;text-align:center\"><span style=\"font-size:14px;font-family:comic sans ms,sans-serif;background:#ffffff;color:#666666\">Fr\u00e9quence\u00a0: 50 Hz\/60 Hz<\/span><\/p>\n<p style=\"text-align:center\">\n<p style=\"background:#ffffff;text-align:center\"><span style=\"font-size:14px;font-family:comic sans ms,sans-serif;background:#ffffff;color:#666666\">Poids\u00a0: 0,25 kg<\/span><\/p>\n<p style=\"text-align:center\">\n<p style=\"text-align:center\"><span style=\"font-size:14px;font-family:comic sans ms,sans-serif;background:#ffffff;color:#666666\">Dimensions\u00a0: 82*35*150mm<\/span><\/p>\n<p style=\"text-align:center\">\n<p style=\"text-align:center\">\n<p style=\"text-align:center\"><strong><span style=\"font-size:14px;font-family:comic sans ms,sans-serif;color:#cd6c31\">Ventilateur de refroidissement<\/span><\/strong><\/p>\n<p style=\"text-align:center\"><span style=\"font-size:14px;font-family:comic sans ms,sans-serif\">Ce ventilateur de refroidissement d&rsquo;aquarium aidera \u00e0 refroidir votre r\u00e9servoir d&rsquo;aquarium jusqu&rsquo;\u00e0 3 degr\u00e9s, <\/span><\/p>\n<p style=\"text-align:center\"><span style=\"font-size:14px;font-family:comic sans ms,sans-serif\">et une fois clips\u00e9, il est facilement r\u00e9glable en hauteur pour r\u00e9pondre \u00e0 vos besoins.<\/span><\/p>\n<p style=\"text-align:center\"><span style=\"font-size:14px;font-family:comic sans ms,sans-serif\">C&rsquo;est r\u00e9glable pour fournir de l&rsquo;air et peut \u00eatre tourn\u00e9 vers la gauche ou la droite de 180 degr\u00e9s au maximum et <\/span><\/p>\n<p style=\"text-align:center\"><span style=\"font-size:14px;font-family:comic sans ms,sans-serif\">librement vers le haut ou vers le bas de 45 degr\u00e9s pour obtenir une direction id\u00e9ale pour un meilleur effet de refroidissement.<\/span><\/p>\n<p style=\"text-align:center\">\n<p style=\"text-align:center\"><span style=\"font-size:10.5pt;font-family:'Times New Roman'\"><img decoding=\"async\" alt=\"SUNSUN vente en gros ventilateur de refroidissement d'aquarium \u00e0 faible bruit\" src=\"http:\/\/localhost\/media\/import\/detail\/522439625_476.jpg\"><\/span><\/p>\n<p style=\"text-align:center\"><span style=\"font-size:10.5pt;font-family:'Times New Roman'\"><img decoding=\"async\" alt=\"SUNSUN vente enti\u00e8re ventilateur de refroidissement d'aquarium \u00e0 faible bruit\" src=\"http:\/\/localhost\/media\/import\/detail\/522439925_079.jpg\"><img decoding=\"async\" alt=\"SUNSUN entier vente ventilateur de refroidissement d'aquarium \u00e0 faible bruit\" src=\"http:\/\/localhost\/media\/import\/detail\/522439926_383.jpg\"><\/span><\/p>\n<div style=\"clear:both\"><\/div>\n","protected":false},"excerpt":{"rendered":"<p>SUNSUN vente en gros ventilateur de refroidissement d&rsquo;aquarium \u00e0 faible bruit JF-001<\/p>\n","protected":false},"featured_media":5298,"comment_status":"open","ping_status":"closed","template":"","meta":[],"product_brand":[],"product_cat":[1361],"product_tag":[],"class_list":{"0":"post-38926","1":"product","2":"type-product","3":"status-publish","4":"has-post-thumbnail","6":"product_cat-chauffage-et-amp-controleur-de-temperature","8":"first","9":"instock","10":"shipping-taxable","11":"purchasable","12":"product-type-simple"},"_links":{"self":[{"href":"https:\/\/www.myaquastore.com\/fr\/wp-json\/wp\/v2\/product\/38926","targetHints":{"allow":["GET"]}}],"collection":[{"href":"https:\/\/www.myaquastore.com\/fr\/wp-json\/wp\/v2\/product"}],"about":[{"href":"https:\/\/www.myaquastore.com\/fr\/wp-json\/wp\/v2\/types\/product"}],"replies":[{"embeddable":true,"href":"https:\/\/www.myaquastore.com\/fr\/wp-json\/wp\/v2\/comments?post=38926"}],"wp:featuredmedia":[{"embeddable":true,"href":"https:\/\/www.myaquastore.com\/fr\/wp-json\/wp\/v2\/media\/5298"}],"wp:attachment":[{"href":"https:\/\/www.myaquastore.com\/fr\/wp-json\/wp\/v2\/media?parent=38926"}],"wp:term":[{"taxonomy":"product_brand","embeddable":true,"href":"https:\/\/www.myaquastore.com\/fr\/wp-json\/wp\/v2\/product_brand?post=38926"},{"taxonomy":"product_cat","embeddable":true,"href":"https:\/\/www.myaquastore.com\/fr\/wp-json\/wp\/v2\/product_cat?post=38926"},{"taxonomy":"product_tag","embeddable":true,"href":"https:\/\/www.myaquastore.com\/fr\/wp-json\/wp\/v2\/product_tag?post=38926"}],"curies":[{"name":"wp","href":"https:\/\/api.w.org\/{rel}","templated":true}]}}