{"id":38931,"date":"2016-09-25T23:28:25","date_gmt":"2016-09-25T23:28:25","guid":{"rendered":"https:\/\/www.myaquastore.com\/product\/souffleurs-electriques-industriels-l20-420-120-lb-de-racines-de-7-5kw15kw-10-05hp20-11hp\/"},"modified":"2025-03-16T08:59:47","modified_gmt":"2025-03-16T08:59:47","slug":"souffleurs-electriques-industriels-l20-420-120-lb-de-racines-de-7-5kw15kw-10-05hp20-11hp","status":"publish","type":"product","link":"https:\/\/www.myaquastore.com\/fr\/product\/souffleurs-electriques-industriels-l20-420-120-lb-de-racines-de-7-5kw15kw-10-05hp20-11hp\/","title":{"rendered":"Souffleurs \u00e9lectriques industriels L20-420\/120-LB de racines de 7.5KW~15KW 10.05HP~20.11HP"},"content":{"rendered":"<div style=\"clear:both\"><\/div>\n<div style=\"font-size:13px;font-family:Arial, Helvetica, sans-serif;color:#000000;width:726px\">\n<div>\n<p><strong><span style=\"font-size:24px;color:#ff0000\"><span style=\"font-size:24px;color:#ff0000\"><span style=\"color:#000000\">7.5KW~15KW 10.05HP~20.11HP Souffleurs de racines \u00e9lectriques industriels L20-420\/120-LB <\/span><\/span><\/span><\/strong><\/p>\n<p data-section-blank=\"AliPostDhMb-beas3\">\n<\/div>\n<\/div>\n<div id=\"ali-anchor-AliPostDhMb-beas3\" style=\"padding-top:8px\" data-section-title=\"Description du produit\" data-section=\"AliPostDhMb-beas3\">\n<div id=\"ali-title-AliPostDhMb-beas3\" style=\"border-bottom:#ddd 1px solid;padding-bottom:8px;padding-top:8px;padding-left:0px;padding-right:0px\"><span style=\"font-weight:bold;color:#333;padding-bottom:8px;padding-top:8px;padding-left:10px;line-height:12px;padding-right:10px;background-color:#ddd\">Description du produit<\/span><\/div>\n<div style=\"padding-bottom:10px;padding-top:10px;padding-left:0px;padding-right:0px\">\n<div style=\"height:42px;width:750px\">\n<div style=\"height:42px;float:left;width:25px;background-color:#00ccff\"> <\/div>\n<div style=\"float:droite;padding-bottom:5px;padding-top:5px;padding-left:0px;padding-right:0px;background-color:#0099ff\">\n<div style=\"font-size:24px;border-top:#ffffff 1px solid;font-family:Arial;border-bottom:#ffffff 1px solid;font-weight:bold;font-style:italic;padding-left:10px;line-height:30px;width:720px\">Affichage du produit<\/div>\n<\/div>\n<\/div>\n<\/div>\n<\/div>\n<p data-section-blank=\"AliPostDhMb-beas3\">\n<p><span style=\"font-size:24px;color:#000000\">1. Fonctionnalit\u00e9 de soufflerie Roots<\/span><\/p>\n<\/p>\n<p><span style=\"font-size:18px\"><span style=\"font-size:14px\">1) La palette sp\u00e9cialement con\u00e7ue fonctionne en douceur<\/span><\/span><\/p>\n<\/p>\n<p><span style=\"font-size:14px\">2) Haute pression, grand d\u00e9bit<\/span><\/p>\n<\/p>\n<p><span style=\"font-size:14px\">3) Conception de lubrification sans huile, sortie d&rsquo;air propre<\/span><\/p>\n<\/p>\n<p><span style=\"font-size:14px\">4) Sans bruit gr\u00e2ce \u00e0 la haute pr\u00e9cision des engrenages et \u00e0 la conception sp\u00e9ciale du d\u00e9coupage \u00e9quipements<\/span><\/p>\n<\/p>\n<p><span style=\"font-size:14px\">5) La structure compacte est facile \u00e0 r\u00e9parer et s\u00fbre \u00e0 utiliser<\/span><\/p>\n<\/p>\n<p><span style=\"font-size:24px;color:#000000\">2. Principe de fonctionnement du ventilateur Roots<\/span><\/p>\n<p> <span style=\"font-size:14px\"> Roots Le ventilateur est une sorte de ventilateur volum\u00e9trique dont la capacit\u00e9 d&rsquo;air et la r\u00e9volution ont form\u00e9 une proportion. Chaque rotation du ventilateur de type \u00e0 trois lobes n\u00e9cessite trois fois d&rsquo;aspiration et de d\u00e9charge d&rsquo;air de deux lobes. Compar\u00e9 au ventilateur de type \u00e0 deux lobes, le ventilateur \u00e0 racines \u00e0 trois lobes pr\u00e9sente les caract\u00e9ristiques de faibles changements de pulsation d&rsquo;air, de faibles changements de charge, d&rsquo;une intensit\u00e9 m\u00e9canique \u00e9lev\u00e9e, d&rsquo;un faible bruit ainsi que d&rsquo;une faible lib\u00e9ration.<\/span><\/p>\n<\/p>\n<p><span style=\"font-size:14px\"> Il a deux lobes sur les deux roulements parall\u00e8les. Il y a de petits espaces minuscules entre les lobes, un bo\u00eetier elliptique ainsi que chaque lobe. La vitesse de rotation uniforme des lobes dans des directions oppos\u00e9es fait qu&rsquo;une certaine quantit\u00e9 d&rsquo;air est encercl\u00e9e par le bo\u00eetier et les livres sont transport\u00e9s du c\u00f4t\u00e9 aspiration vers le c\u00f4t\u00e9 \u00e9vacuation.<\/span><\/p>\n<p><span style=\"font-size:14px\"><img decoding=\"async\" alt=\"7.5KW~15KW 10.05HP~20.11HP Souffleurs de racines \u00e9lectriques industriels L20-420\/120-LB\" src=\"http:\/\/localhost\/media\/import\/detail\/HTB1LZaQGVXXXXX6XXXXq6xXFXXXa.jpg\"><img decoding=\"async\" alt=\"7,5KW ~ 15KW 10,05HP ~ 20,11HP Souffleurs de racines \u00e9lectriques industriels L20-420\/120-LB\" src=\"http:\/\/localhost\/media\/import\/detail\/HTB1O2mBGVXXXXchXVXXq6xXFXXXW.jpg\"><img decoding=\"async\" alt=\"7,5KW ~ 15KW 10,05HP ~ 20,11HP Souffleurs de racines \u00e9lectriques industriels L20-420\/120-LB\" src=\"http:\/\/localhost\/media\/import\/detail\/HTB1NoOKGVXXXXbrXpXXq6xXFXXX2.jpg\"><img decoding=\"async\" alt=\"7,5KW ~ 15KW 10,05HP ~ 20,11HP Souffleurs de racines \u00e9lectriques industriels L20-420\/120-LB\" src=\"http:\/\/localhost\/media\/import\/detail\/HTB1jS1JGVXXXXccXpXXq6xXFXXXg.jpg\"><img decoding=\"async\" alt=\"7,5KW ~ 15KW 10,05HP ~ 20,11HP Souffleurs de racines \u00e9lectriques industriels L20-420\/120-LB\" src=\"http:\/\/localhost\/media\/import\/detail\/HTB1WVqPGVXXXXaUXXXXq6xXFXXXa.jpg\"> <span style=\"font-size:14px\"><img decoding=\"async\" alt=\"L11-_06.jpg\" src=\"http:\/\/localhost\/media\/import\/detail\/HTB1HWmNGVXXXXclXXXXq6xXFXXXy.jpg\"><\/span> <\/span><\/p>\n<table class=\"aliDataTable\" border=\"1\">\n<tbody>\n<tr>\n<td style=\"text-align:center\"><span style=\"font-size:14px\"><strong>Mod\u00e8le<\/strong><\/span><\/td>\n<td style=\"text-align:center\"><span style=\"font-size:14px\"><strong>Tension<\/strong><\/span><\/td>\n<td style=\"text-align:center\"><span style=\"font-size:14px\"><strong>Puissance<\/strong><\/span><\/td>\n<td style=\"text-align:center\"><span style=\"font-size:14px\"><strong>Vide<\/strong><\/span><\/td>\n<td style=\"text-align:center\"><span style=\"font-size:14px\"><strong>Pression<\/strong><\/span><\/td>\n<td style=\"text-align:center\"><span style=\"font-size:14px\"><strong>Poids<\/strong><\/span><\/td>\n<td style=\"text-align:center\"><span style=\"font-size:14px\"><strong>L*W*H(mm)<\/strong><\/span><\/td>\n<\/tr>\n<tr>\n<td>L6.9-86\/49-LB<\/td>\n<td>220V\/380V\/50Hz<\/td>\n<td>370w~1500w<\/td>\n<td>0~10kPa<\/td>\n<td>debout 2<\/td>\n<td>11kg<\/td>\n<td>230*194*243<\/td>\n<\/tr>\n<tr>\n<td>L9,5-120\/49-LB<\/td>\n<td>220V\/380V\/50Hz<\/td>\n<td>1100w~3000w<\/td>\n<td>0~25kPa<\/td>\n<td>debout 2\/3<\/td>\n<td>25kg<\/td>\n<td>318*352*346<\/td>\n<\/tr>\n<tr>\n<td>L11-140\/49-LB<\/td>\n<td>380v\/50Hz<\/td>\n<td>2200w~4000w<\/td>\n<td>0~40kPa<\/td>\n<td>debout 2\/3<\/td>\n<td>26kg<\/td>\n<td>375*391*370<\/td>\n<\/tr>\n<tr>\n<td>L13.5-230\/49-LB-B<\/td>\n<td>380v\/50Hz<\/td>\n<td>4000w~5500w<\/td>\n<td>0~50kPa<\/td>\n<td>debout 2\/3<\/td>\n<td>70kg<\/td>\n<td>437*503*684<\/td>\n<\/tr>\n<tr>\n<td>L13.5-230\/49-LB-B<\/td>\n<td>380v\/50Hz<\/td>\n<td>3000w~4000w<\/td>\n<td>0~50kPa<\/td>\n<td>debout 2\/3<\/td>\n<td>30kg<\/td>\n<td>418*352*346<\/td>\n<\/tr>\n<tr>\n<td>LR-65<\/td>\n<td>380v\/50Hz<\/td>\n<td>3000w~5500w<\/td>\n<td>0~50kPa<\/td>\n<td>debout 2\/3<\/td>\n<td>47kg<\/td>\n<td>437*503*684<\/td>\n<\/tr>\n<tr>\n<td>LR-65-WB<\/td>\n<td>380v\/50Hz<\/td>\n<td>3000w~4000w<\/td>\n<td>0~50kPa<\/td>\n<td>couch\u00e9 2\/3<\/td>\n<td>35kg<\/td>\n<td><span style=\"background-color:#ffffff\">362*234*217<\/span><\/td>\n<\/tr>\n<tr>\n<td>L15-310\/100-LB<\/td>\n<td>380v\/50Hz<\/td>\n<td>5500w~7500w<\/td>\n<td>0~60kPa<\/td>\n<td>couch\u00e9 2\/3<\/td>\n<td>115kg<\/td>\n<td><span style=\"background-color:#ffffff\">480*549*853<\/span><\/td>\n<\/tr>\n<tr>\n<td>L15-310\/100-WB<\/td>\n<td>380v\/50Hz<\/td>\n<td>5500w~7500w<\/td>\n<td>0~60kPa<\/td>\n<td>couch\u00e9 2\/3<\/td>\n<td>105kg<\/td>\n<td><span style=\"background-color:#ffffff\">468*465*920<\/span><\/td>\n<\/tr>\n<tr>\n<td>L18-310\/100-WB<\/td>\n<td>380v\/50Hz<\/td>\n<td>5500w~7500w<\/td>\n<td>0~60kPa<\/td>\n<td>couch\u00e9 2\/3<\/td>\n<td>110kg<\/td>\n<td><span style=\"background-color:#ffffff\">554*595*1045<\/span><\/td>\n<\/tr>\n<tr>\n<td>L20-420\/120-WB<\/td>\n<td>380v\/50Hz<\/td>\n<td>7500w~15000w<\/td>\n<td>0~70kPa<\/td>\n<td>couch\u00e9 2\/3<\/td>\n<td>220kg<\/td>\n<td><span style=\"background-color:#ffffff\">638*670*935<\/span><\/td>\n<\/tr>\n<tr>\n<td>L20-420\/120-LB<\/td>\n<td>380v\/50Hz<\/td>\n<td>7500w~15000w<\/td>\n<td>0~70kPa<\/td>\n<td>debout 2\/3<\/td>\n<td>205kg<\/td>\n<td>437*503*217<\/td>\n<\/tr>\n<\/tbody>\n<\/table>\n<p><span style=\"font-size:14px\"><img decoding=\"async\" alt=\"7.5KW~15KW 10.05HP~20.11HP Souffleurs de racines \u00e9lectriques industriels L20-420\/120-LB\" src=\"http:\/\/localhost\/media\/import\/detail\/HTB1c6eHGVXXXXcMXpXXq6xXFXXX4.jpg\"><img decoding=\"async\" alt=\"7.5KW ~ 15KW 10.05HP ~ 20.11HP Souffleurs de racines \u00e9lectriques industriels L20-420\/120-LB\" src=\"http:\/\/localhost\/media\/import\/detail\/HTB1NRGMGVXXXXXaXpXXq6xXFXXX2.jpg\"><\/span><\/p>\n<\/p>\n<div style=\"clear:both\"><\/div>\n","protected":false},"excerpt":{"rendered":"<p>Souffleurs \u00e9lectriques industriels L20-420\/120-LB de racines de 7.5KW~15KW 10.05HP~20.11HP<\/p>\n","protected":false},"featured_media":5308,"comment_status":"open","ping_status":"closed","template":"","meta":[],"product_brand":[],"product_cat":[1382],"product_tag":[],"class_list":{"0":"post-38931","1":"product","2":"type-product","3":"status-publish","4":"has-post-thumbnail","6":"product_cat-pompes-a-air-et-amp-fournitures","8":"first","9":"instock","10":"shipping-taxable","11":"purchasable","12":"product-type-simple"},"_links":{"self":[{"href":"https:\/\/www.myaquastore.com\/fr\/wp-json\/wp\/v2\/product\/38931","targetHints":{"allow":["GET"]}}],"collection":[{"href":"https:\/\/www.myaquastore.com\/fr\/wp-json\/wp\/v2\/product"}],"about":[{"href":"https:\/\/www.myaquastore.com\/fr\/wp-json\/wp\/v2\/types\/product"}],"replies":[{"embeddable":true,"href":"https:\/\/www.myaquastore.com\/fr\/wp-json\/wp\/v2\/comments?post=38931"}],"wp:featuredmedia":[{"embeddable":true,"href":"https:\/\/www.myaquastore.com\/fr\/wp-json\/wp\/v2\/media\/5308"}],"wp:attachment":[{"href":"https:\/\/www.myaquastore.com\/fr\/wp-json\/wp\/v2\/media?parent=38931"}],"wp:term":[{"taxonomy":"product_brand","embeddable":true,"href":"https:\/\/www.myaquastore.com\/fr\/wp-json\/wp\/v2\/product_brand?post=38931"},{"taxonomy":"product_cat","embeddable":true,"href":"https:\/\/www.myaquastore.com\/fr\/wp-json\/wp\/v2\/product_cat?post=38931"},{"taxonomy":"product_tag","embeddable":true,"href":"https:\/\/www.myaquastore.com\/fr\/wp-json\/wp\/v2\/product_tag?post=38931"}],"curies":[{"name":"wp","href":"https:\/\/api.w.org\/{rel}","templated":true}]}}