{"id":38958,"date":"2016-09-25T23:28:26","date_gmt":"2016-09-25T23:28:26","guid":{"rendered":"https:\/\/www.myaquastore.com\/product\/nouveau-pompe-a-filtre-de-clarificateur-uv-daquarium-reglable-a-debit-jtp-5000\/"},"modified":"2025-03-16T08:59:53","modified_gmt":"2025-03-16T08:59:53","slug":"nouveau-pompe-a-filtre-de-clarificateur-uv-daquarium-reglable-a-debit-jtp-5000","status":"publish","type":"product","link":"https:\/\/www.myaquastore.com\/fr\/product\/nouveau-pompe-a-filtre-de-clarificateur-uv-daquarium-reglable-a-debit-jtp-5000\/","title":{"rendered":"Nouveau Pompe \u00e0 filtre de clarificateur UV d&rsquo;aquarium r\u00e9glable \u00e0 d\u00e9bit JTP-5000 +"},"content":{"rendered":"<div style=\"clear:both\"><\/div>\n<p style=\"text-align: center\"><span style=\"font-size: 18px\"><strong><span style=\"color: #ff0000;font-size: 24px\"> Nouvelle pompe de filtre de clarificateur UV d&rsquo;aquarium \u00e0 d\u00e9bit r\u00e9glable<\/span> <\/strong><\/span><\/p>\n<p style=\"text-align: center\">\n<p style=\"text-align: center\"><span style=\"color: #000000\u00a0\"><strong><span style=\"font-size: 14px\">1. Haute efficacit\u00e9 et \u00e9conomie d&rsquo;\u00e9nergie de la pompe \u00e0 fr\u00e9quence variable et fort effet de st\u00e9rilisation<\/span><\/strong><\/span><\/p>\n<p style=\"text-align: center\"><span style=\"color: #000000;font-family: book antiqua,palatino\"><strong><span style=\"font-size: 14px\">Lampe UV de la combinaison parfaite.<\/span><\/strong><\/span><\/p>\n<p><span style=\"color: #000000;font-family: book antiqua,palatino\"><strong><span style=\"font-size: 14px\">2. Conception de structure compacte.<\/span><\/strong><\/span><\/p>\n<p style=\"text-align: center\"><span style=\"color: #000000;font-family: book antiqua,palatino\"><strong><span style=\"font-size: 14px\">3. Eau douce et eau de mer, op\u00e9ration plus facile, plus pratique \u00e0 utiliser.<\/span><\/strong><\/span><\/p>\n<p style=\"text-align: center\"><span style=\"color: #000000;font-family: book antiqua,palatino\"><strong><span style=\"font-size: 14px\">4. Peut r\u00e9guler le d\u00e9bit pour maximiser la st\u00e9rilisation par filtration.<\/span><\/strong><\/span><\/p>\n<p style=\"text-align: center\"><span style=\"color: #000000;font-family: book antiqua,palatino\"><strong><span style=\"font-size: 14px\">5. Convient aux aquariums de poissons dragons de haute qualit\u00e9 et prend en charge l&rsquo;utilisation de l&rsquo;\u00e9tang.<\/span><\/strong><\/span><\/p>\n<p style=\"text-align: center\">\n<p style=\"text-align: center\"><span style=\"font-size: 14px;color: #000080\"><strong>Tant de pompes de filtration UV pour aquarium ici, ce qui garantit que vous pouvez trouver <\/strong><\/span><\/p>\n<p style=\"text-align: center\"><span style=\"font-size: 14px;color: #000080\"><strong>le droit<\/strong><\/span><span style=\"color: #000080\"><span style=\"font-size: 14px\"><strong> celui que vous <\/strong><\/span><span style=\"font-size: 14px\"><strong>vraiment voulez\u00a0!<\/strong><\/span><\/span><\/p>\n<p style=\"text-align: center\"><span style=\"color: #000080\"> <\/span><\/p>\n<table class=\"aliDataTable\" style=\"width: 101.21%;height: 347px\" border=\"4\">\n<tbody>\n<tr>\n<td>Mod\u00e8le<\/td>\n<td>Tension<\/td>\n<td>Fr\u00e9quence<\/td>\n<td>Puissance<\/td>\n<td>H-max<\/td>\n<td>Sortie<\/td>\n<td>Puissance UV<\/td>\n<td>Entr\u00e9e Hauteur<\/td>\n<td>Dimensions<\/td>\n<\/tr>\n<tr>\n<td>JTP-4000+UV<\/td>\n<td>110V\/220V\/240V<\/td>\n<td>50Hz\/60Hz<\/td>\n<p>25W<\/td>\n<td>3,2m<\/td>\n<td>4000L\/h<\/td>\n<td>9W<\/td>\n<td>65mm<\/td>\n<td>276*180*137mm<\/tr>\n<tr>\n<td>JTP- 5000+UV<\/td>\n<td>110V\/220V\/240V<\/td>\n<td>50Hz\/60Hz<\/td>\n<td>30W<\/td>\n<td>3,6m<\/td>\n<td>5000L\/h<\/td>\n<td>9W<\/ td><\/p>\n<td>65mm<\/td>\n<td>276*180*137mm<\/td>\n<\/tr>\n<tr>\n<td>JTP-6000+UV<\/td>\n<td>110V\/220V\/240V<\/td>\n<td>50Hz\/60H z<\/td>\n<td>40W<\/td>\n<td>4,0m<\/td>\n<td>6000L\/h<\/td>\n<td>9W<\/td>\n<td>65mm<\/td>\n<td>276*180*137mm<\/td>\n<\/tr>\n<tr>\n<td>JTP-7000+UV<\/td>\n<td>110V\/220V\/240V<\/td>\n<td>50Hz\/60Hz<\/td>\n<td>50W<\/td>\n<td>4,4m<\/td>\n<td>7000L\/h<\/td>\n<td>9W<\/td>\n<td>65mm<\/td>\n<td>276*180*137mm<\/td>\n<\/tr>\n<tr>\n<td>JTP-8000+UV<\/td>\n<td>110V\/220V\/240V<\/td>\n<td> 50Hz\/60Hz<\/td>\n<td>60W<\/td>\n<td>4,8m<\/td>\n<td>8000L\/h<\/td>\n<td>9W<\/td>\n<td>65mm<\/td>\n<td>276*180*137mm<\/td>\n<p><\/ tr><\/p>\n<tr>\n<td>JTP-9000+UV<\/td>\n<td>110V\/220V\/240V<\/td>\n<td>50Hz\/60Hz<\/td>\n<td>70W<\/td>\n<td>5,2m<\/td>\n<td>9000L \/h<\/td>\n<td>9W<\/td>\n<td>65mm<\/td>\n<td>276*180*137mm<\/td>\n<\/tr>\n<tr>\n<td>JTP-10000+UV<\/td>\n<td>110V\/220V\/240V<\/td>\n<td>50Hz\/60Hz<\/td>\n<td>85W<\/td>\n<td>5,8m<\/td>\n<td>10000L\/h<\/td>\n<td>9W<\/td>\n<td>72mm<\/td>\n<td>276*200*14 4mm<\/td>\n<\/tr>\n<tr>\n<td>JTP-12000+UV<\/td>\n<td>110V\/220V\/240V<\/td>\n<td>50Hz\/60Hz<\/td>\n<td>100W<\/td>\n<td>6,2m<\/ td><\/p>\n<td>12000L\/h<\/td>\n<td>9W<\/td>\n<td>72mm<\/td>\n<td>276*200*144mm<\/td>\n<\/tr>\n<tr>\n<td>JTP-15000+UV<\/td>\n<td>11 0V\/220V\/240V<\/td>\n<td>50Hz\/60Hz<\/td>\n<td>120W<\/td>\n<td>6,6m<\/td>\n<td>15000L\/h<\/td>\n<td>9W<\/td>\n<td>72mm<\/td>\n<td>276*200*144mm<\/td>\n<\/tr>\n<tr>\n<td>JTP-18000+UV<\/td>\n<td>110V\/220V\/240V<\/td>\n<td>50Hz\/60Hz<\/td>\n<td>150W<\/td>\n<td>7.0m<\/td>\n<td>18000L\/h<\/td>\n<td>9W<\/td>\n<td>72mm<\/td>\n<td>276*200*144mm<\/td>\n<\/tr>\n<\/tbody>\n<\/table>\n<p style=\"text-align: center\">\n<\/p>\n<p style=\"text-align: center\">\n<table class=\"aliDataTable\" style=\"margin-left: auto\" border=\"4\">\n<tbody>\n<tr>\n<td>Mod\u00e8le<\/td>\n<td>Tension<\/td>\n<td>Fr\u00e9quence<\/td>\n<td>Puissance<\/td>\n<td>Puissance UV<\/td>\n<td>H-max<\/td>\n<td>Sortie<\/td>\n<td>Adaptateur de tuyau<\/td>\n<td>C\u00e2ble Longueur<\/td>\n<td>Dimensions<\/td>\n<td>N.W.<\/td>\n<\/tr>\n<tr>\n<td>CUP-2000<\/td>\n<td>110V\/220V\/240V<\/td>\n<td>50Hz\/60Hz<\/td>\n<td>35W<\/td>\n<td>9W<\/td>\n<td>2.0m<\/td>\n<td>2300L\/h<\/td>\n<td>3\/4~1<\/td>\n<td>2*1,0m<\/td>\n<td>280*180*119mm<\/td>\n<td>2. 2kg<\/td>\n<\/tr>\n<tr>\n<td>CUP-3000<\/td>\n<td>110V\/220V\/240V<\/td>\n<td>50Hz\/60Hz<\/p>\n<td>45W<\/td>\n<td>9W<\/td>\n<td>2,5m<\/td>\n<td>2700L\/h<\/td>\n<td>3\/4~1<\/td>\n<td>2 *1,0 m<\/td>\n<td>280*180*119 mm<\/td>\n<td>2,2 kg<\/td>\n<\/tr>\n<tr>\n<td>CUP-4000<\/td>\n<td>110V\/220V\/240V<\/td>\n<td>50Hz\/60Hz<\/td>\n<td>55W<\/td>\n<td>9W<\/td>\n<td>2,8m<\/ td><\/p>\n<td>3800L\/h<\/td>\n<td>3\/4~1<\/td>\n<td>2*1.0m<\/td>\n<td>280*180*119mm<\/td>\n<td> 3,0 kg<\/td>\n<\/tr>\n<tr>\n<td>CUP-5000<\/td>\n<td>110V\/220V\/240V<\/td>\n<td>50Hz\/60Hz<\/td>\n<td>70W<\/td>\n<td>9W<\/td>\n<td>3,5m<\/td>\n<td>4600L\/h<\/td>\n<td>3\/4~1<\/td>\n<td>2*1,0 m<\/td>\n<td>280*180*119 mm<\/td>\n<td>3,0 kg<\/td>\n<\/tr>\n<tr>\n<td>CUP-6000<\/td>\n<td>110V\/220V\/240V<\/td>\n<td>50Hz\/60Hz<\/td>\n<td>95W<\/td>\n<td>9W<\/td>\n<td>4,0m<\/td>\n<td>5800L\/h<\/td>\n<td>3\/4~1<\/td>\n<td>2*1.0m<\/td>\n<td>280*180*119mm<\/td>\n<p>3,0 kg<\/td>\n<\/tr>\n<tr>\n<td>CUP-8000<\/td>\n<td>110V\/220V\/240V<\/td>\n<td>50Hz\/60H z<\/td>\n<td>140W<\/td>\n<td>9W<\/td>\n<td>5,0m<\/td>\n<td>6500L\/h<\/td>\n<td>3\/4~1<\/td>\n<td>2*1,0 m<\/td>\n<td>280*180*119 mm<\/td>\n<td>3,2 kg<\/td>\n<\/tr>\n<\/tbody>\n<\/table>\n<p style=\"text-align: center\"><span style=\"font-size: 14px\"><strong><img decoding=\"async\" src=\"http:\/\/localhost\/media\/import\/detail\/537714014_165.jpg\" alt=\"Nouvelle pompe de filtre de clarificateur UV d'aquarium r\u00e9glable \u00e0 d\u00e9bit\"><\/strong><\/span><\/p>\n<p style=\"text-align: center\"><span style=\"color: #ff6600\"><strong><img loading=\"lazy\" decoding=\"async\" src=\"http:\/\/localhost\/media\/import\/detail\/537714017_851.jpg\" alt=\"Nouvelle pompe de filtre de clarificateur UV d'aquarium \u00e0 d\u00e9bit r\u00e9glable\" width=\"601\" height=\"418\"><\/strong><\/span><\/p>\n<p><img loading=\"lazy\" decoding=\"async\" src=\"http:\/\/localhost\/media\/import\/detail\/537715344_981.jpg\" alt=\"Nouvelle pompe de filtre clarificateur UV d'aquarium r\u00e9glable \u00e0 d\u00e9bit\" width=\"597\" height=\"453\"><\/p>\n<p style=\"text-align: center\"><span style=\"font-size: 14px;color: #ff6600\"><strong>Autres types de pompes \u00e0 filtre d&rsquo;aquarium\u00a0:<span style=\"color: #008000\">S\u00e9rie CUP<\/span><\/strong><\/span><\/p>\n<p style=\"text-align: center\"><span style=\"color: #ff6600;font-family: book antiqua,palatino\"><strong><span style=\"font-size: 14px\">1. il rend la lumi\u00e8re UV et la pompe \u00e0 eau bien connect\u00e9es, faciles \u00e0 assembler.<\/span><\/strong><\/span><\/p>\n<p style=\"text-align: center\"><span style=\"color: #ff6600;font-family: book antiqua,palatino\"><strong><span style=\"font-size: 14px\">2. \u00e9conomie d&rsquo;\u00e9nergie et tr\u00e8s faible bruit, pompe \u00e0 eau et lumi\u00e8re UV submersible.<\/span><\/strong><\/span><\/p>\n<p style=\"text-align: center\"><span style=\"color: #ff6600;font-family: book antiqua,palatino\"><strong><span style=\"font-size: 14px\">3. ce produit est principalement adapt\u00e9 \u00e0 la circulation de l&rsquo;eau des r\u00e9servoirs arowana de filtration par le bas.<\/span><\/strong><\/span><\/p>\n<p style=\"text-align: center\">\n<p style=\"text-align: center\"><span style=\"color: #ff6600;font-family: book antiqua,palatino\"><strong><span style=\"font-size: 14px\">4. afin de ne pas avoir d&rsquo;impact sur le d\u00e9bit de la pompe, la lumi\u00e8re UV sera plac\u00e9e \u00e0 l&rsquo;entr\u00e9e.<\/span><\/strong><\/span><\/p>\n<p style=\"text-align: center\"><span style=\"color: #ff6600;font-family: book antiqua,palatino\"><strong><span style=\"font-size: 14px\">5. ajusteur sp\u00e9cialement con\u00e7u, qui peut ajuster facilement la sortie de la lumi\u00e8re UV, puis assurer le bon r\u00e9sultat de la clarification UV.<\/span><\/strong><\/span><\/p>\n<p style=\"text-align: center\"><img decoding=\"async\" src=\"http:\/\/localhost\/media\/import\/detail\/537709279_628.jpg\" alt=\"Nouvelle pompe de filtre de clarification UV d'aquarium r\u00e9glable \u00e0 d\u00e9bit\"><\/p>\n<p style=\"text-align: center\"><span style=\"color: #ff6600\"><strong><span style=\"font-size: 14px\">filtre d&rsquo;aquarium pompe\u00a0: Filtration+St\u00e9rilisation<\/span><\/strong><\/span><\/p>\n<p style=\"text-align: center\"><img loading=\"lazy\" decoding=\"async\" src=\"http:\/\/localhost\/media\/import\/detail\/537712096_402.jpg\" alt=\"Nouvelle pompe de filtre clarificateur UV d'aquarium r\u00e9glable \u00e0 d\u00e9bit\" width=\"599\" height=\"463\"><\/p>\n<p style=\"text-align: center\"><img decoding=\"async\" src=\"http:\/\/localhost\/media\/import\/detail\/537712099_694.jpg\" alt=\"Nouvelle pompe de filtre de clarificateur UV d'aquarium \u00e0 d\u00e9bit r\u00e9glable\"><\/p>\n<p style=\"text-align: center\">\n<\/p>\n<div id=\"ali-anchor-AliPostDhMb-5kam0\" style=\"padding-top: 8px\" data-section-title=\"Informations sur la soci\u00e9t\u00e9\" data-section=\"AliPostDhMb-5kam0\">\n<div id=\"ali-title-AliPostDhMb-5kam0\" style=\"padding: 8px 0\"><span style=\"background-color: #ddd;line-height: 12px\">Informations sur l&rsquo;entreprise<\/span><\/div>\n<div style=\"padding: 10px 0\">\n<p><img decoding=\"async\" src=\"http:\/\/localhost\/media\/import\/detail\/HTB1K8C3JVXXXXcVXXXXq6xXFXXXq.jpg\" alt=\"Nouvelle pompe de filtre de clarification UV pour aquarium r\u00e9glable \u00e0 d\u00e9bit\"><\/p>\n<p><span style=\"font-size: 14px\"><strong><span style=\"color: #ff0000\">SUNSUN<\/span><\/strong> se concentre sur la fabrication de produits et d&rsquo;\u00e9quipements aquatiques et pour bassins depuis plus de 30 ans. Nous sommes devenus le leader et le plus grand fabricant de produits aquatiques et pour bassins en Chine. Nous sommes c\u00e9l\u00e8bres dans les industries suivantes\u00a0: installations d&rsquo;aquarium, machines aquacoles, \u00e9quipements industriels, etc. Ici, nous attendons avec impatience \u00e9tablir un partenariat mutuellement b\u00e9n\u00e9fique avec vous pour un avenir brillant.<\/span><\/p>\n<p><span style=\"font-size: 14px\"><img decoding=\"async\" src=\"http:\/\/localhost\/media\/import\/detail\/HTB14crLJVXXXXXIXpXXq6xXFXXXE.jpg\" alt=\"Nouvelle pompe de filtre clarificateur UV d'aquarium r\u00e9glable \u00e0 d\u00e9bit\"><img decoding=\"async\" src=\"http:\/\/localhost\/media\/import\/detail\/HTB1n2qJJVXXXXa6XVXXq6xXFXXXq.jpg\" alt=\"Nouvelle pompe de filtre de clarificateur UV d'aquarium \u00e0 d\u00e9bit r\u00e9glable\"><img decoding=\"async\" src=\"http:\/\/localhost\/media\/import\/detail\/HTB1Q7i0JVXXXXX.XpXXq6xXFXXX7.jpg\" alt=\"Nouvelle pompe de filtre de clarificateur UV d'aquarium \u00e0 d\u00e9bit r\u00e9glable\"><img decoding=\"async\" src=\"http:\/\/localhost\/media\/import\/detail\/HTB1oLO.JVXXXXX6XXXXq6xXFXXXP.jpg\" alt=\"Nouvelle pompe de filtre de clarificateur UV d'aquarium \u00e0 d\u00e9bit r\u00e9glable\"><span> <\/span><\/span><\/p>\n<\/div>\n<\/div>\n<div id=\"ali-anchor-AliPostDhMb-t9vze\" data-section-title=\"Certifications\" data-section=\"AliPostDhMb-t9vze\">\n<div id=\"ali-title-AliPostDhMb-t9vze\"><span style=\"background-color: #ddd;line-height: 12px\">Certifications<\/span><\/div>\n<div style=\"padding: 10px 0\">\n<p><img decoding=\"async\" src=\"http:\/\/localhost\/media\/import\/detail\/HTB1PWyYJVXXXXbVXpXXq6xXFXXX4.jpg\" alt=\"Nouvelle pompe de filtre clarificateur UV d'aquarium r\u00e9glable \u00e0 d\u00e9bit\"><span> <\/span><\/p>\n<\/div>\n<\/div>\n<div id=\"ali-anchor-AliPostDhMb-k667f\" style=\"padding-top: 8px\" data-section-title=\"Paiement et exp\u00e9dition\" data-section=\"AliPostDhMb-k667f\">\n<div id=\"ali-title-AliPostDhMb-k667f\"><span style=\"background-color: #ddd;line-height: 12px\">Paiement et exp\u00e9dition<\/span><\/div>\n<div style=\"padding: 10px 0\">\n<p><img decoding=\"async\" src=\"http:\/\/localhost\/media\/import\/detail\/HTB18NbTJVXXXXanXXXXq6xXFXXX4.jpg\" alt=\"Nouvelle pompe de filtre de clarificateur UV d'aquarium r\u00e9glable \u00e0 d\u00e9bit\"><span> <\/span><\/p>\n<\/div>\n<\/div>\n<p><span style=\"font-size: 14px\"><strong><br \/><\/strong><\/span><\/p>\n<div id=\"ali-anchor-AliPostDhMb-1z45q\" style=\"padding-top: 8px\" data-section=\"AliPostDhMb-1z45q\">\n<div id=\"ali-title-AliPostDhMb-1z45q\"><span style=\"background-color: #ddd;line-height: 12px\">Nos services<\/span><\/div>\n<div style=\"padding: 10px 0\">\n<p><span style=\"font-size: 14px\"> Nous promettons<\/span><\/p>\n<p><span style=\"font-size: 14px\">1) Nous sommes tr\u00e8s heureux que le client nous donne des suggestions sur le prix et les produits.<\/span><br \/><span>2) Si vous avez des questions, veuillez nous le faire savoir dans un premier temps par e-mail ou par t\u00e9l\u00e9phone. Nous pouvons y r\u00e9pondre pour vous \u00e0 temps.<\/span><br \/><span style=\"font-size: 14px\">3) Nous enverrons de nombreux styles de nouvelles chaque semaine \u00e0 nos anciens clients.<\/span><br \/><span style=\"font-size: 14px\">4) Offrez \u00e0 nos clients les prix les plus bas. Rationalisez l&rsquo;achat et le paiement. processus.<\/span><br \/><span style=\"font-size: 14px\">5) Livrer des marchandises \u00e0 nos clients partout dans le monde avec rapidit\u00e9 et pr\u00e9cision.<\/span><br \/><span style=\"font-size: 14px\">6) Assurer l&rsquo;excellente qualit\u00e9 de nos produits <\/span><\/p>\n<\/div>\n<\/div>\n<div id=\"ali-anchor-AliPostDhMb-hvzld\" style=\"padding-top: 8px\" data-section-title=\"FAQ\" data-section=\"AliPostDhMb-hvzld\">\n<div id=\"ali-title-AliPostDhMb-hvzld\"><span style=\"background-color: #ddd;line-height: 12px\">FAQ<\/span><\/div>\n<div style=\"padding: 10px 0\">\n<p><span style=\"font-size: 14px\"> Acheteurs de doute<\/span><br \/><span style=\"font-size: 14px\"> <\/span><br \/><span style=\"font-size: 14px\">A\u00a0: \u00cates-vous un fabricant ou un commer\u00e7ant entreprise\u00a0?<\/span><br \/><span style=\"font-size: 14px\">B\u00a0: Nous sommes un fabricant sp\u00e9cialis\u00e9 dans la production d&rsquo;\u00e9quipements d&rsquo;aquarium. Produit SUNSUN La seule <\/span><br \/><span style=\"font-size: 14px\"> plateforme de point de vente Alibaba<\/span><\/p>\n<p><span style=\"font-size: 14px\">A\u00a0: Avez-vous une garantie prolong\u00e9e\u00a0?<\/span><br \/><span style=\"font-size: 14px\">B\u00a0: Oui, tous les produits offrent une garantie d&rsquo;un an de service apr\u00e8s-vente de qualit\u00e9.<\/span><br \/><span style=\"font-size: 14px\"> <\/span><br \/><span style=\"font-size: 14px\">A\u00a0: Acceptez-vous les commandes OEM\u00a0?<\/span><br \/><span style=\"font-size: 14px\">B\u00a0: Oui, nous acceptons \u00e9galement les OEM commandes.<\/span><br \/><span style=\"font-size: 14px\"> <\/span><br \/><span style=\"font-size: 14px\"> A\u00a0: Comment puis-je obtenir des \u00e9chantillons <\/span><br \/><span>B\u00a0: Nous sommes honor\u00e9s de vous offrir des \u00e9chantillons\u00a0? <\/span><\/p>\n<p><span style=\"font-size: 14px\">A\u00a0: Comment votre usine se comporte-t-elle en mati\u00e8re de contr\u00f4le qualit\u00e9\u00a0? <\/span><br \/><span style=\"font-size: 14px\">B\u00a0:\u00a0\u00ab\u00a0La qualit\u00e9 est la priorit\u00e9. Nous attachons toujours une grande importance au contr\u00f4le de la qualit\u00e9 du tout d\u00e9but \u00e0 la toute fin. Notre usine a obtenu l&rsquo;authentification CE, GS, CCC.<\/span><br \/><span style=\"font-size: 14px\"> <\/span><br \/><span style=\"font-size: 14px;color: #0000ff\">La commande d&rsquo;\u00e9chantillon est disponible pour la premi\u00e8re fois\u00a0! <\/span><br \/><span style=\"font-size: 14px;color: #0000ff\">R\u00e9jouissez-vous de votre demande\u00a0!<\/span><\/p>\n<\/div>\n<\/div>\n<div id=\"ali-anchor-AliPostDhMb-mxyvg\" style=\"padding-top: 8px\" data-section-title=\"Accueil\" data-section=\"AliPostDhMb-mxyvg\">\n<div id=\"ali-title-AliPostDhMb-mxyvg\"><span style=\"background-color: #ddd\">Accueil<\/span><\/div>\n<div style=\"padding: 10px 0\">\n<p><a title=\"http:\/\/gzweierma.en.alibaba.com\/\" href=\"http:\/\/gzweierma.en.alibaba.com\/\"><img decoding=\"async\" src=\"http:\/\/localhost\/media\/import\/detail\/HTB1LAcGJFXXXXbzXpXXq6xXFXXXb.jpg\" alt=\"Nouvelle pompe de filtre de clarificateur UV d'aquarium \u00e0 d\u00e9bit r\u00e9glable\"><\/a><\/p>\n<\/div>\n<\/div>\n<div style=\"clear:both\"><\/div>\n","protected":false},"excerpt":{"rendered":"<p>Nouveau Pompe \u00e0 filtre de clarificateur UV d&rsquo;aquarium r\u00e9glable \u00e0 d\u00e9bit JTP-5000 +<\/p>\n","protected":false},"featured_media":5362,"comment_status":"open","ping_status":"closed","template":"","meta":[],"product_brand":[],"product_cat":[1338],"product_tag":[],"class_list":{"0":"post-38958","1":"product","2":"type-product","3":"status-publish","4":"has-post-thumbnail","6":"product_cat-filtres-pour-aquariums","8":"first","9":"instock","10":"shipping-taxable","11":"purchasable","12":"product-type-simple"},"_links":{"self":[{"href":"https:\/\/www.myaquastore.com\/fr\/wp-json\/wp\/v2\/product\/38958","targetHints":{"allow":["GET"]}}],"collection":[{"href":"https:\/\/www.myaquastore.com\/fr\/wp-json\/wp\/v2\/product"}],"about":[{"href":"https:\/\/www.myaquastore.com\/fr\/wp-json\/wp\/v2\/types\/product"}],"replies":[{"embeddable":true,"href":"https:\/\/www.myaquastore.com\/fr\/wp-json\/wp\/v2\/comments?post=38958"}],"wp:featuredmedia":[{"embeddable":true,"href":"https:\/\/www.myaquastore.com\/fr\/wp-json\/wp\/v2\/media\/5362"}],"wp:attachment":[{"href":"https:\/\/www.myaquastore.com\/fr\/wp-json\/wp\/v2\/media?parent=38958"}],"wp:term":[{"taxonomy":"product_brand","embeddable":true,"href":"https:\/\/www.myaquastore.com\/fr\/wp-json\/wp\/v2\/product_brand?post=38958"},{"taxonomy":"product_cat","embeddable":true,"href":"https:\/\/www.myaquastore.com\/fr\/wp-json\/wp\/v2\/product_cat?post=38958"},{"taxonomy":"product_tag","embeddable":true,"href":"https:\/\/www.myaquastore.com\/fr\/wp-json\/wp\/v2\/product_tag?post=38958"}],"curies":[{"name":"wp","href":"https:\/\/api.w.org\/{rel}","templated":true}]}}