{"id":38962,"date":"2016-09-25T23:28:26","date_gmt":"2016-09-25T23:28:26","guid":{"rendered":"https:\/\/www.myaquastore.com\/product\/sunsun-ce-gs-meilleur-filtre-de-pompe-daquarium-pour-aquariums-300l-h-600l-h-100\/"},"modified":"2025-03-16T08:59:55","modified_gmt":"2025-03-16T08:59:55","slug":"sunsun-ce-gs-meilleur-filtre-de-pompe-daquarium-pour-aquariums-300l-h-600l-h-100","status":"publish","type":"product","link":"https:\/\/www.myaquastore.com\/fr\/product\/sunsun-ce-gs-meilleur-filtre-de-pompe-daquarium-pour-aquariums-300l-h-600l-h-100\/","title":{"rendered":"SUNSUN CE GS meilleur filtre de pompe d&rsquo;aquarium pour aquariums 300L\/h 600L\/h 100&#8230;"},"content":{"rendered":"<div style=\"clear:both\"><\/div>\n<p align=\"center\"><img loading=\"lazy\" decoding=\"async\" alt=\"SUNSUN CE GS meilleur filtre de pompe d'aquarium pour aquariums 300L\/h 600L\/h 1000L\/h 1400L\/h 1600L\/h\" src=\"http:\/\/localhost\/media\/import\/detail\/879313200_786.jpg\" width=\"824\" height=\"326\"><\/p>\n<p align=\"center\"><span style=\"font-family:times new roman,times\"><strong><span style=\"font-size:18pt;background:white;color:black\">SUNSUN CE\/GS 600L\/h<span style=\"font-family:times new roman,times\"><strong><span style=\"font-size:18pt;background:white;color:black\"> Meilleur aquarium<\/span><\/strong><\/span> Pompe <span style=\"font-family:times new roman,times\"><strong><span style=\"font-size:18pt;background:white;color:black\">Filtre <\/span><\/strong><\/span>pour aquariums JP-022F<br \/><\/span><\/strong><\/span><\/p>\n<p><span style=\"font-size:18px;font-family:times new roman,times\"><strong><span style=\"background:white;color:blue\">1.<\/span><\/strong><strong><span style=\"background:white;color:blue\"> <span style=\"font-size:18px;font-family:times new roman,times\"><strong><span style=\"background:white;color:blue\">Aquarium<\/span><\/strong><\/span><\/span><\/strong><\/span><span style=\"font-size:18px;font-family:times new roman,times\"><strong><span><span style=\"color:#0000ff\"> Pompe<\/span> <\/span><\/strong><strong><span style=\"background:white;color:blue\"><span style=\"font-size:18px;font-family:times new roman,times\"><strong><span style=\"background:white;color:blue\">Filtre <\/span><\/strong><\/span>Fonctionnalit\u00e9s<\/span><\/strong><\/span><\/p>\n<p style=\"background:white\"><strong><span style=\"font-size:18px;font-family:times new roman,times\"><span style=\"background:white;color:black\">Convient aux aquariums d&rsquo;eau douce et d&rsquo;eau sal\u00e9e<br \/><\/span>Unit\u00e9 auto-amor\u00e7ante &#8211; Installation simple<\/span><\/strong><br \/><strong><span style=\"font-size:18px;font-family:times new roman,times\">Robinet d&rsquo;arr\u00eat sans goutte pour un nettoyage facile<\/span><\/strong><\/p>\n<p style=\"background:white\"><span style=\"font-size:18px;font-family:times new roman,times\"><strong><span style=\"background:white;color:blue\">2. <\/span><\/strong><span style=\"color:#0000ff\"><strong><strong><strong><span style=\"font-size:18px;font-family:times new roman,times\"><strong>Aquarium <\/strong><\/span><\/strong><\/strong><\/strong><\/span><\/span><span style=\"font-size:18px;font-family:times new roman,times;color:#0000ff\"><strong><strong><strong><span style=\"font-family:times new roman,times\"><strong><span style=\"background:white\">Sp\u00e9cifications du filtre de pompe<\/span><\/strong><\/span><\/strong><\/strong><\/strong><\/span><strong><\/strong><\/p>\n<p style=\"background:white\"><strong><span style=\"font-size:18px;font-family:times new roman,times\"><span style=\"background:white;color:black\">D\u00e9bit\u00a0: 600 litres par heure<br \/><\/span>Hauteur maximale\u00a0: 1,0 m\u00e8tre<\/span><\/strong><br \/><strong><span style=\"font-size:18px;font-family:times new roman,times\">Tension\u00a0: 110-240\u00a0V<\/span><\/strong><br \/><strong><span style=\"font-size:18px;font-family:times new roman,times\">Puissance\u00a0: 8\u00a0W<\/span><\/strong><\/p>\n<p style=\"background:white\"><strong><span style=\"font-size:18px;font-family:times new roman,times\">Poids\u00a0: 0,35\u00a0KG<\/span><\/strong><\/p>\n<p style=\"background:white\"><strong><span style=\"font-size:18px;font-family:times new roman,times\">Longueur du c\u00e2ble\u00a0: 1,5 m<br \/><\/span><\/strong><\/p>\n<p style=\"background:white\"><strong><span style=\"font-size:18px;font-family:times new roman,times;background:white;color:black\">Dimensions\u00a0: 90*58*202mm<\/span><\/strong><\/p>\n<p style=\"background:white\"><span style=\"font-size:18px;font-family:times new roman,times;color:#ff0000\"><strong><span style=\"background:white\">Garantie GRATUITE de 12 mois !!<\/span><\/strong><\/span><\/p>\n<p style=\"background:white\"><span style=\"font-size:18px;font-family:times new roman,times;color:#ff0000\"><strong><span style=\"background:white\"><img decoding=\"async\" alt=\"SUNSUN CE GS meilleur filtre de pompe d'aquarium pour aquariums 300L\/h 600L\/h 1000L\/h 1400L\/h 1600L\/h\" src=\"http:\/\/localhost\/media\/import\/detail\/887903569_828.jpg\"><\/span><\/strong><\/span><\/p>\n<p style=\"background:white\"><span style=\"font-size:18px;font-family:times new roman,times\"><strong><span>3. <\/span><\/strong><strong><span style=\"background:white;color:blue\"><span style=\"font-size:18px;font-family:times new roman,times\"><strong><span style=\"background:white;color:blue\"><a title=\"Filtre d'aquarium\" href=\"http:\/\/gzweierma.en.alibaba.com\/\"><span style=\"font-size:18px;font-family:times new roman,times\"><strong><span style=\"background:white;color:blue\">Aquarium<\/span><\/strong><\/span> <\/a><\/span><\/strong><\/span><\/span><\/strong><\/span><span style=\"font-size:18px\"><span style=\"font-family:times new roman,times\"><strong><span style=\"background:white;color:blue\">Pompe Filtre<\/span><\/strong><\/span><span style=\"font-family:times new roman,times\"><strong><span style=\"background:white;color:blue\"> Description<\/span><\/strong><\/span><\/span><\/p>\n<p><strong><span style=\"font-size:18px;font-family:times new roman,times\">1). Ce <a title=\"filtre interne d'aquarium\" href=\"http:\/\/gzweierma.en.alibaba.com\/\" target=\"_blank\"> filtre de pompe d&rsquo;aquarium<\/a> est fabriqu\u00e9 \u00e0 partir de mat\u00e9riaux ABS de qualit\u00e9 sup\u00e9rieure\u00a0; s\u00fbr, durable et facile \u00e0 nettoyer.<\/span><\/strong><\/p>\n<p><strong><span style=\"font-size:18px;font-family:times new roman,times\">2). \u00c9tant une structure cubique et cellulaire 3D, le coton biochimique caract\u00e9rise une grande surface sp\u00e9cifique sans produire de r\u00e9sistance au d\u00e9bit d&rsquo;eau.<\/span><\/strong><\/p>\n<p><strong><span style=\"font-size:18px;font-family:times new roman,times\">3). Situ\u00e9 \u00e0 l&rsquo;int\u00e9rieur des r\u00e9servoirs d&rsquo;aquarium. La pompe d&rsquo;aquarium <strong><span style=\"font-size:18px;font-family:times new roman,times\">filtre <\/span><\/strong>est super silencieuse, permettant une utilisation permanente.<\/span><\/strong><\/p>\n<p><strong><span style=\"font-size:18px;font-family:times new roman,times\">4). La <strong><span style=\"font-size:18px;font-family:times new roman,times\">pompe<\/span><\/strong>le filtre peut produire une ampoule d&rsquo;air en vrac, augmentant ainsi la dissolution de l&rsquo;oxyg\u00e8ne dans l&rsquo;eau\u00a0;<\/span><\/strong><\/p>\n<p><strong><span style=\"font-size:18px;font-family:times new roman,times\">5). Le filtre <strong><span style=\"font-size:18px;font-family:times new roman,times\">pompe<\/span><\/strong>d&rsquo;aquarium est particuli\u00e8rement adapt\u00e9 \u00e0 l&rsquo;\u00e9levage de petits poissons d&rsquo;eau douce tels que les poissons de couleur, etc.<\/span><\/strong><\/p>\n<p><span style=\"font-size:18px;font-family:times new roman,times\"><strong><span style=\"background:white;color:blue\">4.<\/span><\/strong><strong><span> <span style=\"font-size:18px;font-family:times new roman,times\"><strong><span style=\"background:white;color:blue\"><a title=\"Filtre d'aquarium\" href=\"http:\/\/gzweierma.en.alibaba.com\/\"><span style=\"font-size:18px;font-family:times new roman,times\"><strong><span style=\"background:white;color:blue\">Aquarium<\/span><\/strong><\/span><\/a><\/span><\/strong><\/span> <span style=\"color:#0000ff\">Pompe<\/span> <span style=\"color:#0000ff\">Filtre<\/span><\/span><\/strong><span style=\"color:#0000ff\"><strong>Afficher<\/strong><\/span><\/span><\/p>\n<p style=\"text-align:center\"><span style=\"font-size:18px;font-family:times new roman,times;color:#0000ff;background-color:#ffffff\"><strong><img decoding=\"async\" alt=\"SUNSUN CE GS meilleur filtre de pompe d'aquarium pour aquariums 300L\/h 600L\/h 1000L\/h 1400L\/h 1600L\/h\" src=\"http:\/\/localhost\/media\/import\/detail\/779738840_269.jpg\"><img decoding=\"async\" alt=\"SUNSUN CE GS meilleur filtre de pompe d'aquarium pour aquariums 300L\/h 600L\/h 1000L\/h 1400L\/h 1600L\/h\" src=\"http:\/\/localhost\/media\/import\/detail\/779910246_873.jpg\"><img decoding=\"async\" alt=\"SUNSUN CE GS meilleur filtre de pompe d'aquarium pour aquariums 300L\/h 600L\/h 1000L\/h 1400L\/h 1600L\/h\" src=\"http:\/\/localhost\/media\/import\/detail\/779919212_961.jpg\"><img decoding=\"async\" alt=\"SUNSUN CE GS meilleur filtre de pompe d'aquarium pour aquariums 300L\/h 600L\/h 1000L\/h 1400L\/h 1600L\/h\" src=\"http:\/\/localhost\/media\/import\/detail\/779877588_906.jpg\"> <br \/><\/strong><\/span><\/p>\n<p><span style=\"font-size:18px;font-family:times new roman,times;color:#0000ff;background-color:#ffffff\"><strong>5.<strong><span style=\"color:#0000ff;background-color:#ffffff\"><strong><span style=\"font-size:11pt\"><strong><span style=\"font-size:medium\"><span style=\"font-size:large\"><span style=\"font-size:18px;font-family:times new roman,times\"><strong><span style=\"background:white;color:blue\"><a title=\"Filtre d'aquarium\" href=\"http:\/\/gzweierma.en.alibaba.com\/\"><span style=\"font-size:18px;font-family:times new roman,times\"><strong><span style=\"background:white;color:blue\">Aquarium<\/span><\/strong><\/span><\/a><\/span><\/strong><\/span><\/span><\/span><\/strong><\/span><\/strong><\/span><\/strong><\/strong><\/span><span style=\"font-size:18px;color:#0000ff\"><strong><span style=\"font-family:times new roman,times\"> Pompe<\/span><\/strong><\/span> <span style=\"font-family:times new roman,times;color:#0000ff;background-color:#ffffff\"><strong><strong><span style=\"color:#0000ff;background-color:#ffffff\"><strong><span style=\"font-size:11pt\"><strong><span style=\"font-size:medium\"><span style=\"font-size:large\">Filtre<\/span><\/span><\/strong><\/span><\/strong><\/span><\/strong><\/strong><\/span><strong><span style=\"font-size:18px;font-family:times new roman,times;color:#0000ff\"> Informations sur l&#8217;emballage<\/span><\/strong><\/p>\n<p><span style=\"font-size:medium;font-family:times new roman,times;color:#000000;background-color:#ffffff\"><span style=\"font-size:large\"> <\/span><\/span><\/p>\n","protected":false},"excerpt":{"rendered":"<p>SUNSUN CE GS meilleur filtre de pompe d&rsquo;aquarium pour aquariums 300L\/h 600L\/h 100&#8230;<\/p>\n","protected":false},"featured_media":5370,"comment_status":"open","ping_status":"closed","template":"","meta":[],"product_brand":[],"product_cat":[1338],"product_tag":[],"class_list":{"0":"post-38962","1":"product","2":"type-product","3":"status-publish","4":"has-post-thumbnail","6":"product_cat-filtres-pour-aquariums","8":"first","9":"instock","10":"shipping-taxable","11":"purchasable","12":"product-type-simple"},"_links":{"self":[{"href":"https:\/\/www.myaquastore.com\/fr\/wp-json\/wp\/v2\/product\/38962","targetHints":{"allow":["GET"]}}],"collection":[{"href":"https:\/\/www.myaquastore.com\/fr\/wp-json\/wp\/v2\/product"}],"about":[{"href":"https:\/\/www.myaquastore.com\/fr\/wp-json\/wp\/v2\/types\/product"}],"replies":[{"embeddable":true,"href":"https:\/\/www.myaquastore.com\/fr\/wp-json\/wp\/v2\/comments?post=38962"}],"wp:featuredmedia":[{"embeddable":true,"href":"https:\/\/www.myaquastore.com\/fr\/wp-json\/wp\/v2\/media\/5370"}],"wp:attachment":[{"href":"https:\/\/www.myaquastore.com\/fr\/wp-json\/wp\/v2\/media?parent=38962"}],"wp:term":[{"taxonomy":"product_brand","embeddable":true,"href":"https:\/\/www.myaquastore.com\/fr\/wp-json\/wp\/v2\/product_brand?post=38962"},{"taxonomy":"product_cat","embeddable":true,"href":"https:\/\/www.myaquastore.com\/fr\/wp-json\/wp\/v2\/product_cat?post=38962"},{"taxonomy":"product_tag","embeddable":true,"href":"https:\/\/www.myaquastore.com\/fr\/wp-json\/wp\/v2\/product_tag?post=38962"}],"curies":[{"name":"wp","href":"https:\/\/api.w.org\/{rel}","templated":true}]}}