{"id":38968,"date":"2016-09-25T23:28:26","date_gmt":"2016-09-25T23:28:26","guid":{"rendered":"https:\/\/www.myaquastore.com\/product\/sunsun-pompe-a-filtre-interne-pour-aquarium-nouveau-design-2w-200l-h-hj-111b\/"},"modified":"2025-03-16T08:59:56","modified_gmt":"2025-03-16T08:59:56","slug":"sunsun-pompe-a-filtre-interne-pour-aquarium-nouveau-design-2w-200l-h-hj-111b","status":"publish","type":"product","link":"https:\/\/www.myaquastore.com\/fr\/product\/sunsun-pompe-a-filtre-interne-pour-aquarium-nouveau-design-2w-200l-h-hj-111b\/","title":{"rendered":"SUNSUN \u2013 pompe \u00e0 filtre interne pour Aquarium, nouveau Design 2W 200L\/h, HJ-111B"},"content":{"rendered":"<div style=\"clear:both\"><\/div>\n<p style=\"text-align:center\">\n<div style=\"padding-bottom:10px;padding-top:10px;padding-left:0px;padding-right:0px\">\n<p><span><\/span><\/p>\n<\/div>\n<p style=\"text-align:center\"><span style=\"font-size:24px;font-family:arial, helvetica, sans-serif;color:#000000\"><strong> SUNSUN Nouveau Design 2W 200L\/h Pompe de Filtre Interne pour Aquarium <\/strong> <\/span><\/p>\n<p style=\"text-align:left\">\n<p style=\"text-align:left\">\n<p style=\"text-align:left\"><span style=\"font-family:arial, helvetica, sans-serif;color:#000000;background-color:#ffff00\"><strong><span style=\"font-size:18px\">1. Description de la pompe \u00e0 filtre interne d&rsquo;aquarium<\/span><\/strong><\/span><\/p>\n<p><span style=\"font-family:comic sans ms,sans-serif\"> <\/span><\/p>\n<p><span style=\"font-size:16px;font-family:arial, helvetica, sans-serif\"><span style=\"color:#000000\">1. D\u00e9finit le pompage, la filtration et l&rsquo;a\u00e9ration en un seul.<\/span> <\/span><\/p>\n<p><span style=\"font-size:16px;font-family:arial, helvetica, sans-serif\"><span style=\"color:#000000\">2. Fabriqu\u00e9 \u00e0 partir de particules ABS de qualit\u00e9 sup\u00e9rieure et offre de bonnes performances d&rsquo;isolation<\/span><\/span><\/p>\n<p><span style=\"font-size:16px;font-family:arial, helvetica, sans-serif\">3. Le spra peut \u00eatre nettoy\u00e9 <\/span><\/p>\n<p><span style=\"font-size:16px;font-family:arial, helvetica, sans-serif\">4. Complet avec ventouses pour fixation sur le c\u00f4t\u00e9 de l&rsquo;aquarium <\/span><\/p>\n<p><span style=\"font-family:comic sans ms,sans-serif\"> <\/span><\/p>\n<p><span style=\"font-family:comic sans ms,sans-serif\"> <\/span><\/p>\n<p><span style=\"font-family:comic sans ms,sans-serif\"><strong> <\/strong><\/span><\/p>\n<p><span style=\"font-family:arial, helvetica, sans-serif;color:#000000;background-color:#ffff00\"><strong><span style=\"font-size:18px\">2. D\u00e9tails de la pompe de filtre interne d&rsquo;aquarium HJ-111B<\/span><\/strong><\/span><\/p>\n<\/p>\n<p> <img loading=\"lazy\" decoding=\"async\" alt=\"SUNSUN nouveau design 2W 200L\/h pompe de filtre interne d'aquarium\" src=\"http:\/\/localhost\/media\/import\/detail\/480867485_253.jpg\" width=\"606\" height=\"230\"><\/p>\n<\/p>\n<p> <img decoding=\"async\" alt=\"SUNSUN Nouveau design 2W 200L\/h Pompe de filtre interne pour aquarium\" src=\"http:\/\/localhost\/media\/import\/detail\/798731081_603.jpg\"><\/p>\n<\/p>\n<p><span style=\"font-size:18px;font-family:arial, helvetica, sans-serif;color:#000000;background-color:#ffff00\"><strong>3. Autres nos pompes de filtre interne d&rsquo;aquarium SUNSUN pour votre r\u00e9f\u00e9rence <\/strong><\/span><\/p>\n<\/p>\n<p><img loading=\"lazy\" decoding=\"async\" alt=\"SUNSUN nouvelle conception 2W 200L\/h pompe de filtre interne d'aquarium\" src=\"http:\/\/localhost\/media\/import\/detail\/695221232_605.jpg\" width=\"600\" height=\"600\"><img loading=\"lazy\" decoding=\"async\" alt=\"SUNSUN Nouveau design 2W 200L\/h Pompe de filtre interne pour aquarium\" src=\"http:\/\/localhost\/media\/import\/detail\/695547436_675.jpg\" width=\"600\" height=\"600\"><img loading=\"lazy\" decoding=\"async\" alt=\"SUNSUN Nouveau design 2W 200L\/h Pompe \u00e0 filtre interne pour aquarium\" src=\"http:\/\/localhost\/media\/import\/detail\/535381519_104.jpg\" width=\"600\" height=\"600\"><\/p>\n<\/p>\n<div id=\"ali-anchor-AliPostDhMb-eoecf\" style=\"padding-top:8px\" data-section-title=\"Informations sur la soci\u00e9t\u00e9\" data-section=\"AliPostDhMb-eoecf\">\n<div id=\"ali-title-AliPostDhMb-eoecf\" style=\"border-bottom:#ddd 1px solid;padding-bottom:8px;padding-top:8px;padding-left:0px;padding-right:0px\"> <\/div>\n<\/div>\n<div style=\"clear:both\"><strong><span style=\"background-color:#dddddd;color:#333333\"><\/span><\/strong><\/div>\n","protected":false},"excerpt":{"rendered":"<p>SUNSUN \u2013 pompe \u00e0 filtre interne pour Aquarium, nouveau Design 2W 200L\/h, HJ-111B<\/p>\n","protected":false},"featured_media":5382,"comment_status":"open","ping_status":"closed","template":"","meta":[],"product_brand":[],"product_cat":[1338],"product_tag":[],"class_list":{"0":"post-38968","1":"product","2":"type-product","3":"status-publish","4":"has-post-thumbnail","6":"product_cat-filtres-pour-aquariums","8":"first","9":"instock","10":"shipping-taxable","11":"purchasable","12":"product-type-simple"},"_links":{"self":[{"href":"https:\/\/www.myaquastore.com\/fr\/wp-json\/wp\/v2\/product\/38968","targetHints":{"allow":["GET"]}}],"collection":[{"href":"https:\/\/www.myaquastore.com\/fr\/wp-json\/wp\/v2\/product"}],"about":[{"href":"https:\/\/www.myaquastore.com\/fr\/wp-json\/wp\/v2\/types\/product"}],"replies":[{"embeddable":true,"href":"https:\/\/www.myaquastore.com\/fr\/wp-json\/wp\/v2\/comments?post=38968"}],"wp:featuredmedia":[{"embeddable":true,"href":"https:\/\/www.myaquastore.com\/fr\/wp-json\/wp\/v2\/media\/5382"}],"wp:attachment":[{"href":"https:\/\/www.myaquastore.com\/fr\/wp-json\/wp\/v2\/media?parent=38968"}],"wp:term":[{"taxonomy":"product_brand","embeddable":true,"href":"https:\/\/www.myaquastore.com\/fr\/wp-json\/wp\/v2\/product_brand?post=38968"},{"taxonomy":"product_cat","embeddable":true,"href":"https:\/\/www.myaquastore.com\/fr\/wp-json\/wp\/v2\/product_cat?post=38968"},{"taxonomy":"product_tag","embeddable":true,"href":"https:\/\/www.myaquastore.com\/fr\/wp-json\/wp\/v2\/product_tag?post=38968"}],"curies":[{"name":"wp","href":"https:\/\/api.w.org\/{rel}","templated":true}]}}