{"id":38971,"date":"2016-09-25T23:28:26","date_gmt":"2016-09-25T23:28:26","guid":{"rendered":"https:\/\/www.myaquastore.com\/product\/filtre-uv-interne-pour-aquarium-sunsun-cup-809\/"},"modified":"2025-03-16T08:59:57","modified_gmt":"2025-03-16T08:59:57","slug":"filtre-uv-interne-pour-aquarium-sunsun-cup-809","status":"publish","type":"product","link":"https:\/\/www.myaquastore.com\/fr\/product\/filtre-uv-interne-pour-aquarium-sunsun-cup-809\/","title":{"rendered":"Filtre UV interne pour aquarium SUNSUN CUP-809"},"content":{"rendered":"<div style=\"clear:both\"><\/div>\n<div style=\"font-size:13px;font-family:Arial, Helvetica, sans-serif;color:#000000;width:726px\">\n<div>\n<table class=\"ke-zeroborder\" style=\"width:750px\" cellpadding=\"0\" border=\"0\">\n<tbody>\n<tr>\n<td><a href=\"http:\/\/preview.alibaba.com\/product\/663378958-215139670\/Koi_Pond_Fish_Tank_Aquarium_UV_Serilizer_CUV_111A.html\" target=\"_blank\"><\/a><\/td>\n<td><a href=\"http:\/\/preview.alibaba.com\/product\/1554227447-215139670\/SUNSUN_Pond_Underground_Filter_1000L_h_with_9W_UV_clarifier_CUP_129.html\" target=\"_blank\"><\/a><\/td>\n<td><a href=\"http:\/\/preview.alibaba.com\/product\/1125164641-215139670\/SUNSUN_CE_GS_24W_Pool_UV_Lamp.html\" target=\"_blank\"><\/a><\/td>\n<td><a href=\"http:\/\/preview.alibaba.com\/product\/60052250289-215139670\/SUNSUN_CUV_236_36w_aquarium_water_designer_uv_filter.html\" target=\"_blank\"><\/a><\/td>\n<\/tr>\n<\/tbody>\n<\/table>\n<p style=\"text-align:left\"><span style=\"font-size:16px;color:#000000\"><strong>CARACT\u00c9RISTIQUES\u00a0:<\/strong><\/span><\/p>\n<p style=\"text-align:left\"><span style=\"font-size:18pt\"><strong>Filtre UV interne pour aquarium SUNSUN CUP-809 <\/strong><\/span><\/p>\n<p style=\"text-align:left\"><span style=\"font-size:18px;color:#000000\"><span style=\"font-size:24px\"><span style=\"font-size:14px\">1. Ce produit a roul\u00e9 le pompage d&rsquo;oxyg\u00e8ne de st\u00e9rilisation de fontaine de filtre et de nombreuses<\/span><span style=\"font-size:14px\"> d&rsquo;autres fonctions dans une seule armoire de configuration compacte.<\/span><br \/><span style=\"font-size:14px\">2.Ce produit adapt\u00e9 aux \u00e9tangs, \u00e9quipements pour aquariums moyens et grands.<\/span><br \/><span style=\"font-size:14px\">3. Double usage d&rsquo;eau de mer et d&rsquo;eau douce.<\/span><\/span><\/span><\/p>\n<p style=\"text-align:left\">\n<p style=\"text-align:left\"><span style=\"font-size:16px\"><strong><span style=\"color:#000000\">PARAM\u00c8TRES\u00a0:<\/span><\/strong><\/span><\/p>\n<table class=\"aliDataTable\" border=\"1\">\n<tbody>\n<tr>\n<td style=\"text-align:center\">MOD\u00c8LE<\/td>\n<td style=\"text-align:center\">TENSION<\/td>\n<td style=\"text-align:center\">FR\u00c9QUENCE<\/td>\n<td style=\"text-align:center\">PUISSANCE<\/td>\n<td style=\"text-align:center\">POMPE \u00c0 EAU<\/td>\n<td style=\"text-align:center\">PUISSANCE UV-C<\/td>\n<td style=\"text-align:center\">CAPACIT\u00c9<\/td>\n<td style=\"text-align:center\">FLUX<\/td>\n<td style=\"text-align:center\">H-MAX<\/td>\n<td style=\"text-align:center\">POIDS<\/td>\n<td style=\"text-align:center\">L*W*H<\/td>\n<\/tr>\n<tr>\n<td style=\"text-align:center\">TASSE-129<\/td>\n<td style=\"text-align:center\">110V\/220V\/240V<\/td>\n<td style=\"text-align:center\">50Hz\/60Hz<\/td>\n<td style=\"text-align:center\">24w<\/td>\n<td style=\"text-align:center\">12w<\/td>\n<td style=\"text-align:center\">9w<\/td>\n<td style=\"text-align:center\">6000L<\/td>\n<td style=\"text-align:center\">1000L\/h<\/td>\n<td style=\"text-align:center\">1,4 m<\/td>\n<td style=\"text-align:center\">2,0 kg<\/td>\n<td style=\"text-align:center\">330*100*105<\/td>\n<\/tr>\n<tr>\n<td style=\"text-align:center\">CUP-139<\/td>\n<td style=\"text-align:center\">110V\/220V\/240V<\/td>\n<td style=\"text-align:center\">50Hz\/60Hz<\/td>\n<td style=\"text-align:center\">28w<\/td>\n<td style=\"text-align:center\">12w<\/td>\n<td style=\"text-align:center\">13w<\/td>\n<td style=\"text-align:center\">9 000 L<\/td>\n<td style=\"text-align:center\">1 000 L\/h<\/td>\n<td style=\"text-align:center\">1,4 m<\/td>\n<td style=\"text-align:center\">2,2 kg<\/td>\n<td style=\"text-align:center\">350*100*105<\/td>\n<\/tr>\n<tr>\n<td style=\"text-align:center\">CUP-609<\/td>\n<td style=\"text-align:center\">110V\/220V\/240V<\/td>\n<td style=\"text-align:center\">50Hz\/60Hz<\/td>\n<td style=\"text-align:center\">18w<\/td>\n<td style=\"text-align:center\">6w<\/td>\n<td style=\"text-align:center\">9w<\/td>\n<td style=\"text-align:center\">6000L<\/td>\n<td style=\"text-align:center\">2000L\/h<\/td>\n<td style=\"text-align:center\">\/<\/td>\n<td style=\"text-align:center\">1,8 kg<\/td>\n<td style=\"text-align:center\">317*110*105<\/td>\n<\/tr>\n<tr>\n<td style=\"text-align:center\">TASSE-619<\/td>\n<td style=\"text-align:center\">110V\/220V\/240V<\/td>\n<td style=\"text-align:center\">50Hz\/60Hz<\/td>\n<td style=\"text-align:center\">22w<\/td>\n<td style=\"text-align:center\">6w<\/td>\n<td style=\"text-align:center\">13w<\/td>\n<td style=\"text-align:center\">9000L<\/td>\n<td style=\"text-align:center\">2000L\/h<\/td>\n<td style=\"text-align:center\">\/<\/td>\n<td style=\"text-align:center\">1,8kg<\/td>\n<td style=\"text-align:center\">337*100*105<\/td>\n<\/tr>\n<tr>\n<td style=\"text-align:center\"><span style=\"background-color:#ff9900\">CUP-809<\/span><\/td>\n<td style=\"text-align:center\"><span style=\"background-color:#ff9900\">110V\/220V\/240V <\/span><\/td>\n<td style=\"text-align:center\"><span style=\"background-color:#ff9900\">50Hz\/60Hz <\/span><\/td>\n<td style=\"text-align:center\"><span style=\"background-color:#ff9900\">20W<\/span><\/td>\n<td style=\"text-align:center\"><span style=\"background-color:#ff9900\">12W<\/span><\/td>\n<td style=\"text-align:center\"><span style=\"background-color:#ff9900\">9W<\/span><\/td>\n<td style=\"text-align:center\"> <\/td>\n<td style=\"text-align:center\"><span style=\"background-color:#ff9900\">700L\/h <\/span><\/td>\n<td style=\"text-align:center\"> <\/td>\n<td style=\"text-align:center\"><span style=\"background-color:#ff9900\">0,8 kg<\/span><\/td>\n<td style=\"text-align:center\"><span style=\"background-color:#ff9900\">76*90*290<\/span><\/td>\n<\/tr>\n<\/tbody>\n<\/table>\n<p style=\"text-align:left\">\n<p style=\"text-align:left\"> <img decoding=\"async\" alt=\"SUNSUN CUP-809 filtre uv interne pour aquarium\" src=\"http:\/\/localhost\/media\/import\/detail\/HTB1bjBDGFXXXXaYXXXXq6xXFXXXL.jpg\"><img decoding=\"async\" alt=\"SUNSUN CUP-809 filtre uv interne pour aquarium filtre\" src=\"http:\/\/localhost\/media\/import\/detail\/HTB1rZyIGFXXXXa9XpXXq6xXFXXXp.jpg\"><img decoding=\"async\" alt=\"SUNSUN CUP-809 filtre uv interne pour aquarium\" src=\"http:\/\/localhost\/media\/import\/detail\/HTB1sdyEGFXXXXXsXVXXq6xXFXXXD.jpg\"><img decoding=\"async\" alt=\"SUNSUN CUP-809 filtre UV interne pour aquarium\" src=\"http:\/\/localhost\/media\/import\/detail\/HTB1UfuIGFXXXXbsXpXXq6xXFXXXi.jpg\"><img decoding=\"async\" alt=\"SUNSUN CUP-809 filtre UV interne pour aquarium\" src=\"http:\/\/localhost\/media\/import\/detail\/HTB1FI9IGFXXXXb8XpXXq6xXFXXXo.jpg\"><img decoding=\"async\" alt=\"SUNSUN CUP-809 filtre UV interne pour aquarium\" src=\"http:\/\/localhost\/media\/import\/detail\/HTB1bVGJGFXXXXX2XpXXq6xXFXXXj.jpg\"><\/p>\n<p style=\"text-align:center\">\n<\/div>\n<\/div>\n","protected":false},"excerpt":{"rendered":"<p>Filtre UV interne pour aquarium SUNSUN CUP-809<\/p>\n","protected":false},"featured_media":5388,"comment_status":"open","ping_status":"closed","template":"","meta":[],"product_brand":[],"product_cat":[1338],"product_tag":[],"class_list":{"0":"post-38971","1":"product","2":"type-product","3":"status-publish","4":"has-post-thumbnail","6":"product_cat-filtres-pour-aquariums","8":"first","9":"instock","10":"shipping-taxable","11":"purchasable","12":"product-type-simple"},"_links":{"self":[{"href":"https:\/\/www.myaquastore.com\/fr\/wp-json\/wp\/v2\/product\/38971","targetHints":{"allow":["GET"]}}],"collection":[{"href":"https:\/\/www.myaquastore.com\/fr\/wp-json\/wp\/v2\/product"}],"about":[{"href":"https:\/\/www.myaquastore.com\/fr\/wp-json\/wp\/v2\/types\/product"}],"replies":[{"embeddable":true,"href":"https:\/\/www.myaquastore.com\/fr\/wp-json\/wp\/v2\/comments?post=38971"}],"wp:featuredmedia":[{"embeddable":true,"href":"https:\/\/www.myaquastore.com\/fr\/wp-json\/wp\/v2\/media\/5388"}],"wp:attachment":[{"href":"https:\/\/www.myaquastore.com\/fr\/wp-json\/wp\/v2\/media?parent=38971"}],"wp:term":[{"taxonomy":"product_brand","embeddable":true,"href":"https:\/\/www.myaquastore.com\/fr\/wp-json\/wp\/v2\/product_brand?post=38971"},{"taxonomy":"product_cat","embeddable":true,"href":"https:\/\/www.myaquastore.com\/fr\/wp-json\/wp\/v2\/product_cat?post=38971"},{"taxonomy":"product_tag","embeddable":true,"href":"https:\/\/www.myaquastore.com\/fr\/wp-json\/wp\/v2\/product_tag?post=38971"}],"curies":[{"name":"wp","href":"https:\/\/api.w.org\/{rel}","templated":true}]}}