{"id":38973,"date":"2016-09-25T23:28:26","date_gmt":"2016-09-25T23:28:26","guid":{"rendered":"https:\/\/www.myaquastore.com\/product\/sunsun-jp-014f-pompe-de-filtration-de-filtre-de-reservoir-de-poissons-daquarium-submersible-jp-014f\/"},"modified":"2025-03-16T08:59:58","modified_gmt":"2025-03-16T08:59:58","slug":"sunsun-jp-014f-pompe-de-filtration-de-filtre-de-reservoir-de-poissons-daquarium-submersible-jp-014f","status":"publish","type":"product","link":"https:\/\/www.myaquastore.com\/fr\/product\/sunsun-jp-014f-pompe-de-filtration-de-filtre-de-reservoir-de-poissons-daquarium-submersible-jp-014f\/","title":{"rendered":"SUNSUN JP-014F pompe de Filtration de filtre de r\u00e9servoir de poissons d&rsquo;aquarium Submersible JP-014F"},"content":{"rendered":"<div style=\"clear:both\"><\/div>\n<div id=\"ali-anchor-AliPostDhMb-qyh4y\" style=\"padding-top:8px\" data-section-title=\"Description du produit\" data-section=\"AliPostDhMb-qyh4y\">\n<div id=\"ali-title-AliPostDhMb-qyh4y\" style=\"border-bottom:#ddd 1px solid;padding-bottom:8px;padding-top:8px;padding-left:0px;padding-right:0px\"><span style=\"font-weight:bold;color:#333;padding-bottom:8px;padding-top:8px;padding-left:10px;line-height:12px;padding-right:10px;background-color:#ddd\">Description du produit<\/span><\/div>\n<div style=\"padding-bottom:10px;padding-top:10px;padding-left:0px;padding-right:0px\">\n<div style=\"height:42px;width:750px\">\n<div style=\"height:42px;float:left;width:25px;background-color:#00ccff\"> <\/div>\n<div style=\"float:droite;padding-bottom:5px;padding-top:5px;padding-left:0px;padding-right:0px;background-color:#0099ff\">\n<div style=\"font-size:24px;border-top:#ffffff 1px solid;font-family:Arial;border-bottom:#ffffff 1px solid;font-weight:bold;font-style:italic;padding-left:10px;line-height:30px;width:720px\">Affichage du produit<\/div>\n<\/div>\n<\/div>\n<\/div>\n<\/div>\n<p data-section-blank=\"AliPostDhMb-qyh4y\"><strong><span style=\"font-size:18px\">SUNSUN JP-014F Pompe de filtration de filtre pour aquarium submersible<\/span><\/strong><\/p>\n<p data-section-blank=\"AliPostDhMb-qyh4y\"><strong><\/strong> <\/p>\n<p data-section-blank=\"AliPostDhMb-qyh4y\"><strong><span style=\"font-size:18px\">CARACT\u00c9RISTIQUES\u00a0:<\/span><\/strong><\/p>\n<p data-section-blank=\"AliPostDhMb-qyh4y\"><span style=\"font-size:16px\">&#8211;Les coques adoptent un ABS de haute qualit\u00e9 et un fonctionnement durable<\/span><span style=\"font-size:16px\">.<\/span><br \/><span style=\"font-size:16px\">&#8211;Les noyaux et les carters d&rsquo;essieu, fabriqu\u00e9s en c\u00e9ramique de haute qualit\u00e9<\/span><span style=\"font-size:16px\">, sont non corrosifs.<\/span><br \/><span style=\"font-size:16px\">&#8211;\u00c9tanch\u00e9it\u00e9 \u00e0 l&rsquo;eau et bonne performance d&rsquo;isolation<\/span><br \/><span style=\"font-size:16px\">&#8211;Filtre biochimique de haute qualit\u00e9 coton, am\u00e9liorant<\/span><span style=\"font-size:16px\"> nitrifie affectivement la reproduction des bact\u00e9ries<\/span><br \/><span style=\"font-size:16px\">&#8211;Utilis\u00e9 pour filtrer ou pomper l&rsquo;eau, ou fournir de l&rsquo;oxyg\u00e8ne.<\/span><\/p>\n<p data-section-blank=\"AliPostDhMb-qyh4y\">\n<p data-section-blank=\"AliPostDhMb-qyh4y\"><strong><span style=\"font-size:16px\">PARAMETRE\u00a0:<\/span><\/strong><\/p>\n<table class=\"aliDataTable\" border=\"1\">\n<tbody>\n<tr>\n<td style=\"text-align:center\">\n<p><strong>Mod\u00e8le<\/strong><\/p>\n<\/td>\n<td style=\"text-align:center\"><strong>Tension<\/strong><\/td>\n<td style=\"text-align:center\"><strong>Fr\u00e9quence<\/strong><\/td>\n<td style=\"text-align:center\"><strong>Puissance<\/strong><\/td>\n<td style=\"text-align:center\"><strong>H-max<\/strong><\/td>\n<td style=\"text-align:center\"><strong>Sortie<\/strong><\/td>\n<td style=\"text-align:center\"><strong>Longueur du c\u00e2ble<\/strong><\/td>\n<td style=\"text-align:center\"><strong>Poids<\/strong><\/td>\n<td style=\"text-align:center\"><strong>L*W*H<\/strong><\/td>\n<\/tr>\n<tr>\n<td style=\"text-align:center\">JP-012F<\/td>\n<td style=\"text-align:center\">110V\/220V\/240V<\/td>\n<td style=\"text-align:center\">50Hz\/60Hz<\/td>\n<td style=\"text-align:center\">3w<\/td>\n<td style=\"text-align:center\">0,6m<\/td>\n<td style=\"text-align:center\">300L\/h<\/td>\n<td style=\"text-align:center\">1,5m<\/td>\n<td style=\"text-align:center\">0,1kg<\/td>\n<td style=\"text-align:center\">49*33*139<\/td>\n<\/tr>\n<tr>\n<td style=\"text-align:center\">JP-013F<\/td>\n<td style=\"text-align:center\">110V\/220V\/240V<\/td>\n<td style=\"text-align:center\">50Hz\/60Hz<\/td>\n<td style=\"text-align:center\">8w<\/td>\n<td style=\"text-align:center\">1,0m<\/td>\n<td style=\"text-align:center\">600L\/h<\/td>\n<td style=\"text-align:center\">1,5m<\/td>\n<td style=\"text-align:center\">0,3kg<\/td>\n<td style=\"text-align:center\">58*41*167<\/td>\n<\/tr>\n<tr>\n<td style=\"text-align:center\"><span style=\"background-color:#ffff00\">JP-014F<\/span><\/td>\n<td style=\"text-align:center\"><span style=\"background-color:#ffff00\">110V\/220V\/240V<\/span><\/td>\n<td style=\"text-align:center\"><span style=\"background-color:#ffff00\">50Hz\/60Hz<\/span><\/td>\n<td style=\"text-align:center\"><span style=\"background-color:#ffff00\">16w<\/span><\/td>\n<td style=\"text-align:center\"><span style=\"background-color:#ffff00\">1,4 m<\/span><\/td>\n<td style=\"text-align:center\"><span style=\"background-color:#ffff00\">800L\/h<\/span><\/td>\n<td style=\"text-align:center\"><span style=\"background-color:#ffff00\">1,5 m<\/span><\/td>\n<td style=\"text-align:center\"><span style=\"background-color:#ffff00\">0,6 kg<\/span><\/td>\n<td style=\"text-align:center\"><span style=\"background-color:#ffff00\">71*50*209<\/span><\/td>\n<\/tr>\n<\/tbody>\n<\/table>\n<p data-section-blank=\"AliPostDhMb-qyh4y\"><span style=\"font-size:16px\"><img decoding=\"async\" alt=\"JP-013F.jpg\" src=\"http:\/\/localhost\/media\/import\/detail\/HTB1qn7fGXXXXXbaXXXXq6xXFXXX0.jpg\"><\/span><\/p>\n<p style=\"text-align:center\" data-section-blank=\"AliPostDhMb-qyh4y\">&#8212;&#8212;&#8212;&#8212;&#8212;&#8212;&#8212;&#8212;&#8212;&#8212;&#8212;&#8212;&#8212;&#8212;&#8212;&#8212;&#8212;&#8212;&#8212;&#8212;&#8212;&#8212;&#8212;&#8212;&#8212;&#8212;&#8212;&#8212;&#8212;&#8212;&#8212;&#8212;&#8212;&#8212;&#8211;<\/p>\n<p data-section-blank=\"AliPostDhMb-qyh4y\"><img decoding=\"async\" alt=\"01.jpg\" src=\"http:\/\/localhost\/media\/import\/detail\/HTB1B3ZdGXXXXXXlXpXXq6xXFXXXE.jpg\"><\/p>\n<p style=\"text-align:center\" data-section-blank=\"AliPostDhMb-qyh4y\">&#8212;&#8212;&#8212;&#8212;&#8212;&#8212;&#8212;&#8212;&#8212;&#8212;&#8212;&#8212;&#8212;&#8212;&#8212;&#8212;&#8212;&#8212;&#8212;&#8212;&#8212;&#8212;&#8212;&#8212;&#8212;&#8212;&#8212;&#8212;&#8212;&#8212;&#8212;&#8212;&#8212;&#8212;&#8212;<img decoding=\"async\" alt=\"02.jpg\" src=\"http:\/\/localhost\/media\/import\/detail\/HTB1G0r8GXXXXXXwXVXXq6xXFXXXn.jpg\"><\/p>\n<p style=\"text-align:center\" data-section-blank=\"AliPostDhMb-qyh4y\">&#8212;&#8212;&#8212;&#8212;&#8212;&#8212;&#8212;&#8212;&#8212;&#8212;&#8212;&#8212;&#8212;&#8212;&#8212;&#8212;&#8212;&#8212;&#8212;&#8212;&#8212;&#8212;&#8212;&#8212;&#8212;&#8212;&#8212;&#8212;&#8212;&#8212;&#8212;&#8212;&#8212;&#8212;&#8212;<img decoding=\"async\" alt=\"03.jpg\" src=\"http:\/\/localhost\/media\/import\/detail\/HTB1dh.cGXXXXXayXpXXq6xXFXXXG.jpg\"><\/p>\n<p style=\"text-align:center\" data-section-blank=\"AliPostDhMb-qyh4y\">&#8212;&#8212;&#8212;&#8212;&#8212;&#8212;&#8212;&#8212;&#8212;&#8212;&#8212;&#8212;&#8212;&#8212;&#8212;&#8212;&#8212;&#8212;&#8212;&#8212;&#8212;&#8212;&#8212;&#8212;&#8212;&#8212;&#8212;&#8212;&#8212;&#8212;&#8212;&#8212;&#8212;&#8212;&#8212;<img decoding=\"async\" alt=\"04.jpg\" src=\"http:\/\/localhost\/media\/import\/detail\/HTB1ybMbGXXXXXbzXpXXq6xXFXXX1.jpg\"><\/p>\n<p style=\"text-align:center\" data-section-blank=\"AliPostDhMb-qyh4y\">&#8212;&#8212;&#8212;&#8212;&#8212;&#8212;&#8212;&#8212;&#8212;&#8212;&#8212;&#8212;&#8212;&#8212;&#8212;&#8212;&#8212;&#8212;&#8212;&#8212;&#8212;&#8212;&#8212;&#8212;&#8212;&#8212;&#8212;&#8212;&#8212;&#8212;&#8212;&#8212;&#8212;&#8212;&#8212;<img decoding=\"async\" alt=\"05.jpg\" src=\"http:\/\/localhost\/media\/import\/detail\/HTB1YKsdGXXXXXXuXpXXq6xXFXXXa.jpg\"><\/p>\n<p style=\"text-align:center\" data-section-blank=\"AliPostDhMb-qyh4y\">&#8212;&#8212;&#8212;&#8212;&#8212;&#8212;&#8212;&#8212;&#8212;&#8212;&#8212;&#8212;&#8212;&#8212;&#8212;&#8212;&#8212;&#8212;&#8212;&#8212;&#8212;&#8212;&#8212;&#8212;&#8212;&#8212;&#8212;&#8212;&#8212;&#8212;&#8212;&#8212;&#8212;&#8212;&#8212;<img decoding=\"async\" alt=\"06.jpg\" src=\"http:\/\/localhost\/media\/import\/detail\/HTB1xBsgGXXXXXaSXXXXq6xXFXXXU.jpg\"><\/p>\n<p style=\"text-align:center\" data-section-blank=\"AliPostDhMb-qyh4y\">&#8212;&#8212;&#8212;&#8212;&#8212;&#8212;&#8212;&#8212;&#8212;&#8212;&#8212;&#8212;&#8212;&#8212;&#8212;&#8212;&#8212;&#8212;&#8212;&#8212;&#8212;&#8212;&#8212;&#8212;&#8212;&#8212;&#8212;&#8212;&#8212;&#8212;&#8212;&#8212;&#8212;&#8212;&#8212;&#8212;&#8212;&#8212;&#8212;&#8212;<\/p>\n<p data-section-blank=\"AliPostDhMb-m1k1j\">\n","protected":false},"excerpt":{"rendered":"<p>SUNSUN JP-014F pompe de Filtration de filtre de r\u00e9servoir de poissons d&rsquo;aquarium Submersible JP-014F<\/p>\n","protected":false},"featured_media":5392,"comment_status":"open","ping_status":"closed","template":"","meta":[],"product_brand":[],"product_cat":[1338],"product_tag":[],"class_list":{"0":"post-38973","1":"product","2":"type-product","3":"status-publish","4":"has-post-thumbnail","6":"product_cat-filtres-pour-aquariums","8":"first","9":"instock","10":"shipping-taxable","11":"purchasable","12":"product-type-simple"},"_links":{"self":[{"href":"https:\/\/www.myaquastore.com\/fr\/wp-json\/wp\/v2\/product\/38973","targetHints":{"allow":["GET"]}}],"collection":[{"href":"https:\/\/www.myaquastore.com\/fr\/wp-json\/wp\/v2\/product"}],"about":[{"href":"https:\/\/www.myaquastore.com\/fr\/wp-json\/wp\/v2\/types\/product"}],"replies":[{"embeddable":true,"href":"https:\/\/www.myaquastore.com\/fr\/wp-json\/wp\/v2\/comments?post=38973"}],"wp:featuredmedia":[{"embeddable":true,"href":"https:\/\/www.myaquastore.com\/fr\/wp-json\/wp\/v2\/media\/5392"}],"wp:attachment":[{"href":"https:\/\/www.myaquastore.com\/fr\/wp-json\/wp\/v2\/media?parent=38973"}],"wp:term":[{"taxonomy":"product_brand","embeddable":true,"href":"https:\/\/www.myaquastore.com\/fr\/wp-json\/wp\/v2\/product_brand?post=38973"},{"taxonomy":"product_cat","embeddable":true,"href":"https:\/\/www.myaquastore.com\/fr\/wp-json\/wp\/v2\/product_cat?post=38973"},{"taxonomy":"product_tag","embeddable":true,"href":"https:\/\/www.myaquastore.com\/fr\/wp-json\/wp\/v2\/product_tag?post=38973"}],"curies":[{"name":"wp","href":"https:\/\/api.w.org\/{rel}","templated":true}]}}