{"id":38990,"date":"2016-09-25T23:28:27","date_gmt":"2016-09-25T23:28:27","guid":{"rendered":"https:\/\/www.myaquastore.com\/product\/pompe-submersible-pour-aquarium-sunsun-a-haut-debit-35-m-5000l-h-jp-058\/"},"modified":"2025-03-16T09:00:02","modified_gmt":"2025-03-16T09:00:02","slug":"pompe-submersible-pour-aquarium-sunsun-a-haut-debit-35-m-5000l-h-jp-058","status":"publish","type":"product","link":"https:\/\/www.myaquastore.com\/fr\/product\/pompe-submersible-pour-aquarium-sunsun-a-haut-debit-35-m-5000l-h-jp-058\/","title":{"rendered":"Pompe submersible pour aquarium SUNSUN \u00e0 haut d\u00e9bit 3,5 m 5000L\/h JP-058"},"content":{"rendered":"<div style=\"clear:both\"><\/div>\n<p style=\"text-align:center\">\n<div id=\"ali-anchor-AliPostDhMb-fp48e\" style=\"padding-top:8px\" data-section-title=\"start\" data-section=\"AliPostDhMb-fp48e\">\n<div id=\"ali-title-AliPostDhMb-fp48e\" style=\"border-bottom:#ddd 1px solid;padding-bottom:8px;padding-top:8px;padding-left:0px;padding-right:0px\"><span style=\"font-weight:bold;color:#333;padding-bottom:8px;padding-top:8px;padding-left:10px;line-height:12px;padding-right:10px;background-color:#ddd\"><\/span><\/div>\n<div style=\"padding-bottom:10px;padding-top:10px;padding-left:0px;padding-right:0px\">\n<p><span> <\/span><\/p>\n<\/div>\n<\/div>\n<p style=\"text-align:center\">\n<p style=\"text-align:left\"><span style=\"font-size:24px;color:#000000\"><strong><em><span style=\"font-family:'comic sans ms', sans-serif;background-color:#ffff00\">Pompe submersible pour aquarium SUNSUN \u00e0 haut d\u00e9bit 3,5 m 5000 L\/h <\/span><\/em><\/strong><strong><\/strong> <\/span><\/p>\n<p style=\"text-align:left\"><strong><span style=\"font-size:18px;color:#ff9900\">1. pompe submersible Description du produit<\/span><\/strong><\/p>\n<\/p>\n<p><span style=\"font-size:10.5pt;font-family:'Times New Roman';color:#000000\">1. Cette pompe regroupe le pompage, la filtration, l&rsquo;a\u00e9ration et la cr\u00e9ation d&rsquo;une fontaine en un seul.<\/span><\/p>\n<\/p>\n<p><span style=\"font-size:10.5pt;font-family:'Times New Roman';color:#000000\">2. Il peut \u00eatre utilis\u00e9 pour de nombreuses applications diff\u00e9rentes, telles que les objets d&rsquo;art, la climatisation, les aquariums, les rocailles.<\/span><\/p>\n<\/p>\n<p><span style=\"font-size:10.5pt;font-family:'Times New Roman';color:#000000\">3. Il est facilement cach\u00e9, fabriqu\u00e9 \u00e0 partir de particules ABS de qualit\u00e9 sup\u00e9rieure.<\/span> <\/p>\n<\/p>\n<p><strong> <\/strong><\/p>\n<p><strong><span style=\"font-size:18px;font-family:comic sans ms, sans-serif;color:#ff9900;background-color:#ffffff\">2. D\u00e9tails de la pompe submersible JP-058<\/span><\/strong><\/p>\n<\/p>\n<table class=\"aliDataTable\">\n<tbody>\n<tr align=\"left\">\n<td style=\"text-align:center;width:53.25pt\" valign=\"top\">\n<p><span style=\"font-size:14px;font-family:times new roman,times\">Mod\u00e8le<\/span><\/p>\n<\/td>\n<td style=\"text-align:center;width:53.25pt\" valign=\"top\">\n<p><span style=\"font-size:14px;font-family:times new roman,times\">Tension<\/span><\/p>\n<\/td>\n<td style=\"text-align:center;width:53.25pt\" valign=\"top\">\n<p><span style=\"font-size:14px;font-family:times new roman,times\">Fr\u00e9quence<\/span><\/p>\n<\/td>\n<td style=\"text-align:center;width:53.25pt\" valign=\"top\">\n<p><span style=\"font-size:14px;font-family:times new roman,times\">Puissance<\/span><\/p>\n<\/td>\n<td style=\"text-align:center;width:53.25pt\" valign=\"top\">\n<p><span style=\"font-size:14px;font-family:times new roman,times\">H-max<\/span><\/p>\n<\/td>\n<td style=\"text-align:center;width:53.25pt\" valign=\"top\">\n<p><span style=\"font-size:14px;font-family:times new roman,times\">Sortie<\/span><\/p>\n<\/td>\n<td style=\"text-align:center;width:53.3pt\" valign=\"top\">\n<p><span style=\"font-size:14px;font-family:times new roman,times\">Poids<\/span><\/p>\n<\/td>\n<td style=\"text-align:center;width:53.3pt\" valign=\"top\">\n<p><span style=\"font-size:14px;font-family:times new roman,times\"> Dimensions<\/span><\/p>\n<\/td>\n<\/tr>\n<tr align=\"left\">\n<td style=\"text-align:center\" valign=\"top\">\n<p><span style=\"font-size:14px;font-family:times new roman,times;color:#000000\">JP-052<\/span><\/p>\n<\/td>\n<td style=\"text-align:center\" valign=\"top\">\n<p><span style=\"font-size:14px;font-family:times new roman,times\">110V\/220V\/240V<\/span><\/p>\n<\/td>\n<td style=\"text-align:center\" valign=\"top\">\n<p><span style=\"font-size:14px;font-family:times new roman,times\">50 Hz\/60 Hz<\/span><\/p>\n<\/td>\n<td style=\"text-align:center\" valign=\"top\">\n<p><span style=\"font-size:14px;font-family:times new roman,times\">6W<\/span><\/p>\n<\/td>\n<td style=\"text-align:center\" valign=\"top\">\n<p><span style=\"font-size:14px;font-family:times new roman,times\">0,75 m<\/span><\/p>\n<\/td>\n<td style=\"text-align:center\" valign=\"top\">\n<p><span style=\"font-size:14px;font-family:times new roman,times\">450L\/h<\/span><\/p>\n<\/td>\n<td style=\"text-align:center\" valign=\"top\">\n<p><span style=\"font-size:14px;font-family:times new roman,times\">0,3 kg<\/span><\/p>\n<\/td>\n<td style=\"text-align:center\" valign=\"top\">\n<p><span style=\"font-size:14px;font-family:times new roman,times\">77*62*58mm<\/span><\/p>\n<\/td>\n<\/tr>\n<tr align=\"left\">\n<td style=\"text-align:center\" valign=\"top\">\n<p><span style=\"color:#000000\"><span style=\"font-size:14px;font-family:times new roman,times\">JP-053<\/span><\/span><\/p>\n<\/td>\n<td style=\"text-align:center\" valign=\"top\">\n<p><span style=\"font-size:14px;font-family:times new roman,times\">110V\/220V\/240V<\/span><\/p>\n<\/td>\n<td style=\"text-align:center\" valign=\"top\">\n<p><span style=\"font-size:14px;font-family:times new roman,times\">50 Hz\/60 Hz<\/span><\/p>\n<\/td>\n<td style=\"text-align:center\" valign=\"top\">\n<p><span style=\"font-size:14px;font-family:times new roman,times\">10W<\/span><\/p>\n<\/td>\n<td style=\"text-align:center\" valign=\"top\">\n<p><span style=\"font-size:14px;font-family:times new roman,times\">1,2\u00a0m<\/span><\/p>\n<\/td>\n<td style=\"text-align:center\" valign=\"top\">\n<p><span style=\"font-size:14px;font-family:times new roman,times\">700L\/h<\/span><\/p>\n<\/td>\n<td style=\"text-align:center\" valign=\"top\">\n<p><span style=\"font-size:14px;font-family:times new roman,times\">0,4 kg<\/span><\/p>\n<\/td>\n<td style=\"text-align:center\" valign=\"top\">\n<p><span style=\"font-size:14px;font-family:times new roman,times\">81*70*64mm<\/span><\/p>\n<\/td>\n<\/tr>\n<tr align=\"left\">\n<td style=\"text-align:center\" valign=\"top\">\n<p><span style=\"color:#000000\"><span style=\"font-size:14px;font-family:times new roman,times\">JP-054<\/span><\/span><\/p>\n<\/td>\n<td style=\"text-align:center\" valign=\"top\">\n<p><span style=\"font-size:14px;font-family:times new roman,times\">110V\/220V\/240V<\/span><\/p>\n<\/td>\n<td style=\"text-align:center\" valign=\"top\">\n<p><span style=\"font-size:14px;font-family:times new roman,times\">50 Hz\/60 Hz<\/span><\/p>\n<\/td>\n<td style=\"text-align:center\" valign=\"top\">\n<p><span style=\"font-size:14px;font-family:times new roman,times\">14W<\/span><\/p>\n<\/td>\n<td style=\"text-align:center\" valign=\"top\">\n<p><span style=\"font-size:14px;font-family:times new roman,times\">1,6\u00a0m<\/span><\/p>\n<\/td>\n<td style=\"text-align:center\" valign=\"top\">\n<p><span style=\"font-size:14px;font-family:times new roman,times\">900L\/h<\/span><\/p>\n<\/td>\n<td style=\"text-align:center\" valign=\"top\">\n<p><span style=\"font-size:14px;font-family:times new roman,times\">0,5 kg<\/span><\/p>\n<\/td>\n<td style=\"text-align:center\" valign=\"top\">\n<p><span style=\"font-size:14px;font-family:times new roman,times\">87*72*70mm<\/span><\/p>\n<\/td>\n<\/tr>\n<tr align=\"left\">\n<td style=\"text-align:center\" valign=\"top\">\n<p><span style=\"color:#000000\"><span style=\"font-size:14px;font-family:times new roman,times\">JP-055<\/span><\/span><\/p>\n<\/td>\n<td style=\"text-align:center\" valign=\"top\">\n<p><span style=\"font-size:14px;font-family:times new roman,times\">110V\/220V\/240V<\/span><\/p>\n<\/td>\n<td style=\"text-align:center\" valign=\"top\">\n<p><span style=\"font-size:14px;font-family:times new roman,times\">50 Hz\/60 Hz<\/span><\/p>\n<\/td>\n<td style=\"text-align:center\" valign=\"top\">\n<p><span style=\"font-size:14px;font-family:times new roman,times\">20W<\/span><\/p>\n<\/td>\n<td style=\"text-align:center\" valign=\"top\">\n<p><span style=\"font-size:14px;font-family:times new roman,times\">2,0\u00a0m<\/span><\/p>\n<\/td>\n<td style=\"text-align:center\" valign=\"top\">\n<p><span style=\"font-size:14px;font-family:times new roman,times\">1200L\/h<\/span><\/p>\n<\/td>\n<td style=\"text-align:center\" valign=\"top\">\n<p><span style=\"font-size:14px;font-family:times new roman,times\">0,6 kg<\/span><\/p>\n<\/td>\n<td style=\"text-align:center\" valign=\"top\">\n<p><span style=\"font-size:14px;font-family:times new roman,times\">110*80*84mm<\/span><\/p>\n<\/td>\n<\/tr>\n<tr align=\"left\">\n<td style=\"text-align:center\" valign=\"top\">\n<p><span style=\"color:#000000\"><span style=\"font-size:14px;font-family:times new roman,times\">JP-056<\/span><\/span><\/p>\n<\/td>\n<td style=\"text-align:center\" valign=\"top\">\n<p><span style=\"font-size:14px;font-family:times new roman,times\">110V\/220V\/240V<\/span><\/p>\n<\/td>\n<td style=\"text-align:center\" valign=\"top\">\n<p><span style=\"font-size:14px;font-family:times new roman,times\">50 Hz\/60 Hz<\/span><\/p>\n<\/td>\n<td style=\"text-align:center\" valign=\"top\">\n<p><span style=\"font-size:14px;font-family:times new roman,times\">40W<\/span><\/p>\n<\/td>\n<td style=\"text-align:center\" valign=\"top\">\n<p><span style=\"font-size:14px;font-family:times new roman,times\">2,4\u00a0m<\/span><\/p>\n<\/td>\n<td style=\"text-align:center\" valign=\"top\">\n<p><span style=\"font-size:14px;font-family:times new roman,times\">2700L\/h<\/span><\/p>\n<\/td>\n<td style=\"text-align:center\" valign=\"top\">\n<p><span style=\"font-size:14px;font-family:times new roman,times\">1,25 kg<\/span><\/p>\n<\/td>\n<td style=\"text-align:center\" valign=\"top\">\n<p><span style=\"font-size:14px;font-family:times new roman,times\">126*101*102mm<\/span><\/p>\n<\/td>\n<\/tr>\n<tr align=\"left\">\n<td style=\"text-align:center\" valign=\"top\">\n<p><span style=\"color:#000000\"><span style=\"font-size:14px;font-family:times new roman,times\">JP-057<\/span><\/span><\/p>\n<\/td>\n<td style=\"text-align:center\" valign=\"top\">\n<p><span style=\"font-size:14px;font-family:times new roman,times\">220V\/240V<\/span><\/p>\n<\/td>\n<td style=\"text-align:center\" valign=\"top\">\n<p><span style=\"font-size:14px;font-family:times new roman,times\">50 Hz<\/span><\/p>\n<\/td>\n<td style=\"text-align:center\" valign=\"top\">\n<p><span style=\"font-size:14px;font-family:times new roman,times\">50W<\/span><\/p>\n<\/td>\n<td style=\"text-align:center\" valign=\"top\">\n<p><span style=\"font-size:14px;font-family:times new roman,times\">2,7\u00a0m<\/span><\/p>\n<\/td>\n<td style=\"text-align:center\" valign=\"top\">\n<p><span style=\"font-size:14px;font-family:times new roman,times\">3500L\/h<\/span><\/p>\n<\/td>\n<td style=\"text-align:center\" valign=\"top\">\n<p><span style=\"font-size:14px;font-family:times new roman,times\">1,4 kg<\/span><\/p>\n<\/td>\n<td style=\"text-align:center\" valign=\"top\">\n<p><span style=\"font-size:14px;font-family:times new roman,times\">130*110*105mm<\/span><\/p>\n<\/td>\n<\/tr>\n<tr align=\"left\">\n<td style=\"text-align:center\" valign=\"top\">\n<p><span style=\"color:#ff6600\"><strong><span style=\"font-size:14px;font-family:times new roman,times\">JP-058<\/span><\/strong><\/span><\/p>\n<\/td>\n<td style=\"text-align:center\" valign=\"top\">\n<p><span style=\"font-size:14px;font-family:times new roman,times\">220V\/240V<\/span><\/p>\n<\/td>\n<td style=\"text-align:center\" valign=\"top\">\n<p><span style=\"font-size:14px;font-family:times new roman,times\">50 Hz<\/span><\/p>\n<\/td>\n<td style=\"text-align:center\" valign=\"top\">\n<p><span style=\"font-size:14px;font-family:times new roman,times\">80W<\/span><\/p>\n<\/td>\n<td style=\"text-align:center\" valign=\"top\">\n<p><span style=\"font-size:14px;font-family:times new roman,times\">3,5\u00a0m<\/span><\/p>\n<\/td>\n<td style=\"text-align:center\" valign=\"top\">\n<p><span style=\"font-size:14px;font-family:times new roman,times\">5000L\/h<\/span><\/p>\n<\/td>\n<td style=\"text-align:center\" valign=\"top\">\n<p><span style=\"font-size:14px;font-family:times new roman,times\">1,9 kg<\/span><\/p>\n<\/td>\n<td style=\"text-align:center\" valign=\"top\">\n<p><span style=\"font-size:14px;font-family:times new roman,times\">168*124*142mm<\/span><\/p>\n<\/td>\n<\/tr>\n<tr align=\"left\">\n<td style=\"text-align:center\" valign=\"top\">\n<p><span style=\"font-size:14px;font-family:times new roman,times\">JP-059<\/span><\/p>\n<\/td>\n<td style=\"text-align:center\" valign=\"top\">\n<p><span style=\"font-size:14px;font-family:times new roman,times\">220V\/240V<\/span><\/p>\n<\/td>\n<td style=\"text-align:center\" valign=\"top\">\n<p><span style=\"font-size:14px;font-family:times new roman,times\">50 Hz<\/span><\/p>\n<\/td>\n<td style=\"text-align:center\" valign=\"top\">\n<p><span style=\"font-size:14px;font-family:times new roman,times\">100W<\/span><\/p>\n<\/td>\n<td style=\"text-align:center\" valign=\"top\">\n<p><span style=\"font-size:14px;font-family:times new roman,times\">4,0\u00a0m<\/span><\/p>\n<\/td>\n<td style=\"text-align:center\" valign=\"top\">\n<p><span style=\"font-size:14px;font-family:times new roman,times\">5800L\/h<\/span><\/p>\n<\/td>\n<td style=\"text-align:center\" valign=\"top\">\n<p><span style=\"font-size:14px;font-family:times new roman,times\">3,3 kg<\/span><\/p>\n<\/td>\n<td style=\"text-align:center\" valign=\"top\">\n<p><span style=\"font-size:14px;font-family:times new roman,times\">180*140*140mm<\/span><\/p>\n<\/td>\n<\/tr>\n<\/tbody>\n<\/table>\n<p> <img loading=\"lazy\" decoding=\"async\" alt=\"SUNSUN Haut D\u00e9bit 3,5 m 5000L\/h Pompe Submersible pour Aquarium\" src=\"http:\/\/localhost\/media\/import\/detail\/693055322_865.jpg\" width=\"600\" height=\"600\"><\/p>\n<\/p>\n<\/p>\n<p><span style=\"color:#ff9900;background-color:#ffffff\"><strong><span style=\"font-size:18px;font-family:comic sans ms, sans-serif\">3. Autres nos pompes submersibles pour aquarium SUNSUN pour votre r\u00e9f\u00e9rence <\/span><\/strong><\/span><\/p>\n<\/p>\n<p><span style=\"color:#ff9900;background-color:#ffffff\"><strong><span style=\"font-size:18px;font-family:comic sans ms, sans-serif\"><img loading=\"lazy\" decoding=\"async\" alt=\"SUNSUN High Flow 3.5m 5000L\/h Pompe submersible pour aquarium\" src=\"http:\/\/localhost\/media\/import\/detail\/691925856_935.jpg\" width=\"600\" height=\"600\"><img loading=\"lazy\" decoding=\"async\" alt=\"SUNSUN High Flow 3.5m 5000L\/h Pompe submersible pour aquarium\" src=\"http:\/\/localhost\/media\/import\/detail\/535381519_104.jpg\" width=\"600\" height=\"600\"><\/span><\/strong><\/span><\/p>\n<\/p>\n<p><span style=\"color:#ff9900;background-color:#ffffff\"><strong><span style=\"font-size:18px;font-family:comic sans ms, sans-serif\"><img loading=\"lazy\" decoding=\"async\" alt=\"SUNSUN Haut D\u00e9bit 3,5 m 5000L\/h Pompe Submersible pour Aquarium\" src=\"http:\/\/localhost\/media\/import\/detail\/691937889_115.jpg\" width=\"600\" height=\"600\"><\/span><\/strong><\/span><\/p>\n<\/p>\n<div style=\"clear:both\"><\/div>\n","protected":false},"excerpt":{"rendered":"<p>Pompe submersible pour aquarium SUNSUN \u00e0 haut d\u00e9bit 3,5 m 5000L\/h JP-058<\/p>\n","protected":false},"featured_media":5425,"comment_status":"open","ping_status":"closed","template":"","meta":[],"product_brand":[],"product_cat":[1380],"product_tag":[],"class_list":{"0":"post-38990","1":"product","2":"type-product","3":"status-publish","4":"has-post-thumbnail","6":"product_cat-pompes-a-eau-et-amp-tetes-motrices","8":"first","9":"instock","10":"shipping-taxable","11":"purchasable","12":"product-type-simple"},"_links":{"self":[{"href":"https:\/\/www.myaquastore.com\/fr\/wp-json\/wp\/v2\/product\/38990","targetHints":{"allow":["GET"]}}],"collection":[{"href":"https:\/\/www.myaquastore.com\/fr\/wp-json\/wp\/v2\/product"}],"about":[{"href":"https:\/\/www.myaquastore.com\/fr\/wp-json\/wp\/v2\/types\/product"}],"replies":[{"embeddable":true,"href":"https:\/\/www.myaquastore.com\/fr\/wp-json\/wp\/v2\/comments?post=38990"}],"wp:featuredmedia":[{"embeddable":true,"href":"https:\/\/www.myaquastore.com\/fr\/wp-json\/wp\/v2\/media\/5425"}],"wp:attachment":[{"href":"https:\/\/www.myaquastore.com\/fr\/wp-json\/wp\/v2\/media?parent=38990"}],"wp:term":[{"taxonomy":"product_brand","embeddable":true,"href":"https:\/\/www.myaquastore.com\/fr\/wp-json\/wp\/v2\/product_brand?post=38990"},{"taxonomy":"product_cat","embeddable":true,"href":"https:\/\/www.myaquastore.com\/fr\/wp-json\/wp\/v2\/product_cat?post=38990"},{"taxonomy":"product_tag","embeddable":true,"href":"https:\/\/www.myaquastore.com\/fr\/wp-json\/wp\/v2\/product_tag?post=38990"}],"curies":[{"name":"wp","href":"https:\/\/api.w.org\/{rel}","templated":true}]}}