{"id":39035,"date":"2016-09-25T23:28:27","date_gmt":"2016-09-25T23:28:27","guid":{"rendered":"https:\/\/www.myaquastore.com\/product\/pompe-submersible-darrosage-de-jardin-offre-speciale-ylb-5000a\/"},"modified":"2025-03-16T09:06:03","modified_gmt":"2025-03-16T09:06:03","slug":"pompe-submersible-darrosage-de-jardin-offre-speciale-ylb-5000a","status":"publish","type":"product","link":"https:\/\/www.myaquastore.com\/fr\/product\/pompe-submersible-darrosage-de-jardin-offre-speciale-ylb-5000a\/","title":{"rendered":"Pompe submersible d&rsquo;arrosage de jardin, offre sp\u00e9ciale, YLB-5000A"},"content":{"rendered":"<div style=\"clear:both\"><\/div>\n<p><strong><em><span style=\"font-size:18px\"><span style=\"color:#ff0000\"><span style=\"font-size:24px\">Offre sp\u00e9ciale pompe submersible d&rsquo;arrosage de jardin YLB-5000A <\/span> <\/span><\/span><\/em><\/strong><strong><em><span style=\"font-size:18px\"><span style=\"color:#ff0000\"> <\/span><span style=\"color:#ff0000\"><br \/><\/span><\/span><\/em><\/strong><\/p>\n<\/p>\n<div id=\"ali-anchor-AliPostDhMb-dvtzs\" style=\"padding-top:8px\" data-section-title=\"Description du produit\" data-section=\"AliPostDhMb-dvtzs\">\n<div id=\"ali-title-AliPostDhMb-dvtzs\" style=\"border-bottom:#ddd 1px solid;padding-bottom:8px;padding-top:8px;padding-left:0px;padding-right:0px\"><span style=\"font-weight:bold;color:#333;padding-bottom:8px;padding-top:8px;padding-left:10px;line-height:12px;padding-right:10px;background-color:#ddd\">Description du produit<\/span><\/div>\n<div style=\"padding-bottom:10px;padding-top:10px;padding-left:0px;padding-right:0px\">\n<\/div>\n<\/div>\n<p><span style=\"color:#ff0000\"><span style=\"font-size:12px;color:#000000\">1. Le rotor est fabriqu\u00e9 dans un <em><strong>mat\u00e9riau sp\u00e9cial, facile \u00e0 d\u00e9marrer et \u00e0 faible consommation d&rsquo;\u00e9nergie<\/strong><\/em>. <\/span><\/span><\/p>\n<p><span style=\"font-size:12px;color:#ff0000\"><span style=\"color:#000000\">2. Arbre et localisateur d&rsquo;arbre en c\u00e9ramique de haute qualit\u00e9, <em><strong>durable et peu bruyant<\/strong><\/em>.<\/span><\/span><\/p>\n<p><span style=\"font-size:12px;color:#ff0000\"><span style=\"color:#000000\">3. Moteur enti\u00e8rement scell\u00e9 et \u00e9tanche,<em><strong>s\u00fbr et fiable<\/strong><\/em><\/span><\/span><span style=\"font-size:12px\"><span style=\"color:#ff0000\"><span style=\"color:#000000\">.<\/span><\/span><\/span><\/p>\n<\/p>\n<p><span style=\"font-size:12px;color:#ff0000\"><span style=\"color:#000000\">4. <em><strong>moteur asynchrone standard de haute performance avec un nouveau design et une \u00e9conomie d&rsquo;\u00e9nergie jusqu&rsquo;\u00e0 50\u00a0%<\/strong><\/em><\/span><\/span><\/p>\n<p><em><strong>qu&rsquo;avant<\/strong><\/em>.<\/p>\n<p>5. Protection de l&rsquo;interrupteur \u00e0 flotteur, <em><strong>utilisation plus s\u00fbre<\/strong><\/em>.<\/p>\n<p>6. <em><strong>Jardin d&rsquo;eau<\/strong><strong>, faire circuler l&rsquo;eau dans les rocailles, fournir et \u00e9vacuer l&rsquo;eau dans la piscine.<\/strong><\/em>.<\/p>\n<\/p>\n<p><strong><span style=\"font-size:14px\"><span style=\"color:#ff0000\"><span style=\"color:#000000\">Param\u00e8tres des pompes d&rsquo;arrosage de jardin de la s\u00e9rie YLB<\/span><\/span><\/span><\/strong> <\/p>\n<table class=\"aliDataTable\">\n<tbody>\n<tr align=\"left\">\n<td style=\"background:#ffffff;width:67.85pt\" valign=\"middle\">\n<p style=\"background:#ffffff\"><span style=\"font-size:14px;font-family:'Verdana';background:#ffffff;color:#000000\">Mod\u00e8le<\/span><\/p>\n<\/td>\n<td style=\"background:#ffffff;width:63pt\" valign=\"middle\">\n<p style=\"background:#ffffff\"><span style=\"font-size:14px;font-family:'Verdana';background:#ffffff;color:#000000\">Tension<\/span><\/p>\n<\/td>\n<td style=\"background:#ffffff;width:62.25pt\" valign=\"middle\">\n<p style=\"background:#ffffff\"><span style=\"font-size:14px;font-family:'Verdana';background:#ffffff;color:#000000\">Fr\u00e9quence<\/span><\/p>\n<\/td>\n<td style=\"background:#ffffff;width:39.75pt\" valign=\"middle\">\n<p style=\"background:#ffffff\"><span style=\"font-size:14px;font-family:'Verdana';background:#ffffff;color:#000000\">Puissance<\/span><\/p>\n<\/td>\n<td style=\"background:#ffffff;width:42.65pt\" valign=\"middle\">\n<p style=\"background:#ffffff\"><span style=\"font-size:14px;font-family:'Verdana';background:#ffffff;color:#000000\">H-max<\/span><\/p>\n<\/td>\n<td style=\"background:#ffffff;width:55.7pt\" valign=\"middle\">\n<p style=\"background:#ffffff\"><span style=\"font-size:14px;font-family:'Verdana';background:#ffffff;color:#000000\">Sortie<\/span><\/p>\n<\/td>\n<td style=\"background:#ffffff;width:99.05pt\" valign=\"middle\">\n<p style=\"background:#ffffff\"><span style=\"font-size:14px;font-family:'Verdana';background:#ffffff;color:#000000\">Dimensions<\/span><\/p>\n<\/td>\n<\/tr>\n<tr align=\"left\">\n<td style=\"background:#ffffff\" valign=\"middle\">\n<p style=\"background:#ffffff\"><span style=\"font-size:14px;font-family:'Verdana';background:#ffffff;color:#000000\">YLB-5000A<\/span><\/p>\n<\/td>\n<td style=\"background:#ffffff\" valign=\"middle\">\n<p style=\"background:#ffffff\"><span style=\"font-size:14px;font-family:'Verdana';background:#ffffff;color:#000000\">110V\/240V<\/span><\/p>\n<\/td>\n<td style=\"background:#ffffff\" valign=\"middle\">\n<p style=\"background:#ffffff\"><span style=\"font-size:14px;font-family:'Verdana';background:#ffffff;color:#000000\">50Hz\/60Hz<\/span><\/p>\n<\/td>\n<td style=\"background:#ffffff\" valign=\"middle\">\n<p style=\"background:#ffffff\"><span style=\"font-size:14px;font-family:'Verdana';background:#ffffff;color:#000000\">95W<\/span><\/p>\n<\/td>\n<td style=\"background:#ffffff\" valign=\"middle\">\n<p style=\"background:#ffffff\"><span style=\"font-size:14px;font-family:'Verdana';background:#ffffff;color:#000000\">4,2 m<\/span><\/p>\n<\/td>\n<td style=\"background:#ffffff\" valign=\"middle\">\n<p style=\"background:#ffffff\"><span style=\"font-size:14px;font-family:'Verdana';background:#ffffff;color:#000000\">8000L\/h<\/span><\/p>\n<\/td>\n<td style=\"background:#ffffff\" valign=\"middle\">\n<p style=\"background:#ffffff\"><span style=\"font-size:14px;font-family:'Verdana';background:#ffffff;color:#000000\">200*110*139mm<\/span><\/p>\n<\/td>\n<\/tr>\n<tr align=\"left\">\n<td style=\"background:#ffffff\" valign=\"middle\">\n<p style=\"background:#ffffff\"><span style=\"font-size:14px;font-family:'Verdana';background:#ffffff;color:#000000\">YLB-5500A<\/span><\/p>\n<\/td>\n<td style=\"background:#ffffff\" valign=\"middle\">\n<p style=\"background:#ffffff\"><span style=\"font-size:14px;font-family:'Verdana';background:#ffffff;color:#000000\">110V\/240V<\/span><\/p>\n<\/td>\n<td style=\"background:#ffffff\" valign=\"middle\">\n<p style=\"background:#ffffff\"><span style=\"font-size:14px;font-family:'Verdana';background:#ffffff;color:#000000\">50Hz\/60Hz<\/span><\/p>\n<\/td>\n<td style=\"background:#ffffff\" valign=\"middle\">\n<p style=\"background:#ffffff\"><span style=\"font-size:14px;font-family:'Verdana';background:#ffffff;color:#000000\">95W<\/span><\/p>\n<\/td>\n<td style=\"background:#ffffff\" valign=\"middle\">\n<p style=\"background:#ffffff\"><span style=\"font-size:14px;font-family:'Verdana';background:#ffffff;color:#000000\">5,5 m<\/span><\/p>\n<\/td>\n<td style=\"background:#ffffff\" valign=\"middle\">\n<p style=\"background:#ffffff\"><span style=\"font-size:14px;font-family:'Verdana';background:#ffffff;color:#000000\">6500L\/h<\/span><\/p>\n<\/td>\n<td style=\"background:#ffffff\" valign=\"middle\">\n<p style=\"background:#ffffff\"><span style=\"font-size:14px;font-family:'Verdana';background:#ffffff;color:#000000\">200*110*139mm<\/span><\/p>\n<\/td>\n<\/tr>\n<tr align=\"left\">\n<td style=\"background:#ffffff\" valign=\"middle\">\n<p style=\"background:#ffffff\"><span style=\"font-size:14px;font-family:'Verdana';background:#ffffff;color:#000000\">YLB-6000A<\/span><\/p>\n<\/td>\n<td style=\"background:#ffffff\" valign=\"middle\">\n<p style=\"background:#ffffff\"><span style=\"font-size:14px;font-family:'Verdana';background:#ffffff;color:#000000\">110V\/240V<\/span><\/p>\n<\/td>\n<td style=\"background:#ffffff\" valign=\"middle\">\n<p style=\"background:#ffffff\"><span style=\"font-size:14px;font-family:'Verdana';background:#ffffff;color:#000000\">50Hz\/60Hz<\/span><\/p>\n<\/td>\n<td style=\"background:#ffffff\" valign=\"middle\">\n<p style=\"background:#ffffff\"><span style=\"font-size:14px;font-family:'Verdana';background:#ffffff;color:#000000\">155W<\/span><\/p>\n<\/td>\n<td style=\"background:#ffffff\" valign=\"middle\">\n<p style=\"background:#ffffff\"><span style=\"font-size:14px;font-family:'Verdana';background:#ffffff;color:#000000\">5,2 m<\/span><\/p>\n<\/td>\n<td style=\"background:#ffffff\" valign=\"middle\">\n<p style=\"background:#ffffff\"><span style=\"font-size:14px;font-family:'Verdana';background:#ffffff;color:#000000\">10000L\/h<\/span><\/p>\n<\/td>\n<td style=\"background:#ffffff\" valign=\"middle\">\n<p style=\"background:#ffffff\"><span style=\"font-size:14px;font-family:'Verdana';background:#ffffff;color:#000000\">287*128*157mm<\/span><\/p>\n<\/td>\n<\/tr>\n<tr align=\"left\">\n<td style=\"background:#ffffff\" valign=\"middle\">\n<p style=\"background:#ffffff\"><span style=\"font-size:14px;font-family:'Verdana';background:#ffffff;color:#000000\">YLB-6500A<\/span><\/p>\n<\/td>\n<td style=\"background:#ffffff\" valign=\"middle\">\n<p style=\"background:#ffffff\"><span style=\"font-size:14px;font-family:'Verdana';background:#ffffff;color:#000000\">110V\/240V<\/span><\/p>\n<\/td>\n<td style=\"background:#ffffff\" valign=\"middle\">\n<p style=\"background:#ffffff\"><span style=\"font-size:14px;font-family:'Verdana';background:#ffffff;color:#000000\">50Hz\/60Hz<\/span><\/p>\n<\/td>\n<td style=\"background:#ffffff\" valign=\"middle\">\n<p style=\"background:#ffffff\"><span style=\"font-size:14px;font-family:'Verdana';background:#ffffff;color:#000000\">155W<\/span><\/p>\n<\/td>\n<td style=\"background:#ffffff\" valign=\"middle\">\n<p style=\"background:#ffffff\"><span style=\"font-size:14px;font-family:'Verdana';background:#ffffff;color:#000000\">6,5\u00a0m<\/span><\/p>\n<\/td>\n<td style=\"background:#ffffff\" valign=\"middle\">\n<p style=\"background:#ffffff\"><span style=\"font-size:14px;font-family:'Verdana';background:#ffffff;color:#000000\">7500L\/h<\/span><\/p>\n<\/td>\n<td style=\"background:#ffffff\" valign=\"middle\">\n<p style=\"background:#ffffff\"><span style=\"font-size:14px;font-family:'Verdana';background:#ffffff;color:#000000\">287*128*157mm<\/span><\/p>\n<\/td>\n<\/tr>\n<tr align=\"left\">\n<td style=\"background:#ffffff\" valign=\"middle\">\n<p style=\"background:#ffffff\"><span style=\"font-size:14px;font-family:'Verdana';background:#ffffff;color:#000000\">YLB-7500A<\/span><\/p>\n<\/td>\n<td style=\"background:#ffffff\" valign=\"middle\">\n<p style=\"background:#ffffff\"><span style=\"font-size:14px;font-family:'Verdana';background:#ffffff;color:#000000\">110V\/240V<\/span><\/p>\n<\/td>\n<td style=\"background:#ffffff\" valign=\"middle\">\n<p style=\"background:#ffffff\"><span style=\"font-size:14px;font-family:'Verdana';background:#ffffff;color:#000000\">50Hz\/60Hz<\/span><\/p>\n<\/td>\n<td style=\"background:#ffffff\" valign=\"middle\">\n<p style=\"background:#ffffff\"><span style=\"font-size:14px;font-family:'Verdana';background:#ffffff;color:#000000\">280W<\/span><\/p>\n<\/td>\n<td style=\"background:#ffffff\" valign=\"middle\">\n<p style=\"background:#ffffff\"><span style=\"font-size:14px;font-family:'Verdana';background:#ffffff;color:#000000\">7,5 m<\/span><\/p>\n<\/td>\n<td style=\"background:#ffffff\" valign=\"middle\">\n<p style=\"background:#ffffff\"><span style=\"font-size:14px;font-family:'Verdana';background:#ffffff;color:#000000\">14000L\/h<\/span><\/p>\n<\/td>\n<td style=\"background:#ffffff\" valign=\"middle\">\n<p style=\"background:#ffffff\"><span style=\"font-size:14px;font-family:'Verdana';background:#ffffff;color:#000000\">310*150*180mm <\/span><\/p>\n<\/td>\n<\/tr>\n<\/tbody>\n<\/table>\n<p><span style=\"font-size:14px;color:#ff0000\"><em><strong>Exposition de pompes d&rsquo;arrosage de jardin de la s\u00e9rie YLB<\/strong><\/em><\/span><\/p>\n<p><span style=\"font-size:14px;color:#ff0000\"><em><strong><img decoding=\"async\" alt=\"Offre sp\u00e9ciale pompe submersible d'arrosage de jardin YLB-5000A\" src=\"http:\/\/localhost\/media\/import\/detail\/573719744_376.jpg\"><\/strong><\/em><\/span><\/p>\n<\/p>\n<p><span style=\"font-size:14px;color:#ff0000\"><em><strong>Autres pompes submersibles de jardin show<\/strong><\/em><\/span><\/p>\n<p><span style=\"font-size:14px;color:#ff0000\"><em><strong><img decoding=\"async\" alt=\"Vente chaude pompe submersible d'arrosage de jardin YLB-5000A\" src=\"http:\/\/localhost\/media\/import\/detail\/573721141_135.jpg\"><img decoding=\"async\" alt=\"Vente chaude pompe submersible d'arrosage de jardin YLB-5000A\" src=\"http:\/\/localhost\/media\/import\/detail\/573721151_203.jpg\"><img decoding=\"async\" alt=\"Vente chaude pompe submersible d'arrosage de jardin YLB-5000A\" src=\"http:\/\/localhost\/media\/import\/detail\/573721160_717.jpg\"><img decoding=\"async\" alt=\"Pompe submersible d'arrosage de jardin offre sp\u00e9ciale YLB-5000A\" src=\"http:\/\/localhost\/media\/import\/detail\/573721163_628.jpg\"><img decoding=\"async\" alt=\"Vente chaude pompe submersible d'arrosage de jardin YLB-5000A\" src=\"http:\/\/localhost\/media\/import\/detail\/573721177_796.jpg\"> <\/strong><\/em><\/span><\/p>\n<\/p>\n<div id=\"ali-anchor-AliPostDhMb-r2noq\" style=\"padding-top:8px\" data-section-title=\"Informations sur la soci\u00e9t\u00e9\" data-section=\"AliPostDhMb-r2noq\">\n<div id=\"ali-title-AliPostDhMb-r2noq\" style=\"border-bottom:#ddd 1px solid;padding-bottom:8px;padding-top:8px;padding-left:0px;padding-right:0px\"> <\/div>\n<\/div>\n<div style=\"clear:both\"><strong><span style=\"background-color:#dddddd;color:#333333\"><\/span><\/strong><\/div>\n","protected":false},"excerpt":{"rendered":"<p>Pompe submersible d&rsquo;arrosage de jardin, offre sp\u00e9ciale, YLB-5000A<\/p>\n","protected":false},"featured_media":5435,"comment_status":"open","ping_status":"closed","template":"","meta":[],"product_brand":[],"product_cat":[1380],"product_tag":[],"class_list":{"0":"post-39035","1":"product","2":"type-product","3":"status-publish","4":"has-post-thumbnail","6":"product_cat-pompes-a-eau-et-amp-tetes-motrices","8":"first","9":"instock","10":"shipping-taxable","11":"purchasable","12":"product-type-simple"},"_links":{"self":[{"href":"https:\/\/www.myaquastore.com\/fr\/wp-json\/wp\/v2\/product\/39035","targetHints":{"allow":["GET"]}}],"collection":[{"href":"https:\/\/www.myaquastore.com\/fr\/wp-json\/wp\/v2\/product"}],"about":[{"href":"https:\/\/www.myaquastore.com\/fr\/wp-json\/wp\/v2\/types\/product"}],"replies":[{"embeddable":true,"href":"https:\/\/www.myaquastore.com\/fr\/wp-json\/wp\/v2\/comments?post=39035"}],"wp:featuredmedia":[{"embeddable":true,"href":"https:\/\/www.myaquastore.com\/fr\/wp-json\/wp\/v2\/media\/5435"}],"wp:attachment":[{"href":"https:\/\/www.myaquastore.com\/fr\/wp-json\/wp\/v2\/media?parent=39035"}],"wp:term":[{"taxonomy":"product_brand","embeddable":true,"href":"https:\/\/www.myaquastore.com\/fr\/wp-json\/wp\/v2\/product_brand?post=39035"},{"taxonomy":"product_cat","embeddable":true,"href":"https:\/\/www.myaquastore.com\/fr\/wp-json\/wp\/v2\/product_cat?post=39035"},{"taxonomy":"product_tag","embeddable":true,"href":"https:\/\/www.myaquastore.com\/fr\/wp-json\/wp\/v2\/product_tag?post=39035"}],"curies":[{"name":"wp","href":"https:\/\/api.w.org\/{rel}","templated":true}]}}