{"id":39038,"date":"2016-09-25T23:28:27","date_gmt":"2016-09-25T23:28:27","guid":{"rendered":"https:\/\/www.myaquastore.com\/product\/pompe-submergee-de-fontaine-detang-de-reservoir-de-8500l-h-180w-hqs-1800\/"},"modified":"2025-03-16T09:06:04","modified_gmt":"2025-03-16T09:06:04","slug":"pompe-submergee-de-fontaine-detang-de-reservoir-de-8500l-h-180w-hqs-1800","status":"publish","type":"product","link":"https:\/\/www.myaquastore.com\/fr\/product\/pompe-submergee-de-fontaine-detang-de-reservoir-de-8500l-h-180w-hqs-1800\/","title":{"rendered":"Pompe submerg\u00e9e de fontaine d&rsquo;\u00e9tang de r\u00e9servoir de 8500L\/h 180W HQS-1800"},"content":{"rendered":"<div style=\"clear:both\"><\/div>\n<p><span style=\"font-size:24px\"><strong> Pompe submersible pour fontaine d&rsquo;\u00e9tang de r\u00e9servoir 8500L\/h 180W <\/strong><\/span><\/p>\n<\/p>\n<div id=\"ali-anchor-AliPostDhMb-dr022\" style=\"padding-top:8px\" data-section-title=\"Description du produit\" data-section=\"AliPostDhMb-dr022\">\n<div id=\"ali-title-AliPostDhMb-dr022\" style=\"border-bottom:#ddd 1px solid;padding-bottom:8px;padding-top:8px;padding-left:0px;padding-right:0px\"><span style=\"font-weight:bold;color:#333;padding-bottom:8px;padding-top:8px;padding-left:10px;line-height:12px;padding-right:10px;background-color:#ddd\">Description du produit<\/span><\/div>\n<div style=\"padding-bottom:10px;padding-top:10px;padding-left:0px;padding-right:0px\">\n<\/div>\n<\/div>\n<p style=\"font-size:14px\">sp\u00e9cifications\u00a0:<\/p>\n<p style=\"font-size:14px\">1. il utilise un noyau d&rsquo;arbre \u00e0 haute r\u00e9sistance et r\u00e9sistant \u00e0 l&rsquo;usure, <strong><em>a une \u00e9conomie d&rsquo;\u00e9nergie tr\u00e8s efficace,<\/em><\/strong><\/p>\n<p style=\"font-size:14px\"><strong><em> et une longue dur\u00e9e de vie.<\/em><\/strong><\/p>\n<p style=\"font-size:14px\">2. il a une bonne r\u00e9sistance di\u00e9lectrique imperm\u00e9able et \u00e9lev\u00e9e\u00a0; <em><strong>il est s\u00fbr et fiable.<\/strong><\/em><\/p>\n<p style=\"font-size:14px\">3. vous pouvez l&rsquo;utiliser comme <em><strong>pompage et fontaine<\/strong><\/em>.<\/p>\n<p style=\"font-size:14px\">4. <strong><em>appliquer aux aquariums, aux \u00e9tangs<\/em><\/strong> avec un \u00e9quipement de recyclage de l&rsquo;eau correspondant.<\/p>\n<p style=\"font-size:14px\">\n<table class=\"aliDataTable\" style=\"width:80%\" border=\"5\">\n<tbody>\n<tr>\n<td> Mod\u00e8le <\/td>\n<td>Tension<\/td>\n<td>Fr\u00e9quence<\/td>\n<td>Puissance<\/td>\n<td>H-max <\/td>\n<td>Sortie<\/td>\n<td>Poids<\/td>\n<td> Dimensions<\/td>\n<\/tr>\n<tr>\n<td style=\"text-align:center\">HQS-5000<\/td>\n<td>220V<\/td>\n<td>50Hz<\/td>\n<td>250W<\/td>\n<td>6m<\/td>\n<td>6000L\/h<\/td>\n<td>3,6kg<\/td>\n<td>200*200*350mm<\/td>\n<\/tr>\n<tr>\n<td style=\"text-align:center\">HQS-6000\/I<\/td>\n<td>220V<\/td>\n<td>50Hz<\/td>\n<td>300W<\/td>\n<td>8m<\/td>\n<td>8000L\/h<\/td>\n<td>5,5kg<\/td>\n<td>200*200*350mm<\/td>\n<\/tr>\n<tr>\n<td style=\"text-align:center\">HQS-7000\/I<\/td>\n<td>220V<\/td>\n<td>50Hz<\/td>\n<td>320W<\/p>\n<td>10m<\/td>\n<td>10000L\/h<\/td>\n<td>6,2kg<\/td>\n<td>200*200*350mm<\/td>\n<\/tr>\n<tr>\n<td style=\"text-align:center\">HQS-8000\/I<\/td>\n<td>220V<\/td>\n<td>50Hz<\/td>\n<td>350W<\/p>\n<td>11m<\/td>\n<td>13000L\/h<\/td>\n<td>5,7kg<\/td>\n<td>250*250*350mm<\/td>\n<\/tr>\n<tr>\n<td style=\"text-align:center\">HQS-9000<\/td>\n<td>220V<\/td>\n<td>50Hz<\/td>\n<td>380W<\/td>\n<td>12m<\/td>\n<td>14000L\/h<\/td>\n<td>6,0kg<\/td>\n<td>250*250*350mm<\/td>\n<\/tr>\n<tr>\n<td style=\"text-align:center\">HQS-10000<\/td>\n<td>220V<\/td>\n<td>50Hz<\/td>\n<td>420W<\/td>\n<td>13m<\/td>\n<td>15000L\/h<\/td>\n<td>6,5kg<\/td>\n<td>250*250*350mm<\/td>\n<\/tr>\n<tr>\n<td style=\"text-align:center\">HQS-1800<\/td>\n<td>110V\/220V\/240V<\/td>\n<td>50Hz\/60Hz<\/td>\n<td> 180 W<\/td>\n<td>7,0 m<\/td>\n<td>8 500 L\/h<\/td>\n<td>5,5 kg<\/td>\n<td>182*137*279 mm<\/td>\n<\/tr>\n<tr>\n<td style=\"text-align:center\">HQS-4000<\/td>\n<td>220V\/240V<\/td>\n<td>50Hz<\/td>\n<td>100W<\/td>\n<td>4.0m<\/td>\n<td>4500L\/h<\/td>\n<td>2.8kg<\/td>\n<td>145*145*240mm<\/td>\n<\/tr>\n<tr>\n<td style=\"text-align:center\">HQS-4200<\/td>\n<td>220V\/240V<\/td>\n<td>50Hz<\/td>\n<td>100W<\/td>\n<p>4,2 m<\/td>\n<td>4500L\/h<\/td>\n<td>3,2 kg<\/td>\n<td>145*145*240mm<\/td>\n<\/tr>\n<\/tbody>\n<\/table>\n<table class=\"aliDataTable\" border=\"5\">\n<tbody>\n<tr>\n<td> Mod\u00e8le <\/td>\n<td> Tension<\/td>\n<td>Fr\u00e9quence<\/td>\n<td>Puissance<\/td>\n<td>H-max <\/td>\n<td>Sortie<\/td>\n<td>Poids<\/td>\n<td> Dimensions<\/td>\n<\/tr>\n<tr>\n<td style=\"text-align:center\">HQB-2000<\/td>\n<td>110V\/220V\/240V<\/td>\n<td>50Hz\/60Hz<\/td>\n<td>24W<\/td>\n<td>1,8m<\/td>\n<td>1400L\/h<\/td>\n<td>0,8kg<\/td>\n<td>138*65*145mm<\/td>\n<\/tr>\n<tr>\n<td style=\"text-align:center\">HQB-2200<\/td>\n<td>110V\/220V\/240V<\/td>\n<td>50Hz\/60Hz<\/td>\n<td> 40W<\/td>\n<td>2,3m<\/td>\n<td>1900L\/h<\/td>\n<td>1,2kg<\/td>\n<td>135*105*115mm<\/td>\n<\/tr>\n<tr>\n<td style=\"text-align:center\">HQB-2500<\/td>\n<td>110V\/220V\/240V<\/td>\n<td>50Hz\/60Hz<\/td>\n<td> 55W<\/td>\n<td>2,5m<\/td>\n<td>2000L\/h<\/td>\n<td>1,2kg<\/td>\n<td>153*105*135mm<\/td>\n<\/tr>\n<tr>\n<td style=\"text-align:center\">HQB-3000<\/td>\n<td>110V\/220V\/240V<\/td>\n<td>50Hz\/60Hz<\/td>\n<td> 60W<\/td>\n<td>3,0m<\/td>\n<td>2500L\/h<\/td>\n<td>1,6kg<\/td>\n<td>153*105*135mm<\/td>\n<\/tr>\n<tr>\n<td style=\"text-align:center\">HQB-3500<\/td>\n<td>110V\/220V\/240V<\/td>\n<td>50Hz\/60Hz<\/td>\n<td> 85W<\/td>\n<td>3,5m<\/td>\n<td>3000L\/h<\/td>\n<td>1,25kg<\/td>\n<td>153*105*135mm<\/td>\n<\/tr>\n<tr>\n<td style=\"text-align:center\">HQB-4500<\/td>\n<td>110V\/220V\/240V<\/td>\n<td>50Hz\/60Hz<\/td>\n<td> 100W<\/td>\n<td>4,5m<\/td>\n<td>4500L\/h<\/td>\n<td>2,7kg<\/td>\n<td>175*112*133mm<\/td>\n<\/tr>\n<tr>\n<td style=\"text-align:center\">HQB-5000<\/td>\n<td>110V\/220V\/240V<\/td>\n<td>50Hz\/60Hz<\/td>\n<td> 150 W<\/td>\n<td>5,0 m<\/td>\n<td>5 500 L\/h<\/td>\n<td>2,8 kg<\/td>\n<td>175*112*133 mm<\/td>\n<\/tr>\n<tr>\n<td style=\"text-align:center\">HQB-5500<\/td>\n<td>110V\/220V\/240V<\/td>\n<td>50Hz\/60Hz<\/td>\n<td>200W<\/ td><\/p>\n<td>5,5 m<\/td>\n<td>6 800 L\/h<\/td>\n<td>4,0 kg<\/td>\n<td>200*140*160 mm<\/td>\n<\/tr>\n<\/tbody>\n<\/table>\n<p> <img decoding=\"async\" alt=\"Pompe submersible pour fontaine de bassin \u00e0 r\u00e9servoir de 8 500 L\/h 180 W\" src=\"http:\/\/localhost\/media\/import\/detail\/527718806_759.jpg\"><\/p>\n<p> <img decoding=\"async\" alt=\"Fontaine de bassin \u00e0 r\u00e9servoir 8 500 L\/h 180 W submerg\u00e9e Pompe\" src=\"http:\/\/localhost\/media\/import\/detail\/527559632_215.jpg\"><\/p>\n<p><img decoding=\"async\" alt=\"8500L\/h 180W Pompe submerg\u00e9e pour fontaine d'\u00e9tang\" src=\"http:\/\/localhost\/media\/import\/detail\/527573736_638.jpg\"><\/p>\n<p><img decoding=\"async\" alt=\"8500L\/h 180W Pompe submersible pour fontaine d'\u00e9tang\" src=\"http:\/\/localhost\/media\/import\/detail\/525204682_816.jpg\"><\/p>\n<p><img decoding=\"async\" alt=\"8500L\/h 180W Pompe submerg\u00e9e pour fontaine d'\u00e9tang\" src=\"http:\/\/localhost\/media\/import\/detail\/525204672_746.jpg\"><img decoding=\"async\" alt=\"8500L\/h 180W Pompe submerg\u00e9e pour fontaine d'\u00e9tang\" src=\"http:\/\/localhost\/media\/import\/detail\/525204676_441.jpg\"><img decoding=\"async\" alt=\"8500L\/h Pompe submersible pour fontaine d'\u00e9tang avec r\u00e9servoir de 8500 W\" src=\"http:\/\/localhost\/media\/import\/detail\/525204679_723.jpg\"><img decoding=\"async\" alt=\"8500L\/h Pompe submerg\u00e9e pour fontaine d'\u00e9tang de r\u00e9servoir 180 W\" src=\"http:\/\/localhost\/media\/import\/detail\/525204683_058.jpg\"><img decoding=\"async\" alt=\"8500L\/h Pompe submerg\u00e9e pour fontaine d'\u00e9tang de r\u00e9servoir 180 W\" src=\"http:\/\/localhost\/media\/import\/detail\/525204685_808.jpg\"><\/p>\n<p><img decoding=\"async\" alt=\"8500L\/h 180W Pompe submerg\u00e9e pour fontaine d'\u00e9tang\" src=\"http:\/\/localhost\/media\/import\/detail\/525208268_701.jpg\"><img decoding=\"async\" alt=\"8500L\/h 180W Pompe submerg\u00e9e pour fontaine d'\u00e9tang\" src=\"http:\/\/localhost\/media\/import\/detail\/525208269_259.jpg\"> <\/p>\n<p><img decoding=\"async\" alt=\"Pompe submersible pour fontaine d'\u00e9tang de r\u00e9servoir 8500L\/h 180W\" src=\"http:\/\/localhost\/media\/import\/detail\/525208265_289.jpg\"><\/p>\n<div id=\"ali-anchor-AliPostDhMb-s169s\" style=\"padding-top:8px\" data-section-title=\"Informations sur la soci\u00e9t\u00e9\" data-section=\"AliPostDhMb-s169s\"> <\/div>\n","protected":false},"excerpt":{"rendered":"<p>Pompe submerg\u00e9e de fontaine d&rsquo;\u00e9tang de r\u00e9servoir de 8500L\/h 180W HQS-1800<\/p>\n","protected":false},"featured_media":5441,"comment_status":"open","ping_status":"closed","template":"","meta":[],"product_brand":[],"product_cat":[1380],"product_tag":[],"class_list":{"0":"post-39038","1":"product","2":"type-product","3":"status-publish","4":"has-post-thumbnail","6":"product_cat-pompes-a-eau-et-amp-tetes-motrices","8":"first","9":"instock","10":"shipping-taxable","11":"purchasable","12":"product-type-simple"},"_links":{"self":[{"href":"https:\/\/www.myaquastore.com\/fr\/wp-json\/wp\/v2\/product\/39038","targetHints":{"allow":["GET"]}}],"collection":[{"href":"https:\/\/www.myaquastore.com\/fr\/wp-json\/wp\/v2\/product"}],"about":[{"href":"https:\/\/www.myaquastore.com\/fr\/wp-json\/wp\/v2\/types\/product"}],"replies":[{"embeddable":true,"href":"https:\/\/www.myaquastore.com\/fr\/wp-json\/wp\/v2\/comments?post=39038"}],"wp:featuredmedia":[{"embeddable":true,"href":"https:\/\/www.myaquastore.com\/fr\/wp-json\/wp\/v2\/media\/5441"}],"wp:attachment":[{"href":"https:\/\/www.myaquastore.com\/fr\/wp-json\/wp\/v2\/media?parent=39038"}],"wp:term":[{"taxonomy":"product_brand","embeddable":true,"href":"https:\/\/www.myaquastore.com\/fr\/wp-json\/wp\/v2\/product_brand?post=39038"},{"taxonomy":"product_cat","embeddable":true,"href":"https:\/\/www.myaquastore.com\/fr\/wp-json\/wp\/v2\/product_cat?post=39038"},{"taxonomy":"product_tag","embeddable":true,"href":"https:\/\/www.myaquastore.com\/fr\/wp-json\/wp\/v2\/product_tag?post=39038"}],"curies":[{"name":"wp","href":"https:\/\/api.w.org\/{rel}","templated":true}]}}