{"id":39045,"date":"2016-09-25T23:28:28","date_gmt":"2016-09-25T23:28:28","guid":{"rendered":"https:\/\/www.myaquastore.com\/product\/pompe-cascade-multifonction-pour-bassin-de-jardin-6000l-h-clb-8000\/"},"modified":"2025-03-16T09:06:06","modified_gmt":"2025-03-16T09:06:06","slug":"pompe-cascade-multifonction-pour-bassin-de-jardin-6000l-h-clb-8000","status":"publish","type":"product","link":"https:\/\/www.myaquastore.com\/fr\/product\/pompe-cascade-multifonction-pour-bassin-de-jardin-6000l-h-clb-8000\/","title":{"rendered":"Pompe cascade multifonction pour bassin de jardin 6000L\/h CLB-8000"},"content":{"rendered":"<div style=\"clear:both\"><\/div>\n<p><span style=\"font-size:18px\"><strong><span style=\"color:#ff0000\"><span style=\"font-size:16px\">Pompe cascade multifonction pour bassin de jardin 6000L\/h CLB-8000<\/span><\/span><\/strong><\/span><span style=\"font-size:18px\"><strong><span style=\"color:#ff0000\"> <\/span><\/strong><\/span><em><span style=\"font-size:18px\"><strong><span style=\"color:#ff0000\"> <\/span><\/strong><\/span><\/em><\/p>\n<p><em><\/em> <\/p>\n<p><strong><span style=\"font-size:12px\">sp\u00e9cifications\u00a0:<\/span><\/strong><\/p>\n<p><strong><span style=\"font-size:12px\">1. le rotor est fait d&rsquo;un mat\u00e9riau sp\u00e9cial, <span style=\"color:#ff0000\"><em>facile \u00e0 d\u00e9marrer <\/em><\/span>et <em><span style=\"color:#ff0000\">faible consommation d&rsquo;\u00e9nergie<\/span><\/em>\u00a0;<\/span><\/strong><\/p>\n<p><strong><span style=\"font-size:12px\">2. Arbre et localisateur d&rsquo;arbre en c\u00e9ramique de haute qualit\u00e9, <span style=\"color:#ff0000\"><em>durable<\/em><\/span> et<em><span style=\"color:#ff0000\"> faible bruit<\/span><\/em>\u00a0;<\/span><\/strong><\/p>\n<p><strong><span style=\"font-size:12px\">3. moteur compl\u00e8tement scell\u00e9 et \u00e9tanche, <span style=\"color:#ff0000\"><em>s\u00fbr<\/em><\/span> et<em><span style=\"color:#ff0000\"> fiable<\/span><\/em>\u00a0;<\/span><\/strong><\/p>\n<p><strong><span style=\"font-size:12px\">4. Moteur asynchrone standard de haute performance avec un nouveau design et <em><span style=\"color:#ff0000\">\u00e9conomie d&rsquo;\u00e9nergie jusqu&rsquo;\u00e0 <\/span><\/em><\/span><\/strong><\/p>\n<p><strong><span style=\"font-size:12px\"><em><span style=\"color:#ff0000\">jusqu&rsquo;\u00e0 50\u00a0%<\/span><\/em> qu&rsquo;auparavant.<\/span><\/strong><\/p>\n<p><strong><span style=\"font-size:12px\">5. <em><span style=\"color:#ff0000\">jardin aquatique<\/span><\/em>, faire circuler l&rsquo;eau dans la <span style=\"color:#ff0000\"><em> rocaille<\/em><\/span>, alimenter et \u00e9vacuer l&rsquo;eau dans la<em><span style=\"color:#ff0000\"> piscine<\/span><\/em>;<\/span><\/strong><\/p>\n<p><strong><span style=\"font-size:12px\">6. apr\u00e8s avoir puis\u00e9 l&rsquo;eau, il ne reste que 5\u00a0mm de profondeur, ce qui permet<em><span style=\"color:#ff0000\"> de s&rsquo;\u00e9couler compl\u00e8tement<\/span><\/em>.<\/span><\/strong><\/p>\n<p><strong><\/strong> <\/p>\n<p><strong> Param\u00e8tres de l&rsquo;exposition de la pompe \u00e0 cascade de la fontaine de l&rsquo;\u00e9tang de jardin<\/strong><\/p>\n<table class=\"aliDataTable\" style=\"width:80%\" border=\"5\">\n<tbody>\n<tr>\n<td>Mod\u00e8le <\/td>\n<td>Tension<\/td>\n<td>Fr\u00e9quence<\/td>\n<td>Puissance<\/td>\n<td>H-max<\/td>\n<td>Sortie<\/td>\n<td>Adaptateur de tuyau<\/td>\n<td>C\u00e2ble Longueur<\/td>\n<td>H<\/td>\n<td>W<\/td>\n<\/tr>\n<tr>\n<td>CLB-4500<\/td>\n<td>110V\/220V\/240V<\/td>\n<td>50Hz\/60Hz<\/td>\n<td>80W<\/td>\n<td>3,5m<\/td>\n<td>4500L\/h<\/td>\n<td>3\/4~5\/4<\/td>\n<td>5m<\/td>\n<td>232<\/td>\n<td>185<\/tr>\n<tr>\n<td>CLB-5500<\/td>\n<td>110V\/220V\/240V<\/td>\n<td>50Hz\/60Hz<\/td>\n<td>110W<\/td>\n<td>4,2m<\/td>\n<td>5\u00a0500\u00a0L\/h<\/td>\n<td>3\/4~5\/4<\/td>\n<td>5\u00a0m<\/td>\n<td>232<\/td>\n<td>185<\/td>\n<\/tr>\n<tr>\n<td>CLB-6500<\/td>\n<td>110V\/220V\/240V<\/td>\n<td>50Hz\/60Hz<\/td>\n<td>145W<\/td>\n<td>5,0m<\/td>\n<td>6500L\/h<\/td>\n<td>3\/4~5\/4 <\/td>\n<td>5m<\/td>\n<td>232<\/td>\n<td>185<\/td>\n<\/tr>\n<tr>\n<td>CLB-8000<\/td>\n<td>110V\/220V\/240V<\/td>\n<td>5 0Hz\/60Hz<\/td>\n<td>175W<\/td>\n<td>6,0m<\/td>\n<td>6000L\/h<\/td>\n<td>3\/4~5\/4<\/td>\n<td>5m<\/td>\n<td>232<\/td>\n<td>185<\/td>\n<\/tr>\n<tr>\n<td>CLB-10000<\/td>\n<td>110V\/220V\/240V<\/td>\n<td>50Hz\/60Hz<\/td>\n<td>220V<\/td>\n<td>7,5m<\/td>\n<td>10000L\/h<\/td>\n<td>1~2<\/td>\n<td>10m<\/td>\n<td>270<\/td>\n<td>205<\/td>\n<\/tr>\n<tr>\n<td>CLB- 12000<\/td>\n<td>110V\/220V\/240V<\/td>\n<td>50Hz\/60Hz<\/td>\n<td>260W<\/td>\n<td>7,0m<\/td>\n<td>12000L\/h<\/td>\n<td>1~2<\/td>\n<td>10m<\/td>\n<td>250<\/td>\n<td>222<\/td>\n<\/tr>\n<tr>\n<td>CLB-15000<\/td>\n<td>110V\/220V\/240V<\/td>\n<td>50Hz\/60Hz<\/td>\n<td>310W<\/td>\n<td>8,0m<\/td>\n<td>15000L\/h<\/td>\n<td>1~2<\/td>\n<td>10m<\/td>\n<td>2 50<\/td>\n<td>222<\/td>\n<\/tr>\n<tr>\n<td>CLB-12000P<\/td>\n<td>110V\/220V\/240V<\/td>\n<td>50Hz\/60Hz<\/td>\n<td>26 0W<\/td>\n<td>7,0m<\/td>\n<td>12000L\/h<\/td>\n<td>1~2<\/td>\n<td>10m<\/td>\n<td>250<\/td>\n<td>222<\/td>\n<\/tr>\n<tr>\n<td>CLB-15000P<\/td>\n<td>110V\/220V\/240V<\/td>\n<td>50Hz\/60Hz<\/td>\n<td>310W<\/td>\n<td>8,0m<\/td>\n<td>1500 0L\/h<\/td>\n<td>1~2<\/td>\n<td>10m<\/td>\n<td>250<\/td>\n<td>222<\/td>\n<\/tr>\n<\/tbody>\n<\/table>\n<p><strong>Jardin spectacle de pompes de cascade de fontaine d&rsquo;\u00e9tang <\/strong><\/p>\n<\/p>\n<p><img decoding=\"async\" alt=\"Pompe de cascade d'\u00e9tang de jardin multifonction 6000L\/h CLB-8000\" src=\"http:\/\/localhost\/media\/import\/detail\/554699553_058.jpg\"><img decoding=\"async\" alt=\"Pompe de cascade d'\u00e9tang de jardin multifonction 6000L\/h CLB-8000\" src=\"http:\/\/localhost\/media\/import\/detail\/554699554_185.jpg\"> <\/p>\n<p>Courbe de fonction :<\/p>\n<p><img decoding=\"async\" alt=\"Pompe cascade de bassin de jardin multifonction 6000L\/h CLB-8000\" src=\"http:\/\/localhost\/media\/import\/detail\/530539764_314.jpg\"><\/p>\n<\/p>\n<p>Diff\u00e9rents types\u00a0:<\/p>\n<p><img decoding=\"async\" alt=\"Pompe cascade multifonctionnelle pour bassin de jardin 6000L\/h CLB-8000\" src=\"http:\/\/localhost\/media\/import\/detail\/530539765_392.jpg\"><\/p>\n<p><img decoding=\"async\" alt=\"Pompe cascade multifonction pour bassin de jardin 6000L\/h CLB-8000\" src=\"http:\/\/localhost\/media\/import\/detail\/515746196_903.jpg\"><\/p>\n<p> <img decoding=\"async\" alt=\"Pompe cascade multifonction pour bassin de jardin 6000L\/h CLB-8000\" src=\"http:\/\/localhost\/media\/import\/detail\/522093900_336.jpg\"><\/p>\n<p><img decoding=\"async\" alt=\"Pompe cascade multifonction pour bassin de jardin 6000L\/h CLB-8000\" src=\"http:\/\/localhost\/media\/import\/detail\/530643744_801.jpg\"><\/p>\n<div style=\"clear:both\"><\/div>\n","protected":false},"excerpt":{"rendered":"<p>Pompe cascade multifonction pour bassin de jardin 6000L\/h CLB-8000<\/p>\n","protected":false},"featured_media":5455,"comment_status":"open","ping_status":"closed","template":"","meta":[],"product_brand":[],"product_cat":[1380],"product_tag":[],"class_list":{"0":"post-39045","1":"product","2":"type-product","3":"status-publish","4":"has-post-thumbnail","6":"product_cat-pompes-a-eau-et-amp-tetes-motrices","8":"first","9":"instock","10":"shipping-taxable","11":"purchasable","12":"product-type-simple"},"_links":{"self":[{"href":"https:\/\/www.myaquastore.com\/fr\/wp-json\/wp\/v2\/product\/39045","targetHints":{"allow":["GET"]}}],"collection":[{"href":"https:\/\/www.myaquastore.com\/fr\/wp-json\/wp\/v2\/product"}],"about":[{"href":"https:\/\/www.myaquastore.com\/fr\/wp-json\/wp\/v2\/types\/product"}],"replies":[{"embeddable":true,"href":"https:\/\/www.myaquastore.com\/fr\/wp-json\/wp\/v2\/comments?post=39045"}],"wp:featuredmedia":[{"embeddable":true,"href":"https:\/\/www.myaquastore.com\/fr\/wp-json\/wp\/v2\/media\/5455"}],"wp:attachment":[{"href":"https:\/\/www.myaquastore.com\/fr\/wp-json\/wp\/v2\/media?parent=39045"}],"wp:term":[{"taxonomy":"product_brand","embeddable":true,"href":"https:\/\/www.myaquastore.com\/fr\/wp-json\/wp\/v2\/product_brand?post=39045"},{"taxonomy":"product_cat","embeddable":true,"href":"https:\/\/www.myaquastore.com\/fr\/wp-json\/wp\/v2\/product_cat?post=39045"},{"taxonomy":"product_tag","embeddable":true,"href":"https:\/\/www.myaquastore.com\/fr\/wp-json\/wp\/v2\/product_tag?post=39045"}],"curies":[{"name":"wp","href":"https:\/\/api.w.org\/{rel}","templated":true}]}}