{"id":39046,"date":"2016-09-25T23:28:28","date_gmt":"2016-09-25T23:28:28","guid":{"rendered":"https:\/\/www.myaquastore.com\/product\/pompes-de-caracteristiques-de-leau-detang-de-jardin-koi-7500l-h-150w-hyl-7500\/"},"modified":"2025-03-16T09:06:06","modified_gmt":"2025-03-16T09:06:06","slug":"pompes-de-caracteristiques-de-leau-detang-de-jardin-koi-7500l-h-150w-hyl-7500","status":"publish","type":"product","link":"https:\/\/www.myaquastore.com\/fr\/product\/pompes-de-caracteristiques-de-leau-detang-de-jardin-koi-7500l-h-150w-hyl-7500\/","title":{"rendered":"Pompes de caract\u00e9ristiques de l&rsquo;eau d&rsquo;\u00e9tang de jardin Koi, 7500L\/h, 150W, HYL-7500"},"content":{"rendered":"<div style=\"clear:both\"><\/div>\n<p><span style=\"font-size:16px\"><strong><span style=\"color:#0000ff\">7500L\/h 150W Pompes \u00e0 eau pour bassin de jardin Koi HYL-7500<\/span> <\/strong><\/span> <\/p>\n<\/p>\n<p style=\"font-size:14px\">sp\u00e9cifications\u00a0:<\/p>\n<p style=\"font-size:14px\">1. le rotor est fabriqu\u00e9 dans un mat\u00e9riau sp\u00e9cial,<em><strong>d\u00e9marrage facile et faible consommation d&rsquo;\u00e9nergie<\/strong><\/em>;<\/p>\n<p style=\"font-size:14px\">2. Arbre et localisateur d&rsquo;arbre en c\u00e9ramique de haute qualit\u00e9,<em><strong>durable et peu bruyant<\/strong><\/em>\u00a0;<\/p>\n<p style=\"font-size:14px\">3. moteur compl\u00e8tement scell\u00e9 et \u00e9tanche,<em><strong>s\u00fbr et fiable<\/strong><\/em>\u00a0;<\/p>\n<p style=\"font-size:14px\">4. Moteur asynchrone standard de haute performance avec<strong><em> nouveau design et \u00e9conomie d&rsquo;\u00e9nergie <\/em><\/strong><\/p>\n<p style=\"font-size:14px\"><strong><em>jusqu&rsquo;\u00e0 <\/em><\/strong><strong><em>jusqu&rsquo;\u00e0 50\u00a0% qu&rsquo;avant<\/em><\/strong>\u00a0;<\/p>\n<p style=\"font-size:14px\">5. <em><strong>Protection de l&rsquo;interrupteur \u00e0 flotteur, utilisation plus s\u00fbre<\/strong><\/em>;<\/p>\n<p style=\"font-size:14px\">6. <em><strong>jardin aquatique, circulation de l&rsquo;eau dans les rocailles, alimentation et \u00e9vacuation de l&rsquo;eau dans la piscine<\/strong><\/em>.<\/strong><\/span><\/p>\n<table class=\"aliDataTable\" style=\"width:80%\" border=\"5\">\n<tbody>\n<tr>\n<td> Mod\u00e8le <\/td>\n<td>Tension<\/td>\n<td>Fr\u00e9quence<\/td>\n<td>Puissance<\/td>\n<td>H-max <\/td>\n<td>Sortie<\/td>\n<td>Poids<\/td>\n<td> Dimensions<\/td>\n<\/tr>\n<tr>\n<td style=\"text-align:center\">HYL-4500\/A<\/td>\n<td>110V\/240V<\/td>\n<td>50Hz\/60Hz<\/td>\n<td>95W<\/ td><\/p>\n<td>6,0 m<\/td>\n<td>4\u00a0500 L\/h<\/td>\n<td>2,61 kg\/2,81 kg<\/td>\n<td>180*180*260 mm<\/td>\n<\/tr>\n<tr>\n<td style=\"text-align:center\">HYL-5500\/A<\/td>\n<td>110V\/240V<\/td>\n<td>50Hz\/60Hz<\/td>\n<td>150W<\/ td><\/p>\n<td>7,0 m<\/td>\n<td>5 500 L\/h<\/td>\n<td>2,92 kg\/3,12 kg<\/td>\n<td>180*180*260 mm<\/td>\n<\/tr>\n<tr>\n<td style=\"text-align:center\">HYL-6500\/A<\/td>\n<td>110V\/240V<\/td>\n<td>50Hz\/60Hz<\/td>\n<td>95W<\/ td><\/p>\n<td>4,5 m<\/td>\n<td>6 500 L\/h<\/td>\n<td>2,61 kg\/2,81 kg<\/td>\n<td>180*180*260 mm<\/td>\n<\/tr>\n<tr>\n<td style=\"text-align:center\">HYL-7500\/A<\/td>\n<td>110V\/240V<\/td>\n<td>50Hz\/60Hz<\/td>\n<td>150W<\/td>\n<td>5,5 m<\/td>\n<td>7 500 L\/h<\/td>\n<td>2,92 kg\/3,12 kg<\/td>\n<td>180*180*260 mm<\/td>\n<\/tr>\n<\/tbody>\n<\/table>\n<table class=\"aliDataTable\" border=\"5\">\n<tbody>\n<tr>\n<td> Mod\u00e8le <\/td>\n<td>Tension<\/td>\n<td>Fr\u00e9quence<\/td>\n<td>Puissance<\/td>\n<td>H-max <\/td>\n<td>Sortie<\/td>\n<td>Poids<\/td>\n<td> Dimensions<\/td>\n<\/tr>\n<tr>\n<td style=\"text-align:center\">HQS-5000<\/td>\n<td>220V<\/td>\n<td>50Hz<\/td>\n<td>250W<\/td>\n<td>6m<\/td>\n<td>6000L\/h<\/td>\n<td>3,6kg<\/td>\n<td>200*200*350mm<\/td>\n<\/tr>\n<tr>\n<td style=\"text-align:center\">HQS-6000\/I<\/td>\n<td>220V<\/td>\n<td>50Hz<\/td>\n<td>300W<\/td>\n<td>8m<\/td>\n<td>8000L\/h<\/td>\n<td>5,5kg<\/td>\n<td>200*200*350mm<\/td>\n<\/tr>\n<tr>\n<td style=\"text-align:center\">HQS-7000\/I<\/td>\n<td>220V<\/td>\n<td>50Hz<\/td>\n<td>320W<\/p>\n<td>10m<\/td>\n<td>10000L\/h<\/td>\n<td>6,2kg<\/td>\n<td>200*200*350mm<\/td>\n<\/tr>\n<tr>\n<td style=\"text-align:center\">HQS-8000\/I<\/td>\n<td>220V<\/td>\n<td>50Hz<\/td>\n<td>350W<\/p>\n<td>11m<\/td>\n<td>13000L\/h<\/td>\n<td>5,7kg<\/td>\n<td>250*250*350mm<\/td>\n<\/tr>\n<tr>\n<td style=\"text-align:center\">HQS-9000<\/td>\n<td>220V<\/td>\n<td>50Hz<\/td>\n<td>380W<\/td>\n<td>12m<\/td>\n<td>14000L\/h<\/td>\n<td>6,0kg<\/td>\n<td>250*250*350mm<\/td>\n<\/tr>\n<tr>\n<td style=\"text-align:center\">HQS-10000<\/td>\n<td>220V<\/td>\n<td>50Hz<\/td>\n<td>420W<\/td>\n<td>13m<\/td>\n<td>15000L\/h<\/td>\n<td>6,5kg<\/td>\n<td>250*250*350mm<\/td>\n<\/tr>\n<tr>\n<td style=\"text-align:center\">HQS-1800<\/td>\n<td>110V\/220V\/240V<\/td>\n<td>50Hz\/60Hz<\/td>\n<td> 180 W<\/td>\n<td>7,0 m<\/td>\n<td>8 500 L\/h<\/td>\n<td>5,5 kg<\/td>\n<td>182*137*279 mm<\/td>\n<\/tr>\n<tr>\n<td style=\"text-align:center\">HQS-4000<\/td>\n<td>220V\/240V<\/td>\n<td>50Hz<\/td>\n<td>100W<\/td>\n<td>4.0m<\/td>\n<td>4500L\/h<\/td>\n<td>2.8kg<\/td>\n<td>145*145*240mm<\/td>\n<\/tr>\n<tr>\n<td style=\"text-align:center\">HQS-4200<\/td>\n<td>220V\/240V<\/td>\n<td>50Hz<\/td>\n<td>100W<\/td>\n<p>4,2 m<\/td>\n<td>4500L\/h<\/td>\n<td>3,2 kg<\/td>\n<td>145*145*240mm<\/td>\n<\/tr>\n<\/tbody>\n<\/table>\n<table class=\"aliDataTable\" border=\"5\">\n<tbody>\n<tr>\n<td> Mod\u00e8le <\/td>\n<td> Tension<\/td>\n<td>Fr\u00e9quence<\/td>\n<td>Puissance<\/td>\n<td>H-max <\/td>\n<td>Sortie<\/td>\n<td>Poids<\/td>\n<td> Dimensions<\/td>\n<\/tr>\n<tr>\n<td style=\"text-align:center\">HQB-2000<\/td>\n<td>110V\/220V\/240V<\/td>\n<td>50Hz\/60Hz<\/td>\n<td>24W<\/td>\n<td>1,8m<\/td>\n<td>1400L\/h<\/td>\n<td>0,8kg<\/td>\n<td>138*65*145mm<\/td>\n<\/tr>\n<tr>\n<td style=\"text-align:center\">HQB-2200<\/td>\n<td>110V\/220V\/240V<\/td>\n<td>50Hz\/60Hz<\/td>\n<td> 40W<\/td>\n<td>2,3m<\/td>\n<td>1900L\/h<\/td>\n<td>1,2kg<\/td>\n<td>135*105*115mm<\/td>\n<\/tr>\n<tr>\n<td style=\"text-align:center\">HQB-2500<\/td>\n<td>110V\/220V\/240V<\/td>\n<td>50Hz\/60Hz<\/td>\n<td> 55W<\/td>\n<td>2,5m<\/td>\n<td>2000L\/h<\/td>\n<td>1,2kg<\/td>\n<td>153*105*135mm<\/td>\n<\/tr>\n<tr>\n<td style=\"text-align:center\">HQB-3000<\/td>\n<td>110V\/220V\/240V<\/td>\n<td>50Hz\/60Hz<\/td>\n<td> 60W<\/td>\n<td>3,0m<\/td>\n<td>2500L\/h<\/td>\n<td>1,6kg<\/td>\n<td>153*105*135mm<\/td>\n<\/tr>\n<tr>\n<td style=\"text-align:center\">HQB-3500<\/td>\n<td>110V\/220V\/240V<\/td>\n<td>50Hz\/60Hz<\/td>\n<td> 85W<\/td>\n<td>3,5m<\/td>\n<td>3000L\/h<\/td>\n<td>1,25kg<\/td>\n<td>153*105*135mm<\/td>\n<\/tr>\n<tr>\n<td style=\"text-align:center\">HQB-4500<\/td>\n<td>110V\/220V\/240V<\/td>\n<td>50Hz\/60Hz<\/td>\n<td> 100W<\/td>\n<td>4,5m<\/td>\n<td>4500L\/h<\/td>\n<td>2,7kg<\/td>\n<td>175*112*133mm<\/td>\n<\/tr>\n<tr>\n<td style=\"text-align:center\">HQB-5000<\/td>\n<td>110V\/220V\/240V<\/td>\n<td>50Hz\/60Hz<\/td>\n<td> 150 W<\/td>\n<td>5,0 m<\/td>\n<td>5 500 L\/h<\/td>\n<td>2,8 kg<\/td>\n<td>175*112*133 mm<\/td>\n<\/tr>\n<tr>\n<td style=\"text-align:center\">HQB-5500<\/td>\n<td>110V\/220V\/240V<\/td>\n<td>50Hz\/60Hz<\/td>\n<td>200W<\/td>\n<td>5,5 m<\/td>\n<td>6\u00a0800 L\/h<\/td>\n<td>4,0 kg<\/td>\n<td>200*140*160 mm<\/td>\n<\/tr>\n<\/tbody>\n<\/table>\n<p><span style=\"font-size:14px\"><strong><span style=\"color:#ff6600\"> Exposition de pompes \u00e0 eau de jardin multi-usages<\/span><\/strong><\/span><\/p>\n<p><span style=\"font-size:14px\"><strong><span style=\"color:#ff6600\">S\u00e9rie HYL<\/span><\/strong><\/span><\/p>\n<p><span style=\"font-size:14px\"><strong><span style=\"color:#ff6600\"><img decoding=\"async\" alt=\"7500L\/h 150W Pompes \u00e0 eau pour bassin de jardin Koi HYL-7500\" src=\"http:\/\/localhost\/media\/import\/detail\/549331638_633.jpg\"><img decoding=\"async\" alt=\"7500L\/h 150W Pompes \u00e0 eau pour \u00e9tang de jardin Koi HYL-7500\" src=\"http:\/\/localhost\/media\/import\/detail\/549331640_101.jpg\"><img decoding=\"async\" alt=\"7500L\/h 150W Jardin Pompes de caract\u00e9ristiques d'eau d'\u00e9tang de Koi HYL-7500\" src=\"http:\/\/localhost\/media\/import\/detail\/549331643_817.jpg\"><img decoding=\"async\" alt=\"7500L\/h 150W Pompes de caract\u00e9ristiques d'eau d'\u00e9tang de jardin Koi HYL-7500\" src=\"http:\/\/localhost\/media\/import\/detail\/549331646_508.jpg\"><\/span><\/strong><\/span><\/p>\n<p><p style=\"text-align:center\"><span style=\"font-size:14px;font-family:book antiqua, palatino\"><strong><span style=\"color:#800080;font-style:italic\"><\/span><\/strong><\/span><\/p><\/p>\n","protected":false},"excerpt":{"rendered":"<p>Pompes de caract\u00e9ristiques de l&rsquo;eau d&rsquo;\u00e9tang de jardin Koi, 7500L\/h, 150W, HYL-7500<\/p>\n","protected":false},"featured_media":5457,"comment_status":"open","ping_status":"closed","template":"","meta":[],"product_brand":[],"product_cat":[1380],"product_tag":[],"class_list":{"0":"post-39046","1":"product","2":"type-product","3":"status-publish","4":"has-post-thumbnail","6":"product_cat-pompes-a-eau-et-amp-tetes-motrices","8":"first","9":"instock","10":"shipping-taxable","11":"purchasable","12":"product-type-simple"},"_links":{"self":[{"href":"https:\/\/www.myaquastore.com\/fr\/wp-json\/wp\/v2\/product\/39046","targetHints":{"allow":["GET"]}}],"collection":[{"href":"https:\/\/www.myaquastore.com\/fr\/wp-json\/wp\/v2\/product"}],"about":[{"href":"https:\/\/www.myaquastore.com\/fr\/wp-json\/wp\/v2\/types\/product"}],"replies":[{"embeddable":true,"href":"https:\/\/www.myaquastore.com\/fr\/wp-json\/wp\/v2\/comments?post=39046"}],"wp:featuredmedia":[{"embeddable":true,"href":"https:\/\/www.myaquastore.com\/fr\/wp-json\/wp\/v2\/media\/5457"}],"wp:attachment":[{"href":"https:\/\/www.myaquastore.com\/fr\/wp-json\/wp\/v2\/media?parent=39046"}],"wp:term":[{"taxonomy":"product_brand","embeddable":true,"href":"https:\/\/www.myaquastore.com\/fr\/wp-json\/wp\/v2\/product_brand?post=39046"},{"taxonomy":"product_cat","embeddable":true,"href":"https:\/\/www.myaquastore.com\/fr\/wp-json\/wp\/v2\/product_cat?post=39046"},{"taxonomy":"product_tag","embeddable":true,"href":"https:\/\/www.myaquastore.com\/fr\/wp-json\/wp\/v2\/product_tag?post=39046"}],"curies":[{"name":"wp","href":"https:\/\/api.w.org\/{rel}","templated":true}]}}