{"id":39047,"date":"2016-09-25T23:28:28","date_gmt":"2016-09-25T23:28:28","guid":{"rendered":"https:\/\/www.myaquastore.com\/product\/pompe-a-eau-detang-de-jardin-daquarium-de-6500l-h-95w-hyl-6500\/"},"modified":"2025-03-16T09:06:06","modified_gmt":"2025-03-16T09:06:06","slug":"pompe-a-eau-detang-de-jardin-daquarium-de-6500l-h-95w-hyl-6500","status":"publish","type":"product","link":"https:\/\/www.myaquastore.com\/fr\/product\/pompe-a-eau-detang-de-jardin-daquarium-de-6500l-h-95w-hyl-6500\/","title":{"rendered":"Pompe \u00e0 eau d&rsquo;\u00e9tang de jardin d&rsquo;aquarium de 6500L\/h 95W HYL-6500"},"content":{"rendered":"<div style=\"clear:both\"><\/div>\n<p style=\"text-align:center\">\n<div id=\"ali-anchor-AliPostDhMb-97st0\" style=\"padding-top:8px\" data-section-title=\"nom\" data-section=\"AliPostDhMb-97st0\">\n<div id=\"ali-title-AliPostDhMb-97st0\" style=\"border-bottom:#ddd 1px solid;padding-bottom:8px;padding-top:8px;padding-left:0px;padding-right:0px\"><span style=\"font-weight:bold;color:#333;padding-bottom:8px;padding-top:8px;padding-left:10px;line-height:12px;padding-right:10px;background-color:#ddd\">nom<\/span><\/div>\n<div style=\"padding-bottom:10px;padding-top:10px;padding-left:0px;padding-right:0px\">\n<p><img decoding=\"async\" alt=\"6500L\/h 95W Pompe \u00e0 eau pour bassin de jardin pour aquarium HYL-6500\" src=\"http:\/\/localhost\/media\/import\/detail\/HTB11qiMJVXXXXXWXVXXq6xXFXXXQ.jpg\"><span> <\/span><\/p>\n<\/div>\n<\/div>\n<p style=\"text-align:center\"><span style=\"font-size:24px\"><strong><span style=\"color:#000000\"> <\/span><\/strong><\/span><\/p>\n<p style=\"text-align:center\"><span style=\"font-size:24px\"><strong><span style=\"color:#000000\">6500L\/h 95W Pompe \u00e0 eau pour bassin de jardin pour aquarium HYL-6500 <\/span><\/strong><\/span><\/p>\n<\/p>\n<div id=\"ali-anchor-AliPostDhMb-r2vz7\" style=\"padding-top:8px\" data-section-title=\"Description du produit\" data-section=\"AliPostDhMb-r2vz7\">\n<div id=\"ali-title-AliPostDhMb-r2vz7\" style=\"border-bottom:#ddd 1px solid;padding-bottom:8px;padding-top:8px;padding-left:0px;padding-right:0px\"><span style=\"font-weight:bold;color:#333;padding-bottom:8px;padding-top:8px;padding-left:10px;line-height:12px;padding-right:10px;background-color:#ddd\">Description du produit<\/span><\/div>\n<div style=\"padding-bottom:10px;padding-top:10px;padding-left:0px;padding-right:0px\">\n<p><strong>sp\u00e9cifications\u00a0:<\/strong><\/p>\n<\/div>\n<\/div>\n<p style=\"font-size:14px\"><span style=\"font-size:12px\"><strong>1. le rotor est fait d&rsquo;un mat\u00e9riau sp\u00e9cial, facile \u00e0 d\u00e9marrer et \u00e0 faible consommation d&rsquo;\u00e9nergie\u00a0;<\/strong><\/span><\/p>\n<p style=\"font-size:14px\"><span style=\"font-size:12px\"><strong>2. Arbre et localisateur d&rsquo;arbre en c\u00e9ramique de haute qualit\u00e9, durables et silencieux\u00a0;<\/strong><\/span><\/p>\n<p style=\"font-size:14px\"><span style=\"font-size:12px\"><strong>3. moteur compl\u00e8tement scell\u00e9 et \u00e9tanche, s\u00fbr et fiable\u00a0;<\/strong><\/span><\/p>\n<p style=\"font-size:14px\">\n<p style=\"font-size:14px\"><span style=\"font-size:12px\"><strong>4. moteur asynchrone standard de haute performance avec un nouveau design et une \u00e9conomie d&rsquo;\u00e9nergie <\/strong><\/span><\/p>\n<p style=\"font-size:14px\"><span style=\"font-size:12px\"><strong>jusqu&rsquo;\u00e0 50\u00a0% qu&rsquo;avant\u00a0;<\/strong><\/span><\/p>\n<p style=\"font-size:14px\"><span style=\"font-size:12px\"><strong>5. protection de l&rsquo;interrupteur \u00e0 flotteur, utilisation plus s\u00fbre\u00a0;<\/strong><\/span><\/p>\n<p style=\"font-size:14px\"><span style=\"font-size:12px\"><strong>6. jardin aquatique, faire circuler l&rsquo;eau dans les rocailles, fournir et \u00e9vacuer l&rsquo;eau dans la piscine.<\/strong><\/span><\/p>\n<p style=\"font-size:14px\"><strong> <span style=\"background-color:#ffff00\">Param\u00e8tres des pompes \u00e0 eau de l&rsquo;\u00e9tang de jardin d&rsquo;aquarium<\/span><\/strong><\/p>\n<table class=\"aliDataTable\" style=\"width:80%\" border=\"5\">\n<tbody>\n<tr>\n<td> Mod\u00e8le <\/td>\n<td>Tension<\/td>\n<td>Fr\u00e9quence<\/td>\n<td>Puissance<\/td>\n<td>H-max <\/td>\n<td>Sortie<\/td>\n<td>Poids<\/td>\n<td> Dimensions<\/td>\n<\/tr>\n<tr>\n<td style=\"text-align:center\">HYL-5500\/A<\/td>\n<td>110V\/240V<\/td>\n<td>50Hz\/60Hz<\/td>\n<td>150W<\/ td><\/p>\n<td>6,5 m<\/td>\n<td>5 500 L\/h<\/td>\n<td>2,92 kg\/3,12 kg<\/td>\n<td>180*180*260 mm<\/td>\n<\/tr>\n<tr>\n<td style=\"text-align:center\">HYL-6500\/A<\/td>\n<td>110V\/240V<\/td>\n<td>50Hz\/60Hz<\/td>\n<td>95W<\/ td><\/p>\n<td>5,5 m<\/td>\n<td>6 500 L\/h<\/td>\n<td>2,61 kg\/2,81 kg<\/td>\n<td>180*180*260 mm<\/td>\n<\/tr>\n<tr>\n<td style=\"text-align:center\">HYL-7500\/A<\/td>\n<td>110V\/240V<\/td>\n<td>50Hz\/60Hz<\/td>\n<td>150W<\/td>\n<td>6,5m<\/td>\n<td>7500L\/h<\/td>\n<td>2,92kg\/3,12kg<\/td>\n<td>180*180*260mm<\/td>\n<\/tr>\n<\/tbody>\n<\/table>\n<table class=\"aliDataTable\" border=\"5\">\n<tbody>\n<tr>\n<td> Mod\u00e8le <\/td>\n<td>Tension<\/td>\n<td>Fr\u00e9quence<\/td>\n<td>Puissance<\/td>\n<td>H-max <\/td>\n<td>Sortie<\/td>\n<td>Poids<\/td>\n<td> Dimensions<\/td>\n<\/tr>\n<tr>\n<td style=\"text-align:center\">HQS-5000<\/td>\n<td>220V<\/td>\n<td>50Hz<\/td>\n<td>250W<\/td>\n<td>6m<\/td>\n<td>6000L\/h<\/td>\n<td>3,6kg<\/td>\n<td>200*200*350mm<\/td>\n<\/tr>\n<tr>\n<td style=\"text-align:center\">HQS-6000\/I<\/td>\n<td>220V<\/td>\n<td>50Hz<\/td>\n<td>300W<\/td>\n<td>8m<\/td>\n<td>8000L\/h<\/td>\n<td>5,5kg<\/td>\n<td>200*200*350mm<\/td>\n<\/tr>\n<tr>\n<td style=\"text-align:center\">HQS-7000\/I<\/td>\n<td>220V<\/td>\n<td>50Hz<\/td>\n<td>320W<\/p>\n<td>10m<\/td>\n<td>10000L\/h<\/td>\n<td>6,2kg<\/td>\n<td>200*200*350mm<\/td>\n<\/tr>\n<tr>\n<td style=\"text-align:center\">HQS-8000\/I<\/td>\n<td>220V<\/td>\n<td>50Hz<\/td>\n<td>350W<\/p>\n<td>11m<\/td>\n<td>13000L\/h<\/td>\n<td>5,7kg<\/td>\n<td>250*250*350mm<\/td>\n<\/tr>\n<tr>\n<td style=\"text-align:center\">HQS-9000<\/td>\n<td>220V<\/td>\n<td>50Hz<\/td>\n<td>380W<\/td>\n<td>12m<\/td>\n<td>14000L\/h<\/td>\n<td>6,0kg<\/td>\n<td>250*250*350mm<\/td>\n<\/tr>\n<tr>\n<td style=\"text-align:center\">HQS-10000<\/td>\n<td>220V<\/td>\n<td>50Hz<\/td>\n<td>420W<\/td>\n<td>13m<\/td>\n<td>15000L\/h<\/td>\n<td>6,5kg<\/td>\n<td>250*250*350mm<\/td>\n<\/tr>\n<tr>\n<td style=\"text-align:center\">HQS-1800<\/td>\n<td>110V\/220V\/240V<\/td>\n<td>50Hz\/60Hz<\/td>\n<td> 180 W<\/td>\n<td>7,0 m<\/td>\n<td>8 500 L\/h<\/td>\n<td>5,5 kg<\/td>\n<td>182*137*279 mm<\/td>\n<\/tr>\n<tr>\n<td style=\"text-align:center\">HQS-4000<\/td>\n<td>220V\/240V<\/td>\n<td>50Hz<\/td>\n<td>100W<\/td>\n<td>4.0m<\/td>\n<td>4500L\/h<\/td>\n<td>2.8kg<\/td>\n<td>145*145*240mm<\/td>\n<\/tr>\n<tr>\n<td style=\"text-align:center\">HQS-4200<\/td>\n<td>220V\/240V<\/td>\n<td>50Hz<\/td>\n<td>100W<\/td>\n<p>4,2 m<\/td>\n<td>4500L\/h<\/td>\n<td>3,2 kg<\/td>\n<td>145*145*240mm<\/td>\n<\/tr>\n<\/tbody>\n<\/table>\n<table class=\"aliDataTable\" border=\"5\">\n<tbody>\n<tr>\n<td> Mod\u00e8le <\/td>\n<td> Tension<\/td>\n<td>Fr\u00e9quence<\/td>\n<td>Puissance<\/td>\n<td>H-max <\/td>\n<td>Sortie<\/td>\n<td>Poids<\/td>\n<td> Dimensions<\/td>\n<\/tr>\n<tr>\n<td style=\"text-align:center\">HQB-2000<\/td>\n<td>110V\/220V\/240V<\/td>\n<td>50Hz\/60Hz<\/td>\n<td>24W<\/td>\n<td>1,8m<\/td>\n<td>1400L\/h<\/td>\n<td>0,8kg<\/td>\n<td>138*65*145mm<\/td>\n<\/tr>\n<tr>\n<td style=\"text-align:center\">HQB-2200<\/td>\n<td>110V\/220V\/240V<\/td>\n<td>50Hz\/60Hz<\/td>\n<td> 40W<\/td>\n<td>2,3m<\/td>\n<td>1900L\/h<\/td>\n<td>1,2kg<\/td>\n<td>135*105*115mm<\/td>\n<\/tr>\n<tr>\n<td style=\"text-align:center\">HQB-2500<\/td>\n<td>110V\/220V\/240V<\/td>\n<td>50Hz\/60Hz<\/td>\n<td> 55W<\/td>\n<td>2,5m<\/td>\n<td>2000L\/h<\/td>\n<td>1,2kg<\/td>\n<td>153*105*135mm<\/td>\n<\/tr>\n<tr>\n<td style=\"text-align:center\">HQB-3000<\/td>\n<td>110V\/220V\/240V<\/td>\n<td>50Hz\/60Hz<\/td>\n<td> 60W<\/td>\n<td>3,0m<\/td>\n<td>2500L\/h<\/td>\n<td>1,6kg<\/td>\n<td>153*105*135mm<\/td>\n<\/tr>\n<tr>\n<td style=\"text-align:center\">HQB-3500<\/td>\n<td>110V\/220V\/240V<\/td>\n<td>50Hz\/60Hz<\/td>\n<td> 85W<\/td>\n<td>3,5m<\/td>\n<td>3000L\/h<\/td>\n<td>1,25kg<\/td>\n<td>153*105*135mm<\/td>\n<\/tr>\n<tr>\n<td style=\"text-align:center\">HQB-4500<\/td>\n<td>110V\/220V\/240V<\/td>\n<td>50Hz\/60Hz<\/td>\n<td> 100W<\/td>\n<td>4,5m<\/td>\n<td>4500L\/h<\/td>\n<td>2,7kg<\/td>\n<td>175*112*133mm<\/td>\n<\/tr>\n<tr>\n<td style=\"text-align:center\">HQB-5000<\/td>\n<td>110V\/220V\/240V<\/td>\n<td>50Hz\/60Hz<\/td>\n<td> 150 W<\/td>\n<td>5,0 m<\/td>\n<td>5 500 L\/h<\/td>\n<td>2,8 kg<\/td>\n<td>175*112*133 mm<\/td>\n<\/tr>\n<tr>\n<td style=\"text-align:center\">HQB-5500<\/td>\n<td>110V\/220V\/240V<\/td>\n<td>50Hz\/60Hz<\/td>\n<td>200W<\/td>\n<td>5,5 m<\/td>\n<td>6\u00a0800 L\/h<\/td>\n<td>4,0 kg<\/td>\n<td>200*140*160 mm<\/td>\n<\/tr>\n<\/tbody>\n<\/table>\n<p><span style=\"font-size:14px\"><strong><span style=\"background-color:#ffff00\">Pompes \u00e0 eau submersibles multifonctions pour \u00e9tang de jardin <\/span><\/strong><\/span><\/p>\n<p><span style=\"font-size:12px\"><strong>Pompes submersibles pour \u00e9tang de jardin s\u00e9rie HYL (un style avec interrupteur \u00e0 flotteur)<\/strong><\/span><\/p>\n<p><span style=\"font-size:12px\"><strong>HYL-6500\/A,HYL-7500\/A<\/strong><\/span><\/p>\n<p><span style=\"font-size:12px\"><strong><img decoding=\"async\" alt=\"6500L\/h 95W Pompe \u00e0 eau pour bassin de jardin pour aquarium HYL-6500\" src=\"http:\/\/localhost\/media\/import\/detail\/544389675_817.jpg\"><img decoding=\"async\" alt=\"6500L\/h 95W Pompe \u00e0 eau pour bassin de jardin pour aquarium HYL-6500\" src=\"http:\/\/localhost\/media\/import\/detail\/544389677_272.jpg\"><\/strong><\/span><\/p>\n<p><span style=\"font-size:12px\"><strong>HYL-5500,HYL-5500A<\/strong><\/span><\/p>\n<p><span style=\"font-size:12px\"><strong><img decoding=\"async\" alt=\"6500L\/h 95W Pompe \u00e0 eau pour bassin de jardin pour aquarium HYL-6500\" src=\"http:\/\/localhost\/media\/import\/detail\/544389679_126.jpg\"><img decoding=\"async\" alt=\"6500L\/h 95W Pompe \u00e0 eau pour bassin de jardin pour aquarium HYL-6500\" src=\"http:\/\/localhost\/media\/import\/detail\/544389685_589.jpg\"><\/strong><\/span><\/p>\n<p><span style=\"font-size:12px\"><strong>Les pompes \u00e0 eau submersibles polyvalentes de la s\u00e9rie HQS montrent (un style avec interrupteur \u00e0 flotteur)<\/strong><\/span><\/p>\n<p><span style=\"font-size:12px\"><strong><img decoding=\"async\" alt=\"6500L\/h 95W Pompe \u00e0 eau pour bassin de jardin pour aquarium HYL-6500\" src=\"http:\/\/localhost\/media\/import\/detail\/544403995_597.jpg\"><\/strong><\/span><\/p>\n<p><span style=\"font-size:12px\"><strong><img decoding=\"async\" alt=\"6500L\/h 95W Pompe \u00e0 eau pour bassin de jardin pour aquarium HYL-6500\" src=\"http:\/\/localhost\/media\/import\/detail\/544404274_170.jpg\"><\/strong><\/span><\/p>\n<\/p>\n<p><strong> <\/strong><\/p>\n<div id=\"ali-anchor-AliPostDhMb-0chdf\" style=\"padding-top:8px\" data-section-title=\"Informations sur la soci\u00e9t\u00e9\" data-section=\"AliPostDhMb-0chdf\">\n<div id=\"ali-title-AliPostDhMb-0chdf\" style=\"border-bottom:#ddd 1px solid;padding-bottom:8px;padding-top:8px;padding-left:0px;padding-right:0px\"> <\/div>\n<\/div>\n<div style=\"clear:les deux\"><\/div>\n","protected":false},"excerpt":{"rendered":"<p>Pompe \u00e0 eau d&rsquo;\u00e9tang de jardin d&rsquo;aquarium de 6500L\/h 95W HYL-6500<\/p>\n","protected":false},"featured_media":5459,"comment_status":"open","ping_status":"closed","template":"","meta":[],"product_brand":[],"product_cat":[1380],"product_tag":[],"class_list":{"0":"post-39047","1":"product","2":"type-product","3":"status-publish","4":"has-post-thumbnail","6":"product_cat-pompes-a-eau-et-amp-tetes-motrices","8":"first","9":"instock","10":"shipping-taxable","11":"purchasable","12":"product-type-simple"},"_links":{"self":[{"href":"https:\/\/www.myaquastore.com\/fr\/wp-json\/wp\/v2\/product\/39047","targetHints":{"allow":["GET"]}}],"collection":[{"href":"https:\/\/www.myaquastore.com\/fr\/wp-json\/wp\/v2\/product"}],"about":[{"href":"https:\/\/www.myaquastore.com\/fr\/wp-json\/wp\/v2\/types\/product"}],"replies":[{"embeddable":true,"href":"https:\/\/www.myaquastore.com\/fr\/wp-json\/wp\/v2\/comments?post=39047"}],"wp:featuredmedia":[{"embeddable":true,"href":"https:\/\/www.myaquastore.com\/fr\/wp-json\/wp\/v2\/media\/5459"}],"wp:attachment":[{"href":"https:\/\/www.myaquastore.com\/fr\/wp-json\/wp\/v2\/media?parent=39047"}],"wp:term":[{"taxonomy":"product_brand","embeddable":true,"href":"https:\/\/www.myaquastore.com\/fr\/wp-json\/wp\/v2\/product_brand?post=39047"},{"taxonomy":"product_cat","embeddable":true,"href":"https:\/\/www.myaquastore.com\/fr\/wp-json\/wp\/v2\/product_cat?post=39047"},{"taxonomy":"product_tag","embeddable":true,"href":"https:\/\/www.myaquastore.com\/fr\/wp-json\/wp\/v2\/product_tag?post=39047"}],"curies":[{"name":"wp","href":"https:\/\/api.w.org\/{rel}","templated":true}]}}