{"id":39050,"date":"2016-09-25T23:28:28","date_gmt":"2016-09-25T23:28:28","guid":{"rendered":"https:\/\/www.myaquastore.com\/product\/pompe-a-eau-submergee-multifonction-8000l-h-300w-grande-sortie-hqs-6000i\/"},"modified":"2025-03-16T09:06:07","modified_gmt":"2025-03-16T09:06:07","slug":"pompe-a-eau-submergee-multifonction-8000l-h-300w-grande-sortie-hqs-6000i","status":"publish","type":"product","link":"https:\/\/www.myaquastore.com\/fr\/product\/pompe-a-eau-submergee-multifonction-8000l-h-300w-grande-sortie-hqs-6000i\/","title":{"rendered":"Pompe \u00e0 eau submerg\u00e9e multifonction, 8000l\/h, 300W, grande sortie, HQS-6000I"},"content":{"rendered":"<div style=\"clear:both\"><\/div>\n<p><strong><span style=\"font-size:24px\"> Pompe \u00e0 eau submersible multifonction 8 000 L\/h 300 W, grande sortie HQS-6000I <\/span><\/strong><\/p>\n<\/p>\n<div id=\"ali-anchor-AliPostDhMb-y0lvm\" style=\"padding-top:8px\" data-section-title=\"Description du produit\" data-section=\"AliPostDhMb-y0lvm\">\n<div id=\"ali-title-AliPostDhMb-y0lvm\" style=\"border-bottom:#ddd 1px solid;padding-bottom:8px;padding-top:8px;padding-left:0px;padding-right:0px\"><span style=\"font-weight:bold;color:#333;padding-bottom:8px;padding-top:8px;padding-left:10px;line-height:12px;padding-right:10px;background-color:#ddd\">Description du produit<\/span><\/div>\n<div style=\"padding-bottom:10px;padding-top:10px;padding-left:0px;padding-right:0px\">\n<\/div>\n<\/div>\n<p style=\"font-size:14px\">sp\u00e9cifications\u00a0:<\/p>\n<p style=\"font-size:14px\">1. il utilise un noyau d&rsquo;arbre \u00e0 haute r\u00e9sistance et r\u00e9sistant \u00e0 l&rsquo;usure, <strong><em>a une \u00e9conomie d&rsquo;\u00e9nergie tr\u00e8s efficace,<\/em><\/strong><\/p>\n<p style=\"font-size:14px\"><strong><em> et une longue dur\u00e9e de vie.<\/em><\/strong><\/p>\n<p style=\"font-size:14px\">2. il a une bonne r\u00e9sistance di\u00e9lectrique imperm\u00e9able et \u00e9lev\u00e9e\u00a0; <em><strong>il est s\u00fbr et fiable.<\/strong><\/em><\/p>\n<p style=\"font-size:14px\">3. vous pouvez l&rsquo;utiliser comme <em><strong>pompage et fontaine<\/strong><\/em>.<\/p>\n<p style=\"font-size:14px\">4. <strong><em>appliquer aux aquariums, aux \u00e9tangs<\/em><\/strong> avec un \u00e9quipement de recyclage de l&rsquo;eau correspondant.<\/p>\n<p style=\"font-size:14px\">\n<p style=\"font-size:14px\"><strong><span style=\"color:#333300;background-color:#ffff00\"> Param\u00e8tres des pompes \u00e0 eau immerg\u00e9es pour aquarium<\/span><\/strong><\/p>\n<table class=\"aliDataTable\" border=\"5\">\n<tbody>\n<tr>\n<td> Mod\u00e8le <\/td>\n<td>Tension<\/td>\n<td>Fr\u00e9quence<\/td>\n<td>Puissance<\/td>\n<td>H-max <\/td>\n<td>Sortie<\/td>\n<td>Poids<\/td>\n<td> Dimensions<\/td>\n<\/tr>\n<tr>\n<td style=\"text-align:center\">HQS-5000<\/td>\n<td>220V<\/td>\n<td>50Hz<\/td>\n<td>250W<\/td>\n<td>6m<\/td>\n<td>6000L\/h<\/td>\n<td>3,6kg<\/td>\n<td>200*200*350mm<\/td>\n<\/tr>\n<tr>\n<td style=\"text-align:center\">HQS-6000\/I<\/td>\n<td>220V<\/td>\n<td>50Hz<\/td>\n<td>300W<\/td>\n<td>8m<\/td>\n<td>8000L\/h<\/td>\n<td>5,5kg<\/td>\n<td>200*200*350mm<\/td>\n<\/tr>\n<tr>\n<td style=\"text-align:center\">HQS-7000\/I<\/td>\n<td>220V<\/td>\n<td>50Hz<\/td>\n<td>320W<\/p>\n<td>10m<\/td>\n<td>10000L\/h<\/td>\n<td>6,2kg<\/td>\n<td>200*200*350mm<\/td>\n<\/tr>\n<tr>\n<td style=\"text-align:center\">HQS-8000\/I<\/td>\n<td>220V<\/td>\n<td>50Hz<\/td>\n<td>350W<\/p>\n<td>11m<\/td>\n<td>13000L\/h<\/td>\n<td>5,7kg<\/td>\n<td>250*250*350mm<\/td>\n<\/tr>\n<tr>\n<td style=\"text-align:center\">HQS-9000<\/td>\n<td>220V<\/td>\n<td>50Hz<\/td>\n<td>380W<\/td>\n<td>12m<\/td>\n<td>14000L\/h<\/td>\n<td>6,0kg<\/td>\n<td>250*250*350mm<\/td>\n<\/tr>\n<tr>\n<td style=\"text-align:center\">HQS-10000<\/td>\n<td>220V<\/td>\n<td>50Hz<\/td>\n<td>420W<\/td>\n<td> 13m<\/td>\n<td>15000L\/h<\/td>\n<td>6,5kg<\/td>\n<td>250*250*350mm<\/td>\n<\/tr>\n<\/tbody>\n<\/table>\n<table class=\"aliDataTable\" border=\"5\">\n<tbody>\n<tr>\n<td> Mod\u00e8le <\/td>\n<td> Tension<\/td>\n<td>Fr\u00e9quence<\/td>\n<td>Puissance<\/td>\n<td>H-max <\/td>\n<td>Sortie<\/td>\n<td>Poids<\/td>\n<td> Dimensions<\/td>\n<\/tr>\n<tr>\n<td style=\"text-align:center\">HQB-2000<\/td>\n<td>110V\/220V\/240V<\/td>\n<td>50Hz\/60Hz<\/td>\n<td>24W<\/td>\n<td>1,8m<\/td>\n<td>1400L\/h<\/td>\n<td>0,8kg<\/td>\n<td>138*65*145mm<\/td>\n<\/tr>\n<tr>\n<td style=\"text-align:center\">HQB-2200<\/td>\n<td>110V\/220V\/240V<\/td>\n<td>50Hz\/60Hz<\/td>\n<td> 40W<\/td>\n<td>2,3m<\/td>\n<td>1900L\/h<\/td>\n<td>1,2kg<\/td>\n<td>135*105*115mm<\/td>\n<\/tr>\n<tr>\n<td style=\"text-align:center\">HQB-2500<\/td>\n<td>110V\/220V\/240V<\/td>\n<td>50Hz\/60Hz<\/td>\n<td> 55W<\/td>\n<td>2,5m<\/td>\n<td>2000L\/h<\/td>\n<td>1,2kg<\/td>\n<td>153*105*135mm<\/td>\n<\/tr>\n<tr>\n<td style=\"text-align:center\">HQB-3000<\/td>\n<td>110V\/220V\/240V<\/td>\n<td>50Hz\/60Hz<\/td>\n<td> 60W<\/td>\n<td>3,0m<\/td>\n<td>2500L\/h<\/td>\n<td>1,6kg<\/td>\n<td>153*105*135mm<\/td>\n<\/tr>\n<tr>\n<td style=\"text-align:center\">HQB-3500<\/td>\n<td>110V\/220V\/240V<\/td>\n<td>50Hz\/60Hz<\/td>\n<td> 85W<\/td>\n<td>3,5m<\/td>\n<td>3000L\/h<\/td>\n<td>1,25kg<\/td>\n<td>153*105*135mm<\/td>\n<\/tr>\n<tr>\n<td style=\"text-align:center\">HQB-4500<\/td>\n<td>110V\/220V\/240V<\/td>\n<td>50Hz\/60Hz<\/td>\n<td> 100W<\/td>\n<td>4,5m<\/td>\n<td>4500L\/h<\/td>\n<td>2,7kg<\/td>\n<td>175*112*133mm<\/td>\n<\/tr>\n<tr>\n<td style=\"text-align:center\">HQB-5000<\/td>\n<td>110V\/220V\/240V<\/td>\n<td>50Hz\/60Hz<\/td>\n<td> 150 W<\/td>\n<td>5,0 m<\/td>\n<td>5 500 L\/h<\/td>\n<td>2,8 kg<\/td>\n<td>175*112*133 mm<\/td>\n<\/tr>\n<tr>\n<td style=\"text-align:center\">HQB-5500<\/td>\n<td>110V\/220V\/240V<\/td>\n<td>50Hz\/60Hz<\/td>\n<td>200W<\/td>\n<td>5,5 m<\/td>\n<td>6\u00a0800 L\/h<\/td>\n<td>4,0 kg<\/td>\n<td>200*140*160 mm<\/td>\n<\/tr>\n<\/tbody>\n<\/table>\n<p><span style=\"font-size:14px\"><strong><span style=\"color:#333300;background-color:#ffff00\">Exposition de pompes \u00e0 eau submerg\u00e9es pour aquarium hydroponique<\/span><\/strong><\/span><\/p>\n<p><img decoding=\"async\" alt=\"Pompe \u00e0 eau submerg\u00e9e multifonctionnelle 8000L\/h 300W \u00e0 grande sortie HQS-6000I\" src=\"http:\/\/localhost\/media\/import\/detail\/539782465_085.jpg\"><img decoding=\"async\" alt=\"8000L\/h 300W Pompe \u00e0 eau submerg\u00e9e multifonction \u00e0 grand rendement HQS-6000I\" src=\"http:\/\/localhost\/media\/import\/detail\/539782474_776.jpg\"><\/p>\n<p><img decoding=\"async\" alt=\"8000L\/h 300W Pompe \u00e0 eau submerg\u00e9e multifonction \u00e0 grand rendement HQS-6000I\" src=\"http:\/\/localhost\/media\/import\/detail\/539783511_511.jpg\"><\/p>\n<p><img decoding=\"async\" alt=\"8000L\/h 300W Pompe \u00e0 eau submerg\u00e9e multifonction \u00e0 grand rendement HQS-6000I\" src=\"http:\/\/localhost\/media\/import\/detail\/539784048_343.jpg\"><\/p>\n<p><img decoding=\"async\" alt=\"8000L\/h 300W Pompe \u00e0 eau submerg\u00e9e multifonction \u00e0 grand rendement HQS-6000I\" src=\"http:\/\/localhost\/media\/import\/detail\/539791368_930.jpg\"><\/p>\n<p><span style=\"font-size:14px\"><strong>Tant de pompes \u00e0 eau submersibles multifonctions ici, vous pouvez les utiliser comme pompes pour <\/strong><\/span><\/p>\n<p><span style=\"font-size:14px\"><strong>pomper l&rsquo;eau <\/strong><\/span><span style=\"font-size:14px\"><strong>et cr\u00e9er une fontaine. Vous pouvez \u00e9galement les utiliser pour irriguer votre <\/strong><\/span><\/p>\n<p><span style=\"font-size:14px\"><strong>jardin ou pour cr\u00e9er de <\/strong><\/span><span style=\"font-size:14px\"><strong>de magnifiques jeux d&rsquo;eau et des rocailles, rendant votre <\/strong><\/span><\/p>\n<p><span style=\"font-size:14px\"><strong>jardin plus adorable\u00a0!<\/strong><\/span><\/p>\n<\/p>\n<div id=\"ali-anchor-AliPostDhMb-1pajv\" style=\"padding-top:8px\" data-section-title=\"Informations sur la soci\u00e9t\u00e9\" data-section=\"AliPostDhMb-1pajv\"> <\/div>\n","protected":false},"excerpt":{"rendered":"<p>Pompe \u00e0 eau submerg\u00e9e multifonction, 8000l\/h, 300W, grande sortie, HQS-6000I<\/p>\n","protected":false},"featured_media":5465,"comment_status":"open","ping_status":"closed","template":"","meta":[],"product_brand":[],"product_cat":[1380],"product_tag":[],"class_list":{"0":"post-39050","1":"product","2":"type-product","3":"status-publish","4":"has-post-thumbnail","6":"product_cat-pompes-a-eau-et-amp-tetes-motrices","8":"first","9":"instock","10":"shipping-taxable","11":"purchasable","12":"product-type-simple"},"_links":{"self":[{"href":"https:\/\/www.myaquastore.com\/fr\/wp-json\/wp\/v2\/product\/39050","targetHints":{"allow":["GET"]}}],"collection":[{"href":"https:\/\/www.myaquastore.com\/fr\/wp-json\/wp\/v2\/product"}],"about":[{"href":"https:\/\/www.myaquastore.com\/fr\/wp-json\/wp\/v2\/types\/product"}],"replies":[{"embeddable":true,"href":"https:\/\/www.myaquastore.com\/fr\/wp-json\/wp\/v2\/comments?post=39050"}],"wp:featuredmedia":[{"embeddable":true,"href":"https:\/\/www.myaquastore.com\/fr\/wp-json\/wp\/v2\/media\/5465"}],"wp:attachment":[{"href":"https:\/\/www.myaquastore.com\/fr\/wp-json\/wp\/v2\/media?parent=39050"}],"wp:term":[{"taxonomy":"product_brand","embeddable":true,"href":"https:\/\/www.myaquastore.com\/fr\/wp-json\/wp\/v2\/product_brand?post=39050"},{"taxonomy":"product_cat","embeddable":true,"href":"https:\/\/www.myaquastore.com\/fr\/wp-json\/wp\/v2\/product_cat?post=39050"},{"taxonomy":"product_tag","embeddable":true,"href":"https:\/\/www.myaquastore.com\/fr\/wp-json\/wp\/v2\/product_tag?post=39050"}],"curies":[{"name":"wp","href":"https:\/\/api.w.org\/{rel}","templated":true}]}}