{"id":39052,"date":"2016-09-25T23:28:28","date_gmt":"2016-09-25T23:28:28","guid":{"rendered":"https:\/\/www.myaquastore.com\/product\/fontaines-deau-ornementales-de-reservoir-de-pompe-detang-daquarium-hqc-3000\/"},"modified":"2025-03-16T09:06:07","modified_gmt":"2025-03-16T09:06:07","slug":"fontaines-deau-ornementales-de-reservoir-de-pompe-detang-daquarium-hqc-3000","status":"publish","type":"product","link":"https:\/\/www.myaquastore.com\/fr\/product\/fontaines-deau-ornementales-de-reservoir-de-pompe-detang-daquarium-hqc-3000\/","title":{"rendered":"Fontaines d&rsquo;eau ornementales de r\u00e9servoir de pompe d&rsquo;\u00e9tang d&rsquo;aquarium HQC-3000"},"content":{"rendered":"<div style=\"clear:both\"><\/div>\n<p><span style=\"color:#000080\"><strong><span style=\"font-size:24px\">Pompe \u00e0 eau de fontaine submersible pour r\u00e9servoir d&rsquo;\u00e9tang <\/span><em><span style=\"font-size:18px\"> <\/span><\/em><\/strong><\/span><strong><em><span style=\"font-size:18px\"><span style=\"color:#ff0000\"> <\/span><span style=\"color:#ff0000\"> <\/span><\/span><\/em><\/strong><\/p>\n<p><em><\/em> <\/p>\n<div id=\"ali-anchor-AliPostDhMb-xgber\" style=\"padding-top:8px\" data-section-title=\"Description du produit\" data-section=\"AliPostDhMb-xgber\">\n<div id=\"ali-title-AliPostDhMb-xgber\" style=\"border-bottom:#ddd 1px solid;padding-bottom:8px;padding-top:8px;padding-left:0px;padding-right:0px\"><span style=\"font-weight:bold;color:#333;padding-bottom:8px;padding-top:8px;padding-left:10px;line-height:12px;padding-right:10px;background-color:#ddd\">Description du produit<\/span><\/div>\n<div style=\"padding-bottom:10px;padding-top:10px;padding-left:0px;padding-right:0px\">\n<\/div>\n<\/div>\n<p><span style=\"color:#ff0000\"><em><strong><\/strong><\/em><span style=\"font-size:12px;color:#000000\">1. Il utilise un noyau d&rsquo;arbre \u00e0 haute r\u00e9sistance et r\u00e9sistant \u00e0 l&rsquo;usure, <em><strong>a une \u00e9conomie d&rsquo;\u00e9nergie tr\u00e8s efficace et une longue dur\u00e9e de vie<\/strong><\/em>.<\/span><\/span><\/p>\n<p><span style=\"font-size:12px;color:#ff0000\"><span style=\"color:#000000\">2. Il a une <strong><em>bonne \u00e9tanch\u00e9it\u00e9, une rigidit\u00e9 di\u00e9lectrique \u00e9lev\u00e9e, il est s\u00fbr et fiable<\/em><\/strong>.<\/span><\/span><\/p>\n<p><span style=\"font-size:12px;color:#ff0000\"><span style=\"color:#000000\">3. Vous pouvez l&rsquo;utiliser <em><strong>comme pompage et fontaine<\/strong><\/em>.<\/span><\/span><\/p>\n<p><span style=\"font-size:12px;color:#ff0000\"><span style=\"color:#000000\">4. Appliquer aux <em><strong>aquariums, \u00e9tangs<\/strong><\/em> avec un \u00e9quipement de recyclage de l&rsquo;eau correspondant.<\/span><\/span><\/p>\n<\/p>\n<p><strong><span style=\"font-size:14px\"><span style=\"color:#ff0000\"><span style=\"color:#000000\">Param\u00e8tres des pompes d&rsquo;\u00e9tang d&rsquo;aquarium de la s\u00e9rie HQC<\/span><\/span><\/span><\/strong> <\/p>\n<table class=\"aliDataTable\">\n<tbody>\n<tr align=\"left\">\n<td style=\"background:#ffffff;width:67.85pt\" valign=\"middle\">\n<p style=\"background:#ffffff\"><span style=\"font-size:9pt;font-family:'Verdana';background:#ffffff;color:#000000\">Mod\u00e8le<\/span><\/p>\n<\/td>\n<td style=\"background:#ffffff;width:63pt\" valign=\"middle\">\n<p style=\"background:#ffffff\"><span style=\"font-size:9pt;font-family:'Verdana';background:#ffffff;color:#000000\"> Tension<\/span><span style=\"font-size:9pt;background:#ffffff;color:#000000\"> <\/span><\/p>\n<\/td>\n<td valign=\"middle\">\n<p style=\"background:#ffffff\"><span style=\"font-size:9pt;font-family:'Verdana';background:#ffffff;color:#000000\">Fr\u00e9quence<\/span><\/p>\n<\/td>\n<td style=\"background:#ffffff;width:39.75pt\" valign=\"middle\">\n<p style=\"background:#ffffff\"><span style=\"font-size:9pt;font-family:'Verdana';background:#ffffff;color:#000000\">Puissance<\/span><\/p>\n<\/td>\n<td style=\"background:#ffffff;width:42.65pt\" valign=\"middle\">\n<p style=\"background:#ffffff\"><span style=\"font-size:9pt;font-family:'Verdana';background:#ffffff;color:#000000\">H-max<\/span><\/p>\n<\/td>\n<td style=\"background:#ffffff;width:55.7pt\" valign=\"middle\">\n<p style=\"background:#ffffff\"><span style=\"font-size:9pt;font-family:'Verdana';background:#ffffff;color:#000000\">Sortie<\/span><\/p>\n<\/td>\n<td style=\"background:#ffffff;width:99.05pt\" valign=\"middle\">\n<p style=\"background:#ffffff\"><span style=\"font-size:9pt;font-family:'Verdana';background:#ffffff;color:#000000\">Dimensions<\/span><\/p>\n<\/td>\n<\/tr>\n<tr align=\"left\">\n<td style=\"background:#ffffff\" valign=\"middle\">\n<p style=\"background:#ffffff\"><span style=\"font-size:9pt;background:#ffffff;color:#000000\">HQC-2200<\/span><\/p>\n<\/td>\n<td style=\"background:#ffffff\" valign=\"middle\">\n<p style=\"background:#ffffff\"><span style=\"font-size:9pt;font-family:'Verdana';background:#ffffff;color:#000000\">110V\/<\/span><span style=\"font-size:9pt;background:#ffffff;color:#000000\">220V\/<\/span><span style=\"font-size:9pt;font-family:'Verdana';background:#ffffff;color:#000000\">240V<\/span><\/p>\n<\/td>\n<td style=\"background:#ffffff\" valign=\"middle\">\n<p style=\"background:#ffffff\"><span style=\"font-size:9pt;font-family:'Verdana';background:#ffffff;color:#000000\">50Hz\/60Hz<\/span><\/p>\n<\/td>\n<td style=\"background:#ffffff\" valign=\"middle\">\n<p style=\"background:#ffffff\"><span style=\"font-size:9pt;background:#ffffff;color:#000000\">35<\/span><span style=\"font-size:9pt;font-family:'Verdana';background:#ffffff;color:#000000\">W<\/span><\/p>\n<\/td>\n<td valign=\"middle\">\n<p style=\"background:#ffffff\"><span style=\"font-size:9pt;background:#ffffff;color:#000000\">2.0<\/span><span style=\"font-size:9pt;font-family:'Verdana';background:#ffffff;color:#000000\">m<\/span><\/p>\n<\/td>\n<td valign=\"middle\">\n<p style=\"background:#ffffff\"><span style=\"font-size:9pt;background:#ffffff;color:#000000\">2<\/span><span style=\"font-size:9pt;font-family:'Verdana';background:#ffffff;color:#000000\">000L\/h<\/span><\/p>\n<\/td>\n<td valign=\"middle\">\n<p style=\"background:#ffffff\"><span style=\"font-size:9pt;font-family:'Verdana';background:#ffffff;color:#000000\">20<\/span><span style=\"font-size:9pt;background:#ffffff;color:#000000\">8<\/span><span style=\"font-size:9pt;font-family:'Verdana';background:#ffffff;color:#000000\">*110*13<\/span><span style=\"font-size:9pt;background:#ffffff;color:#000000\">5<\/span><span style=\"font-size:9pt;font-family:'Verdana';background:#ffffff;color:#000000\">mm<\/span><\/p>\n<\/td>\n<\/tr>\n<tr align=\"left\">\n<td style=\"background:#ffffff\" valign=\"middle\">\n<p style=\"background:#ffffff\"><span style=\"font-size:9pt;background:#ffffff;color:#000000\">HQC-2500<\/span><\/p>\n<\/td>\n<td style=\"background:#ffffff\" valign=\"middle\">\n<p style=\"background:#ffffff\"><span style=\"font-size:9pt;font-family:'Verdana';background:#ffffff;color:#000000\">110V\/<\/span><span style=\"font-size:9pt;background:#ffffff;color:#000000\">220V\/<\/span><span style=\"font-size:9pt;font-family:'Verdana';background:#ffffff;color:#000000\">240V<\/span><\/p>\n<\/td>\n<td style=\"background:#ffffff\" valign=\"middle\">\n<p style=\"background:#ffffff\"><span style=\"font-size:9pt;font-family:'Verdana';background:#ffffff;color:#000000\">50Hz\/60Hz<\/span><\/p>\n<\/td>\n<td style=\"background:#ffffff\" valign=\"middle\">\n<p style=\"background:#ffffff\"><span style=\"font-size:9pt;background:#ffffff;color:#000000\">40<\/span><span style=\"font-size:9pt;font-family:'Verdana';background:#ffffff;color:#000000\">W<\/span><\/p>\n<\/td>\n<td valign=\"middle\">\n<p style=\"background:#ffffff\"><span style=\"font-size:9pt;background:#ffffff;color:#000000\">2.3<\/span><span style=\"font-size:9pt;font-family:'Verdana';background:#ffffff;color:#000000\">m<\/span><\/p>\n<\/td>\n<td valign=\"middle\">\n<p style=\"background:#ffffff\"><span style=\"font-size:9pt;background:#ffffff;color:#000000\">23<\/span><span style=\"font-size:9pt;font-family:'Verdana';background:#ffffff;color:#000000\">00L\/h<\/span><\/p>\n<\/td>\n<td valign=\"middle\">\n<p style=\"background:#ffffff\"><span style=\"font-size:9pt;font-family:'Verdana';background:#ffffff;color:#000000\">20<\/span><span style=\"font-size:9pt;background:#ffffff;color:#000000\">8<\/span><span style=\"font-size:9pt;font-family:'Verdana';background:#ffffff;color:#000000\">*110*13<\/span><span style=\"font-size:9pt;background:#ffffff;color:#000000\">5<\/span><span style=\"font-size:9pt;font-family:'Verdana';background:#ffffff;color:#000000\">mm<\/span><\/p>\n<\/td>\n<\/tr>\n<tr align=\"left\">\n<td style=\"background:#ffffff\" valign=\"middle\">\n<p style=\"background:#ffffff\"><span style=\"font-size:9pt;background:#ffffff;color:#000000\">HQC-3000<\/span><\/p>\n<\/td>\n<td style=\"background:#ffffff\" valign=\"middle\">\n<p style=\"background:#ffffff\"><span style=\"font-size:9pt;font-family:'Verdana';background:#ffffff;color:#000000\">110V\/<\/span><span style=\"font-size:9pt;background:#ffffff;color:#000000\">220V\/<\/span><span style=\"font-size:9pt;font-family:'Verdana';background:#ffffff;color:#000000\">240V<\/span><\/p>\n<\/td>\n<td style=\"background:#ffffff\" valign=\"middle\">\n<p style=\"background:#ffffff\"><span style=\"font-size:9pt;font-family:'Verdana';background:#ffffff;color:#000000\">50Hz\/60Hz<\/span><\/p>\n<\/td>\n<td style=\"background:#ffffff\" valign=\"middle\">\n<p style=\"background:#ffffff\"><span style=\"font-size:9pt;background:#ffffff;color:#000000\">4<\/span><span style=\"font-size:9pt;font-family:'Verdana';background:#ffffff;color:#000000\">5W<\/span><\/p>\n<\/td>\n<td valign=\"middle\">\n<p style=\"background:#ffffff\"><span style=\"font-size:9pt;background:#ffffff;color:#000000\">2.6<\/span><span style=\"font-size:9pt;font-family:'Verdana';background:#ffffff;color:#000000\">m<\/span><\/p>\n<\/td>\n<td valign=\"middle\">\n<p style=\"background:#ffffff\"><span style=\"font-size:9pt;background:#ffffff;color:#000000\">26<\/span><span style=\"font-size:9pt;font-family:'Verdana';background:#ffffff;color:#000000\">00L\/h<\/span><\/p>\n<\/td>\n<td valign=\"middle\">\n<p style=\"background:#ffffff\"><span style=\"font-size:9pt;font-family:'Verdana';background:#ffffff;color:#000000\">2<\/span><span style=\"font-size:9pt;background:#ffffff;color:#000000\">08<\/span><span style=\"font-size:9pt;font-family:'Verdana';background:#ffffff;color:#000000\">*1<\/span><span style=\"font-size:9pt;background:#ffffff;color:#000000\">10<\/span><span style=\"font-size:9pt;font-family:'Verdana';background:#ffffff;color:#000000\">*1<\/span><span style=\"font-size:9pt;background:#ffffff;color:#000000\">35<\/span><span style=\"font-size:9pt;font-family:'Verdana';background:#ffffff;color:#000000\">mm<\/span><\/p>\n<\/td>\n<\/tr>\n<tr align=\"left\">\n<td style=\"background:#ffffff\" valign=\"middle\">\n<p style=\"background:#ffffff\"><span style=\"font-size:9pt;background:#ffffff;color:#000000\">HQC-3500<\/span><\/p>\n<\/td>\n<td style=\"background:#ffffff\" valign=\"middle\">\n<p style=\"background:#ffffff\"><span style=\"font-size:9pt;font-family:'Verdana';background:#ffffff;color:#000000\">110V\/<\/span><span style=\"font-size:9pt;background:#ffffff;color:#000000\">220V\/<\/span><span style=\"font-size:9pt;font-family:'Verdana';background:#ffffff;color:#000000\">240V<\/span><\/p>\n<\/td>\n<td style=\"background:#ffffff\" valign=\"middle\">\n<p style=\"background:#ffffff\"><span style=\"font-size:9pt;font-family:'Verdana';background:#ffffff;color:#000000\">50Hz\/60Hz<\/span><\/p>\n<\/td>\n<td style=\"background:#ffffff\" valign=\"middle\">\n<p style=\"background:#ffffff\"><span style=\"font-size:9pt;background:#ffffff;color:#000000\">60<\/span><span style=\"font-size:9pt;font-family:'Verdana';background:#ffffff;color:#000000\">W<\/span><\/p>\n<\/td>\n<td valign=\"middle\">\n<p style=\"background:#ffffff\"><span style=\"font-size:9pt;background:#ffffff;color:#000000\">3.5<\/span><span style=\"font-size:9pt;font-family:'Verdana';background:#ffffff;color:#000000\">m<\/span><\/p>\n<\/td>\n<td valign=\"middle\">\n<p style=\"background:#ffffff\"><span style=\"font-size:9pt;background:#ffffff;color:#000000\">30<\/span><span style=\"font-size:9pt;font-family:'Verdana';background:#ffffff;color:#000000\">00L\/h<\/span><\/p>\n<\/td>\n<td valign=\"middle\">\n<p style=\"background:#ffffff\"><span style=\"font-size:9pt;font-family:'Verdana';background:#ffffff;color:#000000\">2<\/span><span style=\"font-size:9pt;background:#ffffff;color:#000000\">08<\/span><span style=\"font-size:9pt;font-family:'Verdana';background:#ffffff;color:#000000\">*1<\/span><span style=\"font-size:9pt;background:#ffffff;color:#000000\">10<\/span><span style=\"font-size:9pt;font-family:'Verdana';background:#ffffff;color:#000000\">*1<\/span><span style=\"font-size:9pt;background:#ffffff;color:#000000\">35<\/span><span style=\"font-size:9pt;font-family:'Verdana';background:#ffffff;color:#000000\">mm<\/span><\/p>\n<\/td>\n<\/tr>\n<tr align=\"left\">\n<td style=\"background:#ffffff\" valign=\"middle\">\n<p style=\"background:#ffffff\"><span style=\"font-size:9pt;background:#ffffff;color:#000000\">HQC-4500<\/span><\/p>\n<\/td>\n<td style=\"background:#ffffff\" valign=\"middle\">\n<p style=\"background:#ffffff\"><span style=\"font-size:9pt;font-family:'Verdana';background:#ffffff;color:#000000\">110V\/<\/span><span style=\"font-size:9pt;background:#ffffff;color:#000000\">220V\/<\/span><span style=\"font-size:9pt;font-family:'Verdana';background:#ffffff;color:#000000\">240 V<\/span><span style=\"font-size:9pt;background:#ffffff;color:#000000\"> <\/span><\/p>\n<\/td>\n<td style=\"background:#ffffff\" valign=\"middle\">\n<p style=\"background:#ffffff\"><span style=\"font-size:9pt;font-family:'Verdana';background:#ffffff;color:#000000\">50Hz\/60Hz<\/span><\/p>\n<\/td>\n<td style=\"background:#ffffff\" valign=\"middle\">\n<p style=\"background:#ffffff\"><span style=\"font-size:9pt;background:#ffffff;color:#000000\">100<\/span><span style=\"font-size:9pt;font-family:'Verdana';background:#ffffff;color:#000000\">W<\/span><\/p>\n<\/td>\n<td valign=\"middle\">\n<p style=\"background:#ffffff\"><span style=\"font-size:9pt;background:#ffffff;color:#000000\">4.0<\/span><span style=\"font-size:9pt;font-family:'Verdana';background:#ffffff;color:#000000\">m<\/span><\/p>\n<\/td>\n<td valign=\"middle\">\n<p style=\"background:#ffffff\"><span style=\"font-size:9pt;background:#ffffff;color:#000000\">45<\/span><span style=\"font-size:9pt;font-family:'Verdana';background:#ffffff;color:#000000\">00L\/h<\/span><\/p>\n<\/td>\n<td valign=\"middle\">\n<p style=\"background:#ffffff\"><span style=\"font-size:9pt;background:#ffffff;color:#000000\">227<\/span><span style=\"font-size:9pt;font-family:'Verdana';background:#ffffff;color:#000000\">*1<\/span><span style=\"font-size:9pt;background:#ffffff;color:#000000\">4<\/span><span style=\"font-size:9pt;font-family:'Verdana';background:#ffffff;color:#000000\">0*1<\/span><span style=\"font-size:9pt;background:#ffffff;color:#000000\">65<\/span><span style=\"font-size:9pt;font-family:'Verdana';background:#ffffff;color:#000000\">mm <\/span><\/p>\n<\/td>\n<\/tr>\n<tr align=\"left\">\n<td style=\"background:#ffffff\" valign=\"middle\">\n<p style=\"background:#ffffff\"><span style=\"font-size:9pt;background:#ffffff;color:#000000\">HQC-5000<\/span><\/p>\n<\/td>\n<td style=\"background:#ffffff\" valign=\"middle\">\n<p style=\"background:#ffffff\"><span style=\"font-size:9pt;font-family:'Verdana';background:#ffffff;color:#000000\">110V\/<\/span><span style=\"font-size:9pt;background:#ffffff;color:#000000\">220V\/<\/span><span style=\"font-size:9pt;font-family:'Verdana';background:#ffffff;color:#000000\">240V<\/span><\/p>\n<\/td>\n<td style=\"background:#ffffff\" valign=\"middle\">\n<p style=\"background:#ffffff\"><span style=\"font-size:9pt;font-family:'Verdana';background:#ffffff;color:#000000\">50Hz\/60Hz<\/span><\/p>\n<\/td>\n<td style=\"background:#ffffff\" valign=\"middle\">\n<p style=\"background:#ffffff\"><span style=\"font-size:9pt;background:#ffffff;color:#000000\">150W<\/span><\/p>\n<\/td>\n<td style=\"background:#ffffff\" valign=\"middle\">\n<p style=\"background:#ffffff\"><span style=\"font-size:9pt;background:#ffffff;color:#000000\">5,0 m<\/span><\/p>\n<\/td>\n<td style=\"background:#ffffff\" valign=\"middle\">\n<p style=\"background:#ffffff\"><span style=\"font-size:9pt;background:#ffffff;color:#000000\">5000L\/h<\/span><\/p>\n<\/td>\n<td style=\"background:#ffffff\" valign=\"middle\">\n<p style=\"background:#ffffff\"><span style=\"font-size:9pt;background:#ffffff;color:#000000\">227<\/span><span style=\"font-size:9pt;font-family:'Verdana';background:#ffffff;color:#000000\">*1<\/span><span style=\"font-size:9pt;background:#ffffff;color:#000000\">4<\/span><span style=\"font-size:9pt;font-family:'Verdana';background:#ffffff;color:#000000\">0*1<\/span><span style=\"font-size:9pt;background:#ffffff;color:#000000\">65<\/span><span style=\"font-size:9pt;font-family:'Verdana';background:#ffffff;color:#000000\">mm <\/span><\/p>\n<\/td>\n<\/tr>\n<\/tbody>\n<\/table>\n<p><span style=\"font-size:14px;color:#000000\"><strong>Photos de pompes d&rsquo;\u00e9tang d&rsquo;aquarium de la s\u00e9rie HQC<\/strong><\/span><\/p>\n<p><span style=\"font-size:14px;color:#ff0000\"><em><strong><img decoding=\"async\" alt=\"Fontaines d'eau ornementales de r\u00e9servoir de pompe d'aquarium\" src=\"http:\/\/localhost\/media\/import\/detail\/819204487_003.jpg\"><\/strong><\/em><\/span><\/p>\n<p><span style=\"font-size:14px;color:#ff0000\"><em><strong><img loading=\"lazy\" decoding=\"async\" alt=\"Fontaines d'eau ornementales de r\u00e9servoir de pompe d'aquarium\" src=\"http:\/\/localhost\/media\/import\/detail\/531775844_692.jpg\" width=\"600\" height=\"600\"><\/strong><\/em><\/span><\/p>\n<p><span style=\"font-size:14px;color:#ff0000\"><em><strong><span style=\"font-size:14px;color:#ff0000\"><em><strong><img loading=\"lazy\" decoding=\"async\" alt=\"Fontaines d'eau ornementales de r\u00e9servoir de pompe d'\u00e9tang d'aquarium\" src=\"http:\/\/localhost\/media\/import\/detail\/531776083_718.jpg\" width=\"600\" height=\"600\"><\/strong><\/em><\/span><\/strong><\/em><\/span><\/p>\n<\/p>\n<div id=\"ali-anchor-AliPostDhMb-jlcyb\" style=\"padding-top:8px\" data-section-title=\"Informations sur la soci\u00e9t\u00e9\" data-section=\"AliPostDhMb-jlcyb\">\n<div id=\"ali-title-AliPostDhMb-jlcyb\" style=\"border-bottom:#ddd 1px solid;padding-bottom:8px;padding-top:8px;padding-left:0px;padding-right:0px\">\n<p><em><\/em><\/p>\n<div style=\"clear:both\"><\/div>\n<p><span style=\"font-family:Arial\"><\/span><\/div>\n<\/div>\n","protected":false},"excerpt":{"rendered":"<p>Fontaines d&rsquo;eau ornementales de r\u00e9servoir de pompe d&rsquo;\u00e9tang d&rsquo;aquarium HQC-3000<\/p>\n","protected":false},"featured_media":5469,"comment_status":"open","ping_status":"closed","template":"","meta":[],"product_brand":[],"product_cat":[1380],"product_tag":[],"class_list":{"0":"post-39052","1":"product","2":"type-product","3":"status-publish","4":"has-post-thumbnail","6":"product_cat-pompes-a-eau-et-amp-tetes-motrices","8":"first","9":"instock","10":"shipping-taxable","11":"purchasable","12":"product-type-simple"},"_links":{"self":[{"href":"https:\/\/www.myaquastore.com\/fr\/wp-json\/wp\/v2\/product\/39052","targetHints":{"allow":["GET"]}}],"collection":[{"href":"https:\/\/www.myaquastore.com\/fr\/wp-json\/wp\/v2\/product"}],"about":[{"href":"https:\/\/www.myaquastore.com\/fr\/wp-json\/wp\/v2\/types\/product"}],"replies":[{"embeddable":true,"href":"https:\/\/www.myaquastore.com\/fr\/wp-json\/wp\/v2\/comments?post=39052"}],"wp:featuredmedia":[{"embeddable":true,"href":"https:\/\/www.myaquastore.com\/fr\/wp-json\/wp\/v2\/media\/5469"}],"wp:attachment":[{"href":"https:\/\/www.myaquastore.com\/fr\/wp-json\/wp\/v2\/media?parent=39052"}],"wp:term":[{"taxonomy":"product_brand","embeddable":true,"href":"https:\/\/www.myaquastore.com\/fr\/wp-json\/wp\/v2\/product_brand?post=39052"},{"taxonomy":"product_cat","embeddable":true,"href":"https:\/\/www.myaquastore.com\/fr\/wp-json\/wp\/v2\/product_cat?post=39052"},{"taxonomy":"product_tag","embeddable":true,"href":"https:\/\/www.myaquastore.com\/fr\/wp-json\/wp\/v2\/product_tag?post=39052"}],"curies":[{"name":"wp","href":"https:\/\/api.w.org\/{rel}","templated":true}]}}