{"id":39057,"date":"2016-09-25T23:28:28","date_gmt":"2016-09-25T23:28:28","guid":{"rendered":"https:\/\/www.myaquastore.com\/product\/pompe-a-eau-submersible-multi-usage-pour-rocaille-2640-gal-h-clb-10000\/"},"modified":"2025-03-16T09:06:09","modified_gmt":"2025-03-16T09:06:09","slug":"pompe-a-eau-submersible-multi-usage-pour-rocaille-2640-gal-h-clb-10000","status":"publish","type":"product","link":"https:\/\/www.myaquastore.com\/fr\/product\/pompe-a-eau-submersible-multi-usage-pour-rocaille-2640-gal-h-clb-10000\/","title":{"rendered":"Pompe \u00e0 eau submersible multi-usage pour rocaille, 2640 gal\/h, CLB-10000"},"content":{"rendered":"<div style=\"clear:both\"><\/div>\n<p><span style=\"font-size:24px\"><strong>Pompe \u00e0 eau submersible multi-usage pour rocaille 2640Gal\/h CLB-10000<\/strong> <\/span><\/p>\n<\/p>\n<div id=\"ali-anchor-AliPostDhMb-u91cg\" style=\"padding-top:8px\" data-section-title=\"Description du produit\" data-section=\"AliPostDhMb-u91cg\">\n<div id=\"ali-title-AliPostDhMb-u91cg\" style=\"border-bottom:#ddd 1px solid;padding-bottom:8px;padding-top:8px;padding-left:0px;padding-right:0px\"><span style=\"font-weight:bold;color:#333;padding-bottom:8px;padding-top:8px;padding-left:10px;line-height:12px;padding-right:10px;background-color:#ddd\">Description du produit<\/span><\/div>\n<div style=\"padding-bottom:10px;padding-top:10px;padding-left:0px;padding-right:0px\">\n<\/div>\n<\/div>\n<p><strong><span style=\"font-size:12px\">Sp\u00e9cifications\u00a0:<\/span><\/strong><\/p>\n<p><span style=\"font-size:12px\">1. Le rotor est fabriqu\u00e9 dans un mat\u00e9riau sp\u00e9cial, <span style=\"color:#ff0000\"><em><strong>facilement d\u00e9marr\u00e9<\/strong> <\/em><\/span>et <strong><em><span style=\"color:#ff0000\">faible consommation d&rsquo;\u00e9nergie<\/span><\/em><\/strong>\u00a0;<\/span><\/p>\n<p><span style=\"font-size:12px\">2. Arbre et localisateur d&rsquo;arbre en c\u00e9ramique de haute qualit\u00e9, <span style=\"color:#ff0000\"><strong><em>durable<\/em><\/strong><\/span> et<strong><em><span style=\"color:#ff0000\"> faible bruit<\/span><\/em><\/strong>\u00a0;<\/span><\/p>\n<p><span style=\"font-size:12px\">3. Moteur enti\u00e8rement scell\u00e9 et \u00e9tanche, <span style=\"color:#ff0000\"><em><strong>s\u00fbr<\/strong><\/em><\/span> et<strong><em><span style=\"color:#ff0000\"> fiable<\/span><\/em><\/strong>\u00a0;<\/span><\/p>\n<p><span style=\"font-size:12px\">4. Moteur asynchrone standard de haute performance avec un nouveau design et <strong><em><span style=\"color:#ff0000\">\u00e9conomie d&rsquo;\u00e9nergie jusqu&rsquo;\u00e0 <\/span><\/em><\/strong><\/span><\/p>\n<p><span style=\"font-size:12px\"><strong><em><span style=\"color:#ff0000\">50\u00a0%<\/span><\/em><\/strong> qu&rsquo;avant.<\/span><\/p>\n<p><span style=\"font-size:12px\">5. Eau <strong><em><span style=\"color:#ff0000\">jardin d&rsquo;eau<\/span><\/em><\/strong>, circulation de l&rsquo;eau dans les<strong><em><span style=\"color:#ff0000\"> rocaille<\/em><\/strong><\/span>, alimentation et \u00e9vacuation de l&rsquo;eau dans<strong><em><span style=\"color:#ff0000\"> baignade piscine<\/span><\/em><\/strong>;<\/span><\/p>\n<p><span style=\"font-size:12px\">6. Apr\u00e8s avoir puis\u00e9 l&rsquo;eau, il ne reste que 5\u00a0mm de profondeur, ce qui permet<strong><em><span style=\"color:#ff0000\"> de s&rsquo;\u00e9couler compl\u00e8tement<\/span><\/em><\/strong>.<\/span><\/p>\n<\/p>\n<p><strong> Les rocailles sont dot\u00e9es de param\u00e8tres de pompes \u00e0 eau submersibles<\/strong><\/p>\n<table class=\"aliDataTable\" style=\"width:80%\" border=\"5\">\n<tbody>\n<tr>\n<td>Mod\u00e8le <\/td>\n<td>Tension<\/td>\n<td>Fr\u00e9quence<\/td>\n<td>Puissance<\/td>\n<td>H-max<\/td>\n<td>Sortie<\/td>\n<td>C\u00e2ble Longueur<\/td>\n<td>H<\/td>\n<td>W<\/td>\n<\/tr>\n<tr>\n<td>CLB-4500<\/td>\n<td>110V\/220V\/240V<\/td>\n<td>50Hz\/60Hz<\/td>\n<td>80W<\/td>\n<td>3,5m<\/td>\n<td>4500L\/h<\/td>\n<td>2,5m\/10m<\/td>\n<td> 232<\/td>\n<td>185<\/td>\n<\/tr>\n<tr>\n<td>CLB-5500<\/td>\n<td>110V\/220V\/240V<\/td>\n<td>50Hz\/60 Hz<\/td>\n<td>110W<\/td>\n<td>4,2m<\/td>\n<td>5500L\/h<\/td>\n<td>2,5m\/10m<\/td>\n<td>232<\/td>\n<p>185<\/td>\n<\/tr>\n<tr>\n<td>CLB-6500<\/td>\n<td>110V\/220V\/240V<\/td>\n<td>50Hz\/60Hz<\/td>\n<td>145W<\/td>\n<td>5,0m<\/td>\n<td>6500L\/h<\/td>\n<td>2,5m\/10m<\/td>\n<td>232<\/td>\n<td>185<\/td>\n<\/tr>\n<tr>\n<td>CLB-8000<\/td>\n<td>110V\/220V\/240V<\/td>\n<td>50Hz\/60Hz<\/td>\n<td>175W<\/td>\n<td>6,0m<\/td>\n<td>6000L\/h<\/td>\n<td>2,5m\/10m<\/td>\n<td>232<\/td>\n<td>185<\/td>\n<\/tr>\n<tr>\n<td>CLB-12000<\/td>\n<td>110V\/220V\/240V<\/td>\n<td>50Hz\/60Hz<\/td>\n<td>260W<\/td>\n<td>7,0m<\/td>\n<td>12000L\/h<\/td>\n<td>2,5m\/10m<\/td>\n<td>250<\/td>\n<td>222<\/td>\n<\/tr>\n<tr>\n<td>CLB-1 5000<\/td>\n<td>110V\/220V\/240V<\/td>\n<td>50Hz\/60Hz<\/td>\n<td>310W<\/td>\n<td>8,0m<\/td>\n<td> 15 000 L\/h<\/td>\n<td>2,5 m\/10 m<\/td>\n<td>250<\/td>\n<td>222<\/td>\n<\/tr>\n<tr>\n<td>CLB-12000P<\/p>\n<td>110V\/220V\/240V<\/td>\n<td>50Hz\/60Hz<\/td>\n<td>260W<\/td>\n<td>7,0m<\/td>\n<td>12000L\/ h<\/td>\n<td>2,5 m\/10 m<\/td>\n<td>250<\/td>\n<td>222<\/td>\n<\/tr>\n<tr>\n<td>CLB-15000P<\/td>\n<td>1 10V\/220V\/240V<\/td>\n<td>50Hz\/60Hz<\/td>\n<td>310W<\/td>\n<td>8,0m<\/td>\n<td>15000L\/h<\/td>\n<td>2,5 m\/10 m<\/td>\n<td>250<\/td>\n<td>222<\/td>\n<\/tr>\n<\/tbody>\n<\/table>\n<p><strong><\/strong> <\/p>\n<p><strong><span style=\"background-color:#ffff00\">Rockery pr\u00e9sente des pompes \u00e0 eau submersibles <\/strong><\/p>\n<p><strong><span style=\"background-color:#ffff00\"><img decoding=\"async\" alt=\"Pompe \u00e0 eau submersible multi-usage avec rocaille 2640Gal\/h CLB-10000\" src=\"http:\/\/localhost\/media\/import\/detail\/542982069_131.jpg\"><\/span><\/strong><\/p>\n<p><strong><span style=\"background-color:#ffff00\"><img decoding=\"async\" alt=\"Pompe \u00e0 eau submersible multi-usage pour rocaille 2640Gal\/h CLB-10000\" src=\"http:\/\/localhost\/media\/import\/detail\/542982429_774.jpg\"><\/span><\/strong><\/p>\n<p><img loading=\"lazy\" decoding=\"async\" alt=\"Pompe \u00e0 eau de rocaille submersible multi-usage 2640Gal\/h CLB-10000\" src=\"http:\/\/localhost\/media\/import\/detail\/515746196_903.jpg\" width=\"601\" height=\"363\"><\/p>\n<\/p>\n<p> <strong>Utilisations pratiques des pompes de bassin submersibles<\/strong><\/p>\n<p><strong><span style=\"background-color:#ffff00\"><img loading=\"lazy\" decoding=\"async\" alt=\"Pompe \u00e0 eau de rocaille submersible multi-usage 2640Gal\/h CLB-10000\" src=\"http:\/\/localhost\/media\/import\/detail\/542985408_152.jpg\" width=\"601\" height=\"462\"><\/span><\/strong><\/p>\n<\/p>\n<div id=\"ali-anchor-AliPostDhMb-yqian\" style=\"padding-top:8px\" data-section-title=\"Informations sur la soci\u00e9t\u00e9\" data-section=\"AliPostDhMb-yqian\">\n<div id=\"ali-title-AliPostDhMb-yqian\" style=\"border-bottom:#ddd 1px solid;padding-bottom:8px;padding-top:8px;padding-left:0px;padding-right:0px\"> <\/div>\n<\/div>\n<div style=\"clear:les deux\"><\/div>\n","protected":false},"excerpt":{"rendered":"<p>Pompe \u00e0 eau submersible multi-usage pour rocaille, 2640 gal\/h, CLB-10000<\/p>\n","protected":false},"featured_media":5479,"comment_status":"open","ping_status":"closed","template":"","meta":[],"product_brand":[],"product_cat":[1380],"product_tag":[],"class_list":{"0":"post-39057","1":"product","2":"type-product","3":"status-publish","4":"has-post-thumbnail","6":"product_cat-pompes-a-eau-et-amp-tetes-motrices","8":"first","9":"instock","10":"shipping-taxable","11":"purchasable","12":"product-type-simple"},"_links":{"self":[{"href":"https:\/\/www.myaquastore.com\/fr\/wp-json\/wp\/v2\/product\/39057","targetHints":{"allow":["GET"]}}],"collection":[{"href":"https:\/\/www.myaquastore.com\/fr\/wp-json\/wp\/v2\/product"}],"about":[{"href":"https:\/\/www.myaquastore.com\/fr\/wp-json\/wp\/v2\/types\/product"}],"replies":[{"embeddable":true,"href":"https:\/\/www.myaquastore.com\/fr\/wp-json\/wp\/v2\/comments?post=39057"}],"wp:featuredmedia":[{"embeddable":true,"href":"https:\/\/www.myaquastore.com\/fr\/wp-json\/wp\/v2\/media\/5479"}],"wp:attachment":[{"href":"https:\/\/www.myaquastore.com\/fr\/wp-json\/wp\/v2\/media?parent=39057"}],"wp:term":[{"taxonomy":"product_brand","embeddable":true,"href":"https:\/\/www.myaquastore.com\/fr\/wp-json\/wp\/v2\/product_brand?post=39057"},{"taxonomy":"product_cat","embeddable":true,"href":"https:\/\/www.myaquastore.com\/fr\/wp-json\/wp\/v2\/product_cat?post=39057"},{"taxonomy":"product_tag","embeddable":true,"href":"https:\/\/www.myaquastore.com\/fr\/wp-json\/wp\/v2\/product_tag?post=39057"}],"curies":[{"name":"wp","href":"https:\/\/api.w.org\/{rel}","templated":true}]}}