{"id":39059,"date":"2016-09-25T23:28:28","date_gmt":"2016-09-25T23:28:28","guid":{"rendered":"https:\/\/www.myaquastore.com\/product\/sunsun-pompe-a-eau-submersible-pour-aquarium-pour-mini-fontaine-deau-hj-111h\/"},"modified":"2025-03-16T09:06:09","modified_gmt":"2025-03-16T09:06:09","slug":"sunsun-pompe-a-eau-submersible-pour-aquarium-pour-mini-fontaine-deau-hj-111h","status":"publish","type":"product","link":"https:\/\/www.myaquastore.com\/fr\/product\/sunsun-pompe-a-eau-submersible-pour-aquarium-pour-mini-fontaine-deau-hj-111h\/","title":{"rendered":"SUNSUN \u2013 pompe \u00e0 eau Submersible pour Aquarium, pour Mini fontaine d&rsquo;eau HJ-111H"},"content":{"rendered":"<div style=\"clear:both\"><\/div>\n<p><strong><span style=\"font-size:24px;color:#ff6600\"><span style=\"font-size:32px;color:#ff0000\">Pompe \u00e0 eau submersible pour aquarium SUNSUN pour mini fontaine d&rsquo;eau<\/span><\/span><\/strong><\/p>\n<\/p>\n<p><span style=\"color:#ff6600\"><strong><span style=\"font-size:24px\">pompe \u00e0 eau pour mini fontaine \u00e0 eau Description du produit<\/span><\/strong><\/span><\/p>\n<p><span style=\"font-size:18px;color:#000000\"><strong>Ces pompe \u00e0 eau pour mini fontaine \u00e0 eau sont parfaites pour une utilisation dans les petits aquariums. Facilement cach\u00e9 dans les \u00e9l\u00e9ments du paysage.<\/strong><\/span><\/p>\n<\/p>\n<p><span style=\"font-size:24px;color:#ff6600\"><strong>La pompe \u00e0 eau pour mini spectacle de fontaine d&rsquo;eau<\/strong><\/span><\/p>\n<p> <img loading=\"lazy\" decoding=\"async\" alt=\"SUNSUN Fish Tank Pompe \u00e0 eau submersible pour aquarium pour mini fontaine d'eau\" src=\"http:\/\/localhost\/media\/import\/detail\/759245594_801.jpg\" width=\"600\" height=\"600\"><\/p>\n<\/p>\n<p><span style=\"font-size:24px;color:#ff6600\"><strong>Autre pompe \u00e0 eau pour mini fontaine \u00e0 eau<\/strong><\/span> <\/p>\n<\/p>\n<p> <img loading=\"lazy\" decoding=\"async\" alt=\"Pompe \u00e0 eau submersible pour aquarium SUNSUN Fish Tank pour mini fontaine d'eau\" src=\"http:\/\/localhost\/media\/import\/detail\/754845338_654.jpg\" width=\"600\" height=\"600\"><img alt=\"SUNSUN Fish Tank Pompe \u00e0 eau submersible pour aquarium pour mini fontaine d'eau\"><img loading=\"lazy\" decoding=\"async\" alt=\"Pompe \u00e0 eau submersible pour aquarium SUNSUN Fish Tank pour mini fontaine d'eau\" src=\"http:\/\/localhost\/media\/import\/detail\/748845794_609.jpg\" width=\"600\" height=\"600\"><img loading=\"lazy\" decoding=\"async\" alt=\"Pompe \u00e0 eau submersible pour aquarium SUNSUN pour mini fontaine d'eau\" src=\"http:\/\/localhost\/media\/import\/detail\/748776963_669.jpg\" width=\"600\" height=\"600\"><\/p>\n<\/p>\n<div id=\"ali-anchor-AliPostDhMb-t6i38\" style=\"padding-top:8px\" data-section-title=\"Informations sur la soci\u00e9t\u00e9\" data-section=\"AliPostDhMb-t6i38\">\n<div id=\"ali-title-AliPostDhMb-t6i38\" style=\"border-bottom:#ddd 1px solid;padding-bottom:8px;padding-top:8px;padding-left:0px;padding-right:0px\"> <\/div>\n<\/div>\n<div style=\"clear:les deux\"><\/div>\n","protected":false},"excerpt":{"rendered":"<p>SUNSUN \u2013 pompe \u00e0 eau Submersible pour Aquarium, pour Mini fontaine d&rsquo;eau HJ-111H<\/p>\n","protected":false},"featured_media":5483,"comment_status":"open","ping_status":"closed","template":"","meta":[],"product_brand":[],"product_cat":[1380],"product_tag":[],"class_list":{"0":"post-39059","1":"product","2":"type-product","3":"status-publish","4":"has-post-thumbnail","6":"product_cat-pompes-a-eau-et-amp-tetes-motrices","8":"first","9":"instock","10":"shipping-taxable","11":"purchasable","12":"product-type-simple"},"_links":{"self":[{"href":"https:\/\/www.myaquastore.com\/fr\/wp-json\/wp\/v2\/product\/39059","targetHints":{"allow":["GET"]}}],"collection":[{"href":"https:\/\/www.myaquastore.com\/fr\/wp-json\/wp\/v2\/product"}],"about":[{"href":"https:\/\/www.myaquastore.com\/fr\/wp-json\/wp\/v2\/types\/product"}],"replies":[{"embeddable":true,"href":"https:\/\/www.myaquastore.com\/fr\/wp-json\/wp\/v2\/comments?post=39059"}],"wp:featuredmedia":[{"embeddable":true,"href":"https:\/\/www.myaquastore.com\/fr\/wp-json\/wp\/v2\/media\/5483"}],"wp:attachment":[{"href":"https:\/\/www.myaquastore.com\/fr\/wp-json\/wp\/v2\/media?parent=39059"}],"wp:term":[{"taxonomy":"product_brand","embeddable":true,"href":"https:\/\/www.myaquastore.com\/fr\/wp-json\/wp\/v2\/product_brand?post=39059"},{"taxonomy":"product_cat","embeddable":true,"href":"https:\/\/www.myaquastore.com\/fr\/wp-json\/wp\/v2\/product_cat?post=39059"},{"taxonomy":"product_tag","embeddable":true,"href":"https:\/\/www.myaquastore.com\/fr\/wp-json\/wp\/v2\/product_tag?post=39059"}],"curies":[{"name":"wp","href":"https:\/\/api.w.org\/{rel}","templated":true}]}}