{"id":39079,"date":"2016-09-25T23:28:30","date_gmt":"2016-09-25T23:28:30","guid":{"rendered":"https:\/\/www.myaquastore.com\/product\/sunsun-50-hz-60-hz-pompe-submersible-multifonction-pour-aquarium-marin-hj-901c\/"},"modified":"2025-03-16T09:06:15","modified_gmt":"2025-03-16T09:06:15","slug":"sunsun-50-hz-60-hz-pompe-submersible-multifonction-pour-aquarium-marin-hj-901c","status":"publish","type":"product","link":"https:\/\/www.myaquastore.com\/fr\/product\/sunsun-50-hz-60-hz-pompe-submersible-multifonction-pour-aquarium-marin-hj-901c\/","title":{"rendered":"SUNSUN 50 Hz\/60 Hz Pompe submersible multifonction pour aquarium marin HJ-901C"},"content":{"rendered":"<div style=\"clear:both\"><\/div>\n<p><span style=\"font-size:24px;color:#ff0000\">Pompe submersible multifonction pour aquarium marin SUNSUN 50 Hz\/60 Hz <\/span><\/p>\n<table class=\"aliDataTable\" style=\"height:300px;width:598px\" cellpadding=\"0\" border=\"1\">\n<tbody>\n<tr align=\"gauche\">\n<td valign=\"top\">\n<p><span style=\"font-size:12pt\">1.Item<\/span><\/p>\n<\/td>\n<td style=\"width:197.05pt\" valign=\"top\">\n<p><span style=\"font-size:12pt\">Pompe \u00e0 eau multifonction SUNSUN pour aquarium<\/span><\/p>\n<\/td>\n<\/tr>\n<tr style=\"height:15.6pt\" align=\"gauche\">\n<td valign=\"top\">\n<p><span style=\"font-size:12pt\">2.Mod\u00e8le<\/span><\/p>\n<\/td>\n<td style=\"width:197.05pt\" valign=\"top\">\n<p><span style=\"font-size:12pt\">HJ-901C<\/span><\/p>\n<\/td>\n<\/tr>\n<tr align=\"gauche\">\n<td valign=\"top\">\n<p><span style=\"font-size:12pt\">3.Tension<\/span><\/p>\n<\/td>\n<td style=\"width:197.05pt\" valign=\"top\">\n<p><span style=\"font-size:12pt\">110V\/220V\/240V<\/span><\/p>\n<\/td>\n<\/tr>\n<tr style=\"height:16.35pt\" align=\"left\">\n<td valign=\"top\">\n<p><span style=\"font-size:12pt\">4.Fr\u00e9quence<\/span><\/p>\n<\/td>\n<td valign=\"top\">\n<p><span style=\"font-size:12pt\">50 Hz\/60 Hz<\/span><\/p>\n<\/td>\n<\/tr>\n<tr style=\"height:15.6pt\" align=\"left\">\n<td valign=\"top\">\n<p><span style=\"font-size:12pt\">5.Puissance<\/span><\/p>\n<\/td>\n<td valign=\"top\">\n<p><span style=\"font-size:12pt\">15W<\/span><\/p>\n<\/td>\n<\/tr>\n<tr style=\"height:16.35pt\" align=\"left\">\n<td valign=\"top\">\n<p><span style=\"font-size:12pt\">6. Sortie<\/span><\/p>\n<\/td>\n<td valign=\"top\">\n<p><span style=\"font-size:12pt\">1000L<\/span><span style=\"font-size:12pt\">\/h<\/span><\/p>\n<\/td>\n<\/tr>\n<tr align=\"left\">\n<td valign=\"top\">\n<p><span style=\"font-size:12pt\">7.Poids<\/span><\/p>\n<\/td>\n<td valign=\"top\">\n<p><span style=\"font-size:12pt\">0,4Kg<\/span><\/p>\n<\/td>\n<\/tr>\n<tr align=\"left\">\n<td valign=\"top\">\n<p><span style=\"font-size:12pt\">8.Dimensions<\/span><\/p>\n<\/td>\n<td valign=\"top\">\n<p><span style=\"font-size:12pt\">96*73*108mm<\/span><\/p>\n<\/td>\n<\/tr>\n<tr align=\"left\">\n<td valign=\"top\">\n<p><span style=\"font-size:12pt\">9.H-max<\/span><\/p>\n<\/td>\n<td valign=\"top\">\n<p><span style=\"font-size:12pt\">4,0 m<\/span><\/p>\n<\/td>\n<\/tr>\n<tr style=\"height:17.25pt\" align=\"left\">\n<td valign=\"top\">\n<p><span style=\"font-size:12pt\">10.Marque<\/span><\/p>\n<\/td>\n<td valign=\"top\">\n<p><span style=\"font-size:12pt\">SUNSUN<\/span><\/p>\n<\/td>\n<\/tr>\n<tr style=\"height:15pt\" align=\"left\">\n<td valign=\"top\">\n<p><span style=\"font-size:16px\">11.Qualit\u00e9<\/span><\/p>\n<\/td>\n<td valign=\"top\">\n<p><span style=\"font-size:16px\">Meilleure qualit\u00e9\u00a0; <br \/><\/span><\/p>\n<p align=\"left\"><span style=\"font-size:16px\">Le plus grand fournisseur chinois d&rsquo;\u00e9quipements aquatiques<\/span><\/p>\n<\/td>\n<\/tr>\n<tr style=\"height:4.6pt\" align=\"left\">\n<td valign=\"top\">\n<p><span style=\"font-size:16px\">12. Point de vente <\/span><\/p>\n<\/td>\n<td valign=\"top\">\n<p><span style=\"font-size:16px\">Marque bien connue en Chine\u00a0; s\u00fbr et fiable <\/span><\/p>\n<\/td>\n<\/tr>\n<\/tbody>\n<\/table>\n<p> <img loading=\"lazy\" decoding=\"async\" alt=\"Pompe submersible multifonction pour aquarium marin SUNSUN 50 Hz\/60 Hz\" src=\"http:\/\/localhost\/media\/import\/detail\/532797896_990.jpg\" width=\"596\" height=\"363\"><\/p>\n<p style=\"text-align:center\"><span style=\"font-size:18px;color:#000000;text-decoration:underline;background-color:#ffff00\"><span style=\"font-family:'Verdana';text-decoration:underline\">Con\u00e7u pour <\/span><span style=\"font-family:'Verdana';text-decoration:underline\">submerg\u00e9<\/span><span style=\"font-family:'Verdana';text-decoration:underline\">\u00e0 utiliser uniquement<\/span><\/span><\/p>\n<p style=\"text-align:center\"><span style=\"font-size:18px;color:#000000;background-color:#ffff00\"> <\/span><\/p>\n<p style=\"text-align:center\"><span style=\"font-size:18px;background-color:#ffff00\"><strong><em><span style=\"font-family:arial, helvetica, sans-serif\">Le moteur de la pompe est tr\u00e8s efficace, \u00e9conome en \u00e9nergie et silencieux, <span style=\"font-family:Arial\">Pratique \u00e0 utiliser<\/span> <\/span><\/em><\/strong><\/span><\/p>\n<\/p>\n<p><span style=\"font-size:24px;color:#ff0000\">Caract\u00e9ristique\u00a0:<\/span><\/p>\n<p> <span style=\"font-size:16px\">1. Il utilise un noyau d&rsquo;arbre \u00e0 haute r\u00e9sistance et r\u00e9sistant \u00e0 l&rsquo;usure, a une \u00e9conomie d&rsquo;\u00e9nergie tr\u00e8s efficace et une longue dur\u00e9e de vie<\/span><\/p>\n<p><span style=\"font-size:16px\">2. Il est r\u00e9sistant \u00e0 l&rsquo;eau, \u00e0 haute rigidit\u00e9 di\u00e9lectrique, il est s\u00fbr et fiable<\/span><\/p>\n<p><span style=\"font-size:16px\">3. Il est con\u00e7u avec une turbine centrifuge, a un d\u00e9bit \u00e9lev\u00e9 et une haute pression<\/span><\/p>\n<p><span style=\"font-size:16px\">4. Il a diverses fonctions comme pompage, filtre et oxyg\u00e8ne<\/span><\/p>\n<p><span style=\"font-size:16px\">5. Appliquer aux <span style=\"font-size:24px;color:#ff0000\">aquariums, rocailles, \u00e9tangs <\/span>dispositif de circulation d&rsquo;eau correspondant.<\/span><\/p>\n<\/p>\n<p> <span style=\"font-size:24px;color:#ff0000\">Autres Pompe \u00e0 eau d&rsquo;aquarium multifonction pour votre r\u00e9f\u00e9rence<\/span> <\/p>\n<p><img decoding=\"async\" alt=\"Pompe submersible multifonction pour aquarium marin SUNSUN 50 Hz\/60 Hz\" src=\"http:\/\/localhost\/media\/import\/detail\/532811141_561.jpg\"><\/p>\n<p><img decoding=\"async\" alt=\"SUNSUN Pompe submersible multifonctionnelle pour aquarium marin 50 Hz\/60 Hz\" src=\"http:\/\/localhost\/media\/import\/detail\/532796249_092.jpg\"><img decoding=\"async\" alt=\"Pompe submersible multifonctionnelle pour aquarium marin SUNSUN 50 Hz\/60 Hz\" src=\"http:\/\/localhost\/media\/import\/detail\/532796250_550.jpg\"><img decoding=\"async\" alt=\"SUNSUN 50Hz\/60Hz Pompe submersible multifonction pour aquarium marin\" src=\"http:\/\/localhost\/media\/import\/detail\/532796252_154.jpg\"><img decoding=\"async\" alt=\"Pompe submersible multifonction pour aquarium marin SUNSUN 50 Hz\/60 Hz\" src=\"http:\/\/localhost\/media\/import\/detail\/532796253_103.jpg\">&lt;img alt=&quot;SUNSUN Pompe submersible multifonctionnelle pour aquarium marin 50\u00a0Hz\/60\u00a0Hz <span style=\"font-size:24px;color:#ff0000\">Param\u00e8tre<\/span> <\/span> <\/p>\n<table class=\"aliDataTable ke-zeroborder\" style=\"width:666px\" cellpadding=\"0\" border=\"0\">\n<tbody>\n<tr align=\"left\">\n<td width=\"69\">MOD\u00c8LE<\/td>\n<td width=\"126\">TENSION<\/td>\n<td width=\"92\">FR\u00c9QUENCE<\/td>\n<td width=\"66\">PUISSANCE<\/td>\n<td width=\"60\">H-MAX<\/td>\n<td width=\"81\">SORTIE<\/td>\n<td width=\"65\">POIDS<\/td>\n<td width=\"107\">DIMENSIONS<\/td>\n<\/tr>\n<tr align=\"left\">\n<td><span style=\"color:#000000\">HJ-501<\/span><\/td>\n<td><span style=\"color:#000000\">110V\/220V\/240V<\/span><\/td>\n<td><span style=\"color:#000000\">50Hz\/60Hz<\/span><\/td>\n<td><span style=\"color:#000000\">5W<\/span><\/td>\n<td><span style=\"color:#000000\">0,6 m<\/span><\/td>\n<td><span style=\"color:#000000\">250 L\/h<\/span><\/td>\n<td><span style=\"color:#000000\">0,21 kg<\/span><\/td>\n<td><span style=\"color:#000000\">54x65x58mm<\/span><\/td>\n<\/tr>\n<tr align=\"left\">\n<td><span style=\"color:#000000\">HJ-701<\/span><\/td>\n<td><span style=\"color:#000000\">110V\/220V\/240V<\/span><\/td>\n<td><span style=\"color:#000000\">50Hz\/60Hz<\/span><\/td>\n<td><span style=\"color:#000000\">8W<\/span><\/td>\n<td><span style=\"color:#000000\">0,9 m<\/span><\/td>\n<td><span style=\"color:#000000\">500 L\/h<\/span><\/td>\n<td><span style=\"color:#000000\">0,4 kg<\/span><\/td>\n<td><span style=\"color:#000000\">70x71x70mm<\/span><\/td>\n<\/tr>\n<tr align=\"left\">\n<td><span style=\"color:#ff0000\">HJ-901<\/span><\/td>\n<td><span style=\"color:#ff0000\">110V\/220V\/240V<\/span><\/td>\n<td><span style=\"color:#ff0000\">50Hz\/60Hz<\/span><\/td>\n<td><span style=\"color:#ff0000\">12W<\/span><\/td>\n<td><span style=\"color:#ff0000\">1,2m<\/span><\/td>\n<td><span style=\"color:#ff0000\">800L\/h<\/span><\/td>\n<td><span style=\"color:#ff0000\">0,5kg<\/span><\/td>\n<td><span style=\"color:#ff0000\">80x79x75mm<\/span><\/td>\n<\/tr>\n<tr align=\"left\">\n<td><span style=\"color:#000000\">HJ-1101<\/span><\/td>\n<td><span style=\"color:#000000\">110V\/220V\/240V<\/span><\/td>\n<td><span style=\"color:#000000\">50Hz\/60Hz<\/span><\/td>\n<td><span style=\"color:#000000\">18W<\/span><\/td>\n<td><span style=\"color:#000000\">1,5m<\/span><\/td>\n<td><span style=\"color:#000000\">1000L\/h<\/span><\/td>\n<td><span style=\"color:#000000\">0,8kg<\/span><\/td>\n<td><span style=\"color:#000000\">88x88x85mm<\/span><\/td>\n<\/tr>\n<tr align=\"left\">\n<td>HJ-1501<\/td>\n<td>110V\/220V\/240V<\/td>\n<td>50Hz\/60Hz<\/td>\n<td>35W <\/td>\n<td>2,4m<\/td>\n<td>1350L\/h<\/td>\n<td>1,4kg<\/td>\n<td>105x126x110mm<\/td>\n<\/tr>\n<tr align=\"left\">\n<td>HJ-3701<\/td>\n<td>110V\/220V\/240V<\/td>\n<td>50Hz\/60Hz<\/td>\n<td>100W <\/td>\n<td>4,0m<\/td>\n<td>2500L\/h<\/td>\n<td>2,7kg<\/td>\n<td>141x139x137mm<\/td>\n<\/tr>\n<tr align=\"left\">\n<td>HJ-901B<\/td>\n<td>110V\/220V\/240V<\/td>\n<td>50Hz\/60Hz<\/td>\n<td>15 L<\/td>\n<td>1,3m<\/td>\n<td>1000L\/h<\/td>\n<td>0,4kg<\/td>\n<td>96x73x108mm<\/td>\n<\/tr>\n<tr align=\"left\">\n<td>HJ-901C<\/td>\n<td>110V\/220V\/240V<\/td>\n<td>50Hz\/60Hz<\/td>\n<td>15W<\/td>\n<p>1,3m<\/td>\n<td>1000L\/h<\/td>\n<td>0,4kg<\/td>\n<td>96x73x108mm<\/td>\n<\/tr>\n<\/tbody>\n<\/table>\n<\/p>\n<div style=\"clear:both\"><\/div>\n","protected":false},"excerpt":{"rendered":"<p>SUNSUN 50 Hz\/60 Hz Pompe submersible multifonction pour aquarium marin HJ-901C<\/p>\n","protected":false},"featured_media":5523,"comment_status":"open","ping_status":"closed","template":"","meta":[],"product_brand":[],"product_cat":[1380],"product_tag":[],"class_list":{"0":"post-39079","1":"product","2":"type-product","3":"status-publish","4":"has-post-thumbnail","6":"product_cat-pompes-a-eau-et-amp-tetes-motrices","8":"first","9":"instock","10":"shipping-taxable","11":"purchasable","12":"product-type-simple"},"_links":{"self":[{"href":"https:\/\/www.myaquastore.com\/fr\/wp-json\/wp\/v2\/product\/39079","targetHints":{"allow":["GET"]}}],"collection":[{"href":"https:\/\/www.myaquastore.com\/fr\/wp-json\/wp\/v2\/product"}],"about":[{"href":"https:\/\/www.myaquastore.com\/fr\/wp-json\/wp\/v2\/types\/product"}],"replies":[{"embeddable":true,"href":"https:\/\/www.myaquastore.com\/fr\/wp-json\/wp\/v2\/comments?post=39079"}],"wp:featuredmedia":[{"embeddable":true,"href":"https:\/\/www.myaquastore.com\/fr\/wp-json\/wp\/v2\/media\/5523"}],"wp:attachment":[{"href":"https:\/\/www.myaquastore.com\/fr\/wp-json\/wp\/v2\/media?parent=39079"}],"wp:term":[{"taxonomy":"product_brand","embeddable":true,"href":"https:\/\/www.myaquastore.com\/fr\/wp-json\/wp\/v2\/product_brand?post=39079"},{"taxonomy":"product_cat","embeddable":true,"href":"https:\/\/www.myaquastore.com\/fr\/wp-json\/wp\/v2\/product_cat?post=39079"},{"taxonomy":"product_tag","embeddable":true,"href":"https:\/\/www.myaquastore.com\/fr\/wp-json\/wp\/v2\/product_tag?post=39079"}],"curies":[{"name":"wp","href":"https:\/\/api.w.org\/{rel}","templated":true}]}}