{"id":39094,"date":"2016-09-25T23:28:30","date_gmt":"2016-09-25T23:28:30","guid":{"rendered":"https:\/\/www.myaquastore.com\/product\/tete-motorisee-daquarium-serie-sunsun-hj-hj-721\/"},"modified":"2025-03-16T09:06:19","modified_gmt":"2025-03-16T09:06:19","slug":"tete-motorisee-daquarium-serie-sunsun-hj-hj-721","status":"publish","type":"product","link":"https:\/\/www.myaquastore.com\/fr\/product\/tete-motorisee-daquarium-serie-sunsun-hj-hj-721\/","title":{"rendered":"T\u00eate motoris\u00e9e d&rsquo;aquarium s\u00e9rie SUNSUN HJ HJ-721"},"content":{"rendered":"<div style=\"clear:both\"><\/div>\n<p><span style=\"font-size:10.5pt;font-family:'Times New Roman'\"><span style=\"font-size:18px\"><strong>Pompe submersible multifonction avec t\u00eate motrice et filtre ensemble.<\/strong><\/span><\/span><\/p>\n<p><span style=\"font-size:10.5pt;font-family:'Times New Romain'\"> ?? Moteur totalement submersible et sans huile pour \u00e9viter la pollution des conditions de vie.<\/span><\/p>\n<p><span style=\"font-size:10.5pt;font-family:'Times New Roman'\"> ?? Mod\u00e8le vari\u00e9 au choix<\/span><\/p>\n<p><span style=\"font-size:10.5pt;font-family:'Times New Roman'\"> ?? Ventouses pour des directions polyvalentes<\/span><\/p>\n<p><span style=\"font-size:10.5pt;font-family:'Times New Roman'\"> ?? Facile \u00e0 installer\u00a0: il suffit d&rsquo;aspirer la cupule n&rsquo;importe o\u00f9 dans le mur, de brancher l&rsquo;alimentation et cela fonctionne<\/span><\/p>\n<p><span style=\"font-size:10.5pt;font-family:'Times New Roman'\"> ?? Consommation d&rsquo;\u00e9nergie extr\u00eamement faible<\/span><\/p>\n<p><span style=\"font-size:10.5pt;font-family:'Times New Roman'\"> ?? Alimentation : 110 V-120 V \/ 60 Hz 220 V-240 V\/50 Hz avec toutes les prises standards<\/span><\/p>\n<p><span style=\"font-size:10.5pt;font-family:'Times New Roman'\"> ?? Emballage individuel pour plus de s\u00e9curit\u00e9 pour l&rsquo;exp\u00e9dition \u00e0 l&rsquo;exportation.<\/span><\/p>\n<\/p>\n<p><span style=\"font-size:10.5pt;font-family:'Times New Roman'\"><img decoding=\"async\" alt=\"SUNSUN HJ Series Aquarium Power Head HJ-721\" src=\"http:\/\/localhost\/media\/import\/detail\/519645690_313.jpg\"><\/span><\/p>\n<p><span style=\"font-size:10.5pt;font-family:'Times New Roman'\"><img decoding=\"async\" alt=\"SUNSUN HJ Series Aquarium Power Head HJ-721\" src=\"http:\/\/localhost\/media\/import\/detail\/519665110_509.jpg\"><img decoding=\"async\" alt=\"T\u00eate motoris\u00e9e pour aquarium s\u00e9rie SUNSUN HJ HJ-721\" src=\"http:\/\/localhost\/media\/import\/detail\/519665111_593.jpg\"><img decoding=\"async\" alt=\"T\u00eate motoris\u00e9e pour aquarium s\u00e9rie SUNSUN HJ HJ-721\" src=\"http:\/\/localhost\/media\/import\/detail\/519665113_966.jpg\"><\/span><\/p><\/p>\n","protected":false},"excerpt":{"rendered":"<p>T\u00eate motoris\u00e9e d&rsquo;aquarium s\u00e9rie SUNSUN HJ HJ-721<\/p>\n","protected":false},"featured_media":5552,"comment_status":"open","ping_status":"closed","template":"","meta":[],"product_brand":[],"product_cat":[1380],"product_tag":[],"class_list":{"0":"post-39094","1":"product","2":"type-product","3":"status-publish","4":"has-post-thumbnail","6":"product_cat-pompes-a-eau-et-amp-tetes-motrices","8":"first","9":"instock","10":"shipping-taxable","11":"purchasable","12":"product-type-simple"},"_links":{"self":[{"href":"https:\/\/www.myaquastore.com\/fr\/wp-json\/wp\/v2\/product\/39094","targetHints":{"allow":["GET"]}}],"collection":[{"href":"https:\/\/www.myaquastore.com\/fr\/wp-json\/wp\/v2\/product"}],"about":[{"href":"https:\/\/www.myaquastore.com\/fr\/wp-json\/wp\/v2\/types\/product"}],"replies":[{"embeddable":true,"href":"https:\/\/www.myaquastore.com\/fr\/wp-json\/wp\/v2\/comments?post=39094"}],"wp:featuredmedia":[{"embeddable":true,"href":"https:\/\/www.myaquastore.com\/fr\/wp-json\/wp\/v2\/media\/5552"}],"wp:attachment":[{"href":"https:\/\/www.myaquastore.com\/fr\/wp-json\/wp\/v2\/media?parent=39094"}],"wp:term":[{"taxonomy":"product_brand","embeddable":true,"href":"https:\/\/www.myaquastore.com\/fr\/wp-json\/wp\/v2\/product_brand?post=39094"},{"taxonomy":"product_cat","embeddable":true,"href":"https:\/\/www.myaquastore.com\/fr\/wp-json\/wp\/v2\/product_cat?post=39094"},{"taxonomy":"product_tag","embeddable":true,"href":"https:\/\/www.myaquastore.com\/fr\/wp-json\/wp\/v2\/product_tag?post=39094"}],"curies":[{"name":"wp","href":"https:\/\/api.w.org\/{rel}","templated":true}]}}