{"id":39100,"date":"2016-09-25T23:28:31","date_gmt":"2016-09-25T23:28:31","guid":{"rendered":"https:\/\/www.myaquastore.com\/product\/sunsun-1000l-h-pompe-daquarium-submersible-a-economie-denergie-hj-1101\/"},"modified":"2025-03-16T09:06:23","modified_gmt":"2025-03-16T09:06:23","slug":"sunsun-1000l-h-pompe-daquarium-submersible-a-economie-denergie-hj-1101","status":"publish","type":"product","link":"https:\/\/www.myaquastore.com\/fr\/product\/sunsun-1000l-h-pompe-daquarium-submersible-a-economie-denergie-hj-1101\/","title":{"rendered":"SUNSUN 1000L\/h pompe d&rsquo;aquarium submersible \u00e0 \u00e9conomie d&rsquo;\u00e9nergie HJ-1101"},"content":{"rendered":"<div style=\"clear:both\"><\/div>\n<p><span style=\"font-size:24px;color:#ff0000\"><span style=\"color:#003366\"><strong><span style=\"font-size:16px\">SUNSUN 1000L\/h Pompe d&rsquo;aquarium submersible \u00e0 \u00e9conomie d&rsquo;\u00e9nergie HJ-1101<\/span><\/strong><\/span> <\/span><\/p>\n<table class=\"aliDataTable\" cellpadding=\"0\" border=\"1\">\n<tbody>\n<tr align=\"gauche\">\n<td valign=\"top\">\n<p><span style=\"font-size:12px\">1.Item<\/span><\/p>\n<\/td>\n<td style=\"width:197.05pt\" valign=\"top\">\n<p>Pompes submersibles pour aquarium<\/p>\n<\/td>\n<\/tr>\n<tr style=\"height:15.6pt\" align=\"gauche\">\n<td valign=\"top\">\n<p><span style=\"font-size:12px\">2.Mod\u00e8le<\/span><\/p>\n<\/td>\n<td style=\"width:197.05pt\" valign=\"top\">\n<p><span style=\"font-size:12px\">HJ-1101<\/span><\/p>\n<\/td>\n<\/tr>\n<tr align=\"gauche\">\n<td valign=\"top\">\n<p><span style=\"font-size:12px\">3.Tension<\/span><\/p>\n<\/td>\n<td style=\"width:197.05pt\" valign=\"top\">\n<p><span style=\"font-size:12px\">110V\/220V\/240V<\/span><\/p>\n<\/td>\n<\/tr>\n<tr align=\"left\">\n<td valign=\"top\">\n<p><span style=\"font-size:12px\">4.Fr\u00e9quence<\/span><\/p>\n<\/td>\n<td valign=\"top\">\n<p><span style=\"font-size:12px\">50 Hz\/60 Hz<\/span><\/p>\n<\/td>\n<\/tr>\n<tr style=\"height:15.6pt\" align=\"left\">\n<td valign=\"top\">\n<p><span style=\"font-size:12px\">5.Puissance<\/span><\/p>\n<\/td>\n<td valign=\"top\">\n<p><span style=\"font-size:12px\">18 W<\/span><\/p>\n<\/td>\n<\/tr>\n<tr style=\"height:16.35pt\" align=\"left\">\n<td valign=\"top\">\n<p><span style=\"font-size:12px\">6. Sortie<\/span><\/p>\n<\/td>\n<td valign=\"top\">\n<p><span style=\"font-size:12px\">1000L\/h<\/span><\/p>\n<\/td>\n<\/tr>\n<tr style=\"height:15.6pt\" align=\"left\">\n<td valign=\"top\">\n<p><span style=\"font-size:12px\">7.Poids<\/span><\/p>\n<\/td>\n<td valign=\"top\">\n<p><span style=\"font-size:12px\">0,8Kg<\/span><\/p>\n<\/td>\n<\/tr>\n<tr align=\"left\">\n<td valign=\"top\">\n<p><span style=\"font-size:12px\">8.Dimensions<\/span><\/p>\n<\/td>\n<td valign=\"top\">\n<p><span style=\"font-size:12px\">88*88*85mm<\/span><\/p>\n<\/td>\n<\/tr>\n<tr align=\"left\">\n<td valign=\"top\">\n<p><span style=\"font-size:12px\">9.H-max<\/span><\/p>\n<\/td>\n<td valign=\"top\">\n<p><span style=\"font-size:12px\">1,5 m<\/span><\/p>\n<\/td>\n<\/tr>\n<tr align=\"left\">\n<td valign=\"top\">\n<p><span style=\"font-size:12px\">10.Marque<\/span><\/p>\n<\/td>\n<td valign=\"top\">\n<p><span style=\"font-size:12px\">SUNSUN<\/span><\/p>\n<\/td>\n<\/tr>\n<tr style=\"height:15pt\" align=\"left\">\n<td valign=\"top\">\n<p><span style=\"font-size:12px\">11.Qualit\u00e9<\/span><\/p>\n<\/td>\n<td valign=\"top\">\n<p><span style=\"font-size:12px\">Meilleure qualit\u00e9\u00a0; <br \/><\/span><\/p>\n<p align=\"left\"><span style=\"font-size:12px\">Le plus grand fournisseur chinois d&rsquo;\u00e9quipements aquatiques<\/span><\/p>\n<\/td>\n<\/tr>\n<tr style=\"height:4.6pt\" align=\"left\">\n<td valign=\"top\">\n<p><span style=\"font-size:12px\">12. Point de vente <\/span><\/p>\n<\/td>\n<td valign=\"top\">\n<p><span style=\"font-size:12px\">Marque bien connue en Chine\u00a0; s\u00fbr et fiable <\/span><\/p>\n<\/td>\n<\/tr>\n<\/tbody>\n<\/table>\n<p> <img loading=\"lazy\" decoding=\"async\" alt=\"SUNSUN 1000L\/h Pompe d'aquarium submersible \u00e0 \u00e9conomie d'\u00e9nergie HJ-1101\" src=\"http:\/\/localhost\/media\/import\/detail\/532797896_990.jpg\" width=\"596\" height=\"363\"><\/p>\n<p><span style=\"font-size:14px;font-family:arial,helvetica,sans-serif;color:#000000;text-decoration:underline\"><span style=\"text-decoration:underline\">Con\u00e7u pour <\/span><span style=\"text-decoration:underline\">immerg\u00e9<\/span><span style=\"text-decoration:underline\"> \u00e0 utiliser uniquement<\/span><\/span><\/p>\n<\/p>\n<p><span style=\"font-size:14px\"><span style=\"font-family:arial, helvetica, sans-serif\">Le moteur de la pompe est tr\u00e8s efficace, \u00e9conome en \u00e9nergie avec un faible bruit, c<span style=\"font-family:Arial\">pratique \u00e0 utiliser<\/span> <\/span><\/span><\/p>\n<p><img decoding=\"async\" alt=\"SUNSUN 1000L\/h Pompe d'aquarium submersible \u00e0 \u00e9conomie d'\u00e9nergie HJ-1101\" src=\"http:\/\/localhost\/media\/import\/detail\/798618819_564.jpg\"><\/p>\n<\/p>\n<p><span style=\"color:#003366\"><strong><span style=\"font-size:14px;background-color:#c0c0c0\">Caract\u00e9ristiques <\/span><\/strong><\/span><\/p>\n<p><span style=\"font-size:12px\">1. Il utilise un arbre \u00e0 haute r\u00e9sistance et r\u00e9sistant \u00e0 l&rsquo;usure noyau, a une \u00e9conomie d&rsquo;\u00e9nergie tr\u00e8s efficace et une longue dur\u00e9e de vie<\/span><\/p>\n<p><span style=\"font-size:12px\">2. Il a une bonne r\u00e9sistance \u00e0 l&rsquo;eau, une rigidit\u00e9 di\u00e9lectrique \u00e9lev\u00e9e, il est s\u00fbr et fiable<\/span><\/p>\n<p><span style=\"font-size:12px\">3. Il est con\u00e7u avec une turbine centrifuge, a un d\u00e9bit \u00e9lev\u00e9 et une haute pression<\/span><\/p>\n<p><span style=\"font-size:12px\">4. Il a diverses fonctions comme pompage, filtre et oxyg\u00e8ne<\/span><\/p>\n<p><span style=\"font-size:12px\">5. Appliquer aux <span style=\"color:#ff0000\">aquariums, rocailles, \u00e9tangs <\/span>dispositif de circulation d&rsquo;eau correspondant.<\/span> <\/p>\n<\/p>\n<p><span style=\"font-size:14px;color:#003366\"><strong><span style=\"background-color:#c0c0c0\"> Param\u00e8tres des pompes \u00e0 eau d&rsquo;aquarium multifonctions <\/span><\/strong><\/span><\/p>\n<table class=\"aliDataTable ke-zeroborder\" style=\"width:666px\" cellpadding=\"0\" border=\"0\">\n<tbody>\n<tr align=\"left\">\n<td width=\"69\">MOD\u00c8LE<\/td>\n<td width=\"126\">TENSION<\/td>\n<td width=\"92\">FR\u00c9QUENCE<\/td>\n<td width=\"66\">PUISSANCE<\/td>\n<td width=\"60\">H-MAX<\/td>\n<td width=\"81\">SORTIE<\/td>\n<td width=\"65\">POIDS<\/td>\n<td width=\"107\">DIMENSIONS<\/td>\n<\/tr>\n<tr align=\"left\">\n<td><span style=\"color:#000000\">HJ-501<\/span><\/td>\n<td><span style=\"color:#000000\">110V\/220V\/240V<\/span><\/td>\n<td><span style=\"color:#000000\">50Hz\/60Hz<\/span><\/td>\n<td><span style=\"color:#000000\">5W<\/span><\/td>\n<td><span style=\"color:#000000\">0,6 m<\/span><\/td>\n<td><span style=\"color:#000000\">250 L\/h<\/span><\/td>\n<td><span style=\"color:#000000\">0,21 kg<\/span><\/td>\n<td><span style=\"color:#000000\">54x65x58mm<\/span><\/td>\n<\/tr>\n<tr align=\"left\">\n<td><span style=\"color:#000000\">HJ-701<\/span><\/td>\n<td><span style=\"color:#000000\">110V\/220V\/240V<\/span><\/td>\n<td><span style=\"color:#000000\">50Hz\/60Hz<\/span><\/td>\n<td><span style=\"color:#000000\">8W<\/span><\/td>\n<td><span style=\"color:#000000\">0,9 m<\/span><\/td>\n<td><span style=\"color:#000000\">500 L\/h<\/span><\/td>\n<td><span style=\"color:#000000\">0,4 kg<\/span><\/td>\n<td><span style=\"color:#000000\">70x71x70mm<\/span><\/td>\n<\/tr>\n<tr align=\"left\">\n<td>HJ-901<\/td>\n<td>110V\/220V\/240V<\/td>\n<td>50Hz\/60Hz<\/td>\n<td>12W<\/td>\n<td>1,2m<\/td>\n<td>800L\/h<\/td>\n<td>0,5kg<\/td>\n<td>80x79x75mm<\/td>\n<\/tr>\n<tr align=\"left\">\n<td><span style=\"color:#ff0000\">HJ-1101<\/span><\/td>\n<td><span style=\"color:#ff0000\">110V\/220V\/240V<\/span><\/td>\n<td><span style=\"color:#ff0000\">50Hz\/60Hz<\/span><\/td>\n<td><span style=\"color:#ff0000\">18W<\/span><\/td>\n<td><span style=\"color:#ff0000\">1,5m<\/span><\/td>\n<td><span style=\"color:#ff0000\">1000L\/h<\/span><\/td>\n<td><span style=\"color:#ff0000\">0,8kg<\/span><\/td>\n<td><span style=\"color:#ff0000\">88x88x85mm<\/span><\/td>\n<\/tr>\n<tr align=\"left\">\n<td>HJ-1501<\/td>\n<td>110V\/220V\/240V<\/td>\n<td>50Hz\/60Hz<\/td>\n<td>35W <\/td>\n<td>2,4m<\/td>\n<td>1350L\/h<\/td>\n<td>1,4kg<\/td>\n<td>105x126x110mm<\/td>\n<\/tr>\n<tr align=\"left\">\n<td>HJ-3701<\/td>\n<td>110V\/220V\/240V<\/td>\n<td>50Hz\/60Hz<\/td>\n<td>100W <\/td>\n<td>4,0m<\/td>\n<td>2500L\/h<\/td>\n<td>2,7kg<\/td>\n<td>141x139x137mm<\/td>\n<\/tr>\n<tr align=\"left\">\n<td>HJ-901B<\/td>\n<td>110V\/220V\/240V<\/td>\n<td>50Hz\/60Hz<\/td>\n<td>15 L<\/td>\n<td>1,3m<\/td>\n<td>1000L\/h<\/td>\n<td>0,4kg<\/td>\n<td>96x73x108mm<\/td>\n<\/tr>\n<tr align=\"left\">\n<td>HJ-901C<\/td>\n<td>110V\/220V\/240V<\/td>\n<td>50Hz\/60Hz<\/td>\n<td>15W<\/td>\n<p>1,3m<\/td>\n<td>1000L\/h<\/td>\n<td>0,4kg<\/td>\n<td>96x73x108mm<\/td>\n<\/tr>\n<\/tbody>\n<\/table>\n<div style=\"clear:both\"><\/div>\n<p><span style=\"background-color:#c0c0c0;color:#003366\"><strong><\/strong><\/span><\/p>\n","protected":false},"excerpt":{"rendered":"<p>SUNSUN 1000L\/h pompe d&rsquo;aquarium submersible \u00e0 \u00e9conomie d&rsquo;\u00e9nergie HJ-1101<\/p>\n","protected":false},"featured_media":5564,"comment_status":"open","ping_status":"closed","template":"","meta":[],"product_brand":[],"product_cat":[1380],"product_tag":[],"class_list":{"0":"post-39100","1":"product","2":"type-product","3":"status-publish","4":"has-post-thumbnail","6":"product_cat-pompes-a-eau-et-amp-tetes-motrices","8":"first","9":"instock","10":"shipping-taxable","11":"purchasable","12":"product-type-simple"},"_links":{"self":[{"href":"https:\/\/www.myaquastore.com\/fr\/wp-json\/wp\/v2\/product\/39100","targetHints":{"allow":["GET"]}}],"collection":[{"href":"https:\/\/www.myaquastore.com\/fr\/wp-json\/wp\/v2\/product"}],"about":[{"href":"https:\/\/www.myaquastore.com\/fr\/wp-json\/wp\/v2\/types\/product"}],"replies":[{"embeddable":true,"href":"https:\/\/www.myaquastore.com\/fr\/wp-json\/wp\/v2\/comments?post=39100"}],"wp:featuredmedia":[{"embeddable":true,"href":"https:\/\/www.myaquastore.com\/fr\/wp-json\/wp\/v2\/media\/5564"}],"wp:attachment":[{"href":"https:\/\/www.myaquastore.com\/fr\/wp-json\/wp\/v2\/media?parent=39100"}],"wp:term":[{"taxonomy":"product_brand","embeddable":true,"href":"https:\/\/www.myaquastore.com\/fr\/wp-json\/wp\/v2\/product_brand?post=39100"},{"taxonomy":"product_cat","embeddable":true,"href":"https:\/\/www.myaquastore.com\/fr\/wp-json\/wp\/v2\/product_cat?post=39100"},{"taxonomy":"product_tag","embeddable":true,"href":"https:\/\/www.myaquastore.com\/fr\/wp-json\/wp\/v2\/product_tag?post=39100"}],"curies":[{"name":"wp","href":"https:\/\/api.w.org\/{rel}","templated":true}]}}