{"id":39106,"date":"2016-09-25T23:28:31","date_gmt":"2016-09-25T23:28:31","guid":{"rendered":"https:\/\/www.myaquastore.com\/product\/sunsun-jp-062-8w-aquarium-mini-pompe-petite-pompe-a-boue-jp-062\/"},"modified":"2025-03-16T09:06:24","modified_gmt":"2025-03-16T09:06:24","slug":"sunsun-jp-062-8w-aquarium-mini-pompe-petite-pompe-a-boue-jp-062","status":"publish","type":"product","link":"https:\/\/www.myaquastore.com\/fr\/product\/sunsun-jp-062-8w-aquarium-mini-pompe-petite-pompe-a-boue-jp-062\/","title":{"rendered":"SUNSUN JP-062 8W aquarium mini pompe petite pompe \u00e0 boue JP-062"},"content":{"rendered":"<div style=\"clear:both\"><\/div>\n<div id=\"ali-anchor-AliPostDhMb-qzc2q\" style=\"padding-top:8px\" data-section-title=\"Description du produit\" data-section=\"AliPostDhMb-qzc2q\">\n<div id=\"ali-title-AliPostDhMb-qzc2q\" style=\"border-bottom:#ddd 1px solid;padding-bottom:8px;padding-top:8px;padding-left:0px;padding-right:0px\"><span style=\"font-weight:bold;color:#333;padding-bottom:8px;padding-top:8px;padding-left:10px;line-height:12px;padding-right:10px;background-color:#ddd\">Description du produit<\/span><\/div>\n<div style=\"padding-bottom:10px;padding-top:10px;padding-left:0px;padding-right:0px\">\n<div style=\"height:42px;width:750px\">\n<div style=\"height:42px;float:left;width:25px;background-color:#00ccff\"> <\/div>\n<div style=\"float:droite;padding-bottom:5px;padding-top:5px;padding-left:0px;padding-right:0px;background-color:#0099ff\">\n<div style=\"font-size:24px;border-top:#ffffff 1px solid;font-family:Arial;border-bottom:#ffffff 1px solid;font-weight:bold;font-style:italic;padding-left:10px;line-height:30px;width:720px\">Affichage du produit<\/div>\n<\/div>\n<\/div>\n<\/div>\n<\/div>\n<p style=\"text-align:left\"><span style=\"font-size:18pt;font-family:arial,helvetica,sans-serif\"><strong>SUNSUN JP-062 8W mini pompe d&rsquo;aquarium petite pompe \u00e0 boue<\/strong><\/span><\/p>\n<p style=\"text-align:left\"><span style=\"font-size:16px;font-family:arial,helvetica,sans-serif\"><strong>Param\u00e8tre\u00a0:<\/strong><\/span><\/p>\n<p style=\"text-align:left\"><span style=\"font-size:14px;font-family:arial,helvetica,sans-serif\">&#8211; Tension (V) : 110\/220\/240<\/span><br \/><span style=\"font-size:14px;font-family:arial,helvetica,sans-serif\">&#8211; Fr\u00e9quence (Hz) : 50\/60<\/span><br \/><span style=\"font-size:14px;font-family:arial,helvetica,sans-serif\">&#8211; Puissance (W) : 6<\/span><\/p>\n<p style=\"text-align:left\"><span style=\"font-size:14px;font-family:arial,helvetica,sans-serif\">&#8211; H-Max (m)\u00a0: 1,0<\/span><\/p>\n<p style=\"text-align:left\"><span style=\"font-size:14px;font-family:arial,helvetica,sans-serif\">&#8211; Sortie (L\/H) : 450<\/span><\/p>\n<p style=\"text-align:left\"><span style=\"font-size:14px;font-family:arial,helvetica,sans-serif\">&#8211; Poids (kg)\u00a0: 1,0<\/span><\/p>\n<p style=\"text-align:left\"><span style=\"font-size:14px;font-family:arial,helvetica,sans-serif\">&#8211; Dimensions (L*B*H)\u00a0: 80*85*65 mm<\/span><\/p>\n<p style=\"text-align:left\"><span style=\"font-size:16px;font-family:arial,helvetica,sans-serif;color:#000000\"><strong>Principales caract\u00e9ristiques\u00a0:<\/strong><\/span><\/p>\n<p style=\"text-align:left\"><span style=\"font-size:14px;font-family:arial,helvetica,sans-serif;color:black\"><span style=\"font-size:14px;font-family:arial,helvetica,sans-serif\">&#8211;<\/span> Le bo\u00eetier est fabriqu\u00e9 en ABS am\u00e9lior\u00e9 de haute qualit\u00e9, adapt\u00e9 aux aquariums d&rsquo;eau sal\u00e9e et d&rsquo;eau douce et aux jeux d&rsquo;eau<\/span><\/p>\n<p style=\"text-align:left\"><span style=\"font-size:14px;font-family:arial,helvetica,sans-serif;color:black\"><span style=\"font-size:14px;font-family:arial,helvetica,sans-serif\">&#8211;<\/span> Moteur scell\u00e9 en r\u00e9sine \u00e9poxy, 100% \u00e9tanche et isolant<\/span><\/p>\n<p style=\"text-align:left\"><span style=\"font-size:14px;font-family:arial,helvetica,sans-serif;color:black\"><span style=\"font-size:14px;font-family:arial,helvetica,sans-serif\">&#8211;<\/span> D\u00e9bit \u00e9lev\u00e9<\/span><\/p>\n<p style=\"text-align:left\"><span style=\"font-size:14px;font-family:arial,helvetica,sans-serif;color:black\"><span style=\"font-size:14px;font-family:arial,helvetica,sans-serif\">&#8211;<\/span> Faible consommation d&rsquo;\u00e9nergie<\/span><\/p>\n<p style=\"text-align:left\"><span style=\"font-size:14px;font-family:arial,helvetica,sans-serif;color:black\"><span style=\"font-size:14px;font-family:arial,helvetica,sans-serif\">&#8211;<\/span> Conception compacte<\/span><\/p>\n<p style=\"text-align:left\"><span style=\"font-size:14px;font-family:arial,helvetica,sans-serif;color:black\"><span style=\"font-size:14px;font-family:arial,helvetica,sans-serif\">&#8211;<\/span> Livr\u00e9 avec adaptateur de prise<\/span><\/p>\n<p style=\"text-align:left\"><span style=\"font-size:14px;font-family:arial,helvetica,sans-serif;color:black\"><span style=\"font-size:14px;font-family:arial,helvetica,sans-serif\">&#8211;<\/span> Complet avec ventouses pour la fixation sur le c\u00f4t\u00e9 des aquariums<\/span><\/p>\n<p style=\"text-align:left\"><span style=\"font-size:14px;font-family:arial,helvetica,sans-serif;color:black\"><span style=\"font-size:14px;font-family:arial,helvetica,sans-serif\">&#8211;<\/span><span style=\"font-size:14px;font-family:arial,helvetica,sans-serif\"> &#8211;<\/span> Respectueux de l&rsquo;environnement, conforme aux normes CE, ROHS<\/span><\/p>\n<p style=\"text-align:left\"><span style=\"font-size:14px;font-family:arial,helvetica,sans-serif;color:black\">Garantie de 12 mois<\/span><\/p>\n<p style=\"text-align:left\" align=\"center\"><span style=\"font-size:14px;font-family:arial,helvetica,sans-serif\"><strong><span style=\"color:#ff6600\">NOUVELLE POMPE \u00c0 EAU SUBMERSIBLE 450L\/H DE HAUTE QUALIT\u00c9 POUR R\u00c9SERVOIRS \u00c0 POISSON ET CARACT\u00c9RISTIQUES D&rsquo;EAU<\/span><\/strong><\/span><\/p>\n<p style=\"text-align:left\" align=\"center\"><span style=\"font-size:14px;font-family:arial,helvetica,sans-serif\"><strong><\/strong><strong><span style=\"color:black\">Con\u00e7u pour une utilisation immerg\u00e9e uniquement<\/span><\/strong><\/span><\/p>\n<p style=\"text-align:center\" align=\"center\"><span style=\"font-size:14px;font-family:arial,helvetica,sans-serif\"><strong><span style=\"color:black\"><strong><img decoding=\"async\" alt=\"01.jpg\" src=\"http:\/\/localhost\/media\/import\/detail\/HTB1I8bOGXXXXXbIXVXXq6xXFXXXH.jpg\"><\/strong><\/span><\/strong><\/span><\/p>\n<p style=\"text-align:center\" align=\"center\"><span style=\"font-size:14px;font-family:arial,helvetica,sans-serif\"><strong><span style=\"color:black\">&#8212;&#8212;&#8212;&#8212;&#8212;&#8212;&#8212;&#8212;&#8212;&#8212;&#8212;&#8212;&#8212;&#8212;&#8212;&#8212;&#8212;&#8212;&#8212;&#8212;&#8212;&#8212;&#8212;&#8212;&#8212;&#8212;&#8212;&#8212;&#8212;&#8212;&#8212;&#8212;&#8212;&#8212;&#8212;&#8212;&#8212;&#8212;&#8212;&#8212;<img decoding=\"async\" alt=\"02.jpg\" src=\"http:\/\/localhost\/media\/import\/detail\/HTB1m.Y2GXXXXXXOXpXXq6xXFXXXu.jpg\"><\/span><\/strong><\/span><\/p>\n<p style=\"text-align:center\" align=\"center\"><span style=\"font-size:14px;font-family:arial,helvetica,sans-serif\"><strong><span style=\"color:black\">&#8212;&#8212;&#8212;&#8212;&#8212;&#8212;&#8212;&#8212;&#8212;&#8212;&#8212;&#8212;&#8212;&#8212;&#8212;&#8212;&#8212;&#8212;&#8212;&#8212;&#8212;&#8212;&#8212;&#8212;&#8212;&#8212;&#8212;&#8212;&#8212;&#8212;&#8212;&#8212;&#8212;&#8212;&#8212;&#8212;&#8212;&#8212;&#8212;&#8212;<\/span><\/strong><\/span><span style=\"font-size:14px;font-family:arial,helvetica,sans-serif\"><strong><span style=\"color:black\"><img decoding=\"async\" alt=\"03.jpg\" src=\"http:\/\/localhost\/media\/import\/detail\/HTB1fLf1GXXXXXa2XpXXq6xXFXXXB.jpg\"><\/span><\/strong><\/span><\/p>\n<p style=\"text-align:center\" align=\"center\"><strong><span style=\"color:black\">&#8212;&#8212;&#8212;&#8212;&#8212;&#8212;&#8212;&#8212;&#8212;&#8212;&#8212;&#8212;&#8212;&#8212;&#8212;&#8212;&#8212;&#8212;&#8212;&#8212;&#8212;&#8212;&#8212;&#8212;&#8212;&#8212;&#8212;&#8212;&#8212;&#8212;&#8212;&#8212;&#8212;&#8212;&#8212;&#8212;&#8212;&#8212;&#8212;&#8212;&#8212;-<\/span><\/strong><\/p>\n<p style=\"text-align:left\" align=\"center\"> <img decoding=\"async\" alt=\"04.jpg\" src=\"http:\/\/localhost\/media\/import\/detail\/HTB1lcj7GXXXXXbCXXXXq6xXFXXXh.jpg\"><\/p>\n<p style=\"text-align:center\" align=\"center\"><strong><\/strong> <\/p>\n<p style=\"text-align:center\" align=\"center\"><strong><\/strong> <\/p>\n<p style=\"text-align:center\" align=\"center\"><strong><span style=\"font-size:13.5pt;font-family:Verdana;color:black\"><img decoding=\"async\" alt=\"SUNSUN 6w 450L\/h Pompe \u00e0 eau submersible pour aquarium\" src=\"http:\/\/localhost\/media\/import\/detail\/522591460_609.jpg\"><img decoding=\"async\" alt=\"SUNSUN 6w 450L\/h Aquarium submersible Pompe \u00e0 eau\" src=\"http:\/\/localhost\/media\/import\/detail\/522591551_380.jpg\"><\/span><\/strong><\/p>\n<p data-section-blank=\"AliPostDhMb-lfg4s\">\n","protected":false},"excerpt":{"rendered":"<p>SUNSUN JP-062 8W aquarium mini pompe petite pompe \u00e0 boue JP-062<\/p>\n","protected":false},"featured_media":5576,"comment_status":"open","ping_status":"closed","template":"","meta":[],"product_brand":[],"product_cat":[1380],"product_tag":[],"class_list":{"0":"post-39106","1":"product","2":"type-product","3":"status-publish","4":"has-post-thumbnail","6":"product_cat-pompes-a-eau-et-amp-tetes-motrices","8":"first","9":"instock","10":"shipping-taxable","11":"purchasable","12":"product-type-simple"},"_links":{"self":[{"href":"https:\/\/www.myaquastore.com\/fr\/wp-json\/wp\/v2\/product\/39106","targetHints":{"allow":["GET"]}}],"collection":[{"href":"https:\/\/www.myaquastore.com\/fr\/wp-json\/wp\/v2\/product"}],"about":[{"href":"https:\/\/www.myaquastore.com\/fr\/wp-json\/wp\/v2\/types\/product"}],"replies":[{"embeddable":true,"href":"https:\/\/www.myaquastore.com\/fr\/wp-json\/wp\/v2\/comments?post=39106"}],"wp:featuredmedia":[{"embeddable":true,"href":"https:\/\/www.myaquastore.com\/fr\/wp-json\/wp\/v2\/media\/5576"}],"wp:attachment":[{"href":"https:\/\/www.myaquastore.com\/fr\/wp-json\/wp\/v2\/media?parent=39106"}],"wp:term":[{"taxonomy":"product_brand","embeddable":true,"href":"https:\/\/www.myaquastore.com\/fr\/wp-json\/wp\/v2\/product_brand?post=39106"},{"taxonomy":"product_cat","embeddable":true,"href":"https:\/\/www.myaquastore.com\/fr\/wp-json\/wp\/v2\/product_cat?post=39106"},{"taxonomy":"product_tag","embeddable":true,"href":"https:\/\/www.myaquastore.com\/fr\/wp-json\/wp\/v2\/product_tag?post=39106"}],"curies":[{"name":"wp","href":"https:\/\/api.w.org\/{rel}","templated":true}]}}