{"id":39127,"date":"2016-09-25T23:28:32","date_gmt":"2016-09-25T23:28:32","guid":{"rendered":"https:\/\/www.myaquastore.com\/product\/pompe-a-eau-daquarium-super-silencieuse-10000l-h-jtp-10000r\/"},"modified":"2025-03-16T09:06:30","modified_gmt":"2025-03-16T09:06:30","slug":"pompe-a-eau-daquarium-super-silencieuse-10000l-h-jtp-10000r","status":"publish","type":"product","link":"https:\/\/www.myaquastore.com\/fr\/product\/pompe-a-eau-daquarium-super-silencieuse-10000l-h-jtp-10000r\/","title":{"rendered":"Pompe \u00e0 eau d&rsquo;aquarium super silencieuse 10000L\/h JTP-10000R"},"content":{"rendered":"<div style=\"clear:both\"><\/div>\n<p style=\"text-align:center\"><span style=\"font-size:24px;font-family:tahoma,arial,helvetica,sans-serif;color:#ff6600\"><em><strong> <span style=\"color:#000080\">Pompe \u00e0 eau d&rsquo;aquarium super silencieuse de 10 000 L\/h<\/span> <span style=\"color:#000080\"> <\/span><\/strong><\/em><\/span><\/p>\n<p style=\"text-align:center\">\n<div id=\"ali-anchor-AliPostDhMb-rdpzy\" style=\"padding-top:8px\" data-section-title=\"Description du produit\" data-section=\"AliPostDhMb-rdpzy\">\n<div id=\"ali-title-AliPostDhMb-rdpzy\" style=\"border-bottom:#ddd 1px solid;padding-bottom:8px;padding-top:8px;padding-left:0px;padding-right:0px\"><span style=\"font-weight:bold;color:#333;padding-bottom:8px;padding-top:8px;padding-left:10px;line-height:12px;padding-right:10px;background-color:#ddd\">Description du produit<\/span><\/div>\n<div style=\"padding-bottom:10px;padding-top:10px;padding-left:0px;padding-right:0px\">\n<\/div>\n<\/div>\n<p style=\"text-align:center\"><span style=\"font-size:14px;font-family:tahoma,arial,helvetica,sans-serif;color:#ff6600\"><em><strong>Sp\u00e9cifications<\/strong><\/em><\/span><\/p>\n<p style=\"text-align:center\"><span style=\"font-size:14px;font-family:tahoma,arial,helvetica,sans-serif;color:#ff6600\"><em><strong>1. Conception nouvelle et g\u00e9n\u00e9reuse, utilise la technologie \u00e0 fr\u00e9quence variable\u00a0; petite puissance, grand d\u00e9bit, t\u00eate haute, super silencieux et peut \u00eatre utilis\u00e9 en mer ou sur terre.<\/strong><\/em><\/span><\/p>\n<p style=\"text-align:center\">\n<p style=\"text-align:center\"><span style=\"font-size:14px;font-family:tahoma,arial,helvetica,sans-serif;color:#ff6600\"><em><strong>2. Utilisez un arbre en c\u00e9ramique, r\u00e9sistant \u00e0 l&rsquo;usure, ne rouille pas, longue dur\u00e9e de vie, adapt\u00e9 \u00e0 l&rsquo;eau douce et \u00e0 l&rsquo;eau de mer, ne contient pas d&rsquo;\u00e9l\u00e9ment en cuivre.<\/strong><\/em><\/span><\/p>\n<p style=\"text-align:center\">\n<p style=\"text-align:center\"><span style=\"font-size:14px;font-family:tahoma,arial,helvetica,sans-serif;color:#ff6600\"><em><strong>3. Ce produit r\u00e9alise une d\u00e9molition d&rsquo;outils gratuite, facile \u00e0 nettoyer.<\/strong><\/em><\/span><\/p>\n<p style=\"text-align:center\">\n<p style=\"text-align:center\"><span style=\"font-size:14px;font-family:tahoma,arial,helvetica,sans-serif;color:#ff6600\"><em><strong>4. La prise r\u00e9alise plusieurs \u00e9tapes, adapt\u00e9e \u00e0 une vari\u00e9t\u00e9 de connexion du diam\u00e8tre du tuyau.<\/strong><\/em><\/span><\/p>\n<p style=\"text-align:center\">\n<p style=\"text-align:center\"><span style=\"font-size:14px;font-family:tahoma,arial,helvetica,sans-serif;color:#ff6600\"><em><strong>5. La fonction de protection du rotor verrouill\u00e9 (coupe imm\u00e9diatement l&rsquo;alimentation apr\u00e8s que la feuille d&rsquo;eau soit verrouill\u00e9)<\/strong><\/em><\/span><\/p>\n<p style=\"text-align:center\">\n<p style=\"text-align:center\"><span style=\"color:#000080\"><em><span style=\"font-size:14px\"><strong>Tant de types ici pour que vous puissiez choisir le bon\u00a0!<\/strong><\/span><\/em><\/span><\/p>\n<p style=\"text-align:center\">\n<table class=\"aliDataTable\" style=\"margin-left:auto;width:652px;margin-right:auto\">\n<tbody>\n<tr align=\"left\">\n<td style=\"width:53.25pt\" valign=\"top\">\n<p><span style=\"font-size:10.5pt\">Mod\u00e8le<\/span><\/p>\n<\/td>\n<td style=\"width:53.25pt\" valign=\"top\">\n<p><span style=\"font-size:10.5pt\">Tension<\/span><\/p>\n<\/td>\n<td style=\"width:53.25pt\" valign=\"top\">\n<p><span style=\"font-size:10.5pt\">Fr\u00e9quence<\/span><\/p>\n<\/td>\n<td style=\"width:53.25pt\" valign=\"top\">\n<p><span style=\"font-size:10.5pt\">Puissance<\/span><\/p>\n<\/td>\n<td style=\"width:53.25pt\" valign=\"top\">\n<p><span style=\"font-size:10.5pt\">H-max<\/span><\/p>\n<\/td>\n<td style=\"width:53.25pt\" valign=\"top\">\n<p><span style=\"font-size:10.5pt\">Sortie<\/span><\/p>\n<\/td>\n<td style=\"width:53.3pt\" valign=\"top\">\n<p><span style=\"font-size:10.5pt\">Hauteur d&rsquo;entr\u00e9e<\/span><\/p>\n<\/td>\n<td style=\"width:53.3pt\" valign=\"top\">\n<p><span style=\"font-size:10.5pt\">Dimensions<\/span><\/p>\n<\/td>\n<\/tr>\n<tr align=\"left\">\n<td valign=\"top\">\n<p><span style=\"font-size:10.5pt\">JTP-4000R<\/span><\/p>\n<\/td>\n<td valign=\"top\">\n<p><span style=\"font-size:10.5pt\">110V\/220V\/240V<\/span><\/p>\n<\/td>\n<td valign=\"top\">\n<p><span style=\"font-size:9pt;font-family:'Verdana'\">50Hz\/60Hz<\/span><\/p>\n<\/td>\n<td valign=\"top\">\n<p><span style=\"font-size:10.5pt\">25W<\/span><\/p>\n<\/td>\n<td valign=\"top\">\n<p><span style=\"font-size:10.5pt\">3,2 m<\/span><\/p>\n<\/td>\n<td valign=\"top\">\n<p><span style=\"font-size:10.5pt\">4000L\/h<\/span><\/p>\n<\/td>\n<td valign=\"top\">\n<p><span style=\"font-size:10.5pt\">65mm<\/span><\/p>\n<\/td>\n<td valign=\"top\">\n<p><span style=\"font-size:10.5pt\">252*123*137mm<\/span><\/p>\n<\/td>\n<\/tr>\n<tr align=\"left\">\n<td valign=\"top\">\n<p><span style=\"font-size:10.5pt\">JTP-5000R<\/span><\/p>\n<\/td>\n<td valign=\"top\">\n<p><span style=\"font-size:10.5pt\">110V\/220V\/240V<\/span><\/p>\n<\/td>\n<td valign=\"top\">\n<p><span style=\"font-size:9pt;font-family:'Verdana'\">50Hz\/60Hz<\/span><\/p>\n<\/td>\n<td valign=\"top\">\n<p><span style=\"font-size:10.5pt\">30W<\/span><\/p>\n<\/td>\n<td valign=\"top\">\n<p><span style=\"font-size:10.5pt\">3,6\u00a0m<\/span><\/p>\n<\/td>\n<td valign=\"top\">\n<p><span style=\"font-size:10.5pt\">5000L\/h<\/span><\/p>\n<\/td>\n<td valign=\"top\">\n<p><span style=\"font-size:10.5pt\">65mm<\/span><\/p>\n<\/td>\n<td valign=\"top\">\n<p><span style=\"font-size:10.5pt\">252*123*137mm<\/span><\/p>\n<\/td>\n<\/tr>\n<tr align=\"left\">\n<td valign=\"top\">\n<p><span style=\"font-size:10.5pt\">JTP-6000R<\/span><\/p>\n<\/td>\n<td valign=\"top\">\n<p><span style=\"font-size:10.5pt\">110V\/220V\/240V<\/span><\/p>\n<\/td>\n<td valign=\"top\">\n<p><span style=\"font-size:9pt;font-family:'Verdana'\">50Hz\/60Hz<\/span><\/p>\n<\/td>\n<td valign=\"top\">\n<p><span style=\"font-size:10.5pt\">40W<\/span><\/p>\n<\/td>\n<td valign=\"top\">\n<p><span style=\"font-size:10.5pt\">4,0 m<\/span><\/p>\n<\/td>\n<td valign=\"top\">\n<p><span style=\"font-size:10.5pt\">6000L\/h<\/span><\/p>\n<\/td>\n<td valign=\"top\">\n<p><span style=\"font-size:10.5pt\">65mm<\/span><\/p>\n<\/td>\n<td valign=\"top\">\n<p><span style=\"font-size:10.5pt\">252*123*137mm<\/span><\/p>\n<\/td>\n<\/tr>\n<tr align=\"left\">\n<td valign=\"top\">\n<p><span style=\"font-size:10.5pt\">JTP-7000R<\/span><\/p>\n<\/td>\n<td valign=\"top\">\n<p><span style=\"font-size:10.5pt\">110V\/220V\/240V<\/span><\/p>\n<\/td>\n<td valign=\"top\">\n<p><span style=\"font-size:9pt;font-family:'Verdana'\">50Hz\/60Hz<\/span><\/p>\n<\/td>\n<td valign=\"top\">\n<p><span style=\"font-size:10.5pt\">50W<\/span><\/p>\n<\/td>\n<td valign=\"top\">\n<p><span style=\"font-size:10.5pt\">4,4 m<\/span><\/p>\n<\/td>\n<td valign=\"top\">\n<p><span style=\"font-size:10.5pt\">7000L\/h<\/span><\/p>\n<\/td>\n<td valign=\"top\">\n<p><span style=\"font-size:10.5pt\">65mm<\/span><\/p>\n<\/td>\n<td valign=\"top\">\n<p><span style=\"font-size:10.5pt\">252*123*137mm<\/span><\/p>\n<\/td>\n<\/tr>\n<tr align=\"left\">\n<td valign=\"top\">\n<p><span style=\"font-size:10.5pt\">JTP-8000R<\/span><\/p>\n<\/td>\n<td valign=\"top\">\n<p><span style=\"font-size:10.5pt\">110V\/220V\/240V<\/span><\/p>\n<\/td>\n<td valign=\"top\">\n<p><span style=\"font-size:9pt;font-family:'Verdana'\">50Hz\/60Hz<\/span><\/p>\n<\/td>\n<td valign=\"top\">\n<p><span style=\"font-size:10.5pt\">60W<\/span><\/p>\n<\/td>\n<td valign=\"top\">\n<p><span style=\"font-size:10.5pt\">4,8 m<\/span><\/p>\n<\/td>\n<td valign=\"top\">\n<p><span style=\"font-size:10.5pt\">8\u00a0000\u00a0L\/h<\/span><\/p>\n<\/td>\n<td valign=\"top\">\n<p><span style=\"font-size:10.5pt\">65 mm<\/span><\/p>\n<\/td>\n<td valign=\"top\">\n<p><span style=\"font-size:10.5pt\">252*123*137mm<\/span><\/p>\n<\/td>\n<\/tr>\n<tr align=\"left\">\n<td valign=\"top\">\n<p><span style=\"font-size:10.5pt\">JTP-9000R<\/span><\/p>\n<\/td>\n<td valign=\"top\">\n<p><span style=\"font-size:10.5pt\">110V\/220V\/240V<\/span><\/p>\n<\/td>\n<td valign=\"top\">\n<p><span style=\"font-size:9pt;font-family:'Verdana'\">50Hz\/60Hz<\/span><\/p>\n<\/td>\n<td valign=\"top\">\n<p><span style=\"font-size:10.5pt\">70W<\/span><\/p>\n<\/td>\n<td valign=\"top\">\n<p><span style=\"font-size:10.5pt\">5,2\u00a0m<\/span><\/p>\n<\/td>\n<td valign=\"top\">\n<p><span style=\"font-size:10.5pt\">9\u00a0000\u00a0L\/h<\/span><\/p>\n<\/td>\n<td valign=\"top\">\n<p><span style=\"font-size:10.5pt\">65 mm<\/span><\/p>\n<\/td>\n<td valign=\"top\">\n<p><span style=\"font-size:10.5pt\">252*123*137mm<\/span><\/p>\n<\/td>\n<\/tr>\n<tr align=\"left\">\n<td valign=\"top\">\n<p><span style=\"font-size:10.5pt\">JTP-10000R<\/span><\/p>\n<\/td>\n<td valign=\"top\">\n<p><span style=\"font-size:10.5pt\">110V\/220V\/240V<\/span><\/p>\n<\/td>\n<td valign=\"top\">\n<p><span style=\"font-size:9pt;font-family:'Verdana'\">50Hz\/60Hz<\/span><\/p>\n<\/td>\n<td valign=\"top\">\n<p><span style=\"font-size:10.5pt\">85W<\/span><\/p>\n<\/td>\n<td valign=\"top\">\n<p><span style=\"font-size:10.5pt\">5,8\u00a0m<\/span><\/p>\n<\/td>\n<td valign=\"top\">\n<p><span style=\"font-size:10.5pt\">10 000 L\/h<\/span><\/p>\n<\/td>\n<td valign=\"top\">\n<p><span style=\"font-size:10.5pt\">72 mm<\/span><\/p>\n<\/td>\n<td valign=\"top\">\n<p><span style=\"font-size:10.5pt\">285*142*138mm<\/span><\/p>\n<\/td>\n<\/tr>\n<tr align=\"left\">\n<td valign=\"top\">\n<p><span style=\"font-size:10.5pt\">JTP-12000R<\/span><\/p>\n<\/td>\n<td valign=\"top\">\n<p><span style=\"font-size:10.5pt\">110V\/220V\/240V<\/span><\/p>\n<\/td>\n<td valign=\"top\">\n<p><span style=\"font-size:9pt;font-family:'Verdana'\">50Hz\/60Hz<\/span><\/p>\n<\/td>\n<td valign=\"top\">\n<p><span style=\"font-size:10.5pt\">100\u00a0W<\/span><\/p>\n<\/td>\n<td valign=\"top\">\n<p><span style=\"font-size:10.5pt\">6,2\u00a0m<\/span><\/p>\n<\/td>\n<td valign=\"top\">\n<p><span style=\"font-size:10.5pt\">12 000 L\/h<\/span><\/p>\n<\/td>\n<td valign=\"top\">\n<p><span style=\"font-size:10.5pt\">72 mm<\/span><\/p>\n<\/td>\n<td valign=\"top\">\n<p><span style=\"font-size:10.5pt\">285*142*138mm<\/span><\/p>\n<\/td>\n<\/tr>\n<tr align=\"left\">\n<td valign=\"top\">\n<p><span style=\"font-size:10.5pt\">JTP-15000R<\/span><\/p>\n<\/td>\n<td valign=\"top\">\n<p><span style=\"font-size:10.5pt\">110V\/220V\/240V<\/span><\/p>\n<\/td>\n<td valign=\"top\">\n<p><span style=\"font-size:9pt;font-family:'Verdana'\">50Hz\/60Hz<\/span><\/p>\n<\/td>\n<td valign=\"top\">\n<p><span style=\"font-size:10.5pt\">120\u00a0W<\/span><\/p>\n<\/td>\n<td valign=\"top\">\n<p><span style=\"font-size:10.5pt\">6,6\u00a0m<\/span><\/p>\n<\/td>\n<td valign=\"top\">\n<p><span style=\"font-size:10.5pt\">15 000 L\/h<\/span><\/p>\n<\/td>\n<td valign=\"top\">\n<p><span style=\"font-size:10.5pt\">72 mm<\/span><\/p>\n<\/td>\n<td valign=\"top\">\n<p><span style=\"font-size:10.5pt\">285*142*138mm<\/span><\/p>\n<\/td>\n<\/tr>\n<tr align=\"left\">\n<td valign=\"top\">\n<p><span style=\"font-size:10.5pt\">JTP-18000R<\/span><\/p>\n<\/td>\n<td valign=\"top\">\n<p><span style=\"font-size:10.5pt\">110V\/220V\/240V<\/span><\/p>\n<\/td>\n<td valign=\"top\">\n<p><span style=\"font-size:9pt;font-family:'Verdana'\">50Hz\/60Hz<\/span><\/p>\n<\/td>\n<td valign=\"top\">\n<p><span style=\"font-size:10.5pt\">150\u00a0W<\/span><\/p>\n<\/td>\n<td valign=\"top\">\n<p><span style=\"font-size:10.5pt\">7,0\u00a0m<\/span><\/p>\n<\/td>\n<td valign=\"top\">\n<p><span style=\"font-size:10.5pt\">18 000 L\/h<\/span><\/p>\n<\/td>\n<td valign=\"top\">\n<p><span style=\"font-size:10.5pt\">72 mm<\/span><\/p>\n<\/td>\n<td valign=\"top\">\n<p><span style=\"font-size:10.5pt\">285*142*138mm<\/span><\/p>\n<\/td>\n<\/tr>\n<\/tbody>\n<\/table>\n<p style=\"text-align:center\"><span style=\"font-size:14px\"><strong><em><span style=\"color:#000080\">JTP R<\/span><\/em><\/strong><span style=\"color:#000080\"><em><strong> types de pompes \u00e0 eau \u00e0 fr\u00e9quence<\/strong><\/em><\/span><\/span><\/p>\n<p style=\"text-align:center\"><span style=\"font-size:14px\"><em><strong><span style=\"color:#3366ff\"><img loading=\"lazy\" decoding=\"async\" alt=\"10000L\/h Pompe \u00e0 eau d'aquarium super silencieuse\" src=\"http:\/\/localhost\/media\/import\/detail\/532270903_677.jpg\" width=\"611\" height=\"378\"><img loading=\"lazy\" decoding=\"async\" alt=\"10000L\/h Pompe \u00e0 eau d'aquarium super silencieuse\" src=\"http:\/\/localhost\/media\/import\/detail\/532270904_450.jpg\" width=\"606\" height=\"346\"><img loading=\"lazy\" decoding=\"async\" alt=\"10000L\/h Pompe \u00e0 eau d'aquarium super silencieuse\" src=\"http:\/\/localhost\/media\/import\/detail\/532270907_757.jpg\" width=\"605\" height=\"352\"><\/span><\/strong><\/em><\/span><\/p>\n<p style=\"text-align:center\">\n<p style=\"text-align:center\"><span style=\"font-size:14px\"><em><strong><span style=\"color:#000080\">Pompes \u00e0 eau \u00e0 fr\u00e9quence s\u00e9rie JTP<\/span><\/strong><\/em><\/span><\/p>\n<p style=\"text-align:center\">\n<p style=\"text-align:center\"><img loading=\"lazy\" decoding=\"async\" alt=\"Pompe \u00e0 eau d'aquarium super silencieuse 10 000 L\/h\" src=\"http:\/\/localhost\/media\/import\/detail\/532306714_528.jpg\" width=\"606\" height=\"438\"><img loading=\"lazy\" decoding=\"async\" alt=\"10000L\/h Pompe \u00e0 eau d'aquarium super silencieuse\" src=\"http:\/\/localhost\/media\/import\/detail\/532306715_563.jpg\" width=\"604\" height=\"355\"><img loading=\"lazy\" decoding=\"async\" alt=\"10000L\/h Pompe \u00e0 eau d'aquarium super silencieuse\" src=\"http:\/\/localhost\/media\/import\/detail\/532306716_565.jpg\" width=\"610\" height=\"357\"><\/p>\n<p style=\"text-align:center\"><img loading=\"lazy\" decoding=\"async\" alt=\"10000L\/h Pompe \u00e0 eau d'aquarium super silencieuse\" src=\"http:\/\/localhost\/media\/import\/detail\/532343753_964.jpg\" width=\"625\" height=\"267\"><\/p>\n<p style=\"text-align:center\">\n<p style=\"text-align:center\"><span style=\"font-size:14px;color:#000080\"><em><strong>Applications pratiques\u00a0: tant de fonctions, vous pouvez d&rsquo;abord l&rsquo;utiliser dans l&rsquo;eau ou sur <\/strong><\/em><\/span><span style=\"font-size:14px;color:#000080\"><em><strong>terre.<\/strong><\/em><\/span><\/p>\n<p style=\"text-align:center\"><span style=\"font-size:14px;color:#000080\"><em><strong> deuxi\u00e8mement, dans un \u00e9tang de d\u00e9coration de jardin ou un \u00e9tang \u00e0 poissons koi, en ajoutant <\/strong><\/em><\/span><\/p>\n<p style=\"text-align:center\"><span style=\"font-size:14px;color:#000080\"><em><strong> plus de sp\u00e9cifications \u00e0 votre joli jardin !!!<\/strong><\/em><\/span><\/p>\n<p style=\"text-align:center\"><span style=\"font-size:14px;color:#000080\"><em><strong> <img loading=\"lazy\" decoding=\"async\" alt=\"10000L\/h Pompe \u00e0 eau d'aquarium super silencieuse\" src=\"http:\/\/localhost\/media\/import\/detail\/532151758_563.jpg\" width=\"591\" height=\"359\"> <\/strong><\/em><\/span><\/p>\n<p style=\"text-align:center\"><span style=\"font-size:14px;color:#000080\"><em><strong> <img decoding=\"async\" alt=\"Pompe \u00e0 eau d'aquarium super silencieuse 10 000 L\/h\" src=\"http:\/\/localhost\/media\/import\/detail\/532151751_498.jpg\"><\/strong><\/em><\/span><\/p>\n<p style=\"text-align:center\">\n<div id=\"ali-anchor-AliPostDhMb-dktff\" style=\"padding-top:8px\" data-section-title=\"Informations sur la soci\u00e9t\u00e9\" data-section=\"AliPostDhMb-dktff\"> <\/div>\n","protected":false},"excerpt":{"rendered":"<p>Pompe \u00e0 eau d&rsquo;aquarium super silencieuse 10000L\/h JTP-10000R<\/p>\n","protected":false},"featured_media":5617,"comment_status":"open","ping_status":"closed","template":"","meta":[],"product_brand":[],"product_cat":[1380],"product_tag":[],"class_list":{"0":"post-39127","1":"product","2":"type-product","3":"status-publish","4":"has-post-thumbnail","6":"product_cat-pompes-a-eau-et-amp-tetes-motrices","8":"first","9":"instock","10":"shipping-taxable","11":"purchasable","12":"product-type-simple"},"_links":{"self":[{"href":"https:\/\/www.myaquastore.com\/fr\/wp-json\/wp\/v2\/product\/39127","targetHints":{"allow":["GET"]}}],"collection":[{"href":"https:\/\/www.myaquastore.com\/fr\/wp-json\/wp\/v2\/product"}],"about":[{"href":"https:\/\/www.myaquastore.com\/fr\/wp-json\/wp\/v2\/types\/product"}],"replies":[{"embeddable":true,"href":"https:\/\/www.myaquastore.com\/fr\/wp-json\/wp\/v2\/comments?post=39127"}],"wp:featuredmedia":[{"embeddable":true,"href":"https:\/\/www.myaquastore.com\/fr\/wp-json\/wp\/v2\/media\/5617"}],"wp:attachment":[{"href":"https:\/\/www.myaquastore.com\/fr\/wp-json\/wp\/v2\/media?parent=39127"}],"wp:term":[{"taxonomy":"product_brand","embeddable":true,"href":"https:\/\/www.myaquastore.com\/fr\/wp-json\/wp\/v2\/product_brand?post=39127"},{"taxonomy":"product_cat","embeddable":true,"href":"https:\/\/www.myaquastore.com\/fr\/wp-json\/wp\/v2\/product_cat?post=39127"},{"taxonomy":"product_tag","embeddable":true,"href":"https:\/\/www.myaquastore.com\/fr\/wp-json\/wp\/v2\/product_tag?post=39127"}],"curies":[{"name":"wp","href":"https:\/\/api.w.org\/{rel}","templated":true}]}}