{"id":39131,"date":"2016-09-25T23:28:32","date_gmt":"2016-09-25T23:28:32","guid":{"rendered":"https:\/\/www.myaquastore.com\/product\/sunsun-pompe-a-eau-de-jardin-et-fontaine-submersible-50w-7000l-h-jtp-7000\/"},"modified":"2025-03-16T09:06:31","modified_gmt":"2025-03-16T09:06:31","slug":"sunsun-pompe-a-eau-de-jardin-et-fontaine-submersible-50w-7000l-h-jtp-7000","status":"publish","type":"product","link":"https:\/\/www.myaquastore.com\/fr\/product\/sunsun-pompe-a-eau-de-jardin-et-fontaine-submersible-50w-7000l-h-jtp-7000\/","title":{"rendered":"SUNSUN \u2013 pompe \u00e0 eau de jardin et fontaine, Submersible, 50w, 7000l\/h, JTP-7000"},"content":{"rendered":"<div style=\"clear:both\"><\/div>\n<div id=\"ali-anchor-AliPostDhMb-medwx\" style=\"padding-top:8px\" data-section-title=\"start\" data-section=\"AliPostDhMb-medwx\">\n<div id=\"ali-title-AliPostDhMb-medwx\" style=\"border-bottom:#ddd 1px solid;padding-bottom:8px;padding-top:8px;padding-left:0px;padding-right:0px\"> <\/div>\n<p><span><\/span><\/p>\n<\/div>\n<p><em><strong><span style=\"font-size:24px\"><span style=\"background-color:#ffff00\">50w 7000L\/h SUNSUN Pompe \u00e0 eau de jardin Pompe \u00e0 eau et fontaine submersible Pompe de bassin d&rsquo;aquarium<\/span><\/span><\/strong><\/em><\/p>\n<\/p>\n<p><span style=\"color:#00ccff;background-color:#ffffff\"><strong><span style=\"font-size:24px\">1.<strong><span style=\"font-size:24px\">Caract\u00e9ristiques de la pompe de bassin d&rsquo;aquarium <\/span><\/strong><\/span><\/strong><\/span><\/p>\n<p><span style=\"font-size:18px\">Conception d&rsquo;apparence Streamine, structure raisonnable et haute efficacit\u00e9\u00a0;<\/span><\/p>\n<p><span style=\"font-size:large\">Il utilise un noyau d&rsquo;arbre \u00e0 haute r\u00e9sistance et r\u00e9sistant \u00e0 l&rsquo;usure, a une \u00e9conomie d&rsquo;\u00e9nergie tr\u00e8s efficace et une longue dur\u00e9e de vie\u00a0;<\/span><\/p>\n<p><span style=\"font-size:large\">Vous pouvez l&rsquo;utiliser comme pompage et fontaine.<\/span><\/p>\n<\/p>\n<p><span style=\"color:#00ccff;background-color:#ffffff\"><strong><span style=\"font-size:24px\">2. Description du produit<\/span><\/strong><span style=\"font-size:18px\"> <\/span><\/span><\/p>\n<p><span style=\"font-size:18px\">Cette pompe de bassin d&rsquo;aquarium est fournie avec une vaste s\u00e9lection de t\u00eates de fontaine alternatives et donnera \u00e0 n&rsquo;importe quel \u00e9tang une touche professionnelle. Cette pompe peut \u00eatre utilis\u00e9e pour pomper de l&rsquo;eau directement dans votre syst\u00e8me de filtration ou alternativement dans une pi\u00e8ce d&rsquo;eau, ainsi que dans le syst\u00e8me de fontaine inclus afin que vous puissiez utiliser la pompe pour d\u00e9placer l&rsquo;eau vers les deux en m\u00eame temps si n\u00e9cessaire. alt=\u00a0\u00bb50w 7000L\/h SUNSUN Pompe \u00e0 eau de jardin Pompe \u00e0 eau et fontaine Submersible Pompe de bassin d&rsquo;aquarium\u00a0\u00bb src=\u00a0\u00bbhttp:\/\/localhost\/media\/import\/detail\/754947644_715.jpg\u00a0\u00bb width=\u00a0\u00bb600&Prime; height=\u00a0\u00bb600&Prime; ori-height=\u00a0\u00bb600&Prime; ori-width=\u00a0\u00bb600&Prime;&gt;<img loading=\"lazy\" decoding=\"async\" alt=\"50w 7000L\/h SUNSUN Pompe \u00e0 eau de jardin Pompe \u00e0 eau et fontaine de bassin Pompe de bassin d'aquarium submersible\" src=\"http:\/\/localhost\/media\/import\/detail\/754947649_426.jpg\" width=\"600\" height=\"600\"><\/p>\n<p><img decoding=\"async\" alt=\"50w 7000L\/h SUNSUN Pompe \u00e0 eau de jardin Pompe \u00e0 eau et fontaine submersible pour aquarium \" src=\"http:\/\/localhost\/media\/import\/detail\/561501565_957.jpg\"><\/p>\n<\/p>\n<p><span style=\"color:#00ccff;background-color:#ffffff\"><strong><span style=\"font-size:24px\">4.Autre pompe d&rsquo;\u00e9tang d&rsquo;aquarium <\/span><\/strong><\/span><\/p>\n<\/p>\n<p> <img loading=\"lazy\" decoding=\"async\" alt=\"50w 7000L\/h SUNSUN Pompe \u00e0 eau de jardin Pompe \u00e0 eau et fontaine Submersible Pompe de bassin d'aquarium\" src=\"http:\/\/localhost\/media\/import\/detail\/754997723_559.jpg\" width=\"600\" height=\"600\"><img decoding=\"async\" alt=\"50w 7000L\/h SUNSUN Pompe \u00e0 eau de jardin Pompe \u00e0 eau et fontaine Submersible Pompe de bassin d'aquarium\" src=\"http:\/\/localhost\/media\/import\/detail\/755064972_483.jpg\"><img loading=\"lazy\" decoding=\"async\" alt=\"50w 7000L\/h Pompe \u00e0 eau de jardin SUNSUN Pompe \u00e0 eau et fontaine de bassin Pompe de bassin d'aquarium submersible\" src=\"http:\/\/localhost\/media\/import\/detail\/754980572_171.jpg\" width=\"600\" height=\"600\"><\/p>\n<\/p>\n<p><span style=\"color:#00ccff;background-color:#ffffff\"><strong><span style=\"font-size:24px\">5. Le param\u00e8tre de pompe d&rsquo;\u00e9tang d&rsquo;aquarium<\/span><\/strong><\/span><\/p>\n<p> <img loading=\"lazy\" decoding=\"async\" alt=\"50w 7000L\/h SUNSUN pompe \u00e0 eau de jardin pompe \u00e0 eau et fontaine pompe submersible d'aquarium\" src=\"http:\/\/localhost\/media\/import\/detail\/750049600_258.jpg\" width=\"687\" height=\"295\"><\/p>\n<p style=\"background:white\" align=\"left\">\n<div id=\"ali-anchor-AliPostDhMb-emwv3\" style=\"padding-top:8px\" data-section-title=\"Informations sur la soci\u00e9t\u00e9\" data-section=\"AliPostDhMb-emwv3\"> <\/div>\n","protected":false},"excerpt":{"rendered":"<p>SUNSUN \u2013 pompe \u00e0 eau de jardin et fontaine, Submersible, 50w, 7000l\/h, JTP-7000<\/p>\n","protected":false},"featured_media":5625,"comment_status":"open","ping_status":"closed","template":"","meta":[],"product_brand":[],"product_cat":[1380],"product_tag":[],"class_list":{"0":"post-39131","1":"product","2":"type-product","3":"status-publish","4":"has-post-thumbnail","6":"product_cat-pompes-a-eau-et-amp-tetes-motrices","8":"first","9":"instock","10":"shipping-taxable","11":"purchasable","12":"product-type-simple"},"_links":{"self":[{"href":"https:\/\/www.myaquastore.com\/fr\/wp-json\/wp\/v2\/product\/39131","targetHints":{"allow":["GET"]}}],"collection":[{"href":"https:\/\/www.myaquastore.com\/fr\/wp-json\/wp\/v2\/product"}],"about":[{"href":"https:\/\/www.myaquastore.com\/fr\/wp-json\/wp\/v2\/types\/product"}],"replies":[{"embeddable":true,"href":"https:\/\/www.myaquastore.com\/fr\/wp-json\/wp\/v2\/comments?post=39131"}],"wp:featuredmedia":[{"embeddable":true,"href":"https:\/\/www.myaquastore.com\/fr\/wp-json\/wp\/v2\/media\/5625"}],"wp:attachment":[{"href":"https:\/\/www.myaquastore.com\/fr\/wp-json\/wp\/v2\/media?parent=39131"}],"wp:term":[{"taxonomy":"product_brand","embeddable":true,"href":"https:\/\/www.myaquastore.com\/fr\/wp-json\/wp\/v2\/product_brand?post=39131"},{"taxonomy":"product_cat","embeddable":true,"href":"https:\/\/www.myaquastore.com\/fr\/wp-json\/wp\/v2\/product_cat?post=39131"},{"taxonomy":"product_tag","embeddable":true,"href":"https:\/\/www.myaquastore.com\/fr\/wp-json\/wp\/v2\/product_tag?post=39131"}],"curies":[{"name":"wp","href":"https:\/\/api.w.org\/{rel}","templated":true}]}}