{"id":39132,"date":"2016-09-25T23:28:32","date_gmt":"2016-09-25T23:28:32","guid":{"rendered":"https:\/\/www.myaquastore.com\/product\/pompe-a-eau-submersible-pour-etang-de-jardin-koi-10000l-h-jsp-10000\/"},"modified":"2025-03-16T09:06:31","modified_gmt":"2025-03-16T09:06:31","slug":"pompe-a-eau-submersible-pour-etang-de-jardin-koi-10000l-h-jsp-10000","status":"publish","type":"product","link":"https:\/\/www.myaquastore.com\/fr\/product\/pompe-a-eau-submersible-pour-etang-de-jardin-koi-10000l-h-jsp-10000\/","title":{"rendered":"Pompe \u00e0 eau submersible pour \u00e9tang de jardin Koi 10000L\/h JSP-10000"},"content":{"rendered":"<div style=\"clear:both\"><\/div>\n<p style=\"text-align:center\"><span style=\"font-size:14px;font-family:tahoma,arial,helvetica,sans-serif;color:#ff6600\"><em><strong> <\/strong><\/em> <strong><span style=\"font-size:18px;color:#000080\">10000L\/h Jardin Pompe \u00e0 eau submersible pour bassin Koi JSP-10000<\/span><\/strong><\/span><\/p>\n<p style=\"text-align:center\">\n<p style=\"text-align:center\"><span style=\"font-size:14px;font-family:tahoma,arial,helvetica,sans-serif;color:#ff6600\"><em><strong>Sp\u00e9cifications<\/strong><\/em><\/span><\/p>\n<p style=\"text-align:center\"><span style=\"font-size:14px;font-family:tahoma,arial,helvetica,sans-serif;color:#ff6600\"><em><strong>1. Conception nouvelle et g\u00e9n\u00e9reuse, utilise la technologie \u00e0 fr\u00e9quence variable\u00a0; petite puissance, grand d\u00e9bit, t\u00eate haute, peut \u00eatre utilis\u00e9e en mer ou sur terre.<\/strong><\/em><\/span><\/p>\n<p style=\"text-align:center\">\n<p style=\"text-align:center\"><span style=\"font-size:14px;font-family:tahoma,arial,helvetica,sans-serif;color:#ff6600\"><em><strong>2. Utilisez un arbre en c\u00e9ramique, r\u00e9sistant \u00e0 l&rsquo;usure, ne rouille pas, longue dur\u00e9e de vie, adapt\u00e9 \u00e0 l&rsquo;eau douce et \u00e0 l&rsquo;eau de mer, ne contient pas d&rsquo;\u00e9l\u00e9ment en cuivre.<\/strong><\/em><\/span><\/p>\n<p style=\"text-align:center\">\n<p style=\"text-align:center\"><span style=\"font-size:14px;font-family:tahoma,arial,helvetica,sans-serif;color:#ff6600\"><em><strong>3. Ce produit r\u00e9alise une d\u00e9molition d&rsquo;outils gratuite, facile \u00e0 nettoyer.<\/strong><\/em><\/span><\/p>\n<p style=\"text-align:center\">\n<p style=\"text-align:center\"><span style=\"font-size:14px;font-family:tahoma,arial,helvetica,sans-serif;color:#ff6600\"><em><strong>4. La prise r\u00e9alise plusieurs \u00e9tapes, adapt\u00e9e \u00e0 une vari\u00e9t\u00e9 de connexion du diam\u00e8tre du tuyau.<\/strong><\/em><\/span><\/p>\n<p style=\"text-align:center\">\n<p style=\"text-align:center\"><span style=\"font-size:14px;font-family:tahoma,arial,helvetica,sans-serif;color:#ff6600\"><em><strong>5. La fonction de protection du rotor verrouill\u00e9 (coupe imm\u00e9diatement l&rsquo;alimentation apr\u00e8s que la feuille d&rsquo;eau soit verrouill\u00e9)<\/strong><\/em><\/span><\/p>\n<p style=\"text-align:center\">\n<p style=\"text-align:center\">\n<p><strong><span style=\"font-size:10.5pt;font-family:'Arial';color:#ff6600;font-style:italic\"> 6. Multi rotor, fonctionnant plus stable, plus silencieux.<\/span><\/strong><\/p>\n<p style=\"text-align:center\">\n<p style=\"text-align:center\">\n<p style=\"text-align:center\"><span style=\"color:#000080\"><em><span style=\"font-size:14px\"><strong>Tant de pompes pour bassin de jardin ici pour que vous puissiez choisir la bonne !<\/strong><\/span><\/em><\/span><\/p>\n<table class=\"aliDataTable\" style=\"margin-left:auto;margin-right:auto\">\n<tbody>\n<tr align=\"left\">\n<td style=\"text-align:center;width:53.25pt\" valign=\"middle\">\n<p><span style=\"font-size:12px\">Mod\u00e8le<\/span><\/p>\n<\/td>\n<td style=\"text-align:center;width:53.25pt\" valign=\"middle\">\n<p><span style=\"font-size:12px\">Tension<\/span><\/p>\n<\/td>\n<td style=\"text-align:center;width:53.25pt\" valign=\"middle\">\n<p><span style=\"font-size:12px\">Fr\u00e9quence <\/span><\/p>\n<\/td>\n<td style=\"text-align:center;width:53.25pt\" valign=\"middle\">\n<p><span style=\"font-size:12px\">Puissance<\/span><\/p>\n<\/td>\n<td style=\"text-align:center;width:53.25pt\" valign=\"middle\">\n<p><span style=\"font-size:12px\">H-max<\/span><\/p>\n<\/td>\n<td style=\"text-align:center;width:53.25pt\" valign=\"middle\">\n<p><span style=\"font-size:12px\">Sortie<\/span><\/p>\n<\/td>\n<td style=\"text-align:center;width:53.3pt\" valign=\"middle\">\n<p><span style=\"font-size:12px\">Hauteur d&rsquo;entr\u00e9e<\/span><\/p>\n<\/td>\n<td style=\"text-align:center;width:53.3pt\" valign=\"middle\">\n<p><span style=\"font-size:12px\">Dimensions<\/span><\/p>\n<\/td>\n<\/tr>\n<tr align=\"left\">\n<td valign=\"middle\">\n<p><span style=\"font-size:12px\">JSP-6000<\/span><\/p>\n<\/td>\n<td valign=\"middle\">\n<p><span style=\"font-size:12px\">110V\/220V\/240V<\/span><\/p>\n<\/td>\n<td valign=\"middle\">\n<p><span style=\"font-size:12px;font-family:'Verdana';background:#ffffff;color:#000000\">50Hz\/60Hz<\/span><\/p>\n<\/td>\n<td valign=\"middle\">\n<p><span style=\"font-size:12px\">40W<\/span><\/p>\n<\/td>\n<td valign=\"middle\">\n<p><span style=\"font-size:12px\">4,2 m<\/span><\/p>\n<\/td>\n<td valign=\"middle\">\n<p><span style=\"font-size:12px\">6000L\/h<\/span><\/p>\n<\/td>\n<td valign=\"middle\">\n<p><span style=\"font-size:12px\">60 mm<\/span><\/p>\n<\/td>\n<td valign=\"middle\">\n<p><span style=\"font-size:12px\">230*125*130mm<\/span><\/p>\n<\/td>\n<\/tr>\n<tr align=\"left\">\n<td valign=\"middle\">\n<p><span style=\"font-size:12px\">JSP-7500<\/span><\/p>\n<\/td>\n<td valign=\"middle\">\n<p><span style=\"font-size:12px\">110V\/220V\/240V<\/span><\/p>\n<\/td>\n<td valign=\"middle\">\n<p><span style=\"font-size:12px;font-family:'Verdana';background:#ffffff;color:#000000\">50Hz\/60Hz<\/span><\/p>\n<\/td>\n<td valign=\"middle\">\n<p><span style=\"font-size:12px\">55W<\/span><\/p>\n<\/td>\n<td valign=\"middle\">\n<p><span style=\"font-size:12px\">4,8 m<\/span><\/p>\n<\/td>\n<td valign=\"middle\">\n<p><span style=\"font-size:12px\">7500L\/h<\/span><\/p>\n<\/td>\n<td valign=\"middle\">\n<p><span style=\"font-size:12px\">60 mm<\/span><\/p>\n<\/td>\n<td valign=\"middle\">\n<p><span style=\"font-size:12px\">230*125*130mm<\/span><\/p>\n<\/td>\n<\/tr>\n<tr align=\"left\">\n<td valign=\"middle\">\n<p><span style=\"font-size:12px\">JSP-9000<\/span><\/p>\n<\/td>\n<td valign=\"middle\">\n<p><span style=\"font-size:12px\">110V\/220V\/240V<\/span><\/p>\n<\/td>\n<td valign=\"middle\">\n<p><span style=\"font-size:12px;font-family:'Verdana';background:#ffffff;color:#000000\">50Hz\/60Hz<\/span><\/p>\n<\/td>\n<td valign=\"middle\">\n<p><span style=\"font-size:12px\">70W<\/span><\/p>\n<\/td>\n<td valign=\"middle\">\n<p><span style=\"font-size:12px\">5,2 m<\/span><\/p>\n<\/td>\n<td valign=\"middle\">\n<p><span style=\"font-size:12px\">9 000 L\/h<\/span><\/p>\n<\/td>\n<td valign=\"middle\">\n<p><span style=\"font-size:12px\">60\u00a0mm<\/span><\/p>\n<\/td>\n<td valign=\"middle\">\n<p><span style=\"font-size:12px\">230*125*130mm<\/span><\/p>\n<\/td>\n<\/tr>\n<tr align=\"left\">\n<td valign=\"middle\">\n<p><span style=\"font-size:12px\">JSP-10000<\/span><\/p>\n<\/td>\n<td valign=\"middle\">\n<p><span style=\"font-size:12px\">110V\/220V\/240V<\/span><\/p>\n<\/td>\n<td valign=\"middle\">\n<p><span style=\"font-size:12px;font-family:'Verdana';background:#ffffff;color:#000000\">50Hz\/60Hz<\/span><\/p>\n<\/td>\n<td valign=\"middle\">\n<p><span style=\"font-size:12px\">85W<\/span><\/p>\n<\/td>\n<td valign=\"middle\">\n<p><span style=\"font-size:12px\">5,8 m<\/span><\/p>\n<\/td>\n<td valign=\"middle\">\n<p><span style=\"font-size:12px\">10 000 L\/h<\/span><\/p>\n<\/td>\n<td valign=\"middle\">\n<p><span style=\"font-size:12px\">60\u00a0mm<\/span><\/p>\n<\/td>\n<td valign=\"middle\">\n<p><span style=\"font-size:12px\">230*125*130mm<\/span><\/p>\n<\/td>\n<\/tr>\n<tr align=\"left\">\n<td valign=\"middle\">\n<p><span style=\"font-size:12px\">JSP-6000R<\/span><\/p>\n<\/td>\n<td valign=\"middle\">\n<p><span style=\"font-size:12px\">110V\/220V\/240V<\/span><\/p>\n<\/td>\n<td valign=\"middle\">\n<p><span style=\"font-size:12px;font-family:'Verdana';background:#ffffff;color:#000000\">50Hz\/60Hz<\/span><\/p>\n<\/td>\n<td valign=\"middle\">\n<p><span style=\"font-size:12px\">40W<\/span><\/p>\n<\/td>\n<td valign=\"middle\">\n<p><span style=\"font-size:12px\">4,2 m<\/span><\/p>\n<\/td>\n<td valign=\"middle\">\n<p><span style=\"font-size:12px\">6000L\/h<\/span><\/p>\n<\/td>\n<td valign=\"middle\">\n<p><span style=\"font-size:12px\">60 mm<\/span><\/p>\n<\/td>\n<td valign=\"middle\">\n<p><span style=\"font-size:12px\">280*125*130mm<\/span><\/p>\n<\/td>\n<\/tr>\n<tr align=\"left\">\n<td valign=\"middle\">\n<p><span style=\"font-size:12px\">JSP-7500R<\/span><\/p>\n<\/td>\n<td valign=\"middle\">\n<p><span style=\"font-size:12px\">110V\/220V\/240V<\/span><\/p>\n<\/td>\n<td valign=\"middle\">\n<p><span style=\"font-size:12px;font-family:'Verdana';background:#ffffff;color:#000000\">50Hz\/60Hz<\/span><\/p>\n<\/td>\n<td valign=\"middle\">\n<p><span style=\"font-size:12px\">55W<\/span><\/p>\n<\/td>\n<td valign=\"middle\">\n<p><span style=\"font-size:12px\">4,8 m<\/span><\/p>\n<\/td>\n<td valign=\"middle\">\n<p><span style=\"font-size:12px\">7500L\/h<\/span><\/p>\n<\/td>\n<td valign=\"middle\">\n<p><span style=\"font-size:12px\">60 mm<\/span><\/p>\n<\/td>\n<td valign=\"middle\">\n<p><span style=\"font-size:12px\">280*125*130mm<\/span><\/p>\n<\/td>\n<\/tr>\n<tr align=\"left\">\n<td valign=\"middle\">\n<p><span style=\"font-size:12px\">JSP-9000R<\/span><\/p>\n<\/td>\n<td valign=\"middle\">\n<p><span style=\"font-size:12px\">110V\/220V\/240V<\/span><\/p>\n<\/td>\n<td valign=\"middle\">\n<p><span style=\"font-size:12px;font-family:'Verdana';background:#ffffff;color:#000000\">50Hz\/60Hz<\/span><\/p>\n<\/td>\n<td valign=\"middle\">\n<p><span style=\"font-size:12px\">70W<\/span><\/p>\n<\/td>\n<td valign=\"middle\">\n<p><span style=\"font-size:12px\">5,2 m<\/span><\/p>\n<\/td>\n<td valign=\"middle\">\n<p><span style=\"font-size:12px\">9 000 L\/h<\/span><\/p>\n<\/td>\n<td valign=\"middle\">\n<p><span style=\"font-size:12px\">60\u00a0mm<\/span><\/p>\n<\/td>\n<td valign=\"middle\">\n<p><span style=\"font-size:12px\">280*125*130mm<\/span><\/p>\n<\/td>\n<\/tr>\n<tr align=\"left\">\n<td valign=\"middle\">\n<p><span style=\"font-size:12px\">JSP-10000R<\/span><\/p>\n<\/td>\n<td valign=\"middle\">\n<p><span style=\"font-size:12px\">110V\/220V\/240V<\/span><\/p>\n<\/td>\n<td valign=\"middle\">\n<p><span style=\"font-size:12px;font-family:'Verdana';background:#ffffff;color:#000000\">50Hz\/60Hz<\/span><\/p>\n<\/td>\n<td valign=\"middle\">\n<p><span style=\"font-size:12px\">85W<\/span><\/p>\n<\/td>\n<td valign=\"middle\">\n<p><span style=\"font-size:12px\">5,8 m<\/span><\/p>\n<\/td>\n<td valign=\"middle\">\n<p><span style=\"font-size:12px\">10 000 L\/h<\/span><\/p>\n<\/td>\n<td valign=\"middle\">\n<p><span style=\"font-size:12px\">60\u00a0mm<\/span><\/p>\n<\/td>\n<td valign=\"middle\">\n<p><span style=\"font-size:12px\">280*125*130mm<\/span><\/p>\n<\/td>\n<\/tr>\n<\/tbody>\n<\/table>\n<p style=\"text-align:center\"><em><strong><span style=\"color:#000080\">Pompes \u00e0 eau \u00e0 fr\u00e9quence s\u00e9rie JSP<\/span><\/strong><\/em><\/p>\n<p style=\"text-align:center\"><img decoding=\"async\" alt=\"10000L\/h Pompe \u00e0 eau submersible pour \u00e9tang de jardin Koi JSP-10000\" src=\"http:\/\/localhost\/media\/import\/detail\/532140945_576.jpg\"><\/p>\n<p style=\"text-align:center\"> <img decoding=\"async\" alt=\"10000L\/h Pompe \u00e0 eau submersible pour \u00e9tang de jardin Koi JSP-10000\" src=\"http:\/\/localhost\/media\/import\/detail\/532145485_545.jpg\"><\/p>\n<p style=\"text-align:center\"><img decoding=\"async\" alt=\"10000L\/h \u00c9tang de jardin Koi Pompe \u00e0 eau submersible JSP-10000\" src=\"http:\/\/localhost\/media\/import\/detail\/532276254_739.jpg\"><\/p>\n<p style=\"text-align:center\"><span style=\"font-size:14px\"><strong><em><span style=\"color:#000080\">JSP R<\/span><\/em><\/strong><\/span><span style=\"font-size:14px;color:#000080\"><em><strong> types de pompes \u00e0 eau \u00e0 fr\u00e9quence<\/strong><\/em><\/span><\/p>\n<p style=\"text-align:center\"><span style=\"font-size:14px\"><em><strong><span style=\"color:#3366ff\"><img decoding=\"async\" alt=\"10000L\/h Pompe \u00e0 eau submersible pour \u00e9tang de jardin Koi JSP-10000\" src=\"http:\/\/localhost\/media\/import\/detail\/532143393_538.jpg\"><\/span><\/strong><\/em><\/span><\/p>\n<p style=\"text-align:center\"><span style=\"font-size:14px\"><em><strong><span style=\"color:#3366ff\"><img decoding=\"async\" alt=\"10000L\/h Pompe \u00e0 eau submersible pour \u00e9tang de jardin Koi JSP-10000\" src=\"http:\/\/localhost\/media\/import\/detail\/532143403_774.jpg\"> <\/span><\/strong><\/em><\/span><\/p>\n<p style=\"text-align:center\"><span style=\"font-size:14px\"><em><strong><span style=\"color:#3366ff\"><img decoding=\"async\" alt=\"10000L\/h Pompe \u00e0 eau submersible pour bassin de carpes ko\u00ef de jardin JSP-10000\" src=\"http:\/\/localhost\/media\/import\/detail\/532143396_494.jpg\"><\/span><\/strong><\/em><\/span><\/p>\n<p style=\"text-align:center\">\n<p style=\"text-align:center\"><span style=\"font-size:14px;color:#000080\"><em><strong>Applications r\u00e9elles\u00a0: tant de fonctions, vous pouvez d&rsquo;abord l&rsquo;utiliser dans l&rsquo;eau ou sur terre.<\/strong><\/em><\/span><\/p>\n<p style=\"text-align:center\"><span style=\"font-size:14px;color:#000080\"><em><strong> deuxi\u00e8mement, dans un \u00e9tang de d\u00e9coration de jardin ou un \u00e9tang \u00e0 poissons koi, en ajoutant <\/strong><\/em><\/span><\/p>\n<p style=\"text-align:center\"><span style=\"font-size:14px;color:#000080\"><em><strong> plus de sp\u00e9cifications pour votre joli \u00e9tang !!!<\/strong><\/em><\/span><\/p>\n<p style=\"text-align:center\"><span style=\"font-size:14px;color:#000080\"><em><strong> <img decoding=\"async\" alt=\"10000L\/h Pompe \u00e0 eau submersible pour \u00e9tang de jardin Koi JSP-10000\" src=\"http:\/\/localhost\/media\/import\/detail\/532151758_563.jpg\"> <\/strong><\/em><\/span><\/p>\n<p style=\"text-align:center\"><span style=\"font-size:14px;color:#000080\"><em><strong> <img decoding=\"async\" alt=\"10000L\/h Pompe \u00e0 eau submersible pour \u00e9tang de jardin Koi JSP-10000\" src=\"http:\/\/localhost\/media\/import\/detail\/532151751_498.jpg\"><\/strong><\/em><\/span><\/p>\n","protected":false},"excerpt":{"rendered":"<p>Pompe \u00e0 eau submersible pour \u00e9tang de jardin Koi 10000L\/h JSP-10000<\/p>\n","protected":false},"featured_media":5627,"comment_status":"open","ping_status":"closed","template":"","meta":[],"product_brand":[],"product_cat":[1380],"product_tag":[],"class_list":{"0":"post-39132","1":"product","2":"type-product","3":"status-publish","4":"has-post-thumbnail","6":"product_cat-pompes-a-eau-et-amp-tetes-motrices","8":"first","9":"instock","10":"shipping-taxable","11":"purchasable","12":"product-type-simple"},"_links":{"self":[{"href":"https:\/\/www.myaquastore.com\/fr\/wp-json\/wp\/v2\/product\/39132","targetHints":{"allow":["GET"]}}],"collection":[{"href":"https:\/\/www.myaquastore.com\/fr\/wp-json\/wp\/v2\/product"}],"about":[{"href":"https:\/\/www.myaquastore.com\/fr\/wp-json\/wp\/v2\/types\/product"}],"replies":[{"embeddable":true,"href":"https:\/\/www.myaquastore.com\/fr\/wp-json\/wp\/v2\/comments?post=39132"}],"wp:featuredmedia":[{"embeddable":true,"href":"https:\/\/www.myaquastore.com\/fr\/wp-json\/wp\/v2\/media\/5627"}],"wp:attachment":[{"href":"https:\/\/www.myaquastore.com\/fr\/wp-json\/wp\/v2\/media?parent=39132"}],"wp:term":[{"taxonomy":"product_brand","embeddable":true,"href":"https:\/\/www.myaquastore.com\/fr\/wp-json\/wp\/v2\/product_brand?post=39132"},{"taxonomy":"product_cat","embeddable":true,"href":"https:\/\/www.myaquastore.com\/fr\/wp-json\/wp\/v2\/product_cat?post=39132"},{"taxonomy":"product_tag","embeddable":true,"href":"https:\/\/www.myaquastore.com\/fr\/wp-json\/wp\/v2\/product_tag?post=39132"}],"curies":[{"name":"wp","href":"https:\/\/api.w.org\/{rel}","templated":true}]}}