{"id":39143,"date":"2016-09-25T23:28:32","date_gmt":"2016-09-25T23:28:32","guid":{"rendered":"https:\/\/www.myaquastore.com\/product\/pompe-a-air-de-reservoir-de-vibration-magnetique-daquarium-8w-modele-special-dc-yt-8000\/"},"modified":"2025-03-16T09:06:34","modified_gmt":"2025-03-16T09:06:34","slug":"pompe-a-air-de-reservoir-de-vibration-magnetique-daquarium-8w-modele-special-dc-yt-8000","status":"publish","type":"product","link":"https:\/\/www.myaquastore.com\/fr\/product\/pompe-a-air-de-reservoir-de-vibration-magnetique-daquarium-8w-modele-special-dc-yt-8000\/","title":{"rendered":"Pompe \u00e0 air de r\u00e9servoir de vibration magn\u00e9tique d&rsquo;aquarium 8W mod\u00e8le sp\u00e9cial DC YT-8000"},"content":{"rendered":"<div style=\"clear:both\"><\/div>\n<div style=\"font-size:13px;font-family:Arial, Helvetica, sans-serif;color:#000000;width:726px\">\n<div>\n<p style=\"text-align:center\"><\/p>\n<p data-section-blank=\"AliPostDhMb-7gv7r\">\n<\/div>\n<\/div>\n<div id=\"ali-anchor-AliPostDhMb-7gv7r\" style=\"padding-top:8px\" data-section=\"AliPostDhMb-7gv7r\" data-section-title=\"Description du produit\">\n<div id=\"ali-title-AliPostDhMb-7gv7r\" style=\"border-bottom:#ddd 1px solid;padding-bottom:8px;padding-top:8px;padding-left:0px;padding-right:0px\"><span style=\"font-weight:bold;color:#333;padding-bottom:8px;padding-top:8px;padding-left:10px;line-height:12px;padding-right:10px;background-color:#ddd\">Description du produit<\/span><\/div>\n<div style=\"padding-bottom:10px;padding-top:10px;padding-left:0px;padding-right:0px\">\n<div style=\"height:42px;width:750px\">\n<div style=\"height:42px;float:left;width:25px;background-color:#00ccff\"> <\/div>\n<div style=\"float:droite;padding-bottom:5px;padding-top:5px;padding-left:0px;padding-right:0px;background-color:#0099ff\">\n<div style=\"font-size:24px;border-top:#ffffff 1px solide;padding-left: 10px\">Affichage du produit<\/div>\n<\/div>\n<\/div>\n<\/div>\n<\/div>\n<p><span style=\"font-size:16px\"><strong>Pompe \u00e0 air de r\u00e9servoir \u00e0 vibrations magn\u00e9tiques pour aquarium Mod\u00e8le sp\u00e9cial DC 8 W YT-8000<\/strong><\/span><\/p>\n<\/p>\n<p><span style=\"font-size:16px\"><strong>Description de l&rsquo;article <\/strong><\/span><\/p>\n<p><span style=\"font-size:10.5pt;font-family:arial,helvetica,sans-serif\">Cette pompe \u00e0 air est id\u00e9ale pour fournir une pression d&rsquo;air sous les filtres \u00e0 gravier et \u00e0 caisson, les pierres \u00e0 air et des \u00e9cumeurs de prot\u00e9ines <\/span><\/p>\n<p><span style=\"font-size:10.5pt;font-family:arial,helvetica,sans-serif\">qui utilisent des pierres \u00e0 air en c\u00e9ramique. Fonctionnement silencieux &#8211; con\u00e7u pour r\u00e9sister \u00e0 l&rsquo;\u00e9preuve du temps.<\/span><\/p>\n<\/p>\n<p><span style=\"font-size:16px\"><strong>Caract\u00e9ristiques<\/strong><\/span><\/p>\n<p><span style=\"font-size:10.5pt\">1&#8211;Syst\u00e8me \u00e0 faible bruit, air pur comprim\u00e9.<\/span><\/p>\n<p><span style=\"font-size:10.5pt\">2&#8211;Mod\u00e8le DC sp\u00e9cial, contr\u00f4le par micro-ordinateur.<\/span><\/p>\n<p><span style=\"font-size:10.5pt\">3&#8211;Contr\u00f4leur de trim, contr\u00f4le le d\u00e9bit d&rsquo;air.<\/span><\/p>\n<p><span style=\"font-size:10.5pt\">4&#8211;Haute efficacit\u00e9 et rendement extraordinaire<\/span><\/p>\n<p><span style=\"font-size:10.5pt\">5&#8211;Faible consommation, faible co\u00fbt.<\/span><\/p>\n<p><span style=\"font-size:10.5pt\">6&#8211;Fonctionnement continu et longue dur\u00e9e de vie.<\/span><\/p>\n<\/p>\n<p><span style=\"font-size:16px\"><strong>Application<\/strong><\/span><\/p>\n<p><span style=\"font-size:10.5pt\">1&#8211;Fournit de l&rsquo;oxyg\u00e8ne dans les aquariums et les restaurants.<\/span><\/p>\n<p><span style=\"font-size:10.5pt\">2&#8211;Utilis\u00e9 comme accessoire n\u00e9cessaire pour les d\u00e9cong\u00e9lateurs alimentaires, les liquidmizers et les lave-poissons.<\/span><\/p>\n<p><span style=\"font-size:10.5pt\">3&#8211;Utilis\u00e9 pour le bain tube.<\/span><\/p>\n<p data-section-blank=\"AliPostDhMb-7gv7r\"><span style=\"font-size:10.5pt\">4&#8211;\u00catre utilis\u00e9 pour les pi\u00e8ces de rechange d&rsquo;alimentation en air des instruments m\u00e9dicaux et des nouveaux \u00e9quipements de gaz liqu\u00e9fi\u00e9.<\/span><\/p>\n<p data-section-blank=\"AliPostDhMb-7gv7r\"><span style=\"font-size:10.5pt\"><span style=\"background-color:#808080\"><strong><span style=\"font-size:14pt;font-family:'Times New Roman','serif';color:black\"><img loading=\"lazy\" decoding=\"async\" alt=\"Pompe \u00e0 air de r\u00e9servoir \u00e0 vibrations magn\u00e9tiques pour aquarium 8W, mod\u00e8le DC sp\u00e9cial YT-8000\" src=\"http:\/\/localhost\/media\/import\/detail\/695615350_591.jpg\" width=\"790\" height=\"217\"><\/span><\/strong><\/span><\/span><\/p>\n<p data-section-blank=\"AliPostDhMb-7gv7r\">\n<p align=\"left\"><span style=\"background-color:#808080\"><strong><span style=\"font-size:14pt;font-family:'Times New Roman','serif'\"><img loading=\"lazy\" decoding=\"async\" alt=\"Pompe \u00e0 air de r\u00e9servoir \u00e0 vibrations magn\u00e9tiques pour aquarium 8W Mod\u00e8le DC sp\u00e9cial YT-8000\" src=\"http:\/\/localhost\/media\/import\/detail\/703733677_204.jpg\" width=\"572\" height=\"328\"><\/span><\/strong><\/span><\/p>\n<p align=\"left\"><span style=\"background-color:#808080\"><strong><span style=\"font-size:14pt;font-family:'Times New Roman','serif';color:black\"><img decoding=\"async\" alt=\"01.jpg\" src=\"http:\/\/localhost\/media\/import\/detail\/HTB13iTqGpXXXXXrXXXXq6xXFXXXP.jpg\"><\/span><\/strong><\/span><\/p>\n<p style=\"text-align:center\" align=\"left\"><span style=\"color:#000000;background-color:#ffffff\"><span style=\"font-size:14pt;font-family:'Times New Roman','serif'\">&#8212;&#8212;&#8212;&#8212;&#8212;&#8212;&#8212;&#8212;&#8212;&#8212;&#8212;&#8212;&#8212;&#8212;&#8212;&#8212;&#8212;&#8212;&#8212;&#8212;&#8212;&#8212;&#8212;&#8212;&#8212;&#8212;&#8212;&#8212;&#8212;&#8212;&#8212;&#8212;&#8212;&#8212;&#8212;&#8212;&#8212;&#8212;&#8212;&#8212;&#8212;&#8212;&#8211;<\/span><\/span><\/p>\n<p style=\"text-align:center\" align=\"left\"><span style=\"color:#000000;background-color:#ffffff\"><span style=\"font-size:14pt;font-family:'Times New Roman','serif'\"><img decoding=\"async\" alt=\"02.jpg\" src=\"http:\/\/localhost\/media\/import\/detail\/HTB1wTW4GpXXXXaDXFXXq6xXFXXX0.jpg\"><\/span><\/span><\/p>\n<p style=\"text-align:center\" align=\"left\"><span style=\"color:#000000;background-color:#ffffff\"><span style=\"font-size:14pt;font-family:'Times New Roman','serif'\"><span style=\"color:#000000;background-color:#ffffff\"><span style=\"font-size:14pt;font-family:'Times New Roman','serif'\">&#8212;&#8212;&#8212;&#8212;&#8212;&#8212;&#8212;&#8212;&#8212;&#8212;&#8212;&#8212;&#8212;&#8212;&#8212;&#8212;&#8212;&#8212;&#8212;&#8212;&#8212;&#8212;&#8212;&#8212;&#8212;&#8212;&#8212;&#8212;&#8212;&#8212;&#8212;&#8212;&#8212;&#8212;&#8212;&#8212;&#8212;-<\/span><\/span><\/span><\/span><\/p>\n<p style=\"text-align:center\" align=\"left\"><span style=\"color:#000000;background-color:#ffffff\"><span style=\"font-size:14pt;font-family:'Times New Roman','serif'\"><img decoding=\"async\" alt=\"03.jpg\" src=\"http:\/\/localhost\/media\/import\/detail\/HTB1DZiYGpXXXXcSXFXXq6xXFXXXb.jpg\"><\/span><\/span><\/p>\n<p style=\"text-align:center\" align=\"left\"><span style=\"color:#000000;background-color:#ffffff\"><span style=\"font-size:14pt;font-family:'Times New Roman','serif'\"><span style=\"color:#000000;background-color:#ffffff\"><span style=\"font-size:14pt;font-family:'Times New Roman','serif'\"><span style=\"color:#000000;background-color:#ffffff\"><span style=\"font-size:14pt;font-family:'Times New Roman','serif'\">&#8212;&#8212;&#8212;&#8212;&#8212;&#8212;&#8212;&#8212;&#8212;&#8212;&#8212;&#8212;&#8212;&#8212;&#8212;&#8212;&#8212;&#8212;&#8212;&#8212;&#8212;&#8212;&#8212;&#8212;&#8212;&#8212;&#8212;&#8212;&#8212;&#8212;&#8212;&#8212;&#8212;&#8212;&#8212;&#8212;&#8212;-<\/span><\/span><\/span><\/span><\/span><\/span><\/p>\n<p style=\"text-align:center\" align=\"left\"><span style=\"color:#000000;background-color:#ffffff\"><span style=\"font-size:14pt;font-family:'Times New Roman','serif'\"><img decoding=\"async\" alt=\"04.jpg\" src=\"http:\/\/localhost\/media\/import\/detail\/HTB1PGHgGpXXXXbhXpXXq6xXFXXX1.jpg\"><\/span><\/span><\/p>\n<div id=\"ali-anchor-AliPostDhMb-enp0h\" style=\"padding-top:8px\" data-section=\"AliPostDhMb-enp0h\" data-section-title=\"Informations sur la soci\u00e9t\u00e9\">\n<div style=\"clear:both\"><\/div>\n<p><strong><span style=\"background-color:#dddddd;color:#333333;font-size:medium\"><\/span><\/strong><\/div>\n","protected":false},"excerpt":{"rendered":"<p>Pompe \u00e0 air de r\u00e9servoir de vibration magn\u00e9tique d&rsquo;aquarium 8W mod\u00e8le sp\u00e9cial DC YT-8000<\/p>\n","protected":false},"featured_media":5649,"comment_status":"open","ping_status":"closed","template":"","meta":[],"product_brand":[],"product_cat":[1382],"product_tag":[],"class_list":{"0":"post-39143","1":"product","2":"type-product","3":"status-publish","4":"has-post-thumbnail","6":"product_cat-pompes-a-air-et-amp-fournitures","8":"first","9":"instock","10":"shipping-taxable","11":"purchasable","12":"product-type-simple"},"_links":{"self":[{"href":"https:\/\/www.myaquastore.com\/fr\/wp-json\/wp\/v2\/product\/39143","targetHints":{"allow":["GET"]}}],"collection":[{"href":"https:\/\/www.myaquastore.com\/fr\/wp-json\/wp\/v2\/product"}],"about":[{"href":"https:\/\/www.myaquastore.com\/fr\/wp-json\/wp\/v2\/types\/product"}],"replies":[{"embeddable":true,"href":"https:\/\/www.myaquastore.com\/fr\/wp-json\/wp\/v2\/comments?post=39143"}],"wp:featuredmedia":[{"embeddable":true,"href":"https:\/\/www.myaquastore.com\/fr\/wp-json\/wp\/v2\/media\/5649"}],"wp:attachment":[{"href":"https:\/\/www.myaquastore.com\/fr\/wp-json\/wp\/v2\/media?parent=39143"}],"wp:term":[{"taxonomy":"product_brand","embeddable":true,"href":"https:\/\/www.myaquastore.com\/fr\/wp-json\/wp\/v2\/product_brand?post=39143"},{"taxonomy":"product_cat","embeddable":true,"href":"https:\/\/www.myaquastore.com\/fr\/wp-json\/wp\/v2\/product_cat?post=39143"},{"taxonomy":"product_tag","embeddable":true,"href":"https:\/\/www.myaquastore.com\/fr\/wp-json\/wp\/v2\/product_tag?post=39143"}],"curies":[{"name":"wp","href":"https:\/\/api.w.org\/{rel}","templated":true}]}}