{"id":39146,"date":"2016-09-25T23:28:32","date_gmt":"2016-09-25T23:28:32","guid":{"rendered":"https:\/\/www.myaquastore.com\/product\/pompe-a-air-silencieuse-a-debit-dair-reglable-pour-aquarium-4-sorties-13w-hp-1116\/"},"modified":"2025-03-16T09:06:35","modified_gmt":"2025-03-16T09:06:35","slug":"pompe-a-air-silencieuse-a-debit-dair-reglable-pour-aquarium-4-sorties-13w-hp-1116","status":"publish","type":"product","link":"https:\/\/www.myaquastore.com\/fr\/product\/pompe-a-air-silencieuse-a-debit-dair-reglable-pour-aquarium-4-sorties-13w-hp-1116\/","title":{"rendered":"Pompe \u00e0 air silencieuse \u00e0 d\u00e9bit d&rsquo;air r\u00e9glable pour aquarium 4 sorties 13W HP-1116"},"content":{"rendered":"<div style=\"clear:both\"><\/div>\n<p><span style=\"font-size:18px\"><span style=\"font-size:16px\"><strong>Pompe \u00e0 air silencieuse \u00e0 d\u00e9bit d&rsquo;air r\u00e9glable pour aquarium 4 sorties 13 W HP-1116<\/strong><\/span><em><strong> <\/strong><\/em><\/span> <\/p>\n<\/p>\n<p><span style=\"font-size:12px\"><strong>Sp\u00e9cifications\u00a0:<\/strong><\/span><\/p>\n<p><span style=\"font-size:12px\"><strong>1. Syst\u00e8me \u00e0 faible bruit\u00a0;<\/strong><\/span><\/p>\n<p><span style=\"font-size:12px\"><strong>2. Air pur comprim\u00e9\u00a0;<\/strong><\/span><\/p>\n<p><span style=\"font-size:12px\"><strong>3. Haute efficacit\u00e9 et rendement extraordinaire\u00a0;<\/strong><\/span><\/p>\n<p><span style=\"font-size:12px\"><strong>4. Faible consommation, faible co\u00fbt\u00a0;<\/strong><\/span><\/p>\n<p><span style=\"font-size:12px\"><strong>5. Fonctionnement continu et longue dur\u00e9e de vie.<\/strong><\/span><\/p>\n<\/p>\n<p><span style=\"font-size:14px\"><strong>Param\u00e8tres des pompes \u00e0 air silencieuses \u00e0 d\u00e9bit d&rsquo;air r\u00e9glable<\/strong><\/span><\/p>\n<table class=\"aliDataTable\" style=\"width:80%\" border=\"4\">\n<tbody>\n<tr>\n<td>Mod\u00e8le<\/td>\n<td>Tension<\/td>\n<td>Puissance<\/td>\n<td>Pression<\/td>\n<td>Sortie<\/td>\n<td>Poids<\/td>\n<td>Dimensions<\/td>\n<\/tr>\n<tr>\n<td>HP-100<\/td>\n<td>220V\/50Hz<\/td>\n<p>2,5W<\/td>\n<td>0,01MPa<\/td>\n<td>1,5L\/min<\/td>\n<td>0,2kg<\/td>\n<td>105*70*55mm<\/td>\n<\/tr>\n<tr>\n<td>HP-200<\/td>\n<td>220\u00a0V\/50\u00a0Hz<\/td>\n<td>2,5W<\/td>\n<td>0,01MPa<\/td>\n<td>1,8L\/min<\/td>\n<td>0,25kg<\/td>\n<td>135*70*55mm<\/td>\n<\/tr>\n<tr>\n<td>HP-400<\/td>\n<td>220V\/50Hz<\/td>\n<td>4W<\/td>\n<td>0,01MPa <\/td>\n<td>3,5 L\/min<\/td>\n<td>0,37 kg<\/td>\n<td>105*70*55 mm<\/td>\n<\/tr>\n<tr>\n<td>HP-1116<\/td>\n<td>22 0V\/50Hz<\/td>\n<td>13W<\/td>\n<td>0,015MPa<\/td>\n<td>2*1,5L\/min<\/td>\n<td>1,2kg<\/td>\n<td>135*70*55m m<\/td>\n<\/tr>\n<tr>\n<td>HJD-330<\/td>\n<td>220VAC\/50Hz<\/td>\n<td>30W<\/td>\n<td>25KPa<\/td>\n<td>2m<sup>3 par heure<\/sup><\/td>\n<td>2,8\u00a0kg<\/td>\n<td>202*186*211mm<\/td>\n<\/tr>\n<\/tbody>\n<\/table>\n<table class=\"aliDataTable\" style=\"width:80%\" border=\"4\">\n<tbody>\n<tr>\n<td>Mod\u00e8le<\/td>\n<td>Tension<\/td>\n<td>Puissance<\/td>\n<td>Pression<\/td>\n<td>Sortie<\/td>\n<td>Poids<\/td>\n<td>Dimensions<\/td>\n<\/tr>\n<tr>\n<td>YT-301<\/td>\n<td>220V\/50Hz<\/td>\n<td>2,5W<\/td>\n<td>0,012MPa<\/td>\n<td>1,5L\/min<\/td>\n<td> 0,27\u00a0kg<\/td>\n<td>105*70*55mm<\/td>\n<\/tr>\n<tr>\n<td>YT-301C<\/td>\n<td>220V\/50Hz<\/td>\n<td>3W<\/td>\n<td>0,012MPa<\/td>\n<td>1,5L\/mi n<\/td>\n<td>0,29kg<\/td>\n<td>135*70*55mm<\/td>\n<\/tr>\n<tr>\n<td>YT-302<\/td>\n<td>220V\/50Hz<\/td>\n<td>2,5W<\/td>\n<td>0,015MPa<\/td>\n<td>2*1,5L\/min<\/td>\n<td>0,29kg<\/td>\n<td>105*70*55mm<\/td>\n<\/tr>\n<tr>\n<td>YT-302C<\/td>\n<td>220V\/50Hz<\/td>\n<td>3W<\/td>\n<td> 0,015MPa<\/td>\n<td>2*1,5L\/min<\/td>\n<td>0,31kg<\/td>\n<td>135*70*55mm<\/td>\n<\/tr>\n<tr>\n<td>YT-304<\/td>\n<td>220V\/50Hz<\/td>\n<td> 8,5W<\/td>\n<td>0,013MPa<\/td>\n<td>4*4,5L\/min<\/td>\n<td>0,93kg<\/td>\n<td>198*145*96mm<\/td>\n<\/tr>\n<tr>\n<td>YT-8000<\/td>\n<td>220 V\/50Hz<\/td>\n<td>8W<\/td>\n<td>0,015MPa<\/td>\n<td>4L\/min<\/td>\n<td>2,0kg<\/td>\n<td>230*153*75mm<\/td>\n<\/tr>\n<\/tbody>\n<\/table>\n<p><span style=\"font-size:14px\"><strong>Pompes \u00e0 air pour aquarium d&rsquo;aquarium<\/strong><\/span><\/p>\n<p><span style=\"font-size:14px\"><strong><span style=\"background-color:#ffff00\"><img decoding=\"async\" alt=\"Pompe \u00e0 air silencieuse \u00e0 d\u00e9bit d'air r\u00e9glable pour aquarium 4 sorties 13 W HP-1116\" src=\"http:\/\/localhost\/media\/import\/detail\/541959191_637.jpg\"><\/span><\/strong><\/span><\/p>\n<p><span style=\"font-size:14px\"><strong><span style=\"background-color:#ffff00\"><img loading=\"lazy\" decoding=\"async\" alt=\"Aquarium D\u00e9bit d'air r\u00e9glable Air silencieux Pompe 4 sorties 13W HP-1116\" src=\"http:\/\/localhost\/media\/import\/detail\/541946161_090.jpg\" width=\"600\" height=\"600\"><img loading=\"lazy\" decoding=\"async\" alt=\"Pompe \u00e0 air silencieuse \u00e0 d\u00e9bit d'air r\u00e9glable pour aquarium 4 sorties 13W HP-1116\" src=\"http:\/\/localhost\/media\/import\/detail\/541944960_441.jpg\" width=\"600\" height=\"600\"><img loading=\"lazy\" decoding=\"async\" alt=\"Pompe \u00e0 air silencieuse \u00e0 d\u00e9bit d'air r\u00e9glable pour aquarium 4 sorties 13 W HP-1116\" src=\"http:\/\/localhost\/media\/import\/detail\/541930233_727.jpg\" width=\"600\" height=\"600\"><img loading=\"lazy\" decoding=\"async\" alt=\"Pompe \u00e0 air silencieuse \u00e0 d\u00e9bit d'air r\u00e9glable pour aquarium 4 sorties 13 W HP-1116\" src=\"http:\/\/localhost\/media\/import\/detail\/541906909_441.jpg\" width=\"600\" height=\"600\"><img loading=\"lazy\" decoding=\"async\" alt=\"Pompe \u00e0 air silencieuse \u00e0 d\u00e9bit d'air r\u00e9glable pour aquarium 4 sorties 13 W HP-1116\" src=\"http:\/\/localhost\/media\/import\/detail\/541906900_790.jpg\" width=\"600\" height=\"600\"><\/span><\/strong><\/span><\/p>\n<p><span style=\"font-size:14px\"><strong><span style=\"background-color:#ffff00\"><img loading=\"lazy\" decoding=\"async\" alt=\"Pompe \u00e0 air silencieuse \u00e0 d\u00e9bit d'air r\u00e9glable pour aquarium 4 sorties 13 W HP-1116\" src=\"http:\/\/localhost\/media\/import\/detail\/541946156_687.jpg\" width=\"600\" height=\"600\"><\/span><\/strong><\/span><\/p>\n<\/p>\n<p><img loading=\"lazy\" decoding=\"async\" alt=\"Pompe \u00e0 air silencieuse \u00e0 d\u00e9bit d'air r\u00e9glable pour aquarium 4 sorties 13 W HP-1116\" src=\"http:\/\/localhost\/media\/import\/detail\/524506364_446.jpg\" width=\"661\" height=\"212\"><\/p>\n<p><img loading=\"lazy\" decoding=\"async\" alt=\"Aquarium r\u00e9glable Pompe \u00e0 air silencieuse \u00e0 flux d'air 4 sorties 13 W HP-1116\" src=\"http:\/\/localhost\/media\/import\/detail\/524506365_575.jpg\" width=\"661\" height=\"344\"><\/p><\/p>\n","protected":false},"excerpt":{"rendered":"<p>Pompe \u00e0 air silencieuse \u00e0 d\u00e9bit d&rsquo;air r\u00e9glable pour aquarium 4 sorties 13W HP-1116<\/p>\n","protected":false},"featured_media":5655,"comment_status":"open","ping_status":"closed","template":"","meta":[],"product_brand":[],"product_cat":[1382],"product_tag":[],"class_list":{"0":"post-39146","1":"product","2":"type-product","3":"status-publish","4":"has-post-thumbnail","6":"product_cat-pompes-a-air-et-amp-fournitures","8":"first","9":"instock","10":"shipping-taxable","11":"purchasable","12":"product-type-simple"},"_links":{"self":[{"href":"https:\/\/www.myaquastore.com\/fr\/wp-json\/wp\/v2\/product\/39146","targetHints":{"allow":["GET"]}}],"collection":[{"href":"https:\/\/www.myaquastore.com\/fr\/wp-json\/wp\/v2\/product"}],"about":[{"href":"https:\/\/www.myaquastore.com\/fr\/wp-json\/wp\/v2\/types\/product"}],"replies":[{"embeddable":true,"href":"https:\/\/www.myaquastore.com\/fr\/wp-json\/wp\/v2\/comments?post=39146"}],"wp:featuredmedia":[{"embeddable":true,"href":"https:\/\/www.myaquastore.com\/fr\/wp-json\/wp\/v2\/media\/5655"}],"wp:attachment":[{"href":"https:\/\/www.myaquastore.com\/fr\/wp-json\/wp\/v2\/media?parent=39146"}],"wp:term":[{"taxonomy":"product_brand","embeddable":true,"href":"https:\/\/www.myaquastore.com\/fr\/wp-json\/wp\/v2\/product_brand?post=39146"},{"taxonomy":"product_cat","embeddable":true,"href":"https:\/\/www.myaquastore.com\/fr\/wp-json\/wp\/v2\/product_cat?post=39146"},{"taxonomy":"product_tag","embeddable":true,"href":"https:\/\/www.myaquastore.com\/fr\/wp-json\/wp\/v2\/product_tag?post=39146"}],"curies":[{"name":"wp","href":"https:\/\/api.w.org\/{rel}","templated":true}]}}