{"id":39165,"date":"2016-09-25T23:28:34","date_gmt":"2016-09-25T23:28:34","guid":{"rendered":"https:\/\/www.myaquastore.com\/product\/pompe-submersible-de-pompe-a-eau-de-sunsun-de-1800l-h-pour-la-pompe-submersible-daquarium-pour-laquarium-jp-1500g\/"},"modified":"2025-03-16T09:06:40","modified_gmt":"2025-03-16T09:06:40","slug":"pompe-submersible-de-pompe-a-eau-de-sunsun-de-1800l-h-pour-la-pompe-submersible-daquarium-pour-laquarium-jp-1500g","status":"publish","type":"product","link":"https:\/\/www.myaquastore.com\/fr\/product\/pompe-submersible-de-pompe-a-eau-de-sunsun-de-1800l-h-pour-la-pompe-submersible-daquarium-pour-laquarium-jp-1500g\/","title":{"rendered":"Pompe Submersible de pompe \u00e0 eau de SUNSUN de 1800L\/h pour la pompe submersible d&rsquo;aquarium pour l&rsquo;aquarium JP-1500G"},"content":{"rendered":"<div style=\"clear:both\"><\/div>\n<p><span style=\"background-color:#ffff00\"><em><span style=\"font-size:32px\">1800L\/h SUNSUN Pompe \u00e0 eau Pompe submersible pour aquarium pompe submersible pour aquarium <\/span><\/em><\/span><\/p>\n<\/p>\n<h3><span style=\"font-size:24px;color:#ff6600\">La pompe submersible pour aquarium description<\/span><\/h3>\n<h3><span style=\"font-size:18px\">La pompe submersible pour aquarium est con\u00e7ue pour pousser l&rsquo;eau vers un syst\u00e8me de filtration externe ou simplement pour d\u00e9placer l&rsquo;eau dans votre aquarium. La fonction de tuyau d&rsquo;air venturi vous aidera \u00e0 a\u00e9rer votre r\u00e9servoir en aspirant de l&rsquo;air dans le r\u00e9servoir et en cr\u00e9ant des bulles pour enrichir l&rsquo;eau. Convient aux r\u00e9servoirs d&rsquo;aquarium d&rsquo;eau douce ou sal\u00e9e.<\/span><\/h3>\n<h3><span style=\"font-size:18px;color:#ff6600\"><span style=\"font-size:24px\">Photos de la pompe submersible pour aquarium<\/span><\/span><\/h3>\n<h3><span style=\"font-size:18px;color:#ff6600\"><span style=\"font-size:24px\"> <img decoding=\"async\" alt=\"1800L\/h SUNSUN Pompe \u00e0 eau Pompe submersible pour aquarium pompe submersible pour aquarium\" src=\"http:\/\/localhost\/media\/import\/detail\/759390378_176.jpg\"><\/span><\/span><\/h3>\n<h3><strong><span style=\"font-size:18px;color:#ff6600\"><span style=\"font-size:24px\">Autre pompe submersible pour aquarium <\/span><\/span><\/strong><\/h3>\n<h3><strong><span style=\"font-size:18px;color:#ff6600\"><span style=\"font-size:24px\"><img decoding=\"async\" alt=\"1800L\/h SUNSUN Pompe \u00e0 eau Pompe submersible pour aquarium pompe submersible pour aquarium\" src=\"http:\/\/localhost\/media\/import\/detail\/759393892_324.jpg\"><img loading=\"lazy\" decoding=\"async\" alt=\"1800L\/h SUNSUN Pompe \u00e0 eau Pompe submersible pour aquarium pompe submersible pour aquarium\" src=\"http:\/\/localhost\/media\/import\/detail\/758962396_854.jpg\" width=\"600\" height=\"600\"><img loading=\"lazy\" decoding=\"async\" alt=\"1800L\/h SUNSUN Pompe \u00e0 eau Pompe submersible pour aquarium pompe submersible pour aquarium\" src=\"http:\/\/localhost\/media\/import\/detail\/748845794_609.jpg\" width=\"600\" height=\"600\"><img loading=\"lazy\" decoding=\"async\" alt=\"1800L\/h SUNSUN Pompe \u00e0 eau Pompe submersible pour aquarium pompe submersible pour aquarium\" src=\"http:\/\/localhost\/media\/import\/detail\/758963103_596.jpg\" width=\"600\" height=\"600\"><\/span><\/span><\/strong><\/h3>\n<h3> <\/h3>\n<p><strong><span style=\"font-size:24px;color:#ff6600\">Le pompe submersible pour param\u00e8tre d&rsquo;aquarium<\/span><\/strong><\/p>\n<\/p>\n<p> <img loading=\"lazy\" decoding=\"async\" alt=\"1800L\/h SUNSUN Pompe \u00e0 eau Pompe submersible pour aquarium pompe submersible pour aquarium\" src=\"http:\/\/localhost\/media\/import\/detail\/707815559_205.jpg\" width=\"600\" height=\"600\"><\/p>\n<p><span style=\"color:#ff6600\"><strong><span style=\"font-size:24px\">Faible bruit, bonnes performances <\/span> <span style=\"font-size:24px\">haute rigidit\u00e9 di\u00e9lectrique<\/span><\/strong><\/span><\/p>\n<p><img loading=\"lazy\" decoding=\"async\" alt=\"1800L\/h SUNSUN Pompe \u00e0 eau pompe submersible pour aquarium pompe submersible pour aquarium\" src=\"http:\/\/localhost\/media\/import\/detail\/691474836_805.jpg\" width=\"631\" height=\"179\"><\/p>\n<p><span style=\"font-size:18px\"><br \/><\/span><\/p>\n<\/p>\n<div style=\"clear:les deux\"><\/div>\n","protected":false},"excerpt":{"rendered":"<p>Pompe Submersible de pompe \u00e0 eau de SUNSUN de 1800L\/h pour la pompe submersible d&rsquo;aquarium pour l&rsquo;aquarium JP-1500G<\/p>\n","protected":false},"featured_media":5693,"comment_status":"open","ping_status":"closed","template":"","meta":[],"product_brand":[],"product_cat":[1338],"product_tag":[],"class_list":{"0":"post-39165","1":"product","2":"type-product","3":"status-publish","4":"has-post-thumbnail","6":"product_cat-filtres-pour-aquariums","8":"first","9":"instock","10":"shipping-taxable","11":"purchasable","12":"product-type-simple"},"_links":{"self":[{"href":"https:\/\/www.myaquastore.com\/fr\/wp-json\/wp\/v2\/product\/39165","targetHints":{"allow":["GET"]}}],"collection":[{"href":"https:\/\/www.myaquastore.com\/fr\/wp-json\/wp\/v2\/product"}],"about":[{"href":"https:\/\/www.myaquastore.com\/fr\/wp-json\/wp\/v2\/types\/product"}],"replies":[{"embeddable":true,"href":"https:\/\/www.myaquastore.com\/fr\/wp-json\/wp\/v2\/comments?post=39165"}],"wp:featuredmedia":[{"embeddable":true,"href":"https:\/\/www.myaquastore.com\/fr\/wp-json\/wp\/v2\/media\/5693"}],"wp:attachment":[{"href":"https:\/\/www.myaquastore.com\/fr\/wp-json\/wp\/v2\/media?parent=39165"}],"wp:term":[{"taxonomy":"product_brand","embeddable":true,"href":"https:\/\/www.myaquastore.com\/fr\/wp-json\/wp\/v2\/product_brand?post=39165"},{"taxonomy":"product_cat","embeddable":true,"href":"https:\/\/www.myaquastore.com\/fr\/wp-json\/wp\/v2\/product_cat?post=39165"},{"taxonomy":"product_tag","embeddable":true,"href":"https:\/\/www.myaquastore.com\/fr\/wp-json\/wp\/v2\/product_tag?post=39165"}],"curies":[{"name":"wp","href":"https:\/\/api.w.org\/{rel}","templated":true}]}}