{"id":39177,"date":"2016-09-25T23:28:35","date_gmt":"2016-09-25T23:28:35","guid":{"rendered":"https:\/\/www.myaquastore.com\/product\/meilleure-pompe-a-eau-de-mer-pour-poissons-deau-de-mer-vente-en-gros-dusine-ctp-8000\/"},"modified":"2025-03-16T09:06:43","modified_gmt":"2025-03-16T09:06:43","slug":"meilleure-pompe-a-eau-de-mer-pour-poissons-deau-de-mer-vente-en-gros-dusine-ctp-8000","status":"publish","type":"product","link":"https:\/\/www.myaquastore.com\/fr\/product\/meilleure-pompe-a-eau-de-mer-pour-poissons-deau-de-mer-vente-en-gros-dusine-ctp-8000\/","title":{"rendered":"Meilleure pompe \u00e0 eau de mer pour poissons d&rsquo;eau de mer, vente en gros d&rsquo;usine, CTP-8000"},"content":{"rendered":"<div style=\"clear:both\"><\/div>\n<div style=\"font-size:13px;font-family:Arial, Helvetica, sans-serif;color:#000000;width:726px\"> <\/div>\n<div id=\"ali-anchor-AliPostDhMb-9hvw8\" style=\"padding-top:8px\" data-section-title=\"signboard\" data-section=\"AliPostDhMb-9hvw8\">\n<div id=\"ali-title-AliPostDhMb-9hvw8\" style=\"border-bottom:#ddd 1px solid;padding-bottom:8px;padding-top:8px;padding-left:0px;padding-right:0px\"> <\/div>\n<p><span><\/span><\/p>\n<\/div>\n<p style=\"text-align:center\"><span style=\"font-size:24px;font-family:arial, helvetica, sans-serif\"><strong>Meilleure pompe \u00e0 eau de mer \u00e9cologique en gros en usine pour poissons d&rsquo;eau de mer<\/strong><\/span><\/p>\n<div id=\"ali-anchor-AliPostDhMb-n1s4a\" style=\"padding-top:8px\" data-section-title=\"Description du produit\" data-section=\"AliPostDhMb-n1s4a\">\n<div id=\"ali-title-AliPostDhMb-n1s4a\" style=\"border-bottom:#ddd 1px solid;padding-bottom:8px;padding-top:8px;padding-left:0px;padding-right:0px\"><span style=\"font-weight:bold;color:#333;padding-bottom:8px;padding-top:8px;padding-left:10px;line-height:12px;padding-right:10px;background-color:#ddd\">Description du produit<\/span><\/div>\n<div style=\"padding-bottom:10px;padding-top:10px;padding-left:0px;padding-right:0px\">\n<p> <strong>Pompes \u00e0 eau de mer CTP Caract\u00e9ristiques\u00a0:<\/strong><\/p>\n<\/div>\n<\/div>\n<p><span style=\"font-size:18px;font-family:Calibri, dingbats zapf\"><span style=\"font-size:16px;color:#000000\"><strong>1) <\/strong><span style=\"font-size:16px;font-family:Calibri,zapf dingbats;color:#000000;line-height:21px\">Moteur asynchrone standard haute performance avec un nouveau design et <strong> l&rsquo;\u00e9conomie d&rsquo;\u00e9nergie de cette pompe \u00e0 eau de mer est jusqu&rsquo;\u00e0 60\u00a0%<\/strong> qu&rsquo;auparavant.<\/span> <br \/><strong>2) <\/strong>Utilisant <span style=\"font-size:16px;font-family:Calibri,zapf dingbats;color:#000000;line-height:21px\">Tige et usure en c\u00e9ramique \u00e0 haute r\u00e9sistance,<\/span> et convient \u00e0 la fois \u00e0 l&rsquo;eau de mer et \u00e0 l&rsquo;eau douce\u00a0; <span style=\"font-size:16px;font-family:Calibri,zapf dingbats;color:#000000;line-height:21px\"><em><strong>longue dur\u00e9e de vie<\/strong><\/em><strong><em>.<\/em><\/strong><\/span><br \/><\/span><\/span><\/p>\n<p><span style=\"font-size:16px;font-family:Calibri,zapf dingbats;color:#000000\"><span style=\"line-height:21px\"><strong>3)<\/strong> S&rsquo;applique au <strong><em>jardin<\/em><\/strong>, <em><strong>aux \u00e9tangs, aux rochers, aux bourn, aux aquariums \u00e0 poissons<\/strong>,<\/em> <em><strong>r\u00e9servoirs de fruits de mer<\/strong> et<strong> partout <\/strong><\/em><strong>avec de l&rsquo;eau recyclage<\/strong><\/span><span style=\"line-height:21px\"> correspondance des \u00e9quipements.<\/span><\/span><\/p>\n<p><span style=\"font-size:16px;font-family:Calibri, zapf dingbats;color:#000000;line-height:21px\"><strong>4) <\/strong><em><strong>Aspiration de faible niveau<\/strong> <\/em>et<em><strong> faible bruit<\/strong><\/em> . Le d\u00e9bit d&rsquo;eau peut \u00eatre ajust\u00e9\u00a0!<\/span><\/p>\n<p><span style=\"font-size:16px;font-family:Calibri,zapf dingbats;color:#000000;line-height:21px\"><strong>5) <\/strong>La conception du grand panier filtrant rend<em><strong> l&rsquo;entretien beaucoup plus long<\/strong><\/em> .<\/span><\/p>\n<p><span style=\"font-size:16px;font-family:Calibri,zapf dingbats;color:#000000;line-height:21px\"><strong>6) <\/strong>Le double joint en r\u00e9sine et l&rsquo;anneau en caoutchouc le rendent<em><strong>plus s\u00fbr \u00e0 utiliser<\/strong><\/em> .<\/span><\/p>\n<p><strong><span style=\"font-size:16px;font-family:Calibri,zapf dingbats;color:#000000;line-height:21px\">7)<span style=\"background-color:#339966\"> Garantie gratuite 12 mois\u00a0!<\/span><br \/><\/span><\/strong><\/p>\n<p style=\"text-align:left\">\n<p style=\"text-align:left\"><span style=\"font-family:Calibri,zapf dingbats\"><span style=\"font-size:14pt;font-family:Calibri,zapf dingbats\"><strong>Param\u00e8tres et d\u00e9tails des pompes \u00e0 eau de mer CTP\u00a0:<\/strong><\/span> <\/span><\/p>\n<p style=\"text-align:left\"><span style=\"font-size:18px;font-family:Calibri,zapf dingbats\"><strong><span style=\"color:#993300\"><img decoding=\"async\" alt=\"CTP_01.jpg\" src=\"http:\/\/localhost\/media\/import\/detail\/HTB1pYJHFVXXXXarXFXXq6xXFXXXH.jpg\"><img decoding=\"async\" alt=\"CTP_02.jpg\" src=\"http:\/\/localhost\/media\/import\/detail\/HTB1kyXGFVXXXXcDXpXXq6xXFXXX0.jpg\"><img decoding=\"async\" alt=\"CTP_03.jpg\" src=\"http:\/\/localhost\/media\/import\/detail\/HTB1YYlFFVXXXXb9XVXXq6xXFXXXL.jpg\"><img decoding=\"async\" alt=\"CTP_04.jpg\" src=\"http:\/\/localhost\/media\/import\/detail\/HTB1C8XJFVXXXXaBXpXXq6xXFXXXf.jpg\"><img decoding=\"async\" alt=\"CTP_05.jpg\" src=\"http:\/\/localhost\/media\/import\/detail\/HTB1eopBFVXXXXbBXVXXq6xXFXXXw.jpg\"><a href=\"http:\/\/gzweierma.en.alibaba.com\/productgrouplist-215139685-2\/UV_C_Clarifying.html?isGallery=Y\" target=\"_blank\"><img decoding=\"async\" alt=\"CTP_06.jpg\" src=\"http:\/\/localhost\/media\/import\/detail\/HTB1BC0GFVXXXXXXXVXXq6xXFXXXu.jpg\"><\/a><\/span><\/strong><\/span><\/p>\n<p><span style=\"font-family:Calibri, zapf dingbats\"><\/span> <\/p>\n<table class=\"ke-zeroborder\" cellpadding=\"0\" border=\"0\">\n<tbody>\n<tr>\n<td><a href=\"http:\/\/preview.alibaba.com\/product\/1940320417-215139431\/SUNSUN_Newly_ECO_Low_Power_Super_Quiet_Pond_Fountain_Submersible_Water_Pump_CTF_3800.html\" target=\"_blank\"><\/a><\/td>\n<td><span style=\"font-family:Calibri,zapf dingbats\"><a href=\"http:\/\/preview.alibaba.com\/product\/60073570801-215139431\/SUNSUN_JTP_4000_16000_garden_hose_water_pump.html\" target=\"_blank\"><\/a><\/span><\/td>\n<td><span style=\"font-family:Calibri, zapf dingbats\"><a href=\"http:\/\/preview.alibaba.com\/product\/60041935615-215139431\/SUNSUN_CTP_5000_ECO_30w_5000L_h_water_pump_home_use.html\" target=\"_blank\"><\/a><\/span><\/td>\n<td><span style=\"font-family:Calibri,zapf dingbats\"><a href=\"http:\/\/preview.alibaba.com\/product\/60011545865-215139431\/SUNSUN_HJ_series_Plastic_Circulation_Mini_Auto_Water_Pump.html\" target=\"_blank\"><\/a><\/span><\/td>\n<\/tr>\n<\/tbody>\n<\/table>\n<div id=\"ali-anchor-AliPostDhMb-akkwi\" style=\"padding-top:8px\" data-section-title=\"Informations sur la soci\u00e9t\u00e9\" data-section=\"AliPostDhMb-akkwi\">\n<div id=\"ali-title-AliPostDhMb-akkwi\" style=\"border-bottom:#ddd 1px solid;padding-bottom:8px;padding-top:8px;padding-left:0px;padding-right:0px\"><span style=\"font-weight:bold;color:#333;padding-bottom:8px;padding-top:8px;padding-left:10px;line-height:12px;padding-right:10px;background-color:#ddd\"><\/span> <\/div>\n<p>&lt;div style=&quot;border-bottom:#ddd 1px solide\u00a0;\u00a0padding-bottom\u00a0:\u00a08px\u00a0;\u00a0padding-top\u00a0:\u00a08px\u00a0;\u00a0padding-left\u00a0:\u00a00px; <\/p><\/div>\n<\/div>\n<div style=\"clear:both\"><\/div>\n","protected":false},"excerpt":{"rendered":"<p>Meilleure pompe \u00e0 eau de mer pour poissons d&rsquo;eau de mer, vente en gros d&rsquo;usine, CTP-8000<\/p>\n","protected":false},"featured_media":5717,"comment_status":"open","ping_status":"closed","template":"","meta":[],"product_brand":[],"product_cat":[1380],"product_tag":[],"class_list":{"0":"post-39177","1":"product","2":"type-product","3":"status-publish","4":"has-post-thumbnail","6":"product_cat-pompes-a-eau-et-amp-tetes-motrices","8":"first","9":"instock","10":"shipping-taxable","11":"purchasable","12":"product-type-simple"},"_links":{"self":[{"href":"https:\/\/www.myaquastore.com\/fr\/wp-json\/wp\/v2\/product\/39177","targetHints":{"allow":["GET"]}}],"collection":[{"href":"https:\/\/www.myaquastore.com\/fr\/wp-json\/wp\/v2\/product"}],"about":[{"href":"https:\/\/www.myaquastore.com\/fr\/wp-json\/wp\/v2\/types\/product"}],"replies":[{"embeddable":true,"href":"https:\/\/www.myaquastore.com\/fr\/wp-json\/wp\/v2\/comments?post=39177"}],"wp:featuredmedia":[{"embeddable":true,"href":"https:\/\/www.myaquastore.com\/fr\/wp-json\/wp\/v2\/media\/5717"}],"wp:attachment":[{"href":"https:\/\/www.myaquastore.com\/fr\/wp-json\/wp\/v2\/media?parent=39177"}],"wp:term":[{"taxonomy":"product_brand","embeddable":true,"href":"https:\/\/www.myaquastore.com\/fr\/wp-json\/wp\/v2\/product_brand?post=39177"},{"taxonomy":"product_cat","embeddable":true,"href":"https:\/\/www.myaquastore.com\/fr\/wp-json\/wp\/v2\/product_cat?post=39177"},{"taxonomy":"product_tag","embeddable":true,"href":"https:\/\/www.myaquastore.com\/fr\/wp-json\/wp\/v2\/product_tag?post=39177"}],"curies":[{"name":"wp","href":"https:\/\/api.w.org\/{rel}","templated":true}]}}