{"id":39181,"date":"2016-09-25T23:28:35","date_gmt":"2016-09-25T23:28:35","guid":{"rendered":"https:\/\/www.myaquastore.com\/product\/sunsun-fontaine-submersible-et-pompe-a-filtre-14w-900l-h-pompe-a-eau-pour-aquarium-jp-054\/"},"modified":"2025-03-16T09:06:44","modified_gmt":"2025-03-16T09:06:44","slug":"sunsun-fontaine-submersible-et-pompe-a-filtre-14w-900l-h-pompe-a-eau-pour-aquarium-jp-054","status":"publish","type":"product","link":"https:\/\/www.myaquastore.com\/fr\/product\/sunsun-fontaine-submersible-et-pompe-a-filtre-14w-900l-h-pompe-a-eau-pour-aquarium-jp-054\/","title":{"rendered":"SUNSUN \u2013 fontaine Submersible et pompe \u00e0 filtre, 14w, 900l\/h, pompe \u00e0 eau pour aquarium, JP-054"},"content":{"rendered":"<\/p>\n<div id=\"ali-anchor-AliPostDhMb-bwnl2\" style=\"padding-top:8px\" data-section-title=\"start\" data-section=\"AliPostDhMb-bwnl2\">\n<div id=\"ali-title-AliPostDhMb-bwnl2\" style=\"border-bottom:#ddd 1px solid;padding-bottom:8px;padding-top:8px;padding-left:0px;padding-right:0px\"> <\/div>\n<div style=\"padding-bottom:10px;padding-top:10px;padding-left:0px;padding-right:0px\">\n<p><span style=\"color:#ff0000\"><strong><em><span style=\"font-size:32px\"> 14w 900L\/h SUNSUN Fontaine submersible et pompe \u00e0 filtre Pompe \u00e0 eau pour aquarium <\/span><\/em><\/strong><\/span><\/p>\n<\/div>\n<\/div>\n<p><strong><span style=\"font-size:18px\"><strong><span style=\"font-size:24px;color:#ff6600\">1. Description du produit\u00a0:<\/span><\/strong><\/span><\/strong><\/p>\n<p><span style=\"font-family:arial,helvetica,sans-serif\"><strong><span style=\"font-size:18px\">Ces pompes \u00e0 eau pour aquarium sont fabriqu\u00e9es \u00e0 partir de particules ABS de qualit\u00e9 sup\u00e9rieure et conviennent pour une utilisation dans les aquariums et les dispositifs de circulation d&rsquo;eau des \u00e9tangs de rocaille correspondants.<\/span><\/strong><\/span><\/p>\n<\/p>\n<p><span style=\"font-family:arial,helvetica,sans-serif\"><strong><span style=\"font-size:18px\"><strong><span style=\"font-size:18px;color:#ff6600\"><span style=\"font-size:24px\">2.<\/span><\/span><\/strong><span style=\"font-size:24px;color:#ff6600\">La pompe \u00e0 eau pour aquarium<\/span><\/span><\/strong><\/span><\/p>\n<\/p>\n<p> <img loading=\"lazy\" decoding=\"async\" alt=\"14w 900L\/h SUNSUN Pompe \u00e0 eau pour fontaine et filtre submersible pour aquarium\" src=\"http:\/\/localhost\/media\/import\/detail\/756742215_151.jpg\" width=\"600\" height=\"600\"><img loading=\"lazy\" decoding=\"async\" alt=\"14w Pompe \u00e0 eau pour fontaine et filtre submersible SUNSUN 900L\/h pour aquarium\" src=\"http:\/\/localhost\/media\/import\/detail\/758703537_508.jpg\" width=\"600\" height=\"600\"><\/p>\n<\/p>\n<p><span style=\"font-family:arial,helvetica,sans-serif\"><strong><span style=\"font-size:18px\"><span style=\"font-size:24px;color:#ff6600\">3.Autre pompe \u00e0 eau pour aquarium <\/span><\/span><\/strong><\/span><\/p>\n<p><span style=\"font-family:arial,helvetica,sans-serif\"><strong><span style=\"font-size:18px\"><span style=\"font-size:24px;color:#ff6600\"><img loading=\"lazy\" decoding=\"async\" alt=\"14w 900L\/h SUNSUN Pompe \u00e0 eau pour fontaine et filtre submersible pour aquarium\" src=\"http:\/\/localhost\/media\/import\/detail\/758678199_543.jpg\" width=\"600\" height=\"600\"><img loading=\"lazy\" decoding=\"async\" alt=\"14w 900L\/h SUNSUN Pompe \u00e0 eau pour fontaine et filtre submersible pour aquarium\" src=\"http:\/\/localhost\/media\/import\/detail\/754845338_654.jpg\" width=\"600\" height=\"600\"><img loading=\"lazy\" decoding=\"async\" alt=\"14w 900L\/h SUNSUN Pompe \u00e0 eau pour fontaine et filtre submersible pour aquarium\" src=\"http:\/\/localhost\/media\/import\/detail\/748855114_781.jpg\" width=\"600\" height=\"600\"><img loading=\"lazy\" decoding=\"async\" alt=\"14w Pompe \u00e0 eau pour fontaine et filtre submersible SUNSUN 900L\/h pour aquarium\" src=\"http:\/\/localhost\/media\/import\/detail\/748736294_007.jpg\" width=\"600\" height=\"600\"><img loading=\"lazy\" decoding=\"async\" alt=\"14w 900L\/h SUNSUN Fontaine submersible et pompe \u00e0 filtre pour eau Pompe pour aquarium\" src=\"http:\/\/localhost\/media\/import\/detail\/748845794_609.jpg\" width=\"600\" height=\"600\"><\/span><\/span><\/strong><\/span><\/p>\n<\/p>\n<p><span style=\"font-family:arial,helvetica,sans-serif\"><strong><span style=\"font-size:18px\"><span style=\"font-size:24px;color:#ff6600\">4. La pompe \u00e0 eau pour param\u00e8tre d&rsquo;aquarium<\/span><\/span><\/strong><\/span><\/p>\n<p><span style=\"font-family:arial,helvetica,sans-serif\"><strong><span style=\"font-size:18px\"><span style=\"font-size:24px;color:#ff6600\"> <img loading=\"lazy\" decoding=\"async\" alt=\"14w 900L\/h SUNSUN Pompe \u00e0 eau pour fontaine et filtre submersible pour aquarium\" src=\"http:\/\/localhost\/media\/import\/detail\/721169468_480.jpg\" width=\"702\" height=\"273\"><\/span><\/span><\/strong><\/span><\/p>\n<div id=\"ali-anchor-AliPostDhMb-aczbw\" style=\"padding-top:8px\" data-section-title=\"Informations sur la soci\u00e9t\u00e9\" data-section=\"AliPostDhMb-aczbw\"> <\/div>\n","protected":false},"excerpt":{"rendered":"<p>SUNSUN \u2013 fontaine Submersible et pompe \u00e0 filtre, 14w, 900l\/h, pompe \u00e0 eau pour aquarium, JP-054<\/p>\n","protected":false},"featured_media":5725,"comment_status":"open","ping_status":"closed","template":"","meta":[],"product_brand":[],"product_cat":[1380],"product_tag":[],"class_list":{"0":"post-39181","1":"product","2":"type-product","3":"status-publish","4":"has-post-thumbnail","6":"product_cat-pompes-a-eau-et-amp-tetes-motrices","8":"first","9":"instock","10":"shipping-taxable","11":"purchasable","12":"product-type-simple"},"_links":{"self":[{"href":"https:\/\/www.myaquastore.com\/fr\/wp-json\/wp\/v2\/product\/39181","targetHints":{"allow":["GET"]}}],"collection":[{"href":"https:\/\/www.myaquastore.com\/fr\/wp-json\/wp\/v2\/product"}],"about":[{"href":"https:\/\/www.myaquastore.com\/fr\/wp-json\/wp\/v2\/types\/product"}],"replies":[{"embeddable":true,"href":"https:\/\/www.myaquastore.com\/fr\/wp-json\/wp\/v2\/comments?post=39181"}],"wp:featuredmedia":[{"embeddable":true,"href":"https:\/\/www.myaquastore.com\/fr\/wp-json\/wp\/v2\/media\/5725"}],"wp:attachment":[{"href":"https:\/\/www.myaquastore.com\/fr\/wp-json\/wp\/v2\/media?parent=39181"}],"wp:term":[{"taxonomy":"product_brand","embeddable":true,"href":"https:\/\/www.myaquastore.com\/fr\/wp-json\/wp\/v2\/product_brand?post=39181"},{"taxonomy":"product_cat","embeddable":true,"href":"https:\/\/www.myaquastore.com\/fr\/wp-json\/wp\/v2\/product_cat?post=39181"},{"taxonomy":"product_tag","embeddable":true,"href":"https:\/\/www.myaquastore.com\/fr\/wp-json\/wp\/v2\/product_tag?post=39181"}],"curies":[{"name":"wp","href":"https:\/\/api.w.org\/{rel}","templated":true}]}}