{"id":39194,"date":"2016-09-25T23:28:35","date_gmt":"2016-09-25T23:28:35","guid":{"rendered":"https:\/\/www.myaquastore.com\/product\/meilleure-pompe-a-eau-silencieuse-submersible-multi-usage-24w-1400l-h-hqb-2000\/"},"modified":"2025-03-16T09:06:48","modified_gmt":"2025-03-16T09:06:48","slug":"meilleure-pompe-a-eau-silencieuse-submersible-multi-usage-24w-1400l-h-hqb-2000","status":"publish","type":"product","link":"https:\/\/www.myaquastore.com\/fr\/product\/meilleure-pompe-a-eau-silencieuse-submersible-multi-usage-24w-1400l-h-hqb-2000\/","title":{"rendered":"Meilleure pompe \u00e0 eau silencieuse submersible multi-usage 24W 1400L\/h HQB-2000"},"content":{"rendered":"<div style=\"clear:both\"><\/div>\n<div style=\"font-size:13px;font-family:Arial, Helvetica, sans-serif;color:#000000;width:726px\">\n<div>\n<p style=\"text-align:center\"><strong><span style=\"font-size:24px\">Meilleure pompe \u00e0 eau submersible silencieuse multi-usage 24W 1400L\/h HQB-2000<\/span><\/strong><\/p>\n<p style=\"text-align:center\">\n<p data-section-blank=\"AliPostDhMb-dov1u\">\n<p style=\"text-align:center\">\n<\/div>\n<\/div>\n<div id=\"ali-anchor-AliPostDhMb-dov1u\" style=\"padding-top:8px\" data-section=\"AliPostDhMb-dov1u\" data-section-title=\"Description du produit\">\n<div id=\"ali-title-AliPostDhMb-dov1u\" style=\"border-bottom:#ddd 1px solid;padding-bottom:8px;padding-top:8px;padding-left:0px;padding-right:0px\"><span style=\"font-weight:bold;color:#333;padding-bottom:8px;padding-top:8px;padding-left:10px;line-height:12px;padding-right:10px;background-color:#ddd\">Description du produit<\/span><\/div>\n<div style=\"padding-bottom:10px;padding-top:10px;padding-left:0px;padding-right:0px\">\n<div style=\"height:42px;width:750px\">\n<div style=\"height:42px;float:left;width:25px;background-color:#00ccff\"> <\/div>\n<div style=\"float:droite;padding-bottom:5px;padding-top:5px;padding-left:0px;padding-right:0px;background-color:#0099ff\">\n<div style=\"font-size:24px;border-top:#ffffff 1px solid;font-family:Arial;border-bottom:#ffffff 1px solid;font-weight:bold;font-style:italic;padding-left:10px;line-height:30px;width:720px\">Affichage du produit<\/div>\n<\/div>\n<\/div>\n<\/div>\n<\/div>\n<p style=\"text-align:center\"><strong><span style=\"font-size:24px\"><img decoding=\"async\" alt=\"Fontaine \u00e0 eau avec pompe \u00e0 eau \u00e9lectrique de jardin SUNSUN HQB-2200.jpg\" src=\"http:\/\/localhost\/media\/import\/detail\/HTB1c5XgFVXXXXbgaXXXq6xXFXXXx.jpg\"><img decoding=\"async\" alt=\"Petite pompe \u00e0 eau SUNSUN HQB-2200 1900Lh pour fontaine de jardin (2).jpg\" src=\"http:\/\/localhost\/media\/import\/detail\/HTB11T0hFVXXXXczXVXXq6xXFXXXC.jpg\"><\/span><\/strong><\/p>\n<p style=\"text-align:left\"><span style=\"font-size:16px\"><strong>Caract\u00e9ristiques\u00a0:<\/strong><\/span><\/p>\n<p style=\"text-align:left\"><span style=\"font-size:14px\">1. Il utilise un arbre \u00e0 haute r\u00e9sistance et r\u00e9sistant \u00e0 l&rsquo;usure<\/span><br \/><span style=\"font-size:14px\">noyau, a une \u00e9conomie d&rsquo;\u00e9nergie tr\u00e8s efficace et<\/span><br \/><span style=\"font-size:14px\">longue dur\u00e9e de vie\u00a0;<\/span><br \/><span style=\"font-size:14px\">2. Il a une bonne \u00e9tanch\u00e9it\u00e9 et un di\u00e9lectrique \u00e9lev\u00e9<\/span><br \/><span style=\"font-size:14px\">force\u00a0; il est s\u00fbr et fiable\u00a0;<\/span><br \/><span style=\"font-size:14px\">3. Vous pouvez l&rsquo;utiliser comme pompage et fontaine\u00a0;<\/span><br \/><span style=\"font-size:14px\">4. Appliquer aux aquariums, recyclage de l&rsquo;eau des \u00e9tangs<\/span><br \/><span style=\"font-size:14px\"> correspondance des \u00e9quipements.<\/span><\/p>\n<p style=\"text-align:left\"><span style=\"font-size:14px\"> <\/span><\/p>\n<p style=\"text-align:left\"><strong><span style=\"font-size:16px\">Param\u00e8tre\u00a0:<\/span><\/strong><\/p>\n<table class=\"aliDataTable\" style=\"height:291px;width:767px\" border=\"1\">\n<tbody>\n<tr>\n<td style=\"text-align:center\"><strong>mod\u00e8le<\/strong><\/td>\n<td style=\"text-align:center\"><strong>tension<\/strong><\/td>\n<td style=\"text-align:center\"><strong>fr\u00e9quence<\/strong><\/td>\n<td style=\"text-align:center\"><strong>puissance<\/strong><\/td>\n<td style=\"text-align:center\"><strong>H-max<\/strong><\/td>\n<td style=\"text-align:center\"><strong>sortie (L\/h)<\/strong><\/td>\n<td style=\"text-align:center\"><strong>adaptateur maison (mm)<\/strong><\/td>\n<td style=\"text-align:center\"><strong>longueur du c\u00e2ble<\/strong><\/td>\n<td style=\"text-align:center\"><strong>poids<\/strong><\/td>\n<td style=\"text-align:center\"><strong>dimensions L*W*H(mm)<\/strong><\/td>\n<\/tr>\n<tr>\n<td style=\"text-align:center\"><span style=\"background-color:#ffff00\">HQB-2000<\/span><\/td>\n<td style=\"text-align:center\"><span style=\"background-color:#ffff00\">110\u00a0V\/220V\/240V<\/span><\/td>\n<td style=\"text-align:center\"><span style=\"background-color:#ffff00\">50\u00a0Hz\/60\u00a0Hz<\/span><\/td>\n<td style=\"text-align:center\"><span style=\"background-color:#ffff00\">24w<\/span><\/td>\n<td style=\"text-align:center\"><span style=\"background-color:#ffff00\">1,8 m<\/span><\/td>\n<td style=\"text-align:center\"><span style=\"background-color:#ffff00\">1400<\/span><\/td>\n<td style=\"text-align:center\"><span style=\"background-color:#ffff00\">18<\/span><\/td>\n<td style=\"text-align:center\"><span style=\"background-color:#ffff00\">3\u00a0m<\/span><\/td>\n<td style=\"text-align:center\"><span style=\"background-color:#ffff00\">0,8kg<\/span><\/td>\n<td style=\"text-align:center\"><span style=\"background-color:#ffff00\">120*95*90<\/span><\/td>\n<\/tr>\n<tr>\n<td style=\"text-align:center\"><span style=\"background-color:#ffff00\">HQB-2200<\/span><\/td>\n<td style=\"text-align:center\"><span style=\"background-color:#ffff00\">110V\/220V\/240V<\/span><\/td>\n<td style=\"text-align:center\"><span style=\"background-color:#ffff00\">50\u00a0Hz\/60\u00a0Hz<\/span><\/td>\n<td style=\"text-align:center\"><span style=\"background-color:#ffff00\">40\u00a0w<\/span><\/td>\n<td style=\"text-align:center\"><span style=\"background-color:#ffff00\">2,3\u00a0m<\/span><\/td>\n<td style=\"text-align:center\"><span style=\"background-color:#ffff00\">1900<\/span><\/td>\n<td style=\"text-align:center\"><span style=\"background-color:#ffff00\">18<\/span><\/td>\n<td style=\"text-align:center\"><span style=\"background-color:#ffff00\">3\u00a0m<\/span><\/td>\n<td style=\"text-align:center\"><span style=\"background-color:#ffff00\">1,2kg<\/span><\/td>\n<td style=\"text-align:center\"><span style=\"background-color:#ffff00\">135*105*115<\/span><\/td>\n<\/tr>\n<tr>\n<td style=\"text-align:center\">HQB-2500<\/td>\n<td style=\"text-align:center\">110V\/220V\/240V<\/td>\n<td style=\"text-align:center\">50 Hz\/60 Hz<\/td>\n<td style=\"text-align:center\">55 W<\/td>\n<td style=\"text-align:center\">2,5 m<\/td>\n<td style=\"text-align:center\">2000<\/td>\n<td style=\"text-align:center\">22\/27<\/td>\n<td style=\"text-align:center\">3m<\/td>\n<td style=\"text-align:center\">1,2kg<\/td>\n<td style=\"text-align:center\">153*105*135<\/td>\n<\/tr>\n<tr>\n<td style=\"text-align:center\">HQB-3000<\/td>\n<td style=\"text-align:center\">110 V\/220 V\/240 V<\/td>\n<td style=\"text-align:center\">50 Hz\/60 Hz<\/td>\n<td style=\"text-align:center\">60 W<\/td>\n<td style=\"text-align:center\">3,0 m<\/td>\n<td style=\"text-align:center\">2500<\/td>\n<td style=\"text-align:center\">22\/27<\/td>\n<td style=\"text-align:center\">3m<\/td>\n<td style=\"text-align:center\">1,6kg<\/td>\n<td style=\"text-align:center\">153*105*135<\/td>\n<\/tr>\n<tr>\n<td style=\"text-align:center\">HQB-3500<\/td>\n<td style=\"text-align:center\">110V\/220V\/240V<\/td>\n<td style=\"text-align:center\">50Hz\/60Hz<\/td>\n<td style=\"text-align:center\">85w<\/td>\n<td style=\"text-align:center\">3,5 m<\/td>\n<td style=\"text-align:center\">3000<\/td>\n<td style=\"text-align:center\">22\/27<\/td>\n<td style=\"text-align:center\">3 m<\/td>\n<td style=\"text-align:center\">1,25 kg<\/td>\n<td style=\"text-align:center\">153*105*135<\/td>\n<\/tr>\n<tr>\n<td style=\"text-align:center\">HQB-4500<\/td>\n<td style=\"text-align:center\">110V\/220V\/240V<\/td>\n<td style=\"text-align:center\">50Hz\/60Hz<\/td>\n<td style=\"text-align:center\">100W<\/td>\n<td style=\"text-align:center\">4,0m<\/td>\n<td style=\"text-align:center\">4500<\/td>\n<td style=\"text-align:center\">22\/27<\/td>\n<td style=\"text-align:center\">3m<\/td>\n<td style=\"text-align:center\">2,7 kg<\/td>\n<td style=\"text-align:center\">175*112*133<\/td>\n<\/tr>\n<tr>\n<td style=\"text-align:center\">HQB-5000<\/td>\n<td style=\"text-align:center\">110V\/220V\/240V<\/td>\n<td style=\"text-align:center\">50 Hz\/60 Hz<\/td>\n<td style=\"text-align:center\">150 W<\/td>\n<td style=\"text-align:center\">5,0 m<\/td>\n<td style=\"text-align:center\">5 500<\/td>\n<td style=\"text-align:center\">25\/30<\/td>\n<td style=\"text-align:center\">3 m<\/td>\n<td style=\"text-align:center\">2,8 kg<\/td>\n<td style=\"text-align:center\">175*112*133<\/td>\n<\/tr>\n<tr>\n<td style=\"text-align:center\">HQB-5500<\/td>\n<td style=\"text-align:center\">110 V\/220 V\/240 V<\/td>\n<td style=\"text-align:center\">50 Hz\/60 Hz<\/td>\n<td style=\"text-align:center\">200 W<\/td>\n<td style=\"text-align:center\">5,5 m<\/td>\n<td style=\"text-align:center\">6\u00a0800<\/td>\n<td style=\"text-align:center\">25\/30<\/td>\n<td style=\"text-align:center\">3m<\/td>\n<td style=\"text-align:center\">4,0kg<\/td>\n<td style=\"text-align:center\">\n<p>200*140*160<\/p>\n<\/td>\n<\/tr>\n<\/tbody>\n<\/table>\n<p style=\"text-align:left\">\n<p style=\"text-align:left\"><span style=\"font-size:16px\"><strong>Affichage des produits\u00a0:<\/strong> (LA S\u00c9RIE HQB)<strong><br \/><\/strong><\/span><\/p>\n<p style=\"text-align:left\"><img decoding=\"async\" alt=\"IMG_7555.jpg\" src=\"http:\/\/localhost\/media\/import\/detail\/HTB1_UxjFVXXXXb9XVXXq6xXFXXXn.jpg\"><\/p>\n<p style=\"text-align:left\">\n<p style=\"text-align:left\"><span style=\"font-size:24px\"><strong>Mod\u00e8le\u00a0:<\/strong><\/span><\/p>\n<p style=\"text-align:left\"><em><span style=\"font-size:16px\"><strong>HQB-2000~2200\u00a0:<\/strong><\/span><\/em><\/p>\n<p style=\"text-align:left\"><img decoding=\"async\" alt=\"SUNSUN HQB-2200 1900Lh petite pompe \u00e0 eau pour fontaine de jardin 01 (1).jpg\" src=\"http:\/\/localhost\/media\/import\/detail\/HTB1zCd5FVXXXXbXaXXXq6xXFXXXi.jpg\"><img decoding=\"async\" alt=\"SUNSUN HQB-2200 1900Lh petite pompe \u00e0 eau pour fontaine de jardin 01 (2).jpg\" src=\"http:\/\/localhost\/media\/import\/detail\/HTB1KgA8FXXXXXXbkaVXXq6xXFXXXX.jpg\"><img decoding=\"async\" alt=\"SUNSUN HQB-2200 1900Lh petite pompe \u00e0 eau pour fontaine de jardin 01 (3).jpg\" src=\"http:\/\/localhost\/media\/import\/detail\/HTB1mAVEFVXXXXcaXVXXq6xXFXXXS.jpg\"><\/p>\n<p style=\"text-align:left\"><img decoding=\"async\" alt=\"LW0A9520.jpg\" src=\"http:\/\/localhost\/media\/import\/detail\/HTB10qCrFVXXXXceaXXXq6xXFXXXv.jpg\"><\/p>\n<p style=\"text-align:left\">\n<\/p>\n<p style=\"text-align:left\"><span style=\"font-size:24px\"><strong>Mod\u00e8le\u00a0:<\/strong><\/span><\/p>\n<\/p>\n<p style=\"text-align:left\"><em><span style=\"font-size:16px\"><strong>HQB-2500~5500\u00a0:<\/strong><\/span><\/em><\/p>\n<\/p>\n<p> <img decoding=\"async\" alt=\"01.jpg\" src=\"http:\/\/localhost\/media\/import\/detail\/HTB1u3mhGVXXXXcKXXXXq6xXFXXXA.jpg\"><img decoding=\"async\" alt=\"02.jpg\" src=\"http:\/\/localhost\/media\/import\/detail\/HTB1TMmfGVXXXXa4XpXXq6xXFXXXl.jpg\"><img decoding=\"async\" alt=\"03.jpg\" src=\"http:\/\/localhost\/media\/import\/detail\/HTB1SY05GVXXXXaPXVXXq6xXFXXXN.jpg\"><img decoding=\"async\" alt=\"04.jpg\" src=\"http:\/\/localhost\/media\/import\/detail\/HTB1_E3pGGFXXXa8XVXXq6xXFXXXU.jpg\"><\/p>\n<p data-section-blank=\"AliPostDhMb-molvx\">\n<div id=\"ali-anchor-AliPostDhMb-molvx\" style=\"padding-top:8px\" data-section=\"AliPostDhMb-molvx\" data-section-title=\"Informations sur la soci\u00e9t\u00e9\"><strong><span style=\"background-color:#dddddd;color:#333333\"><\/span><\/strong> <\/div>\n","protected":false},"excerpt":{"rendered":"<p>Meilleure pompe \u00e0 eau silencieuse submersible multi-usage 24W 1400L\/h HQB-2000<\/p>\n","protected":false},"featured_media":5751,"comment_status":"open","ping_status":"closed","template":"","meta":[],"product_brand":[],"product_cat":[1380],"product_tag":[],"class_list":{"0":"post-39194","1":"product","2":"type-product","3":"status-publish","4":"has-post-thumbnail","6":"product_cat-pompes-a-eau-et-amp-tetes-motrices","8":"first","9":"instock","10":"shipping-taxable","11":"purchasable","12":"product-type-simple"},"_links":{"self":[{"href":"https:\/\/www.myaquastore.com\/fr\/wp-json\/wp\/v2\/product\/39194","targetHints":{"allow":["GET"]}}],"collection":[{"href":"https:\/\/www.myaquastore.com\/fr\/wp-json\/wp\/v2\/product"}],"about":[{"href":"https:\/\/www.myaquastore.com\/fr\/wp-json\/wp\/v2\/types\/product"}],"replies":[{"embeddable":true,"href":"https:\/\/www.myaquastore.com\/fr\/wp-json\/wp\/v2\/comments?post=39194"}],"wp:featuredmedia":[{"embeddable":true,"href":"https:\/\/www.myaquastore.com\/fr\/wp-json\/wp\/v2\/media\/5751"}],"wp:attachment":[{"href":"https:\/\/www.myaquastore.com\/fr\/wp-json\/wp\/v2\/media?parent=39194"}],"wp:term":[{"taxonomy":"product_brand","embeddable":true,"href":"https:\/\/www.myaquastore.com\/fr\/wp-json\/wp\/v2\/product_brand?post=39194"},{"taxonomy":"product_cat","embeddable":true,"href":"https:\/\/www.myaquastore.com\/fr\/wp-json\/wp\/v2\/product_cat?post=39194"},{"taxonomy":"product_tag","embeddable":true,"href":"https:\/\/www.myaquastore.com\/fr\/wp-json\/wp\/v2\/product_tag?post=39194"}],"curies":[{"name":"wp","href":"https:\/\/api.w.org\/{rel}","templated":true}]}}