{"id":39196,"date":"2016-09-25T23:28:35","date_gmt":"2016-09-25T23:28:35","guid":{"rendered":"https:\/\/www.myaquastore.com\/product\/pompe-submersible-pour-bassin-de-jardin-sunsun-gs-ce-145w-6500l-h-clb-6500\/"},"modified":"2025-03-16T09:06:48","modified_gmt":"2025-03-16T09:06:48","slug":"pompe-submersible-pour-bassin-de-jardin-sunsun-gs-ce-145w-6500l-h-clb-6500","status":"publish","type":"product","link":"https:\/\/www.myaquastore.com\/fr\/product\/pompe-submersible-pour-bassin-de-jardin-sunsun-gs-ce-145w-6500l-h-clb-6500\/","title":{"rendered":"Pompe submersible pour bassin de jardin SUNSUN GS\/CE 145W 6500L\/h CLB-6500"},"content":{"rendered":"<div style=\"clear:both\"><\/div>\n<div style=\"padding-bottom:10px;padding-top:10px;padding-left:0px;padding-right:0px\">\n<p><span><\/span><\/p>\n<\/div>\n<p><span style=\"color:#000000\"><strong><span style=\"font-size:24px\">SUNSUN GS\/CE Pompe submersible pour bassin de jardin 145 W 6 500 L\/h<\/span><\/strong><\/span><\/p>\n<div id=\"ali-anchor-AliPostDhMb-7sxfz\" style=\"padding-top:8px\" data-section=\"AliPostDhMb-7sxfz\" data-section-title=\"Description du produit\">\n<div id=\"ali-title-AliPostDhMb-7sxfz\" style=\"border-bottom:#ddd 1px solid;padding-bottom:8px;padding-top:8px;padding-left:0px;padding-right:0px\"><span style=\"font-weight:bold;color:#333;padding-bottom:8px;padding-top:8px;padding-left:10px;line-height:12px;padding-right:10px;background-color:#ddd\">Description du produit<\/span><\/div>\n<div style=\"padding-bottom:10px;padding-top:10px;padding-left:0px;padding-right:0px\">\n<\/div>\n<\/div>\n<table class=\"aliDataTable\" style=\"height:300px;width:598px\" cellpadding=\"0\" border=\"1\">\n<tbody>\n<tr align=\"gauche\">\n<td valign=\"top\">\n<p><span style=\"font-size:12pt\">1.Item<\/span><\/p>\n<\/td>\n<td style=\"width:197.05pt\" valign=\"top\">\n<p><span style=\"font-size:12pt\">Pompe d&rsquo;\u00e9tang SUNSUN<\/span><\/p>\n<\/td>\n<\/tr>\n<tr style=\"height:15.6pt\" align=\"gauche\">\n<td valign=\"top\">\n<p><span style=\"font-size:12pt\">2.Mod\u00e8le<\/span><\/p>\n<\/td>\n<td style=\"width:197.05pt\" valign=\"top\">\n<p><span style=\"font-size:12pt\">CLB-6500<\/span><\/p>\n<\/td>\n<\/tr>\n<tr align=\"left\">\n<td valign=\"top\">\n<p><span style=\"font-size:12pt\">3. Tension<\/span><\/p>\n<\/td>\n<td valign=\"top\">\n<p><span style=\"font-size:12pt\">110V\/220V\/240V<\/span><\/p>\n<\/td>\n<\/tr>\n<tr style=\"height:16.35pt\" align=\"left\">\n<td valign=\"top\">\n<p><span style=\"font-size:12pt\">4.Fr\u00e9quence<\/span><\/p>\n<\/td>\n<td valign=\"top\">\n<p><span style=\"font-size:12pt\">50 Hz\/60 Hz<\/span><\/p>\n<\/td>\n<\/tr>\n<tr style=\"height:15.6pt\" align=\"left\">\n<td valign=\"top\">\n<p><span style=\"font-size:12pt\">5.Puissance<\/span><\/p>\n<\/td>\n<td valign=\"top\">\n<p><span style=\"font-size:12pt\">145 W<\/span><\/p>\n<\/td>\n<\/tr>\n<tr style=\"height:16.35pt\" align=\"left\">\n<td valign=\"top\">\n<p><span style=\"font-size:12pt\">6.H-max<\/span><\/p>\n<\/td>\n<td valign=\"top\">\n<p><span style=\"font-size:12pt\">5,0 m<\/span><\/p>\n<\/td>\n<\/tr>\n<tr style=\"height:16.35pt\" align=\"left\">\n<td valign=\"top\">\n<p><span style=\"font-size:12pt\">7. Sortie<\/span><\/p>\n<\/td>\n<td valign=\"top\">\n<p><span style=\"font-size:12pt\">6500L\/h<\/span><\/p>\n<\/td>\n<\/tr>\n<tr style=\"height:16.35pt\" align=\"left\">\n<td valign=\"top\">\n<p><span style=\"font-size:12pt\">8. Longueur du c\u00e2ble<\/span><\/p>\n<\/td>\n<td valign=\"top\">\n<p><span style=\"font-size:12pt\">5 m<\/span><\/p>\n<\/td>\n<\/tr>\n<tr style=\"height:16.35pt\" align=\"left\">\n<td valign=\"top\">\n<p><span style=\"font-size:12pt\">9.Dimension en mm<\/span><\/p>\n<\/td>\n<td valign=\"top\">\n<p><span style=\"font-size:12pt\">H:232;W:185<\/span><\/p>\n<\/td>\n<\/tr>\n<tr style=\"height:17.25pt\" align=\"left\">\n<td valign=\"top\">\n<p><span style=\"font-size:12pt\">10.Marque<\/span><\/p>\n<\/td>\n<td valign=\"top\">\n<p><span style=\"font-size:12pt\">SUNSUN<\/span><\/p>\n<\/td>\n<\/tr>\n<tr style=\"height:15pt\" align=\"left\">\n<td valign=\"top\">\n<p><span style=\"font-size:16px\">11.Qualit\u00e9<\/span><\/p>\n<\/td>\n<td valign=\"top\">\n<p><span style=\"font-size:16px\">Meilleure qualit\u00e9\u00a0;<br \/><\/span><\/p>\n<p align=\"left\"><span style=\"font-size:16px\">la plus grande entreprise de produits aquatiques du monde Chine.<\/span><\/p>\n<\/td>\n<\/tr>\n<tr style=\"height:4.6pt\" align=\"left\">\n<td valign=\"top\">\n<p><span style=\"font-size:16px\">12. Point de vente<\/span><\/p>\n<\/td>\n<td valign=\"top\">\n<p><span style=\"font-size:16px\">Marque bien connue en Chine\u00a0; s\u00fbr et fiable ; Approuv\u00e9 par CE,GS<\/span><\/p>\n<\/td>\n<\/tr>\n<\/tbody>\n<\/table>\n<p><img decoding=\"async\" alt=\"SUNSUN GS\/CE 145W 6500L\/h Pompe submersible pour bassin de jardin\" src=\"http:\/\/localhost\/media\/import\/detail\/564018593_248.jpg\"> <\/p>\n<\/p>\n<p><span style=\"color:#000000;background-color:#ffff00\"><span style=\"font-size:24px\">1.\u00c9tang de jardin<\/span><span style=\"font-size:24px\">D\u00e9tails de la pompe\u00a0:<\/span><\/span><\/p>\n<\/p>\n<p><img loading=\"lazy\" decoding=\"async\" alt=\"SUNSUN GS\/CE 145W 6500L\/h Pompe submersible pour bassin de jardin\" src=\"http:\/\/localhost\/media\/import\/detail\/564018742_141.jpg\" width=\"615\" height=\"528\"><\/p>\n<p><img loading=\"lazy\" decoding=\"async\" alt=\"SUNSUN GS\/CE 145W Pompe submersible pour bassin de jardin 6 500 L\/h\" src=\"http:\/\/localhost\/media\/import\/detail\/564019126_044.jpg\" width=\"615\" height=\"409\"><\/p>\n<\/p>\n<p><span style=\"color:#000000;background-color:#ffff00\"><span style=\"font-size:24px\">2. Param\u00e8tres techniques de la pompe pour bassin de jardin D\u00e9tails\u00a0:<\/span> <\/span><\/p>\n<p><img loading=\"lazy\" decoding=\"async\" alt=\"SUNSUN GS\/CE 145W 6500L\/h Pompe submersible pour bassin de jardin\" src=\"http:\/\/localhost\/media\/import\/detail\/564019209_663.jpg\" width=\"614\" height=\"218\"><\/p>\n<p><img decoding=\"async\" alt=\"SUNSUN GS\/CE 145W 6500L\/h Pompe submersible pour bassin de jardin\" src=\"http:\/\/localhost\/media\/import\/detail\/564019487_825.jpg\"><\/p>\n<\/p>\n<p><span style=\"color:#000000;background-color:#ffff00\"><span style=\"font-size:24px\"><span style=\"font-family:'Times New Roman'\"><strong>3.Garden<\/strong><\/span><\/span><span style=\"font-size:24px\"><span style=\"font-family:'Times New Roman'\"><strong>Caract\u00e9ristiques de la pompe de bassin\u00a0:<\/strong><\/span> <\/span> <\/span><\/p>\n<\/p>\n<p><span style=\"font-size:18px\"><span style=\"font-size:14px\">1<\/span><\/span><span style=\"font-size:18px\"><span style=\"font-size:14px\">)<\/span><\/span><span style=\"font-size:18px\"><span style=\"font-size:14px\"><span style=\"color:#000000\">Le rotor est fabriqu\u00e9 dans un mat\u00e9riau sp\u00e9cial, facile \u00e0 d\u00e9marrer et \u00e0 faible consommation d&rsquo;\u00e9nergie. consommation\u00a0;<\/span><\/span><\/span><\/p>\n<p><span style=\"font-size:18px;color:#000000\"><span style=\"font-size:14px\">2) Arbre et localisateur d&rsquo;arbre en c\u00e9ramique de haute qualit\u00e9, durables et \u00e0 faible bruit\u00a0;<\/span><\/span><\/p>\n<p><span style=\"font-size:18px;color:#000000\"><span style=\"font-size:14px\">3) Moteur enti\u00e8rement scell\u00e9 et \u00e9tanche, s\u00fbr et fiable\u00a0;<\/span><\/span><\/p>\n<p><span style=\"font-size:18px;color:#000000\"><span style=\"font-size:14px\">4) Moteur asynchrone standard de haute performance avec un nouveau design et des \u00e9conomies d&rsquo;\u00e9nergie<\/span><\/span><\/p>\n<p><span style=\"font-size:18px;color:#000000\"><span style=\"font-size:14px\">\u00e0 50 % qu&rsquo;avant.<\/span><\/span><\/p>\n<p><span style=\"font-size:18px;color:#000000\"><span style=\"font-size:14px\">5) Jardin aquatique, faire circuler l&rsquo;eau dans les rocailles, fournir et \u00e9vacuer l&rsquo;eau en natation piscine\u00a0;<\/span><\/span><\/p>\n<p><span style=\"font-size:18px;color:#000000\"><span style=\"font-size:14px\">6) Apr\u00e8s avoir puis\u00e9 l&rsquo;eau, il suffit de laisser 5 mm de profondeur, ce qui permet un drainage complet.<\/span><\/span><\/p>\n<p style=\"font-size:16px\"><span style=\"font-size:16px;font-family:arial,helvetica,sans-serif\"> <\/span><\/p>\n<p><span style=\"font-size:24px;color:#000000;background-color:#ffff00\">4.Autre pompe d&rsquo;\u00e9tang de jardin<\/span><\/p>\n<p><img loading=\"lazy\" decoding=\"async\" alt=\"SUNSUN GS\/CE 145W 6500L\/h Submersible pour \u00e9tang de jardin Pompe\" src=\"http:\/\/localhost\/media\/import\/detail\/537674924_045.jpg\" width=\"609\" height=\"322\"><\/p>\n<p> <img decoding=\"async\" alt=\"SUNSUN GS\/CE 145W 6500L\/h Pompe submersible pour bassin de jardin\" src=\"http:\/\/localhost\/media\/import\/detail\/537633735_544.jpg\"><\/p>\n<p><img loading=\"lazy\" decoding=\"async\" alt=\"SUNSUN GS\/CE 145W 6500L\/h Pompe submersible pour bassin de jardin\" src=\"http:\/\/localhost\/media\/import\/detail\/537636499_010.jpg\" width=\"610\" height=\"478\"><\/p>\n<\/p>\n<div id=\"ali-anchor-AliPostDhMb-hlll2\" style=\"padding-top:8px\" data-section=\"AliPostDhMb-hlll2\" data-section-title=\"Informations sur la soci\u00e9t\u00e9\">\n<div id=\"ali-title-AliPostDhMb-hlll2\" style=\"border-bottom:#ddd 1px solid;padding-bottom:8px;padding-top:8px;padding-left:0px;padding-right:0px\"> <\/div>\n<\/div>\n<div style=\"clear:les deux\"><\/div>\n","protected":false},"excerpt":{"rendered":"<p>Pompe submersible pour bassin de jardin SUNSUN GS\/CE 145W 6500L\/h CLB-6500<\/p>\n","protected":false},"featured_media":5755,"comment_status":"open","ping_status":"closed","template":"","meta":[],"product_brand":[],"product_cat":[1380],"product_tag":[],"class_list":{"0":"post-39196","1":"product","2":"type-product","3":"status-publish","4":"has-post-thumbnail","6":"product_cat-pompes-a-eau-et-amp-tetes-motrices","8":"first","9":"instock","10":"shipping-taxable","11":"purchasable","12":"product-type-simple"},"_links":{"self":[{"href":"https:\/\/www.myaquastore.com\/fr\/wp-json\/wp\/v2\/product\/39196","targetHints":{"allow":["GET"]}}],"collection":[{"href":"https:\/\/www.myaquastore.com\/fr\/wp-json\/wp\/v2\/product"}],"about":[{"href":"https:\/\/www.myaquastore.com\/fr\/wp-json\/wp\/v2\/types\/product"}],"replies":[{"embeddable":true,"href":"https:\/\/www.myaquastore.com\/fr\/wp-json\/wp\/v2\/comments?post=39196"}],"wp:featuredmedia":[{"embeddable":true,"href":"https:\/\/www.myaquastore.com\/fr\/wp-json\/wp\/v2\/media\/5755"}],"wp:attachment":[{"href":"https:\/\/www.myaquastore.com\/fr\/wp-json\/wp\/v2\/media?parent=39196"}],"wp:term":[{"taxonomy":"product_brand","embeddable":true,"href":"https:\/\/www.myaquastore.com\/fr\/wp-json\/wp\/v2\/product_brand?post=39196"},{"taxonomy":"product_cat","embeddable":true,"href":"https:\/\/www.myaquastore.com\/fr\/wp-json\/wp\/v2\/product_cat?post=39196"},{"taxonomy":"product_tag","embeddable":true,"href":"https:\/\/www.myaquastore.com\/fr\/wp-json\/wp\/v2\/product_tag?post=39196"}],"curies":[{"name":"wp","href":"https:\/\/api.w.org\/{rel}","templated":true}]}}